{"id":17882,"date":"2021-07-30T07:46:01","date_gmt":"2021-07-30T07:46:01","guid":{"rendered":"https:\/\/camping.webspace.rocks\/?page_id=17882"},"modified":"2021-07-30T07:46:01","modified_gmt":"2021-07-30T07:46:01","slug":"impressum","status":"publish","type":"page","link":"https:\/\/camping.webspace.rocks\/?page_id=17882","title":{"rendered":"Impressum"},"content":{"rendered":"<p style=\"text-align: center;\">Impressum<\/p>\n<p style=\"text-align: center;\">Impressum Angaben gem\u00e4\u00df \u00a7 5 TMG<br \/>\nTesti Test<br \/>\nTeststr. 1<br \/>\n12345 Testhausen<br \/>\nUSt-ID123456789<br \/>\nVertreten durch:<br \/>\nTesti Test<br \/>\nKontakt:<br \/>\nTel:<br \/>\nVerantwortlich f\u00fcr den Inhalt nach \u00a7 55 Abs. 2 RStV:<br \/>\nMax Tester<br \/>\nTeststr. 1<br \/>\n12345 Testhausen<br \/>\nHaftungsausschluss:<br \/>\nHaftung f\u00fcr Inhalte<br \/>\nDie Inhalte unserer Seiten wurden mit gr\u00f6\u00dfter Sorgfalt erstellt. F\u00fcr die Richtigkeit,<br \/>\nVollst\u00e4ndigkeit und Aktualit\u00e4t der Inhalte k\u00f6nnen wir jedoch keine Gew\u00e4hr \u00fcbernehmen.<br \/>\nAls Diensteanbieter sind wir gem\u00e4\u00df \u00a7 7 Abs.1 TMG f\u00fcr eigene Inhalte auf diesen Seiten nach<br \/>\nden allgemeinen Gesetzen verantwortlich. Nach \u00a7\u00a7 8 bis 10 TMG sind wir als Diensteanbieter<br \/>\njedoch nicht verpflichtet, \u00fcbermittelte oder gespeicherte fremde Informationen zu \u00fcberwachen<br \/>\noder nach Umst\u00e4nden zu forschen, die auf eine rechtswidrige T\u00e4tigkeit hinweisen.<br \/>\nVerpflichtungen zur Entfernung oder Sperrung der Nutzung von Informationen nach den allgemeinen<br \/>\nGesetzen bleiben hiervon unber\u00fchrt. Eine diesbez\u00fcgliche Haftung ist jedoch erst ab dem Zeitpunkt<br \/>\nder Kenntnis einer konkreten Rechtsverletzung m\u00f6glich. Bei Bekanntwerden von entsprechenden<br \/>\nRechtsverletzungen werden wir diese Inhalte umgehend entfernen.<\/p>\n<p style=\"text-align: center;\">Haftung f\u00fcr Links<\/p>\n<p style=\"text-align: center;\">Unser Angebot enth\u00e4lt Links zu externen Webseiten Dritter, auf deren Inhalte wir keinen Einfluss<br \/>\nhaben. Deshalb k\u00f6nnen wir f\u00fcr diese fremden Inhalte auch keine Gew\u00e4hr \u00fcbernehmen.<br \/>\nF\u00fcr die Inhalte der verlinkten Seiten ist stets der jeweilige Anbieter oder Betreiber der Seiten<br \/>\nverantwortlich. Die verlinkten Seiten wurden zum Zeitpunkt der Verlinkung auf m\u00f6gliche<br \/>\nRechtsverst\u00f6\u00dfe \u00fcberpr\u00fcft. Rechtswidrige Inhalte waren zum Zeitpunkt der Verlinkung nicht erkennbar. Eine permanente inhaltliche Kontrolle der verlinkten Seiten ist jedoch ohne konkrete Anhaltspunkte einer Rechtsverletzung nicht zumutbar. Bei Bekanntwerden von Rechtsverletzungen werden wir derartige Links umgehend entfernen.<\/p>\n<p style=\"text-align: center;\">Urheberrecht<\/p>\n<p style=\"text-align: center;\">Die durch die Seitenbetreiber erstellten Inhalte und Werke auf diesen Seiten unterliegen dem<br \/>\ndeutschen Urheberrecht. Die Vervielf\u00e4ltigung, Bearbeitung, Verbreitung und jede Art der<br \/>\nVerwertung au\u00dferhalb der Grenzen des Urheberrechtes bed\u00fcrfen der schriftlichen Zustimmung des<br \/>\njeweiligen Autors bzw. Erstellers. Downloads und Kopien dieser Seite sind nur f\u00fcr den privaten,<br \/>\nnicht kommerziellen Gebrauch gestattet. Soweit die Inhalte auf dieser Seite nicht vom Betreiber<br \/>\nerstellt wurden, werden die Urheberrechte Dritter beachtet. Insbesondere werden Inhalte Dritter<br \/>\nals solche gekennzeichnet. Sollten Sie trotzdem auf eine Urheberrechtsverletzung aufmerksam werden,<br \/>\nbitten wir um einen entsprechenden Hinweis. Bei Bekanntwerden von Rechtsverletzungen werden wir<br \/>\nderartige Inhalte umgehend entfernen.<br \/>\nAmazon.de Partnerschaft<br \/>\nxxxxxx24.de ist Teilnehmer des Partnerprogramms von Amazon EU, das zur Bereitstellung eines<br \/>\nMediums f\u00fcr Websites konzipiert wurde, mittels dessen durch die Platzierung von Werbeanzeigen und<br \/>\nLinks zu Amazon.de Werbekostenerstattung verdient werden kann.<br \/>\nQuellenangaben f\u00fcr die verwendeten Bilder, Grafiken und Texte:<br \/>\nDie auf dieser Website verwendeten Bilder, Grafiken und Texten wurden teilweise mithilfe der<br \/>\noffiziellen Amazon-Schnittstelle (API) eingebunden.<br \/>\nUrherber der Bilder ist derjenige, der das eingebundene Angebot urspr\u00fcnglich bei Amazon<br \/>\neingestellt hat.<\/p>\n","protected":false},"excerpt":{"rendered":"<p>Impressum Impressum Angaben gem\u00e4\u00df \u00a7 5 TMG Testi Test Teststr. 1 12345 Testhausen USt-ID123456789 Vertreten durch: Testi Test Kontakt: Tel:<\/p>\n","protected":false},"author":1,"featured_media":0,"parent":0,"menu_order":0,"comment_status":"closed","ping_status":"closed","template":"","meta":[],"_links":{"self":[{"href":"https:\/\/camping.webspace.rocks\/index.php?rest_route=\/wp\/v2\/pages\/17882"}],"collection":[{"href":"https:\/\/camping.webspace.rocks\/index.php?rest_route=\/wp\/v2\/pages"}],"about":[{"href":"https:\/\/camping.webspace.rocks\/index.php?rest_route=\/wp\/v2\/types\/page"}],"author":[{"embeddable":true,"href":"https:\/\/camping.webspace.rocks\/index.php?rest_route=\/wp\/v2\/users\/1"}],"replies":[{"embeddable":true,"href":"https:\/\/camping.webspace.rocks\/index.php?rest_route=%2Fwp%2Fv2%2Fcomments&post=17882"}],"version-history":[{"count":2,"href":"https:\/\/camping.webspace.rocks\/index.php?rest_route=\/wp\/v2\/pages\/17882\/revisions"}],"predecessor-version":[{"id":17884,"href":"https:\/\/camping.webspace.rocks\/index.php?rest_route=\/wp\/v2\/pages\/17882\/revisions\/17884"}],"wp:attachment":[{"href":"https:\/\/camping.webspace.rocks\/index.php?rest_route=%2Fwp%2Fv2%2Fmedia&parent=17882"}],"curies":[{"name":"wp","href":"https:\/\/api.w.org\/{rel}","templated":true}]}}