{"id":17889,"date":"2021-07-30T08:14:44","date_gmt":"2021-07-30T08:14:44","guid":{"rendered":"https:\/\/camping.webspace.rocks\/?page_id=17889"},"modified":"2021-07-30T08:14:44","modified_gmt":"2021-07-30T08:14:44","slug":"rechtliches","status":"publish","type":"page","link":"https:\/\/camping.webspace.rocks\/?page_id=17889","title":{"rendered":"Rechtliches"},"content":{"rendered":"<p style=\"text-align: center;\">Preisangaben<\/p>\n<p style=\"text-align: center;\">\nAlle hier enthaltenen Artikel werden durch einen Web Service bereitgestellt.<br \/>\nEs ist wahrscheinlich, dass die angegebene Preise bzw. Versandkosten seit der letzten<br \/>\nAktualisierung gestiegen\/reduziert sein k\u00f6nnten.<br \/>\nMa\u00dfgeblich f\u00fcr den Verkauf ist der tats\u00e4chliche Preis bzw. Versandkosten des Produkts,<br \/>\nder zum Zeitpunkt des Kaufs auf der Website des Verk\u00e4ufers steht.<\/p>\n<p>&nbsp;<\/p>\n<p style=\"text-align: center;\">Amazon \u2013 Partnerprogramm<\/p>\n<p style=\"text-align: center;\">\nWir sind Teilnehmer des Partnerprogramms von Amazon Europe S.\u00e0 r.l. und Partner des Werbeprogramms,<br \/>\ndas zur Bereitstellung eines Mediums f\u00fcr Websites konzipiert wurde, mittels dessen durch die<br \/>\nPlatzierung von Werbeanzeigen und Links zu Amazon.de Werbekostenerstattung verdient werden kann.<br \/>\nSollten Sie an einem Produkt auf unserer Webseite interessiert sein,<br \/>\nwerden Sie an Amazon.de weitergeleitet.<br \/>\nDort wird der Bestellvorgang fortgesetzt, ab diesem Zeitpunkt gelten die AGB\u2019s,<br \/>\ndas Wiederrufsrecht und die sonstigen Kundenrechte von Amazon.de.<\/p>\n","protected":false},"excerpt":{"rendered":"<p>Preisangaben Alle hier enthaltenen Artikel werden durch einen Web Service bereitgestellt. Es ist wahrscheinlich, dass die angegebene Preise bzw. Versandkosten<\/p>\n","protected":false},"author":1,"featured_media":0,"parent":0,"menu_order":0,"comment_status":"closed","ping_status":"closed","template":"","meta":[],"_links":{"self":[{"href":"https:\/\/camping.webspace.rocks\/index.php?rest_route=\/wp\/v2\/pages\/17889"}],"collection":[{"href":"https:\/\/camping.webspace.rocks\/index.php?rest_route=\/wp\/v2\/pages"}],"about":[{"href":"https:\/\/camping.webspace.rocks\/index.php?rest_route=\/wp\/v2\/types\/page"}],"author":[{"embeddable":true,"href":"https:\/\/camping.webspace.rocks\/index.php?rest_route=\/wp\/v2\/users\/1"}],"replies":[{"embeddable":true,"href":"https:\/\/camping.webspace.rocks\/index.php?rest_route=%2Fwp%2Fv2%2Fcomments&post=17889"}],"version-history":[{"count":1,"href":"https:\/\/camping.webspace.rocks\/index.php?rest_route=\/wp\/v2\/pages\/17889\/revisions"}],"predecessor-version":[{"id":17890,"href":"https:\/\/camping.webspace.rocks\/index.php?rest_route=\/wp\/v2\/pages\/17889\/revisions\/17890"}],"wp:attachment":[{"href":"https:\/\/camping.webspace.rocks\/index.php?rest_route=%2Fwp%2Fv2%2Fmedia&parent=17889"}],"curies":[{"name":"wp","href":"https:\/\/api.w.org\/{rel}","templated":true}]}}