{"id":12093,"date":"2021-07-28T10:52:22","date_gmt":"2021-07-28T10:52:22","guid":{"rendered":"https:\/\/camping.webspace.rocks\/?product=amazon-basics-tent"},"modified":"2023-04-09T10:07:25","modified_gmt":"2023-04-09T10:07:25","slug":"amazon-basics-tent","status":"publish","type":"product","link":"https:\/\/camping.webspace.rocks\/?product=amazon-basics-tent","title":{"rendered":"Amazon Basics Tent"},"content":{"rendered":"<p>\n\t\t<style type=\"text\/css\">\n\t\t\t#gallery-1 {\n\t\t\t\tmargin: auto;\n\t\t\t}\n\t\t\t#gallery-1 .gallery-item {\n\t\t\t\tfloat: left;\n\t\t\t\tmargin-top: 10px;\n\t\t\t\ttext-align: center;\n\t\t\t\twidth: 33%;\n\t\t\t}\n\t\t\t#gallery-1 img {\n\t\t\t\tborder: 2px solid #cfcfcf;\n\t\t\t}\n\t\t\t#gallery-1 .gallery-caption {\n\t\t\t\tmargin-left: 0;\n\t\t\t}\n\t\t\t\/* see gallery_shortcode() in wp-includes\/media.php *\/\n\t\t<\/style>\n\t\t<div id='gallery-1' class='gallery galleryid-12093 gallery-columns-3 gallery-size-thumbnail'><dl class='gallery-item'>\n\t\t\t<dt class='gallery-icon landscape'>\n\t\t\t\t<a href='https:\/\/camping.webspace.rocks\/?attachment_id=12094'><img width=\"150\" height=\"150\" src=\"https:\/\/m.media-amazon.com\/images\/I\/41wuEXczNbL._SS150_.jpg\" class=\"attachment-thumbnail size-thumbnail\" alt=\"\" loading=\"lazy\" srcset=\"https:\/\/m.media-amazon.com\/images\/I\/41wuEXczNbL._SS150_.jpg 150w, https:\/\/m.media-amazon.com\/images\/I\/41wuEXczNbL._SS300_.jpg 300w, https:\/\/m.media-amazon.com\/images\/I\/41wuEXczNbL._SS768_.jpg 768w, https:\/\/m.media-amazon.com\/images\/I\/41wuEXczNbL._SS1024_.jpg 1024w, https:\/\/m.media-amazon.com\/images\/I\/41wuEXczNbL._SS1536_.jpg 1536w, https:\/\/m.media-amazon.com\/images\/I\/41wuEXczNbL._SS2048_.jpg 2048w, https:\/\/m.media-amazon.com\/images\/I\/41wuEXczNbL._SS1200_.jpg 1200w, https:\/\/m.media-amazon.com\/images\/I\/41wuEXczNbL._SS600_.jpg 600w, https:\/\/m.media-amazon.com\/images\/I\/41wuEXczNbL.jpg 500w\" sizes=\"(max-width: 150px) 100vw, 150px\" \/><\/a>\n\t\t\t<\/dt><\/dl><dl class='gallery-item'>\n\t\t\t<dt class='gallery-icon landscape'>\n\t\t\t\t<a href='https:\/\/camping.webspace.rocks\/?attachment_id=12095'><img width=\"150\" height=\"150\" src=\"https:\/\/m.media-amazon.com\/images\/I\/41Ou5BNRMYL._SS150_.jpg\" class=\"attachment-thumbnail size-thumbnail\" alt=\"\" loading=\"lazy\" srcset=\"https:\/\/m.media-amazon.com\/images\/I\/41Ou5BNRMYL._SS150_.jpg 150w, https:\/\/m.media-amazon.com\/images\/I\/41Ou5BNRMYL._SS300_.jpg 300w, https:\/\/m.media-amazon.com\/images\/I\/41Ou5BNRMYL._SS768_.jpg 768w, https:\/\/m.media-amazon.com\/images\/I\/41Ou5BNRMYL._SS1024_.jpg 1024w, https:\/\/m.media-amazon.com\/images\/I\/41Ou5BNRMYL._SS1536_.jpg 1536w, https:\/\/m.media-amazon.com\/images\/I\/41Ou5BNRMYL._SS2048_.jpg 2048w, https:\/\/m.media-amazon.com\/images\/I\/41Ou5BNRMYL._SS1200_.jpg 1200w, https:\/\/m.media-amazon.com\/images\/I\/41Ou5BNRMYL._SS600_.jpg 600w, https:\/\/m.media-amazon.com\/images\/I\/41Ou5BNRMYL.jpg 500w\" sizes=\"(max-width: 150px) 100vw, 150px\" \/><\/a>\n\t\t\t<\/dt><\/dl><dl class='gallery-item'>\n\t\t\t<dt class='gallery-icon landscape'>\n\t\t\t\t<a href='https:\/\/camping.webspace.rocks\/?attachment_id=12096'><img width=\"150\" height=\"150\" src=\"https:\/\/m.media-amazon.com\/images\/I\/41r-I0TpkmL._SS150_.jpg\" class=\"attachment-thumbnail size-thumbnail\" alt=\"\" loading=\"lazy\" srcset=\"https:\/\/m.media-amazon.com\/images\/I\/41r-I0TpkmL._SS150_.jpg 150w, https:\/\/m.media-amazon.com\/images\/I\/41r-I0TpkmL._SS300_.jpg 300w, https:\/\/m.media-amazon.com\/images\/I\/41r-I0TpkmL._SS768_.jpg 768w, https:\/\/m.media-amazon.com\/images\/I\/41r-I0TpkmL._SS1024_.jpg 1024w, https:\/\/m.media-amazon.com\/images\/I\/41r-I0TpkmL._SS1536_.jpg 1536w, https:\/\/m.media-amazon.com\/images\/I\/41r-I0TpkmL._SS2048_.jpg 2048w, https:\/\/m.media-amazon.com\/images\/I\/41r-I0TpkmL._SS1200_.jpg 1200w, https:\/\/m.media-amazon.com\/images\/I\/41r-I0TpkmL._SS600_.jpg 600w, https:\/\/m.media-amazon.com\/images\/I\/41r-I0TpkmL.jpg 500w\" sizes=\"(max-width: 150px) 100vw, 150px\" \/><\/a>\n\t\t\t<\/dt><\/dl><br style=\"clear: both\" \/>\n\t\t<\/div>\n<br \/>\n<!-- show up to 2 reviews by default --><br \/>\nFreistehendes Kuppelzelt f\u00fcr 4 Personen; geeignet f\u00fcr drei Jahreszeiten<br \/>\nRobustes, wasserfestes Design aus beschichtetem Polyester mit verschwei\u00dftem 1.000D-Polyethylen-Boden in wannen\u00e4hnlicher Form mit umgekehrten N\u00e4hten<br \/>\nAbnehmbares \u00dcberzelt; Fenster hinten; \u00d6ffnung f\u00fcr frische Luft; Netztasche innen<br \/>\nZeltstangen verbunden mit elastischem Band und verhedderungsfreie durchgehende Stangenschlaufen; Aufbewahrungstasche f\u00fcr Zelt, Zeltstangen und Heringe<br \/>\nMa\u00dfe (L x B): 2,7 x 2,1 m; die Innenraumh\u00f6he von 1,5 m bietet ausreichend Raum f\u00fcr ein problemloses Bewegen<br \/>\n<div class=\"main-cross-sell\" data-asin=\"B077Y8DLSN\">\n\n\t<div class=\"WooZone-cross-sell-loader\">\n\t\t<div>\n\t\t\t<div id=\"floatingBarsG\">\n\t\t\t\t<div class=\"blockG\" id=\"rotateG_01\"><\/div>\n\t\t\t\t<div class=\"blockG\" id=\"rotateG_02\"><\/div>\n\t\t\t\t<div class=\"blockG\" id=\"rotateG_03\"><\/div>\n\t\t\t\t<div class=\"blockG\" id=\"rotateG_04\"><\/div>\n\t\t\t\t<div class=\"blockG\" id=\"rotateG_05\"><\/div>\n\t\t\t\t<div class=\"blockG\" id=\"rotateG_06\"><\/div>\n\t\t\t\t<div class=\"blockG\" id=\"rotateG_07\"><\/div>\n\t\t\t\t<div class=\"blockG\" id=\"rotateG_08\"><\/div>\n\t\t\t<\/div>\n\t\t\t<div class=\"WooZone-cross-sell-loader-text\"><\/div>\n\t\t<\/div>\n\t<\/div>\n\n\t\t\n<\/div>\n<div style=\"clear:both;\"><\/div><\/p>\n","protected":false},"excerpt":{"rendered":"<p>Freistehendes Kuppelzelt f\u00fcr 4 Personen; geeignet f\u00fcr drei Jahreszeiten<br \/>\nRobustes, wasserfestes Design aus beschichtetem Polyester mit verschwei\u00dftem 1.000D-Polyethylen-Boden in wannen\u00e4hnlicher Form mit umgekehrten N\u00e4hten<br \/>\nAbnehmbares \u00dcberzelt; Fenster hinten; \u00d6ffnung f\u00fcr frische Luft; Netztasche innen<\/p>\n","protected":false},"featured_media":12094,"comment_status":"open","ping_status":"closed","template":"","meta":[],"product_cat":[70,19],"product_tag":[],"_links":{"self":[{"href":"https:\/\/camping.webspace.rocks\/index.php?rest_route=\/wp\/v2\/product\/12093"}],"collection":[{"href":"https:\/\/camping.webspace.rocks\/index.php?rest_route=\/wp\/v2\/product"}],"about":[{"href":"https:\/\/camping.webspace.rocks\/index.php?rest_route=\/wp\/v2\/types\/product"}],"replies":[{"embeddable":true,"href":"https:\/\/camping.webspace.rocks\/index.php?rest_route=%2Fwp%2Fv2%2Fcomments&post=12093"}],"version-history":[{"count":1,"href":"https:\/\/camping.webspace.rocks\/index.php?rest_route=\/wp\/v2\/product\/12093\/revisions"}],"predecessor-version":[{"id":14102,"href":"https:\/\/camping.webspace.rocks\/index.php?rest_route=\/wp\/v2\/product\/12093\/revisions\/14102"}],"wp:featuredmedia":[{"embeddable":true,"href":"https:\/\/camping.webspace.rocks\/index.php?rest_route=\/wp\/v2\/media\/12094"}],"wp:attachment":[{"href":"https:\/\/camping.webspace.rocks\/index.php?rest_route=%2Fwp%2Fv2%2Fmedia&parent=12093"}],"wp:term":[{"taxonomy":"product_cat","embeddable":true,"href":"https:\/\/camping.webspace.rocks\/index.php?rest_route=%2Fwp%2Fv2%2Fproduct_cat&post=12093"},{"taxonomy":"product_tag","embeddable":true,"href":"https:\/\/camping.webspace.rocks\/index.php?rest_route=%2Fwp%2Fv2%2Fproduct_tag&post=12093"}],"curies":[{"name":"wp","href":"https:\/\/api.w.org\/{rel}","templated":true}]}}