{"id":12282,"date":"2021-07-28T11:32:14","date_gmt":"2021-07-28T11:32:14","guid":{"rendered":"https:\/\/camping.webspace.rocks\/?product=salewa-doppelwandzelt-litetrek-iii"},"modified":"2023-04-09T10:07:28","modified_gmt":"2023-04-09T10:07:28","slug":"salewa-doppelwandzelt-litetrek-iii","status":"publish","type":"product","link":"https:\/\/camping.webspace.rocks\/?product=salewa-doppelwandzelt-litetrek-iii","title":{"rendered":"Salewa Doppelwandzelt Litetrek III"},"content":{"rendered":"<p>\n\t\t<style type=\"text\/css\">\n\t\t\t#gallery-1 {\n\t\t\t\tmargin: auto;\n\t\t\t}\n\t\t\t#gallery-1 .gallery-item {\n\t\t\t\tfloat: left;\n\t\t\t\tmargin-top: 10px;\n\t\t\t\ttext-align: center;\n\t\t\t\twidth: 33%;\n\t\t\t}\n\t\t\t#gallery-1 img {\n\t\t\t\tborder: 2px solid #cfcfcf;\n\t\t\t}\n\t\t\t#gallery-1 .gallery-caption {\n\t\t\t\tmargin-left: 0;\n\t\t\t}\n\t\t\t\/* see gallery_shortcode() in wp-includes\/media.php *\/\n\t\t<\/style>\n\t\t<div id='gallery-1' class='gallery galleryid-12282 gallery-columns-3 gallery-size-thumbnail'><dl class='gallery-item'>\n\t\t\t<dt class='gallery-icon landscape'>\n\t\t\t\t<a href='https:\/\/camping.webspace.rocks\/?attachment_id=12283'><img width=\"150\" height=\"150\" src=\"https:\/\/m.media-amazon.com\/images\/I\/31Uo9j8lVpS._SS150_.jpg\" class=\"attachment-thumbnail size-thumbnail\" alt=\"\" loading=\"lazy\" srcset=\"https:\/\/m.media-amazon.com\/images\/I\/31Uo9j8lVpS._SS150_.jpg 150w, https:\/\/m.media-amazon.com\/images\/I\/31Uo9j8lVpS._SS300_.jpg 300w, https:\/\/m.media-amazon.com\/images\/I\/31Uo9j8lVpS._SS768_.jpg 768w, https:\/\/m.media-amazon.com\/images\/I\/31Uo9j8lVpS._SS1024_.jpg 1024w, https:\/\/m.media-amazon.com\/images\/I\/31Uo9j8lVpS._SS1536_.jpg 1536w, https:\/\/m.media-amazon.com\/images\/I\/31Uo9j8lVpS._SS2048_.jpg 2048w, https:\/\/m.media-amazon.com\/images\/I\/31Uo9j8lVpS._SS1200_.jpg 1200w, https:\/\/m.media-amazon.com\/images\/I\/31Uo9j8lVpS._SS600_.jpg 600w, https:\/\/m.media-amazon.com\/images\/I\/31Uo9j8lVpS.jpg 500w\" sizes=\"(max-width: 150px) 100vw, 150px\" \/><\/a>\n\t\t\t<\/dt><\/dl><dl class='gallery-item'>\n\t\t\t<dt class='gallery-icon landscape'>\n\t\t\t\t<a href='https:\/\/camping.webspace.rocks\/?attachment_id=12284'><img width=\"150\" height=\"150\" src=\"https:\/\/m.media-amazon.com\/images\/I\/41X5LT6LA+S._SS150_.jpg\" class=\"attachment-thumbnail size-thumbnail\" alt=\"\" loading=\"lazy\" srcset=\"https:\/\/m.media-amazon.com\/images\/I\/41X5LT6LA+S._SS150_.jpg 150w, https:\/\/m.media-amazon.com\/images\/I\/41X5LT6LA+S._SS300_.jpg 300w, https:\/\/m.media-amazon.com\/images\/I\/41X5LT6LA+S._SS768_.jpg 768w, https:\/\/m.media-amazon.com\/images\/I\/41X5LT6LA+S._SS1024_.jpg 1024w, https:\/\/m.media-amazon.com\/images\/I\/41X5LT6LA+S._SS1536_.jpg 1536w, https:\/\/m.media-amazon.com\/images\/I\/41X5LT6LA+S._SS2048_.jpg 2048w, https:\/\/m.media-amazon.com\/images\/I\/41X5LT6LA+S._SS1200_.jpg 1200w, https:\/\/m.media-amazon.com\/images\/I\/41X5LT6LA+S._SS600_.jpg 600w, https:\/\/m.media-amazon.com\/images\/I\/41X5LT6LA+S.jpg 500w\" sizes=\"(max-width: 150px) 100vw, 150px\" \/><\/a>\n\t\t\t<\/dt><\/dl><dl class='gallery-item'>\n\t\t\t<dt class='gallery-icon landscape'>\n\t\t\t\t<a href='https:\/\/camping.webspace.rocks\/?attachment_id=12285'><img width=\"150\" height=\"150\" src=\"https:\/\/m.media-amazon.com\/images\/I\/41Qh7phvWzS._SS150_.jpg\" class=\"attachment-thumbnail size-thumbnail\" alt=\"\" loading=\"lazy\" srcset=\"https:\/\/m.media-amazon.com\/images\/I\/41Qh7phvWzS._SS150_.jpg 150w, https:\/\/m.media-amazon.com\/images\/I\/41Qh7phvWzS._SS300_.jpg 300w, https:\/\/m.media-amazon.com\/images\/I\/41Qh7phvWzS._SS768_.jpg 768w, https:\/\/m.media-amazon.com\/images\/I\/41Qh7phvWzS._SS1024_.jpg 1024w, https:\/\/m.media-amazon.com\/images\/I\/41Qh7phvWzS._SS1536_.jpg 1536w, https:\/\/m.media-amazon.com\/images\/I\/41Qh7phvWzS._SS2048_.jpg 2048w, https:\/\/m.media-amazon.com\/images\/I\/41Qh7phvWzS._SS1200_.jpg 1200w, https:\/\/m.media-amazon.com\/images\/I\/41Qh7phvWzS._SS600_.jpg 600w, https:\/\/m.media-amazon.com\/images\/I\/41Qh7phvWzS.jpg 500w\" sizes=\"(max-width: 150px) 100vw, 150px\" \/><\/a>\n\t\t\t<\/dt><\/dl><br style=\"clear: both\" \/>\n\t\t<\/div>\n<br \/>\n<!-- show up to 2 reviews by default --> <\/p>\n<p>Sehr leichtes, robustes und verl\u00e4ssliches 3-Personenzelt mit selbsttragender Konstruktion f\u00fcr alpines Trekking.<\/p>\n<p> Das Litetrek III ist ein 3-Personen-Doppelwandzelt f\u00fcr alpines Trekking, wenn Wetterschutz, Stabilit\u00e4t, Gewicht und Packma\u00df an erster Stelle stehen. Es eignet sich f\u00fcr den 3-Jahreszeiten-Einsatz bei milderen Temperaturen und h\u00e4lt laut Windkanal-Messungen der Technischen Universit\u00e4t M\u00fcnchen Windgeschwindigkeiten von bis zu 90 km\/h Stand.<\/p>\n<p> Die robuste und verl\u00e4ssliche Semi-Geod\u00e4t Doppelwandkonstruktion bietet die optimale Balance zwischen Wetterschutz und Ventilation. Zudem schr\u00e4nkt sie r\u00e4umlich nicht ein. Dank des 100 % selbsttragende Designs l\u00e4sst sich das Zelt problemlos im felsigen Gel\u00e4nde ohne M\u00f6glichkeiten zur Abspannung aufbauen. F\u00fcr mehr Flexibilit\u00e4t k\u00f6nnen auch die Ankerpunkte verl\u00e4ngert werden. Die rei\u00dffeste 50D Ripstop Nylon Au\u00dfenplane ist Silikon- und PU-beschichtet und erreicht so eine 3.000 mm Wassers\u00e4ule, der Boden ist aus robustem PU-beschichtetem 70D Ripstop Nylon mit 5.000 mm Wassers\u00e4ule gefertigt. Das Innenzelt aus 66D Ripstop Polyester verf\u00fcgt \u00fcber einen Eingang aus Mesh-Material mit integriertem M\u00fcckennetz. F\u00fcr eine bessere Ventilation l\u00e4sst sich das R\u00fcckpanel von innen und au\u00dfen mit Rei\u00dfverschl\u00fcssen \u00f6ffnen, so die Frischluftzufuhr regulieren und Feuchtigkeit im Inneren vermeiden.<\/p>\n<p> Die 3S Speed Set Up L\u00f6sung mit kurzen, flachen Gest\u00e4ngekan\u00e4le und Haken erm\u00f6glicht einen schnellen und einfachen Aufbau. Bei gutem Wetter und warmen Temperaturen l\u00e4sst sich das Innenzelt auch alleine aufbauen. Der gr\u00f6\u00dfte Vorteil des Litetrek Pro III ist seine Vielseitigkeit: Die wetterfeste und gesch\u00fctzte, ins Innenzelt integrierte Apside, kann als Stauraum f\u00fcr Gep\u00e4ck oder als Kochstelle genutzt werden. Sie l\u00e4sst sich bei Bedarf erweitern. <\/p>\n<ul>\n<li>Vollst\u00e4ndig selbsttragende Konstruktion<\/li>\n<li>Problemlose Apsiden verl\u00e4ngerung<\/li>\n<li>Hypalonverst\u00e4rkte\n<\/p>\n<\/li>\n<\/ul>\n<p>3,47m\u00b2 Innenzeltfl\u00e4che<br \/>\nWassers\u00e4ule: Au\u00dfenzelt 3000mm, Boden 10.000mm<br \/>\nH\u00f6he Innenzelt: 1,06m<br \/>\nWindschutz: min. 90km\/h Windst\u00e4rke<br \/>\nNylonhaken zur Abspannung des Au\u00dfenzelts auch bei sehr kalten Bedingungen<br \/>\n<div class=\"main-cross-sell\" data-asin=\"B01N5LQ62R\">\n\n\t<div class=\"WooZone-cross-sell-loader\">\n\t\t<div>\n\t\t\t<div id=\"floatingBarsG\">\n\t\t\t\t<div class=\"blockG\" id=\"rotateG_01\"><\/div>\n\t\t\t\t<div class=\"blockG\" id=\"rotateG_02\"><\/div>\n\t\t\t\t<div class=\"blockG\" id=\"rotateG_03\"><\/div>\n\t\t\t\t<div class=\"blockG\" id=\"rotateG_04\"><\/div>\n\t\t\t\t<div class=\"blockG\" id=\"rotateG_05\"><\/div>\n\t\t\t\t<div class=\"blockG\" id=\"rotateG_06\"><\/div>\n\t\t\t\t<div class=\"blockG\" id=\"rotateG_07\"><\/div>\n\t\t\t\t<div class=\"blockG\" id=\"rotateG_08\"><\/div>\n\t\t\t<\/div>\n\t\t\t<div class=\"WooZone-cross-sell-loader-text\"><\/div>\n\t\t<\/div>\n\t<\/div>\n\n\t\t\n<\/div>\n<div style=\"clear:both;\"><\/div><\/p>\n","protected":false},"excerpt":{"rendered":"<p>3,47m\u00b2 Innenzeltfl\u00e4che<br \/>\nWassers\u00e4ule: Au\u00dfenzelt 3000mm, Boden 10.000mm<br \/>\nH\u00f6he Innenzelt: 1,06m<\/p>\n","protected":false},"featured_media":12283,"comment_status":"open","ping_status":"closed","template":"","meta":[],"product_cat":[70,19],"product_tag":[],"_links":{"self":[{"href":"https:\/\/camping.webspace.rocks\/index.php?rest_route=\/wp\/v2\/product\/12282"}],"collection":[{"href":"https:\/\/camping.webspace.rocks\/index.php?rest_route=\/wp\/v2\/product"}],"about":[{"href":"https:\/\/camping.webspace.rocks\/index.php?rest_route=\/wp\/v2\/types\/product"}],"replies":[{"embeddable":true,"href":"https:\/\/camping.webspace.rocks\/index.php?rest_route=%2Fwp%2Fv2%2Fcomments&post=12282"}],"version-history":[{"count":1,"href":"https:\/\/camping.webspace.rocks\/index.php?rest_route=\/wp\/v2\/product\/12282\/revisions"}],"predecessor-version":[{"id":14134,"href":"https:\/\/camping.webspace.rocks\/index.php?rest_route=\/wp\/v2\/product\/12282\/revisions\/14134"}],"wp:featuredmedia":[{"embeddable":true,"href":"https:\/\/camping.webspace.rocks\/index.php?rest_route=\/wp\/v2\/media\/12283"}],"wp:attachment":[{"href":"https:\/\/camping.webspace.rocks\/index.php?rest_route=%2Fwp%2Fv2%2Fmedia&parent=12282"}],"wp:term":[{"taxonomy":"product_cat","embeddable":true,"href":"https:\/\/camping.webspace.rocks\/index.php?rest_route=%2Fwp%2Fv2%2Fproduct_cat&post=12282"},{"taxonomy":"product_tag","embeddable":true,"href":"https:\/\/camping.webspace.rocks\/index.php?rest_route=%2Fwp%2Fv2%2Fproduct_tag&post=12282"}],"curies":[{"name":"wp","href":"https:\/\/api.w.org\/{rel}","templated":true}]}}