{"id":12290,"date":"2021-07-28T11:32:20","date_gmt":"2021-07-28T11:32:20","guid":{"rendered":"https:\/\/camping.webspace.rocks\/?product=salewa-zelt-sierra-leone-3-3-personen-zelt"},"modified":"2023-04-09T10:07:29","modified_gmt":"2023-04-09T10:07:29","slug":"salewa-zelt-sierra-leone-3-3-personen-zelt","status":"publish","type":"product","link":"https:\/\/camping.webspace.rocks\/?product=salewa-zelt-sierra-leone-3-3-personen-zelt","title":{"rendered":"Salewa Zelt Sierra Leone 3-3 Personen Zelt"},"content":{"rendered":"<p>\n\t\t<style type=\"text\/css\">\n\t\t\t#gallery-1 {\n\t\t\t\tmargin: auto;\n\t\t\t}\n\t\t\t#gallery-1 .gallery-item {\n\t\t\t\tfloat: left;\n\t\t\t\tmargin-top: 10px;\n\t\t\t\ttext-align: center;\n\t\t\t\twidth: 33%;\n\t\t\t}\n\t\t\t#gallery-1 img {\n\t\t\t\tborder: 2px solid #cfcfcf;\n\t\t\t}\n\t\t\t#gallery-1 .gallery-caption {\n\t\t\t\tmargin-left: 0;\n\t\t\t}\n\t\t\t\/* see gallery_shortcode() in wp-includes\/media.php *\/\n\t\t<\/style>\n\t\t<div id='gallery-1' class='gallery galleryid-12290 gallery-columns-3 gallery-size-thumbnail'><dl class='gallery-item'>\n\t\t\t<dt class='gallery-icon landscape'>\n\t\t\t\t<a href='https:\/\/camping.webspace.rocks\/?attachment_id=12291'><img width=\"150\" height=\"150\" src=\"https:\/\/m.media-amazon.com\/images\/I\/3163o6yDwqS._SS150_.jpg\" class=\"attachment-thumbnail size-thumbnail\" alt=\"\" loading=\"lazy\" srcset=\"https:\/\/m.media-amazon.com\/images\/I\/3163o6yDwqS._SS150_.jpg 150w, https:\/\/m.media-amazon.com\/images\/I\/3163o6yDwqS._SS300_.jpg 300w, https:\/\/m.media-amazon.com\/images\/I\/3163o6yDwqS._SS768_.jpg 768w, https:\/\/m.media-amazon.com\/images\/I\/3163o6yDwqS._SS1024_.jpg 1024w, https:\/\/m.media-amazon.com\/images\/I\/3163o6yDwqS._SS1536_.jpg 1536w, https:\/\/m.media-amazon.com\/images\/I\/3163o6yDwqS._SS2048_.jpg 2048w, https:\/\/m.media-amazon.com\/images\/I\/3163o6yDwqS._SS1200_.jpg 1200w, https:\/\/m.media-amazon.com\/images\/I\/3163o6yDwqS._SS600_.jpg 600w, https:\/\/m.media-amazon.com\/images\/I\/3163o6yDwqS.jpg 500w\" sizes=\"(max-width: 150px) 100vw, 150px\" \/><\/a>\n\t\t\t<\/dt><\/dl><dl class='gallery-item'>\n\t\t\t<dt class='gallery-icon landscape'>\n\t\t\t\t<a href='https:\/\/camping.webspace.rocks\/?attachment_id=12292'><img width=\"150\" height=\"150\" src=\"https:\/\/m.media-amazon.com\/images\/I\/31A8dSrwhhS._SS150_.jpg\" class=\"attachment-thumbnail size-thumbnail\" alt=\"\" loading=\"lazy\" srcset=\"https:\/\/m.media-amazon.com\/images\/I\/31A8dSrwhhS._SS150_.jpg 150w, https:\/\/m.media-amazon.com\/images\/I\/31A8dSrwhhS._SS300_.jpg 300w, https:\/\/m.media-amazon.com\/images\/I\/31A8dSrwhhS._SS768_.jpg 768w, https:\/\/m.media-amazon.com\/images\/I\/31A8dSrwhhS._SS1024_.jpg 1024w, https:\/\/m.media-amazon.com\/images\/I\/31A8dSrwhhS._SS1536_.jpg 1536w, https:\/\/m.media-amazon.com\/images\/I\/31A8dSrwhhS._SS2048_.jpg 2048w, https:\/\/m.media-amazon.com\/images\/I\/31A8dSrwhhS._SS1200_.jpg 1200w, https:\/\/m.media-amazon.com\/images\/I\/31A8dSrwhhS._SS600_.jpg 600w, https:\/\/m.media-amazon.com\/images\/I\/31A8dSrwhhS.jpg 500w\" sizes=\"(max-width: 150px) 100vw, 150px\" \/><\/a>\n\t\t\t<\/dt><\/dl><dl class='gallery-item'>\n\t\t\t<dt class='gallery-icon landscape'>\n\t\t\t\t<a href='https:\/\/camping.webspace.rocks\/?attachment_id=12293'><img width=\"150\" height=\"150\" src=\"https:\/\/m.media-amazon.com\/images\/I\/41PCZd+MGqS._SS150_.jpg\" class=\"attachment-thumbnail size-thumbnail\" alt=\"\" loading=\"lazy\" srcset=\"https:\/\/m.media-amazon.com\/images\/I\/41PCZd+MGqS._SS150_.jpg 150w, https:\/\/m.media-amazon.com\/images\/I\/41PCZd+MGqS._SS300_.jpg 300w, https:\/\/m.media-amazon.com\/images\/I\/41PCZd+MGqS._SS768_.jpg 768w, https:\/\/m.media-amazon.com\/images\/I\/41PCZd+MGqS._SS1024_.jpg 1024w, https:\/\/m.media-amazon.com\/images\/I\/41PCZd+MGqS._SS1536_.jpg 1536w, https:\/\/m.media-amazon.com\/images\/I\/41PCZd+MGqS._SS2048_.jpg 2048w, https:\/\/m.media-amazon.com\/images\/I\/41PCZd+MGqS._SS1200_.jpg 1200w, https:\/\/m.media-amazon.com\/images\/I\/41PCZd+MGqS._SS600_.jpg 600w, https:\/\/m.media-amazon.com\/images\/I\/41PCZd+MGqS.jpg 500w\" sizes=\"(max-width: 150px) 100vw, 150px\" \/><\/a>\n\t\t\t<\/dt><\/dl><br style=\"clear: both\" \/>\n\t\t<\/div>\n<br \/>\n<!-- show up to 2 reviews by default --> <\/p>\n<p>Gewicht: 3,4kg Wassers\u00e4ule Au\u00dfenzelt 3,000mm Wassers\u00e4ule Boden 5,000mm Packma\u00df 40 x 23cm Windschutz (im Windkanal getestet)Min. 100 km\/h Windst\u00e4rke &#8211; getestet im Windkanal der Technischen Universit\u00e4t M\u00fcnchen Ma\u00dfe: Au\u00dfen 365 x 200 x 116 cm Ma\u00dfe: Innen 210 x 180 cm, 106\/80 cm Material Au\u00dfen: 100% Polyester (50D Polyester Ripstop, PU beschichtet) Wassers\u00e4ule: 3.000 mm Material Boden: 100% Nylon (70D Nylon Ripstop, PU beschichtet)Wassers\u00e4ule: 5.000 mm Material Innenzelt: 100% Polyester (66D Polyester Ripstop) mit Netz und Netzeingang Gest\u00e4nge: 4 x Aluminium 7001 T6 8,5 mm Sierra Leone 3 Personen Zelt Ebenfalls ein Zelt mit 100 % freistehender Konstruktion mit allen Vorteilen auf felsigem Grund oder wenn kein Platz f\u00fcr Abspannleinen und Heringe ist. Die Apside wird bereits mit dem Gest\u00e4nge geformt. Eine Regenrinne h\u00e4lt Wasser vom Eingang fern und leitet es seitlich ab. Das Zelt ist schnell aufzubauen u <\/p>\n<p>3,78m\u00b2 Innenzeltfl\u00e4che<br \/>\nWassers\u00e4ule: Au\u00dfenzelt 3000mm, Boden 5000mm<br \/>\nH\u00f6he Innenzelt: 1,06m<br \/>\nWindschutz: min. 100km\/h Windst\u00e4rke<br \/>\nSeitliche Ableitung von Regenwasser am Eingang<br \/>\n<div class=\"main-cross-sell\" data-asin=\"B01N5LQ7KX\">\n\n\t<div class=\"WooZone-cross-sell-loader\">\n\t\t<div>\n\t\t\t<div id=\"floatingBarsG\">\n\t\t\t\t<div class=\"blockG\" id=\"rotateG_01\"><\/div>\n\t\t\t\t<div class=\"blockG\" id=\"rotateG_02\"><\/div>\n\t\t\t\t<div class=\"blockG\" id=\"rotateG_03\"><\/div>\n\t\t\t\t<div class=\"blockG\" id=\"rotateG_04\"><\/div>\n\t\t\t\t<div class=\"blockG\" id=\"rotateG_05\"><\/div>\n\t\t\t\t<div class=\"blockG\" id=\"rotateG_06\"><\/div>\n\t\t\t\t<div class=\"blockG\" id=\"rotateG_07\"><\/div>\n\t\t\t\t<div class=\"blockG\" id=\"rotateG_08\"><\/div>\n\t\t\t<\/div>\n\t\t\t<div class=\"WooZone-cross-sell-loader-text\"><\/div>\n\t\t<\/div>\n\t<\/div>\n\n\t\t\n<\/div>\n<div style=\"clear:both;\"><\/div><\/p>\n","protected":false},"excerpt":{"rendered":"<p>3,78m\u00b2 Innenzeltfl\u00e4che<br \/>\nWassers\u00e4ule: Au\u00dfenzelt 3000mm, Boden 5000mm<br \/>\nH\u00f6he Innenzelt: 1,06m<\/p>\n","protected":false},"featured_media":12291,"comment_status":"open","ping_status":"closed","template":"","meta":[],"product_cat":[70,19],"product_tag":[],"_links":{"self":[{"href":"https:\/\/camping.webspace.rocks\/index.php?rest_route=\/wp\/v2\/product\/12290"}],"collection":[{"href":"https:\/\/camping.webspace.rocks\/index.php?rest_route=\/wp\/v2\/product"}],"about":[{"href":"https:\/\/camping.webspace.rocks\/index.php?rest_route=\/wp\/v2\/types\/product"}],"replies":[{"embeddable":true,"href":"https:\/\/camping.webspace.rocks\/index.php?rest_route=%2Fwp%2Fv2%2Fcomments&post=12290"}],"version-history":[{"count":1,"href":"https:\/\/camping.webspace.rocks\/index.php?rest_route=\/wp\/v2\/product\/12290\/revisions"}],"predecessor-version":[{"id":14136,"href":"https:\/\/camping.webspace.rocks\/index.php?rest_route=\/wp\/v2\/product\/12290\/revisions\/14136"}],"wp:featuredmedia":[{"embeddable":true,"href":"https:\/\/camping.webspace.rocks\/index.php?rest_route=\/wp\/v2\/media\/12291"}],"wp:attachment":[{"href":"https:\/\/camping.webspace.rocks\/index.php?rest_route=%2Fwp%2Fv2%2Fmedia&parent=12290"}],"wp:term":[{"taxonomy":"product_cat","embeddable":true,"href":"https:\/\/camping.webspace.rocks\/index.php?rest_route=%2Fwp%2Fv2%2Fproduct_cat&post=12290"},{"taxonomy":"product_tag","embeddable":true,"href":"https:\/\/camping.webspace.rocks\/index.php?rest_route=%2Fwp%2Fv2%2Fproduct_tag&post=12290"}],"curies":[{"name":"wp","href":"https:\/\/api.w.org\/{rel}","templated":true}]}}