{"id":12356,"date":"2021-07-28T11:33:01","date_gmt":"2021-07-28T11:33:01","guid":{"rendered":"https:\/\/camping.webspace.rocks\/?product=high-peak-amora-5-0-zelt-grau-2021-camping-zelt"},"modified":"2023-04-09T10:07:30","modified_gmt":"2023-04-09T10:07:30","slug":"high-peak-amora-5-0-zelt-grau-2021-camping-zelt","status":"publish","type":"product","link":"https:\/\/camping.webspace.rocks\/?product=high-peak-amora-5-0-zelt-grau-2021-camping-zelt","title":{"rendered":"High Peak Erwachsene Amora Zelt f\u00fcr 5 Personen, Grey mel\u00e9, Tek Beden, S, M, L veya XL"},"content":{"rendered":"<p>\n\t\t<style type=\"text\/css\">\n\t\t\t#gallery-1 {\n\t\t\t\tmargin: auto;\n\t\t\t}\n\t\t\t#gallery-1 .gallery-item {\n\t\t\t\tfloat: left;\n\t\t\t\tmargin-top: 10px;\n\t\t\t\ttext-align: center;\n\t\t\t\twidth: 33%;\n\t\t\t}\n\t\t\t#gallery-1 img {\n\t\t\t\tborder: 2px solid #cfcfcf;\n\t\t\t}\n\t\t\t#gallery-1 .gallery-caption {\n\t\t\t\tmargin-left: 0;\n\t\t\t}\n\t\t\t\/* see gallery_shortcode() in wp-includes\/media.php *\/\n\t\t<\/style>\n\t\t<div id='gallery-1' class='gallery galleryid-12356 gallery-columns-3 gallery-size-thumbnail'><dl class='gallery-item'>\n\t\t\t<dt class='gallery-icon landscape'>\n\t\t\t\t<a href='https:\/\/camping.webspace.rocks\/?attachment_id=12357'><img width=\"150\" height=\"150\" src=\"https:\/\/m.media-amazon.com\/images\/I\/41GzC3N9jLL._SS150_.jpg\" class=\"attachment-thumbnail size-thumbnail\" alt=\"\" loading=\"lazy\" srcset=\"https:\/\/m.media-amazon.com\/images\/I\/41GzC3N9jLL._SS150_.jpg 150w, https:\/\/m.media-amazon.com\/images\/I\/41GzC3N9jLL._SS300_.jpg 300w, https:\/\/m.media-amazon.com\/images\/I\/41GzC3N9jLL._SS768_.jpg 768w, https:\/\/m.media-amazon.com\/images\/I\/41GzC3N9jLL._SS1024_.jpg 1024w, https:\/\/m.media-amazon.com\/images\/I\/41GzC3N9jLL._SS1536_.jpg 1536w, https:\/\/m.media-amazon.com\/images\/I\/41GzC3N9jLL._SS2048_.jpg 2048w, https:\/\/m.media-amazon.com\/images\/I\/41GzC3N9jLL._SS1200_.jpg 1200w, https:\/\/m.media-amazon.com\/images\/I\/41GzC3N9jLL._SS600_.jpg 600w, https:\/\/m.media-amazon.com\/images\/I\/41GzC3N9jLL.jpg 500w\" sizes=\"(max-width: 150px) 100vw, 150px\" \/><\/a>\n\t\t\t<\/dt><\/dl><dl class='gallery-item'>\n\t\t\t<dt class='gallery-icon landscape'>\n\t\t\t\t<a href='https:\/\/camping.webspace.rocks\/?attachment_id=12358'><img width=\"150\" height=\"150\" src=\"https:\/\/m.media-amazon.com\/images\/I\/51xJFRHS8rL._SS150_.jpg\" class=\"attachment-thumbnail size-thumbnail\" alt=\"\" loading=\"lazy\" srcset=\"https:\/\/m.media-amazon.com\/images\/I\/51xJFRHS8rL._SS150_.jpg 150w, https:\/\/m.media-amazon.com\/images\/I\/51xJFRHS8rL._SS300_.jpg 300w, https:\/\/m.media-amazon.com\/images\/I\/51xJFRHS8rL._SS768_.jpg 768w, https:\/\/m.media-amazon.com\/images\/I\/51xJFRHS8rL._SS1024_.jpg 1024w, https:\/\/m.media-amazon.com\/images\/I\/51xJFRHS8rL._SS1536_.jpg 1536w, https:\/\/m.media-amazon.com\/images\/I\/51xJFRHS8rL._SS2048_.jpg 2048w, https:\/\/m.media-amazon.com\/images\/I\/51xJFRHS8rL._SS1200_.jpg 1200w, https:\/\/m.media-amazon.com\/images\/I\/51xJFRHS8rL._SS600_.jpg 600w, https:\/\/m.media-amazon.com\/images\/I\/51xJFRHS8rL.jpg 500w\" sizes=\"(max-width: 150px) 100vw, 150px\" \/><\/a>\n\t\t\t<\/dt><\/dl><dl class='gallery-item'>\n\t\t\t<dt class='gallery-icon landscape'>\n\t\t\t\t<a href='https:\/\/camping.webspace.rocks\/?attachment_id=12359'><img width=\"150\" height=\"150\" src=\"https:\/\/m.media-amazon.com\/images\/I\/41t3a8hv51L._SS150_.jpg\" class=\"attachment-thumbnail size-thumbnail\" alt=\"\" loading=\"lazy\" srcset=\"https:\/\/m.media-amazon.com\/images\/I\/41t3a8hv51L._SS150_.jpg 150w, https:\/\/m.media-amazon.com\/images\/I\/41t3a8hv51L._SS300_.jpg 300w, https:\/\/m.media-amazon.com\/images\/I\/41t3a8hv51L._SS768_.jpg 768w, https:\/\/m.media-amazon.com\/images\/I\/41t3a8hv51L._SS1024_.jpg 1024w, https:\/\/m.media-amazon.com\/images\/I\/41t3a8hv51L._SS1536_.jpg 1536w, https:\/\/m.media-amazon.com\/images\/I\/41t3a8hv51L._SS2048_.jpg 2048w, https:\/\/m.media-amazon.com\/images\/I\/41t3a8hv51L._SS1200_.jpg 1200w, https:\/\/m.media-amazon.com\/images\/I\/41t3a8hv51L._SS600_.jpg 600w, https:\/\/m.media-amazon.com\/images\/I\/41t3a8hv51L.jpg 500w\" sizes=\"(max-width: 150px) 100vw, 150px\" \/><\/a>\n\t\t\t<\/dt><\/dl><br style=\"clear: both\" \/>\n\t\t<\/div>\n<br \/>\n<!-- show up to 2 reviews by default --> <\/p>\n<p>Das Amora 5.0 bietet 4 &#8211; 5 Personen Platz mit Campingausr\u00fcstung. Das vollgepackte Zelt ist auf den weltweiten Klimawandel ausgerichtet. Ideal f\u00fcr den Mittelmeerraum, skandinavische L\u00e4nder und Mitteleuropa. Premium-Kuppelzelt mit Multifunktions-L\u00fcftungen. Ausgestattet mit einer Aluminiumbeschichtung. Die Beschichtung verst\u00e4rkt das Gewebe, reduziert die W\u00e4rme bis zu 17 % und hat einen UV-Sonnenschutzfaktor 80 (UV-Standard 801).Das Advance Low Vent System ist eine hochwirksame Bel\u00fcftung, die am Boden auf zwei Seiten die Luft im gesamten Bodenbereich zirkulieren l\u00e4sst. Der zus\u00e4tzliche Raum zwischen Au\u00dfen- und Innenzelt minimiert die Kondensation. Das System kann durch \u00d6ffnen der Netzabdeckung vom Innenzelt aus aktiviert und einfach in einer Innentasche aufbewahrt werden. Wenn Ihnen etwas k\u00fchl ist, schlie\u00dfen Sie die Abdeckung von innen. Sie brauchen Ihren gem\u00fctlichen High Peak-Schlafsack nicht zu verlassen.Der A-f\u00f6rmige Vorraum bietet viel Platz. Ein fester Boden an der Innenzeltfront und Schmutzf\u00e4nger halten den Schmutz aus dem Vestib\u00fclbereich fern. Kristallklares Fenster mit Sichtschutz. Doppelter Eingang und Seitent\u00fcr mit Netzgewebe h\u00e4lt Insekten fern und bietet eine gute Bel\u00fcftung. Netzfenster mit Abdeckung. Hintert\u00fcr f\u00fcr zus\u00e4tzlichen Stauraum und optimale Atmungsaktivit\u00e4t. Drei Allwetter-Ventilationen sorgen f\u00fcr einen kontinuierlichen Luftstrom. Halten Sie die Bel\u00fcftung immer offen, um die volle Funktionsf\u00e4higkeit zu gew\u00e4hrleisten.In der D\u00e4mmerung sichtbares rotes Band um das untere \u00dcberdach. Langlebige und starke 5 mm Stahl-Pin-Pegs arbeiten auf harten Campingpl\u00e4tzen. Mit Band versiegelte, wasserdichte N\u00e4hte. In der ersten und zweiten Stufe des Aufbaus des Au\u00dfenzeltes wird das Innenzelt aufgeh\u00e4ngt, um das Innenzelt w\u00e4hrend des Aufbaus bei N\u00e4sse trocken zu halten.Das verdunkelte&#8230; <\/p>\n<p>SBS Marken Rei\u00dfverschluss<br \/>\nextra starke 5 mm Erdn\u00e4gel<br \/>\nKlarsichtfolien-Fenster<br \/>\nfunktionaler seitw\u00e4rts zu \u00f6ffnender Eingang ohne H\u00f6henverlust<br \/>\nVario Vent Control Eingang am Innenzelt<br \/>\n<div class=\"main-cross-sell\" data-asin=\"B084PZLG56\">\n\n\t<div class=\"WooZone-cross-sell-loader\">\n\t\t<div>\n\t\t\t<div id=\"floatingBarsG\">\n\t\t\t\t<div class=\"blockG\" id=\"rotateG_01\"><\/div>\n\t\t\t\t<div class=\"blockG\" id=\"rotateG_02\"><\/div>\n\t\t\t\t<div class=\"blockG\" id=\"rotateG_03\"><\/div>\n\t\t\t\t<div class=\"blockG\" id=\"rotateG_04\"><\/div>\n\t\t\t\t<div class=\"blockG\" id=\"rotateG_05\"><\/div>\n\t\t\t\t<div class=\"blockG\" id=\"rotateG_06\"><\/div>\n\t\t\t\t<div class=\"blockG\" id=\"rotateG_07\"><\/div>\n\t\t\t\t<div class=\"blockG\" id=\"rotateG_08\"><\/div>\n\t\t\t<\/div>\n\t\t\t<div class=\"WooZone-cross-sell-loader-text\"><\/div>\n\t\t<\/div>\n\t<\/div>\n\n\t\t\n<\/div>\n<div style=\"clear:both;\"><\/div><\/p>\n","protected":false},"excerpt":{"rendered":"<p>SBS Marken Rei\u00dfverschluss<br \/>\nextra starke 5 mm Erdn\u00e4gel<br \/>\nKlarsichtfolien-Fenster<\/p>\n","protected":false},"featured_media":12357,"comment_status":"open","ping_status":"closed","template":"","meta":[],"product_cat":[70,19],"product_tag":[],"_links":{"self":[{"href":"https:\/\/camping.webspace.rocks\/index.php?rest_route=\/wp\/v2\/product\/12356"}],"collection":[{"href":"https:\/\/camping.webspace.rocks\/index.php?rest_route=\/wp\/v2\/product"}],"about":[{"href":"https:\/\/camping.webspace.rocks\/index.php?rest_route=\/wp\/v2\/types\/product"}],"replies":[{"embeddable":true,"href":"https:\/\/camping.webspace.rocks\/index.php?rest_route=%2Fwp%2Fv2%2Fcomments&post=12356"}],"version-history":[{"count":3,"href":"https:\/\/camping.webspace.rocks\/index.php?rest_route=\/wp\/v2\/product\/12356\/revisions"}],"predecessor-version":[{"id":19542,"href":"https:\/\/camping.webspace.rocks\/index.php?rest_route=\/wp\/v2\/product\/12356\/revisions\/19542"}],"wp:featuredmedia":[{"embeddable":true,"href":"https:\/\/camping.webspace.rocks\/index.php?rest_route=\/wp\/v2\/media\/12357"}],"wp:attachment":[{"href":"https:\/\/camping.webspace.rocks\/index.php?rest_route=%2Fwp%2Fv2%2Fmedia&parent=12356"}],"wp:term":[{"taxonomy":"product_cat","embeddable":true,"href":"https:\/\/camping.webspace.rocks\/index.php?rest_route=%2Fwp%2Fv2%2Fproduct_cat&post=12356"},{"taxonomy":"product_tag","embeddable":true,"href":"https:\/\/camping.webspace.rocks\/index.php?rest_route=%2Fwp%2Fv2%2Fproduct_tag&post=12356"}],"curies":[{"name":"wp","href":"https:\/\/api.w.org\/{rel}","templated":true}]}}