{"id":12412,"date":"2021-07-28T11:33:27","date_gmt":"2021-07-28T11:33:27","guid":{"rendered":"https:\/\/camping.webspace.rocks\/?product=coleman-kobuk-valley-4-plus"},"modified":"2023-04-09T10:07:32","modified_gmt":"2023-04-09T10:07:32","slug":"coleman-kobuk-valley-4-plus","status":"publish","type":"product","link":"https:\/\/camping.webspace.rocks\/?product=coleman-kobuk-valley-4-plus","title":{"rendered":"Coleman Kobuk Zelt, 3\/4 Personen, 3\/4 Mann Zelt, Igluzelt, Festivalzelt, Leichtes Kuppelzelt mit Vorzelt, patentierte\u2026"},"content":{"rendered":"<p>\n\t\t<style type=\"text\/css\">\n\t\t\t#gallery-1 {\n\t\t\t\tmargin: auto;\n\t\t\t}\n\t\t\t#gallery-1 .gallery-item {\n\t\t\t\tfloat: left;\n\t\t\t\tmargin-top: 10px;\n\t\t\t\ttext-align: center;\n\t\t\t\twidth: 33%;\n\t\t\t}\n\t\t\t#gallery-1 img {\n\t\t\t\tborder: 2px solid #cfcfcf;\n\t\t\t}\n\t\t\t#gallery-1 .gallery-caption {\n\t\t\t\tmargin-left: 0;\n\t\t\t}\n\t\t\t\/* see gallery_shortcode() in wp-includes\/media.php *\/\n\t\t<\/style>\n\t\t<div id='gallery-1' class='gallery galleryid-12412 gallery-columns-3 gallery-size-thumbnail'><dl class='gallery-item'>\n\t\t\t<dt class='gallery-icon landscape'>\n\t\t\t\t<a href='https:\/\/camping.webspace.rocks\/?attachment_id=12413'><img width=\"150\" height=\"150\" src=\"https:\/\/m.media-amazon.com\/images\/I\/413FIw4BnlL._SS150_.jpg\" class=\"attachment-thumbnail size-thumbnail\" alt=\"\" loading=\"lazy\" srcset=\"https:\/\/m.media-amazon.com\/images\/I\/413FIw4BnlL._SS150_.jpg 150w, https:\/\/m.media-amazon.com\/images\/I\/413FIw4BnlL._SS300_.jpg 300w, https:\/\/m.media-amazon.com\/images\/I\/413FIw4BnlL._SS768_.jpg 768w, https:\/\/m.media-amazon.com\/images\/I\/413FIw4BnlL._SS1024_.jpg 1024w, https:\/\/m.media-amazon.com\/images\/I\/413FIw4BnlL._SS1536_.jpg 1536w, https:\/\/m.media-amazon.com\/images\/I\/413FIw4BnlL._SS2048_.jpg 2048w, https:\/\/m.media-amazon.com\/images\/I\/413FIw4BnlL._SS1200_.jpg 1200w, https:\/\/m.media-amazon.com\/images\/I\/413FIw4BnlL._SS600_.jpg 600w, https:\/\/m.media-amazon.com\/images\/I\/413FIw4BnlL.jpg 500w\" sizes=\"(max-width: 150px) 100vw, 150px\" \/><\/a>\n\t\t\t<\/dt><\/dl><dl class='gallery-item'>\n\t\t\t<dt class='gallery-icon landscape'>\n\t\t\t\t<a href='https:\/\/camping.webspace.rocks\/?attachment_id=12414'><img width=\"150\" height=\"150\" src=\"https:\/\/m.media-amazon.com\/images\/I\/31K57FrOXJL._SS150_.jpg\" class=\"attachment-thumbnail size-thumbnail\" alt=\"\" loading=\"lazy\" srcset=\"https:\/\/m.media-amazon.com\/images\/I\/31K57FrOXJL._SS150_.jpg 150w, https:\/\/m.media-amazon.com\/images\/I\/31K57FrOXJL._SS300_.jpg 300w, https:\/\/m.media-amazon.com\/images\/I\/31K57FrOXJL._SS768_.jpg 768w, https:\/\/m.media-amazon.com\/images\/I\/31K57FrOXJL._SS1024_.jpg 1024w, https:\/\/m.media-amazon.com\/images\/I\/31K57FrOXJL._SS1536_.jpg 1536w, https:\/\/m.media-amazon.com\/images\/I\/31K57FrOXJL._SS2048_.jpg 2048w, https:\/\/m.media-amazon.com\/images\/I\/31K57FrOXJL._SS1200_.jpg 1200w, https:\/\/m.media-amazon.com\/images\/I\/31K57FrOXJL._SS600_.jpg 600w, https:\/\/m.media-amazon.com\/images\/I\/31K57FrOXJL.jpg 500w\" sizes=\"(max-width: 150px) 100vw, 150px\" \/><\/a>\n\t\t\t<\/dt><\/dl><dl class='gallery-item'>\n\t\t\t<dt class='gallery-icon landscape'>\n\t\t\t\t<a href='https:\/\/camping.webspace.rocks\/?attachment_id=12415'><img width=\"150\" height=\"150\" src=\"https:\/\/m.media-amazon.com\/images\/I\/51Myvt+HByL._SS150_.jpg\" class=\"attachment-thumbnail size-thumbnail\" alt=\"\" loading=\"lazy\" srcset=\"https:\/\/m.media-amazon.com\/images\/I\/51Myvt+HByL._SS150_.jpg 150w, https:\/\/m.media-amazon.com\/images\/I\/51Myvt+HByL._SS300_.jpg 300w, https:\/\/m.media-amazon.com\/images\/I\/51Myvt+HByL._SS768_.jpg 768w, https:\/\/m.media-amazon.com\/images\/I\/51Myvt+HByL._SS1024_.jpg 1024w, https:\/\/m.media-amazon.com\/images\/I\/51Myvt+HByL._SS1536_.jpg 1536w, https:\/\/m.media-amazon.com\/images\/I\/51Myvt+HByL._SS2048_.jpg 2048w, https:\/\/m.media-amazon.com\/images\/I\/51Myvt+HByL._SS1200_.jpg 1200w, https:\/\/m.media-amazon.com\/images\/I\/51Myvt+HByL._SS600_.jpg 600w, https:\/\/m.media-amazon.com\/images\/I\/51Myvt+HByL.jpg 500w\" sizes=\"(max-width: 150px) 100vw, 150px\" \/><\/a>\n\t\t\t<\/dt><\/dl><br style=\"clear: both\" \/>\n\t\t<\/div>\n<br \/>\n<!-- show up to 2 reviews by default --><br \/>\nNachschwarz-Schlafbereich (99% weniger Tageslicht) f\u00fcr einen erholsamen und vor allem langen Schlaf bis weit in den Morgen, ohne st\u00f6rende Sonnenstrahlen, oder Lichteinstrahlung in der Nacht<br \/>\nEin weiterer Vorteil des Nachtschwarz-Schlafbereichs ist, dass die Innenzelttemperatur an hei\u00dfen Tagen bis zu 5\u00b0 Celsius k\u00fchler ist.<br \/>\nReflektierende Abspannseile, Regensch\u00fcrze und Fiberglasgest\u00e4nge. Die N\u00e4hte sind geklebt und tragen zu einer besseren Wasserdichtheit bei<br \/>\nMit Moskitonetz und Bel\u00fcftungsschlitzen im Schlafbereich. Ferner sind im Lieferumfang Abspannleinen, Heringe f\u00fcr Grasboden sowie eine Transporttasche enthalten<br \/>\nInnenabmessungen Schlafbereich (LxBxH): 220 x 260 x 130 cm. Stauraum (LxBxH): 120 x 280 x 130 cm<br \/>\n<div class=\"main-cross-sell\" data-asin=\"B01M28ZX4F\">\n\n\t<div class=\"WooZone-cross-sell-loader\">\n\t\t<div>\n\t\t\t<div id=\"floatingBarsG\">\n\t\t\t\t<div class=\"blockG\" id=\"rotateG_01\"><\/div>\n\t\t\t\t<div class=\"blockG\" id=\"rotateG_02\"><\/div>\n\t\t\t\t<div class=\"blockG\" id=\"rotateG_03\"><\/div>\n\t\t\t\t<div class=\"blockG\" id=\"rotateG_04\"><\/div>\n\t\t\t\t<div class=\"blockG\" id=\"rotateG_05\"><\/div>\n\t\t\t\t<div class=\"blockG\" id=\"rotateG_06\"><\/div>\n\t\t\t\t<div class=\"blockG\" id=\"rotateG_07\"><\/div>\n\t\t\t\t<div class=\"blockG\" id=\"rotateG_08\"><\/div>\n\t\t\t<\/div>\n\t\t\t<div class=\"WooZone-cross-sell-loader-text\"><\/div>\n\t\t<\/div>\n\t<\/div>\n\n\t\t\n<\/div>\n<div style=\"clear:both;\"><\/div><\/p>\n","protected":false},"excerpt":{"rendered":"<p>Nachschwarz-Schlafbereich (99% weniger Tageslicht) f\u00fcr einen erholsamen und vor allem langen Schlaf bis weit in den Morgen, ohne st\u00f6rende Sonnenstrahlen, oder Lichteinstrahlung in der Nacht<br \/>\nEin weiterer Vorteil des Nachtschwarz-Schlafbereichs ist, dass die Innenzelttemperatur an hei\u00dfen Tagen bis zu 5\u00b0 Celsius k\u00fchler ist.<br \/>\nReflektierende Abspannseile, Regensch\u00fcrze und Fiberglasgest\u00e4nge. Die N\u00e4hte sind geklebt und tragen zu einer besseren Wasserdichtheit bei<\/p>\n","protected":false},"featured_media":12413,"comment_status":"open","ping_status":"closed","template":"","meta":[],"product_cat":[70,19],"product_tag":[],"_links":{"self":[{"href":"https:\/\/camping.webspace.rocks\/index.php?rest_route=\/wp\/v2\/product\/12412"}],"collection":[{"href":"https:\/\/camping.webspace.rocks\/index.php?rest_route=\/wp\/v2\/product"}],"about":[{"href":"https:\/\/camping.webspace.rocks\/index.php?rest_route=\/wp\/v2\/types\/product"}],"replies":[{"embeddable":true,"href":"https:\/\/camping.webspace.rocks\/index.php?rest_route=%2Fwp%2Fv2%2Fcomments&post=12412"}],"version-history":[{"count":5,"href":"https:\/\/camping.webspace.rocks\/index.php?rest_route=\/wp\/v2\/product\/12412\/revisions"}],"predecessor-version":[{"id":19574,"href":"https:\/\/camping.webspace.rocks\/index.php?rest_route=\/wp\/v2\/product\/12412\/revisions\/19574"}],"wp:featuredmedia":[{"embeddable":true,"href":"https:\/\/camping.webspace.rocks\/index.php?rest_route=\/wp\/v2\/media\/12413"}],"wp:attachment":[{"href":"https:\/\/camping.webspace.rocks\/index.php?rest_route=%2Fwp%2Fv2%2Fmedia&parent=12412"}],"wp:term":[{"taxonomy":"product_cat","embeddable":true,"href":"https:\/\/camping.webspace.rocks\/index.php?rest_route=%2Fwp%2Fv2%2Fproduct_cat&post=12412"},{"taxonomy":"product_tag","embeddable":true,"href":"https:\/\/camping.webspace.rocks\/index.php?rest_route=%2Fwp%2Fv2%2Fproduct_tag&post=12412"}],"curies":[{"name":"wp","href":"https:\/\/api.w.org\/{rel}","templated":true}]}}