{"id":12476,"date":"2021-07-28T11:33:55","date_gmt":"2021-07-28T11:33:55","guid":{"rendered":"https:\/\/camping.webspace.rocks\/?product=vango-orion-zelt-pine-200"},"modified":"2023-04-09T10:07:34","modified_gmt":"2023-04-09T10:07:34","slug":"vango-orion-zelt-pine-200","status":"publish","type":"product","link":"https:\/\/camping.webspace.rocks\/?product=vango-orion-zelt-pine-200","title":{"rendered":"Vango Orion Zelt, Pine, 200"},"content":{"rendered":"<p>\n\t\t<style type=\"text\/css\">\n\t\t\t#gallery-1 {\n\t\t\t\tmargin: auto;\n\t\t\t}\n\t\t\t#gallery-1 .gallery-item {\n\t\t\t\tfloat: left;\n\t\t\t\tmargin-top: 10px;\n\t\t\t\ttext-align: center;\n\t\t\t\twidth: 33%;\n\t\t\t}\n\t\t\t#gallery-1 img {\n\t\t\t\tborder: 2px solid #cfcfcf;\n\t\t\t}\n\t\t\t#gallery-1 .gallery-caption {\n\t\t\t\tmargin-left: 0;\n\t\t\t}\n\t\t\t\/* see gallery_shortcode() in wp-includes\/media.php *\/\n\t\t<\/style>\n\t\t<div id='gallery-1' class='gallery galleryid-12476 gallery-columns-3 gallery-size-thumbnail'><dl class='gallery-item'>\n\t\t\t<dt class='gallery-icon landscape'>\n\t\t\t\t<a href='https:\/\/camping.webspace.rocks\/?attachment_id=12477'><img width=\"150\" height=\"150\" src=\"https:\/\/m.media-amazon.com\/images\/I\/41Ob4kehBUL._SS150_.jpg\" class=\"attachment-thumbnail size-thumbnail\" alt=\"\" loading=\"lazy\" srcset=\"https:\/\/m.media-amazon.com\/images\/I\/41Ob4kehBUL._SS150_.jpg 150w, https:\/\/m.media-amazon.com\/images\/I\/41Ob4kehBUL._SS300_.jpg 300w, https:\/\/m.media-amazon.com\/images\/I\/41Ob4kehBUL._SS768_.jpg 768w, https:\/\/m.media-amazon.com\/images\/I\/41Ob4kehBUL._SS1024_.jpg 1024w, https:\/\/m.media-amazon.com\/images\/I\/41Ob4kehBUL._SS1536_.jpg 1536w, https:\/\/m.media-amazon.com\/images\/I\/41Ob4kehBUL._SS2048_.jpg 2048w, https:\/\/m.media-amazon.com\/images\/I\/41Ob4kehBUL._SS1200_.jpg 1200w, https:\/\/m.media-amazon.com\/images\/I\/41Ob4kehBUL._SS600_.jpg 600w, https:\/\/m.media-amazon.com\/images\/I\/41Ob4kehBUL.jpg 500w\" sizes=\"(max-width: 150px) 100vw, 150px\" \/><\/a>\n\t\t\t<\/dt><\/dl><dl class='gallery-item'>\n\t\t\t<dt class='gallery-icon landscape'>\n\t\t\t\t<a href='https:\/\/camping.webspace.rocks\/?attachment_id=12478'><img width=\"150\" height=\"150\" src=\"https:\/\/m.media-amazon.com\/images\/I\/51JxGv1l1OL._SS150_.jpg\" class=\"attachment-thumbnail size-thumbnail\" alt=\"\" loading=\"lazy\" srcset=\"https:\/\/m.media-amazon.com\/images\/I\/51JxGv1l1OL._SS150_.jpg 150w, https:\/\/m.media-amazon.com\/images\/I\/51JxGv1l1OL._SS300_.jpg 300w, https:\/\/m.media-amazon.com\/images\/I\/51JxGv1l1OL._SS768_.jpg 768w, https:\/\/m.media-amazon.com\/images\/I\/51JxGv1l1OL._SS1024_.jpg 1024w, https:\/\/m.media-amazon.com\/images\/I\/51JxGv1l1OL._SS1536_.jpg 1536w, https:\/\/m.media-amazon.com\/images\/I\/51JxGv1l1OL._SS2048_.jpg 2048w, https:\/\/m.media-amazon.com\/images\/I\/51JxGv1l1OL._SS1200_.jpg 1200w, https:\/\/m.media-amazon.com\/images\/I\/51JxGv1l1OL._SS600_.jpg 600w, https:\/\/m.media-amazon.com\/images\/I\/51JxGv1l1OL.jpg 500w\" sizes=\"(max-width: 150px) 100vw, 150px\" \/><\/a>\n\t\t\t<\/dt><\/dl><dl class='gallery-item'>\n\t\t\t<dt class='gallery-icon landscape'>\n\t\t\t\t<a href='https:\/\/camping.webspace.rocks\/?attachment_id=12479'><img width=\"150\" height=\"150\" src=\"https:\/\/m.media-amazon.com\/images\/I\/41SvNe2KFgL._SS150_.jpg\" class=\"attachment-thumbnail size-thumbnail\" alt=\"\" loading=\"lazy\" srcset=\"https:\/\/m.media-amazon.com\/images\/I\/41SvNe2KFgL._SS150_.jpg 150w, https:\/\/m.media-amazon.com\/images\/I\/41SvNe2KFgL._SS300_.jpg 300w, https:\/\/m.media-amazon.com\/images\/I\/41SvNe2KFgL._SS768_.jpg 768w, https:\/\/m.media-amazon.com\/images\/I\/41SvNe2KFgL._SS1024_.jpg 1024w, https:\/\/m.media-amazon.com\/images\/I\/41SvNe2KFgL._SS1536_.jpg 1536w, https:\/\/m.media-amazon.com\/images\/I\/41SvNe2KFgL._SS2048_.jpg 2048w, https:\/\/m.media-amazon.com\/images\/I\/41SvNe2KFgL._SS1200_.jpg 1200w, https:\/\/m.media-amazon.com\/images\/I\/41SvNe2KFgL._SS600_.jpg 600w, https:\/\/m.media-amazon.com\/images\/I\/41SvNe2KFgL.jpg 500w\" sizes=\"(max-width: 150px) 100vw, 150px\" \/><\/a>\n\t\t\t<\/dt><\/dl><br style=\"clear: both\" \/>\n\t\t<\/div>\n<br \/>\n<!-- show up to 2 reviews by default --> <\/p>\n<p>Das Orion ist ideal f\u00fcr Wildcamping und mehrt\u00e4giges Trekking. Das 2-Mann-Zelt hat eine Tunnelkonstruktion, die ein ideales Platz\/ Gewichtverh\u00e4ltnis bietet. Das vollausgestattete Orion-Zelt vereint hochwertiges Design mit technischer Konstruktion und macht damit das Orion zu einem der leistungsf\u00e4higsten Zelte \u00fcberhaupt. <\/p>\n<p>Die Tunnelstruktur bietet ein optimales Verh\u00e4ltnis von Platz zu Gewicht<br \/>\nProTex 70D 5000mm sechseckiges Polyester-Zeltmaterial, 70D leichtes Polyester 6000mm Bodenplane, PowerLite 7001-T6-Alustangen<br \/>\nDas von Vango patentierte TBS II-Spannbandsystem gew\u00e4hrleistet Stabilit\u00e4t bei Wind<br \/>\nAbnehmbare Veranda-Zeltunterlage f\u00fcr einen sauberen, trockenen Aufbewahrungsbereich f\u00fcr Stiefel und Ausr\u00fcstung<br \/>\nWitterungsgepr\u00fcft nach der europ\u00e4ischen Norm EN5912<br \/>\n<div class=\"main-cross-sell\" data-asin=\"B01LZ8OOZW\">\n\n\t<div class=\"WooZone-cross-sell-loader\">\n\t\t<div>\n\t\t\t<div id=\"floatingBarsG\">\n\t\t\t\t<div class=\"blockG\" id=\"rotateG_01\"><\/div>\n\t\t\t\t<div class=\"blockG\" id=\"rotateG_02\"><\/div>\n\t\t\t\t<div class=\"blockG\" id=\"rotateG_03\"><\/div>\n\t\t\t\t<div class=\"blockG\" id=\"rotateG_04\"><\/div>\n\t\t\t\t<div class=\"blockG\" id=\"rotateG_05\"><\/div>\n\t\t\t\t<div class=\"blockG\" id=\"rotateG_06\"><\/div>\n\t\t\t\t<div class=\"blockG\" id=\"rotateG_07\"><\/div>\n\t\t\t\t<div class=\"blockG\" id=\"rotateG_08\"><\/div>\n\t\t\t<\/div>\n\t\t\t<div class=\"WooZone-cross-sell-loader-text\"><\/div>\n\t\t<\/div>\n\t<\/div>\n\n\t\t\n<\/div>\n<div style=\"clear:both;\"><\/div><\/p>\n","protected":false},"excerpt":{"rendered":"<p>Die Tunnelstruktur bietet ein optimales Verh\u00e4ltnis von Platz zu Gewicht<br \/>\nProTex 70D 5000mm sechseckiges Polyester-Zeltmaterial, 70D leichtes Polyester 6000mm Bodenplane, PowerLite 7001-T6-Alustangen<br \/>\nDas von Vango patentierte TBS II-Spannbandsystem gew\u00e4hrleistet Stabilit\u00e4t bei Wind<\/p>\n","protected":false},"featured_media":12477,"comment_status":"open","ping_status":"closed","template":"","meta":[],"product_cat":[70,19],"product_tag":[],"_links":{"self":[{"href":"https:\/\/camping.webspace.rocks\/index.php?rest_route=\/wp\/v2\/product\/12476"}],"collection":[{"href":"https:\/\/camping.webspace.rocks\/index.php?rest_route=\/wp\/v2\/product"}],"about":[{"href":"https:\/\/camping.webspace.rocks\/index.php?rest_route=\/wp\/v2\/types\/product"}],"replies":[{"embeddable":true,"href":"https:\/\/camping.webspace.rocks\/index.php?rest_route=%2Fwp%2Fv2%2Fcomments&post=12476"}],"version-history":[{"count":1,"href":"https:\/\/camping.webspace.rocks\/index.php?rest_route=\/wp\/v2\/product\/12476\/revisions"}],"predecessor-version":[{"id":14183,"href":"https:\/\/camping.webspace.rocks\/index.php?rest_route=\/wp\/v2\/product\/12476\/revisions\/14183"}],"wp:featuredmedia":[{"embeddable":true,"href":"https:\/\/camping.webspace.rocks\/index.php?rest_route=\/wp\/v2\/media\/12477"}],"wp:attachment":[{"href":"https:\/\/camping.webspace.rocks\/index.php?rest_route=%2Fwp%2Fv2%2Fmedia&parent=12476"}],"wp:term":[{"taxonomy":"product_cat","embeddable":true,"href":"https:\/\/camping.webspace.rocks\/index.php?rest_route=%2Fwp%2Fv2%2Fproduct_cat&post=12476"},{"taxonomy":"product_tag","embeddable":true,"href":"https:\/\/camping.webspace.rocks\/index.php?rest_route=%2Fwp%2Fv2%2Fproduct_tag&post=12476"}],"curies":[{"name":"wp","href":"https:\/\/api.w.org\/{rel}","templated":true}]}}