{"id":12532,"date":"2021-07-28T11:34:19","date_gmt":"2021-07-28T11:34:19","guid":{"rendered":"https:\/\/camping.webspace.rocks\/?product=keenflex-2-personen-camping-zelt-doppelwandig-ultraleicht"},"modified":"2023-04-09T10:08:53","modified_gmt":"2023-04-09T10:08:53","slug":"keenflex-2-personen-camping-zelt-doppelwandig-ultraleicht","status":"publish","type":"product","link":"https:\/\/camping.webspace.rocks\/?product=keenflex-2-personen-camping-zelt-doppelwandig-ultraleicht","title":{"rendered":"KeenFlex 2 Personen Camping Zelt Doppelwandig Ultraleicht"},"content":{"rendered":"<p>\n\t\t<style type=\"text\/css\">\n\t\t\t#gallery-1 {\n\t\t\t\tmargin: auto;\n\t\t\t}\n\t\t\t#gallery-1 .gallery-item {\n\t\t\t\tfloat: left;\n\t\t\t\tmargin-top: 10px;\n\t\t\t\ttext-align: center;\n\t\t\t\twidth: 33%;\n\t\t\t}\n\t\t\t#gallery-1 img {\n\t\t\t\tborder: 2px solid #cfcfcf;\n\t\t\t}\n\t\t\t#gallery-1 .gallery-caption {\n\t\t\t\tmargin-left: 0;\n\t\t\t}\n\t\t\t\/* see gallery_shortcode() in wp-includes\/media.php *\/\n\t\t<\/style>\n\t\t<div id='gallery-1' class='gallery galleryid-12532 gallery-columns-3 gallery-size-thumbnail'><dl class='gallery-item'>\n\t\t\t<dt class='gallery-icon landscape'>\n\t\t\t\t<a href='https:\/\/camping.webspace.rocks\/?attachment_id=12533'><img width=\"150\" height=\"150\" src=\"https:\/\/m.media-amazon.com\/images\/I\/41KafA6vefL._SS150_.jpg\" class=\"attachment-thumbnail size-thumbnail\" alt=\"\" loading=\"lazy\" srcset=\"https:\/\/m.media-amazon.com\/images\/I\/41KafA6vefL._SS150_.jpg 150w, https:\/\/m.media-amazon.com\/images\/I\/41KafA6vefL._SS300_.jpg 300w, https:\/\/m.media-amazon.com\/images\/I\/41KafA6vefL._SS768_.jpg 768w, https:\/\/m.media-amazon.com\/images\/I\/41KafA6vefL._SS1024_.jpg 1024w, https:\/\/m.media-amazon.com\/images\/I\/41KafA6vefL._SS1536_.jpg 1536w, https:\/\/m.media-amazon.com\/images\/I\/41KafA6vefL._SS2048_.jpg 2048w, https:\/\/m.media-amazon.com\/images\/I\/41KafA6vefL._SS1200_.jpg 1200w, https:\/\/m.media-amazon.com\/images\/I\/41KafA6vefL._SS600_.jpg 600w, https:\/\/m.media-amazon.com\/images\/I\/41KafA6vefL.jpg 500w\" sizes=\"(max-width: 150px) 100vw, 150px\" \/><\/a>\n\t\t\t<\/dt><\/dl><dl class='gallery-item'>\n\t\t\t<dt class='gallery-icon landscape'>\n\t\t\t\t<a href='https:\/\/camping.webspace.rocks\/?attachment_id=12534'><img width=\"150\" height=\"150\" src=\"https:\/\/m.media-amazon.com\/images\/I\/516yovP5kHL._SS150_.jpg\" class=\"attachment-thumbnail size-thumbnail\" alt=\"\" loading=\"lazy\" srcset=\"https:\/\/m.media-amazon.com\/images\/I\/516yovP5kHL._SS150_.jpg 150w, https:\/\/m.media-amazon.com\/images\/I\/516yovP5kHL._SS300_.jpg 300w, https:\/\/m.media-amazon.com\/images\/I\/516yovP5kHL._SS768_.jpg 768w, https:\/\/m.media-amazon.com\/images\/I\/516yovP5kHL._SS1024_.jpg 1024w, https:\/\/m.media-amazon.com\/images\/I\/516yovP5kHL._SS1536_.jpg 1536w, https:\/\/m.media-amazon.com\/images\/I\/516yovP5kHL._SS2048_.jpg 2048w, https:\/\/m.media-amazon.com\/images\/I\/516yovP5kHL._SS1200_.jpg 1200w, https:\/\/m.media-amazon.com\/images\/I\/516yovP5kHL._SS600_.jpg 600w, https:\/\/m.media-amazon.com\/images\/I\/516yovP5kHL.jpg 500w\" sizes=\"(max-width: 150px) 100vw, 150px\" \/><\/a>\n\t\t\t<\/dt><\/dl><dl class='gallery-item'>\n\t\t\t<dt class='gallery-icon landscape'>\n\t\t\t\t<a href='https:\/\/camping.webspace.rocks\/?attachment_id=12535'><img width=\"150\" height=\"150\" src=\"https:\/\/m.media-amazon.com\/images\/I\/51YwK-cNQ7L._SS150_.jpg\" class=\"attachment-thumbnail size-thumbnail\" alt=\"\" loading=\"lazy\" srcset=\"https:\/\/m.media-amazon.com\/images\/I\/51YwK-cNQ7L._SS150_.jpg 150w, https:\/\/m.media-amazon.com\/images\/I\/51YwK-cNQ7L._SS300_.jpg 300w, https:\/\/m.media-amazon.com\/images\/I\/51YwK-cNQ7L._SS768_.jpg 768w, https:\/\/m.media-amazon.com\/images\/I\/51YwK-cNQ7L._SS1024_.jpg 1024w, https:\/\/m.media-amazon.com\/images\/I\/51YwK-cNQ7L._SS1536_.jpg 1536w, https:\/\/m.media-amazon.com\/images\/I\/51YwK-cNQ7L._SS2048_.jpg 2048w, https:\/\/m.media-amazon.com\/images\/I\/51YwK-cNQ7L._SS1200_.jpg 1200w, https:\/\/m.media-amazon.com\/images\/I\/51YwK-cNQ7L._SS600_.jpg 600w, https:\/\/m.media-amazon.com\/images\/I\/51YwK-cNQ7L.jpg 500w\" sizes=\"(max-width: 150px) 100vw, 150px\" \/><\/a>\n\t\t\t<\/dt><\/dl><br style=\"clear: both\" \/>\n\t\t<\/div>\n<br \/>\nDoppelwandig &#8211; Die meisten Zelte zu diesem Preis sind einwandige Pop-Up-Zelte, die Feuchtigkeit aufsaugen. Unsere doppelwandige Konstruktion verhindert die Kondenswasserbildung, h\u00e4lt Sie selbst bei starkem Regen trocken und ist preiswert, so dass Sie nicht zwischen Komfort und Preis entscheiden m\u00fcssen.<br \/>\nFeuchtigkeitsbest\u00e4ndig &#8211; Unsere Zelte bieten eine Wasserdichtigkeit von 3.000 mm (Zeltplane) und 5.000 mm (Bodenplane) &#8211; mit diesen Werten spielt es in der Top-Liga. Das Zelt kann daher problemlos ganzj\u00e4hrig verwendet werden.<br \/>\nLeicht &amp; Widerstandsf\u00e4hig &#8211; Durch die Aluminiumkonstruktion in Kombination mit ultraleichten Materialien wiegt unser wasserdichtes, doppelwandiges 2-Personenzelt nur 2,3 kg! Perfekt f\u00fcr Bergwanderungen, Festivals oder Campingurlaub.<br \/>\nSteht in 10 Minuten- Unsere Zelte sind extrem einfach aufzustellen. Unser 2-Personen Zelt kann in wenigen Minuten aufgebaut werden, auch von Kindern.<br \/>\nF\u00fcr 2 Personen- Mit bequemem Zugang, perfekter Bel\u00fcftung und separatem Stauraum f\u00fcr beide Bewohner (gro\u00df genug f\u00fcr Rucksack, Schuhe usw.) ist unser 2-Personen-Zelt perfekt f\u00fcr jede Reise, bei jedem Wetter.<br \/>\n<div class=\"main-cross-sell\" data-asin=\"B07PTRXWPF\">\n\n\t<div class=\"WooZone-cross-sell-loader\">\n\t\t<div>\n\t\t\t<div id=\"floatingBarsG\">\n\t\t\t\t<div class=\"blockG\" id=\"rotateG_01\"><\/div>\n\t\t\t\t<div class=\"blockG\" id=\"rotateG_02\"><\/div>\n\t\t\t\t<div class=\"blockG\" id=\"rotateG_03\"><\/div>\n\t\t\t\t<div class=\"blockG\" id=\"rotateG_04\"><\/div>\n\t\t\t\t<div class=\"blockG\" id=\"rotateG_05\"><\/div>\n\t\t\t\t<div class=\"blockG\" id=\"rotateG_06\"><\/div>\n\t\t\t\t<div class=\"blockG\" id=\"rotateG_07\"><\/div>\n\t\t\t\t<div class=\"blockG\" id=\"rotateG_08\"><\/div>\n\t\t\t<\/div>\n\t\t\t<div class=\"WooZone-cross-sell-loader-text\"><\/div>\n\t\t<\/div>\n\t<\/div>\n\n\t\t\n<\/div>\n<div style=\"clear:both;\"><\/div><\/p>\n","protected":false},"excerpt":{"rendered":"<p>Doppelwandig &#8211; Die meisten Zelte zu diesem Preis sind einwandige Pop-Up-Zelte, die Feuchtigkeit aufsaugen. Unsere doppelwandige Konstruktion verhindert die Kondenswasserbildung, h\u00e4lt Sie selbst bei starkem Regen trocken und ist preiswert, so dass Sie nicht zwischen Komfort und Preis entscheiden m\u00fcssen.<br \/>\nFeuchtigkeitsbest\u00e4ndig &#8211; Unsere Zelte bieten eine Wasserdichtigkeit von 3.000 mm (Zeltplane) und 5.000 mm (Bodenplane) &#8211; mit diesen Werten spielt es in der Top-Liga. Das Zelt kann daher problemlos ganzj\u00e4hrig verwendet werden.<br \/>\nLeicht &amp; Widerstandsf\u00e4hig &#8211; Durch die Aluminiumkonstruktion in Kombination mit ultraleichten Materialien wiegt unser wasserdichtes, doppelwandiges 2-Personenzelt nur 2,3 kg! Perfekt f\u00fcr Bergwanderungen, Festivals oder Campingurlaub.<\/p>\n","protected":false},"featured_media":12533,"comment_status":"open","ping_status":"closed","template":"","meta":[],"product_cat":[70,19],"product_tag":[],"_links":{"self":[{"href":"https:\/\/camping.webspace.rocks\/index.php?rest_route=\/wp\/v2\/product\/12532"}],"collection":[{"href":"https:\/\/camping.webspace.rocks\/index.php?rest_route=\/wp\/v2\/product"}],"about":[{"href":"https:\/\/camping.webspace.rocks\/index.php?rest_route=\/wp\/v2\/types\/product"}],"replies":[{"embeddable":true,"href":"https:\/\/camping.webspace.rocks\/index.php?rest_route=%2Fwp%2Fv2%2Fcomments&post=12532"}],"version-history":[{"count":1,"href":"https:\/\/camping.webspace.rocks\/index.php?rest_route=\/wp\/v2\/product\/12532\/revisions"}],"predecessor-version":[{"id":14197,"href":"https:\/\/camping.webspace.rocks\/index.php?rest_route=\/wp\/v2\/product\/12532\/revisions\/14197"}],"wp:featuredmedia":[{"embeddable":true,"href":"https:\/\/camping.webspace.rocks\/index.php?rest_route=\/wp\/v2\/media\/12533"}],"wp:attachment":[{"href":"https:\/\/camping.webspace.rocks\/index.php?rest_route=%2Fwp%2Fv2%2Fmedia&parent=12532"}],"wp:term":[{"taxonomy":"product_cat","embeddable":true,"href":"https:\/\/camping.webspace.rocks\/index.php?rest_route=%2Fwp%2Fv2%2Fproduct_cat&post=12532"},{"taxonomy":"product_tag","embeddable":true,"href":"https:\/\/camping.webspace.rocks\/index.php?rest_route=%2Fwp%2Fv2%2Fproduct_tag&post=12532"}],"curies":[{"name":"wp","href":"https:\/\/api.w.org\/{rel}","templated":true}]}}