{"id":12562,"date":"2021-07-28T11:34:33","date_gmt":"2021-07-28T11:34:33","guid":{"rendered":"https:\/\/camping.webspace.rocks\/?product=coleman-fastpitch-hub-zelt-drake"},"modified":"2023-04-09T10:08:54","modified_gmt":"2023-04-09T10:08:54","slug":"coleman-fastpitch-hub-zelt-drake","status":"publish","type":"product","link":"https:\/\/camping.webspace.rocks\/?product=coleman-fastpitch-hub-zelt-drake","title":{"rendered":"Coleman FastPitch&#x2122; Hub Zelt Drake"},"content":{"rendered":"<p>\n\t\t<style type=\"text\/css\">\n\t\t\t#gallery-1 {\n\t\t\t\tmargin: auto;\n\t\t\t}\n\t\t\t#gallery-1 .gallery-item {\n\t\t\t\tfloat: left;\n\t\t\t\tmargin-top: 10px;\n\t\t\t\ttext-align: center;\n\t\t\t\twidth: 33%;\n\t\t\t}\n\t\t\t#gallery-1 img {\n\t\t\t\tborder: 2px solid #cfcfcf;\n\t\t\t}\n\t\t\t#gallery-1 .gallery-caption {\n\t\t\t\tmargin-left: 0;\n\t\t\t}\n\t\t\t\/* see gallery_shortcode() in wp-includes\/media.php *\/\n\t\t<\/style>\n\t\t<div id='gallery-1' class='gallery galleryid-12562 gallery-columns-3 gallery-size-thumbnail'><dl class='gallery-item'>\n\t\t\t<dt class='gallery-icon landscape'>\n\t\t\t\t<a href='https:\/\/camping.webspace.rocks\/?attachment_id=12563'><img width=\"150\" height=\"150\" src=\"https:\/\/m.media-amazon.com\/images\/I\/41D9raH+zCL._SS150_.jpg\" class=\"attachment-thumbnail size-thumbnail\" alt=\"\" loading=\"lazy\" srcset=\"https:\/\/m.media-amazon.com\/images\/I\/41D9raH+zCL._SS150_.jpg 150w, https:\/\/m.media-amazon.com\/images\/I\/41D9raH+zCL._SS300_.jpg 300w, https:\/\/m.media-amazon.com\/images\/I\/41D9raH+zCL._SS768_.jpg 768w, https:\/\/m.media-amazon.com\/images\/I\/41D9raH+zCL._SS1024_.jpg 1024w, https:\/\/m.media-amazon.com\/images\/I\/41D9raH+zCL._SS1536_.jpg 1536w, https:\/\/m.media-amazon.com\/images\/I\/41D9raH+zCL._SS2048_.jpg 2048w, https:\/\/m.media-amazon.com\/images\/I\/41D9raH+zCL._SS1200_.jpg 1200w, https:\/\/m.media-amazon.com\/images\/I\/41D9raH+zCL._SS600_.jpg 600w, https:\/\/m.media-amazon.com\/images\/I\/41D9raH+zCL.jpg 500w\" sizes=\"(max-width: 150px) 100vw, 150px\" \/><\/a>\n\t\t\t<\/dt><\/dl><dl class='gallery-item'>\n\t\t\t<dt class='gallery-icon landscape'>\n\t\t\t\t<a href='https:\/\/camping.webspace.rocks\/?attachment_id=12564'><img width=\"150\" height=\"150\" src=\"https:\/\/m.media-amazon.com\/images\/I\/41W4r1iByBL._SS150_.jpg\" class=\"attachment-thumbnail size-thumbnail\" alt=\"\" loading=\"lazy\" srcset=\"https:\/\/m.media-amazon.com\/images\/I\/41W4r1iByBL._SS150_.jpg 150w, https:\/\/m.media-amazon.com\/images\/I\/41W4r1iByBL._SS300_.jpg 300w, https:\/\/m.media-amazon.com\/images\/I\/41W4r1iByBL._SS768_.jpg 768w, https:\/\/m.media-amazon.com\/images\/I\/41W4r1iByBL._SS1024_.jpg 1024w, https:\/\/m.media-amazon.com\/images\/I\/41W4r1iByBL._SS1536_.jpg 1536w, https:\/\/m.media-amazon.com\/images\/I\/41W4r1iByBL._SS2048_.jpg 2048w, https:\/\/m.media-amazon.com\/images\/I\/41W4r1iByBL._SS1200_.jpg 1200w, https:\/\/m.media-amazon.com\/images\/I\/41W4r1iByBL._SS600_.jpg 600w, https:\/\/m.media-amazon.com\/images\/I\/41W4r1iByBL.jpg 500w\" sizes=\"(max-width: 150px) 100vw, 150px\" \/><\/a>\n\t\t\t<\/dt><\/dl><dl class='gallery-item'>\n\t\t\t<dt class='gallery-icon landscape'>\n\t\t\t\t<a href='https:\/\/camping.webspace.rocks\/?attachment_id=12565'><img width=\"150\" height=\"150\" src=\"https:\/\/m.media-amazon.com\/images\/I\/41PMhWeh0AL._SS150_.jpg\" class=\"attachment-thumbnail size-thumbnail\" alt=\"\" loading=\"lazy\" srcset=\"https:\/\/m.media-amazon.com\/images\/I\/41PMhWeh0AL._SS150_.jpg 150w, https:\/\/m.media-amazon.com\/images\/I\/41PMhWeh0AL._SS300_.jpg 300w, https:\/\/m.media-amazon.com\/images\/I\/41PMhWeh0AL._SS768_.jpg 768w, https:\/\/m.media-amazon.com\/images\/I\/41PMhWeh0AL._SS1024_.jpg 1024w, https:\/\/m.media-amazon.com\/images\/I\/41PMhWeh0AL._SS1536_.jpg 1536w, https:\/\/m.media-amazon.com\/images\/I\/41PMhWeh0AL._SS2048_.jpg 2048w, https:\/\/m.media-amazon.com\/images\/I\/41PMhWeh0AL._SS1200_.jpg 1200w, https:\/\/m.media-amazon.com\/images\/I\/41PMhWeh0AL._SS600_.jpg 600w, https:\/\/m.media-amazon.com\/images\/I\/41PMhWeh0AL.jpg 500w\" sizes=\"(max-width: 150px) 100vw, 150px\" \/><\/a>\n\t\t\t<\/dt><\/dl><br style=\"clear: both\" \/>\n\t\t<\/div>\n<br \/>\n<!-- show up to 2 reviews by default --><br \/>\n2 Personen Kuppelzelt mit Tunnelanbau und innovativem Konzept f\u00fcr einen schnellen Aufbau, Gesamtfl\u00e4che 3, 8 m\u00b2. 1 Eingang, 2 Ventilationsklappen. Aufteilung: 1 Raum + kleinem Vorzelt<br \/>\nErforderlicher Bereich zum korrekten Aufbau des Zeltes inkl. Abspannleinen: 19 m\u00b2. Fenster im Eingangsbereich aus PVC. Innenabmessungen Schlafbereich (LxBxH): 210 x 140 x 110 cm.Inkl. Reparaturflicken<br \/>\nAusgezeichnet 2016 im Camping Magazin in der Kategorie &#8222;BEST TOURING TENT&#8220;. Vormontierter Mittelpunkt und Stangen, Hakenfreie InstaClip Halterungen, Gest\u00e4ngeeinsteckfu\u00df, reflektierende Abspannseile<br \/>\nDas Gest\u00e4nge besteht aus Fiberglas (\u00d8 9 mm) und ist durch ein Stecksystem einfach zu verwenden. Verschwei\u00dfte N\u00e4hte, wasserdicht WS 3000 mm. UV Schutz 50+, Moskitonetz<br \/>\nAbmessungen (LxBxH): 320 x 160 x 120 cm. Gewicht (kg): 4,54. Variante: 2 Personen. Bis 65 km\/h Windgeschwindigkeit getestet. Packma\u00df (LxBxH): 59,1 x 21,6 x 21,6 cm. Versandgewicht: 4,9 kg<br \/>\n<div class=\"main-cross-sell\" data-asin=\"B01AT5EJZC\">\n\n\t<div class=\"WooZone-cross-sell-loader\">\n\t\t<div>\n\t\t\t<div id=\"floatingBarsG\">\n\t\t\t\t<div class=\"blockG\" id=\"rotateG_01\"><\/div>\n\t\t\t\t<div class=\"blockG\" id=\"rotateG_02\"><\/div>\n\t\t\t\t<div class=\"blockG\" id=\"rotateG_03\"><\/div>\n\t\t\t\t<div class=\"blockG\" id=\"rotateG_04\"><\/div>\n\t\t\t\t<div class=\"blockG\" id=\"rotateG_05\"><\/div>\n\t\t\t\t<div class=\"blockG\" id=\"rotateG_06\"><\/div>\n\t\t\t\t<div class=\"blockG\" id=\"rotateG_07\"><\/div>\n\t\t\t\t<div class=\"blockG\" id=\"rotateG_08\"><\/div>\n\t\t\t<\/div>\n\t\t\t<div class=\"WooZone-cross-sell-loader-text\"><\/div>\n\t\t<\/div>\n\t<\/div>\n\n\t\t\n<\/div>\n<div style=\"clear:both;\"><\/div><\/p>\n","protected":false},"excerpt":{"rendered":"<p>2 Personen Kuppelzelt mit Tunnelanbau und innovativem Konzept f\u00fcr einen schnellen Aufbau, Gesamtfl\u00e4che 3, 8 m\u00b2. 1 Eingang, 2 Ventilationsklappen. Aufteilung: 1 Raum + kleinem Vorzelt<br \/>\nErforderlicher Bereich zum korrekten Aufbau des Zeltes inkl. Abspannleinen: 19 m\u00b2. Fenster im Eingangsbereich aus PVC. Innenabmessungen Schlafbereich (LxBxH): 210 x 140 x 110 cm.Inkl. Reparaturflicken<br \/>\nAusgezeichnet 2016 im Camping Magazin in der Kategorie &#8222;BEST TOURING TENT&#8220;. Vormontierter Mittelpunkt und Stangen, Hakenfreie InstaClip Halterungen, Gest\u00e4ngeeinsteckfu\u00df, reflektierende Abspannseile<\/p>\n","protected":false},"featured_media":12563,"comment_status":"open","ping_status":"closed","template":"","meta":[],"product_cat":[70,19],"product_tag":[],"_links":{"self":[{"href":"https:\/\/camping.webspace.rocks\/index.php?rest_route=\/wp\/v2\/product\/12562"}],"collection":[{"href":"https:\/\/camping.webspace.rocks\/index.php?rest_route=\/wp\/v2\/product"}],"about":[{"href":"https:\/\/camping.webspace.rocks\/index.php?rest_route=\/wp\/v2\/types\/product"}],"replies":[{"embeddable":true,"href":"https:\/\/camping.webspace.rocks\/index.php?rest_route=%2Fwp%2Fv2%2Fcomments&post=12562"}],"version-history":[{"count":3,"href":"https:\/\/camping.webspace.rocks\/index.php?rest_route=\/wp\/v2\/product\/12562\/revisions"}],"predecessor-version":[{"id":19562,"href":"https:\/\/camping.webspace.rocks\/index.php?rest_route=\/wp\/v2\/product\/12562\/revisions\/19562"}],"wp:featuredmedia":[{"embeddable":true,"href":"https:\/\/camping.webspace.rocks\/index.php?rest_route=\/wp\/v2\/media\/12563"}],"wp:attachment":[{"href":"https:\/\/camping.webspace.rocks\/index.php?rest_route=%2Fwp%2Fv2%2Fmedia&parent=12562"}],"wp:term":[{"taxonomy":"product_cat","embeddable":true,"href":"https:\/\/camping.webspace.rocks\/index.php?rest_route=%2Fwp%2Fv2%2Fproduct_cat&post=12562"},{"taxonomy":"product_tag","embeddable":true,"href":"https:\/\/camping.webspace.rocks\/index.php?rest_route=%2Fwp%2Fv2%2Fproduct_tag&post=12562"}],"curies":[{"name":"wp","href":"https:\/\/api.w.org\/{rel}","templated":true}]}}