{"id":12642,"date":"2021-07-29T05:08:13","date_gmt":"2021-07-29T05:08:13","guid":{"rendered":"https:\/\/camping.webspace.rocks\/?product=greenyard-vorzelt-fuer-wohnwagen-und-wohnmobil-260-cm"},"modified":"2023-04-09T10:08:55","modified_gmt":"2023-04-09T10:08:55","slug":"greenyard-vorzelt-fuer-wohnwagen-und-wohnmobil-260-cm","status":"publish","type":"product","link":"https:\/\/camping.webspace.rocks\/?product=greenyard-vorzelt-fuer-wohnwagen-und-wohnmobil-260-cm","title":{"rendered":"GreenYard Vorzelt f\u00fcr Wohnwagen und Wohnmobil 260 cm"},"content":{"rendered":"<p>\n\t\t<style type=\"text\/css\">\n\t\t\t#gallery-1 {\n\t\t\t\tmargin: auto;\n\t\t\t}\n\t\t\t#gallery-1 .gallery-item {\n\t\t\t\tfloat: left;\n\t\t\t\tmargin-top: 10px;\n\t\t\t\ttext-align: center;\n\t\t\t\twidth: 33%;\n\t\t\t}\n\t\t\t#gallery-1 img {\n\t\t\t\tborder: 2px solid #cfcfcf;\n\t\t\t}\n\t\t\t#gallery-1 .gallery-caption {\n\t\t\t\tmargin-left: 0;\n\t\t\t}\n\t\t\t\/* see gallery_shortcode() in wp-includes\/media.php *\/\n\t\t<\/style>\n\t\t<div id='gallery-1' class='gallery galleryid-12642 gallery-columns-3 gallery-size-thumbnail'><dl class='gallery-item'>\n\t\t\t<dt class='gallery-icon landscape'>\n\t\t\t\t<a href='https:\/\/camping.webspace.rocks\/?attachment_id=12643'><img width=\"150\" height=\"150\" src=\"https:\/\/m.media-amazon.com\/images\/I\/513Cc+8Q3vL._SS150_.jpg\" class=\"attachment-thumbnail size-thumbnail\" alt=\"\" loading=\"lazy\" srcset=\"https:\/\/m.media-amazon.com\/images\/I\/513Cc+8Q3vL._SS150_.jpg 150w, https:\/\/m.media-amazon.com\/images\/I\/513Cc+8Q3vL._SS300_.jpg 300w, https:\/\/m.media-amazon.com\/images\/I\/513Cc+8Q3vL._SS768_.jpg 768w, https:\/\/m.media-amazon.com\/images\/I\/513Cc+8Q3vL._SS1024_.jpg 1024w, https:\/\/m.media-amazon.com\/images\/I\/513Cc+8Q3vL._SS1536_.jpg 1536w, https:\/\/m.media-amazon.com\/images\/I\/513Cc+8Q3vL._SS2048_.jpg 2048w, https:\/\/m.media-amazon.com\/images\/I\/513Cc+8Q3vL._SS1200_.jpg 1200w, https:\/\/m.media-amazon.com\/images\/I\/513Cc+8Q3vL._SS600_.jpg 600w, https:\/\/m.media-amazon.com\/images\/I\/513Cc+8Q3vL.jpg 500w\" sizes=\"(max-width: 150px) 100vw, 150px\" \/><\/a>\n\t\t\t<\/dt><\/dl><dl class='gallery-item'>\n\t\t\t<dt class='gallery-icon landscape'>\n\t\t\t\t<a href='https:\/\/camping.webspace.rocks\/?attachment_id=12644'><img width=\"150\" height=\"150\" src=\"https:\/\/m.media-amazon.com\/images\/I\/51Hr2E86w6L._SS150_.jpg\" class=\"attachment-thumbnail size-thumbnail\" alt=\"\" loading=\"lazy\" srcset=\"https:\/\/m.media-amazon.com\/images\/I\/51Hr2E86w6L._SS150_.jpg 150w, https:\/\/m.media-amazon.com\/images\/I\/51Hr2E86w6L._SS300_.jpg 300w, https:\/\/m.media-amazon.com\/images\/I\/51Hr2E86w6L._SS768_.jpg 768w, https:\/\/m.media-amazon.com\/images\/I\/51Hr2E86w6L._SS1024_.jpg 1024w, https:\/\/m.media-amazon.com\/images\/I\/51Hr2E86w6L._SS1536_.jpg 1536w, https:\/\/m.media-amazon.com\/images\/I\/51Hr2E86w6L._SS2048_.jpg 2048w, https:\/\/m.media-amazon.com\/images\/I\/51Hr2E86w6L._SS1200_.jpg 1200w, https:\/\/m.media-amazon.com\/images\/I\/51Hr2E86w6L._SS600_.jpg 600w, https:\/\/m.media-amazon.com\/images\/I\/51Hr2E86w6L.jpg 500w\" sizes=\"(max-width: 150px) 100vw, 150px\" \/><\/a>\n\t\t\t<\/dt><\/dl><dl class='gallery-item'>\n\t\t\t<dt class='gallery-icon landscape'>\n\t\t\t\t<a href='https:\/\/camping.webspace.rocks\/?attachment_id=12645'><img width=\"150\" height=\"150\" src=\"https:\/\/m.media-amazon.com\/images\/I\/51P0ytXW8HL._SS150_.jpg\" class=\"attachment-thumbnail size-thumbnail\" alt=\"\" loading=\"lazy\" srcset=\"https:\/\/m.media-amazon.com\/images\/I\/51P0ytXW8HL._SS150_.jpg 150w, https:\/\/m.media-amazon.com\/images\/I\/51P0ytXW8HL._SS300_.jpg 300w, https:\/\/m.media-amazon.com\/images\/I\/51P0ytXW8HL._SS768_.jpg 768w, https:\/\/m.media-amazon.com\/images\/I\/51P0ytXW8HL._SS1024_.jpg 1024w, https:\/\/m.media-amazon.com\/images\/I\/51P0ytXW8HL._SS1536_.jpg 1536w, https:\/\/m.media-amazon.com\/images\/I\/51P0ytXW8HL._SS2048_.jpg 2048w, https:\/\/m.media-amazon.com\/images\/I\/51P0ytXW8HL._SS1200_.jpg 1200w, https:\/\/m.media-amazon.com\/images\/I\/51P0ytXW8HL._SS600_.jpg 600w, https:\/\/m.media-amazon.com\/images\/I\/51P0ytXW8HL.jpg 500w\" sizes=\"(max-width: 150px) 100vw, 150px\" \/><\/a>\n\t\t\t<\/dt><\/dl><br style=\"clear: both\" \/>\n\t\t<\/div>\n<br \/>\n<!-- show up to 2 reviews by default --> <\/p>\n<ul>\n<li>Das perfekte Vorzelt f\u00fcr Wohnwagen, Wohnmobile und Camper<\/li>\n<li>Einfache Montage mit nur wenig Stangen und einfaches Bespannen mit angebrachten Seilen<\/li>\n<li>Material: Polyester<\/li>\n<li>Seitent\u00fcren mit eingebautem Insektengitter und Sichtschutz. Jeweils mit Rei\u00dfverschluss<\/li>\n<li>Eingangst\u00fcr mit regenabweisender Oberfl\u00e4che und Sichtschutz jeweils mit Rei\u00dfverschluss<\/li>\n<li>Seitenfenster von innen abdunkelbar<\/li>\n<li>Abmessung:: 260 x 240 x 245(H) cm<\/li>\n<li>Gewicht: 6,8kg<\/li>\n<li>Inklusive: Heringe, Leiterauflagen, Tragetasche<\/li>\n<\/ul>\n<p>Das perfekte Vorzelt f\u00fcr Wohnwagen, Wohnmobile und Camper<br \/>\nSeitent\u00fcren mit eingebautem Insektengitter und Sichtschutz. Jeweils mit Rei\u00dfverschluss<br \/>\nSeitenfenster von innen abdunkelbar<br \/>\nInklusive: Heringe, Leiterauflagen, Tragetasche<br \/>\n<div class=\"main-cross-sell\" data-asin=\"B07XK8FGYC\">\n\n\t<div class=\"WooZone-cross-sell-loader\">\n\t\t<div>\n\t\t\t<div id=\"floatingBarsG\">\n\t\t\t\t<div class=\"blockG\" id=\"rotateG_01\"><\/div>\n\t\t\t\t<div class=\"blockG\" id=\"rotateG_02\"><\/div>\n\t\t\t\t<div class=\"blockG\" id=\"rotateG_03\"><\/div>\n\t\t\t\t<div class=\"blockG\" id=\"rotateG_04\"><\/div>\n\t\t\t\t<div class=\"blockG\" id=\"rotateG_05\"><\/div>\n\t\t\t\t<div class=\"blockG\" id=\"rotateG_06\"><\/div>\n\t\t\t\t<div class=\"blockG\" id=\"rotateG_07\"><\/div>\n\t\t\t\t<div class=\"blockG\" id=\"rotateG_08\"><\/div>\n\t\t\t<\/div>\n\t\t\t<div class=\"WooZone-cross-sell-loader-text\"><\/div>\n\t\t<\/div>\n\t<\/div>\n\n\t\t\n<\/div>\n<div style=\"clear:both;\"><\/div><\/p>\n","protected":false},"excerpt":{"rendered":"<p>Das perfekte Vorzelt f\u00fcr Wohnwagen, Wohnmobile und Camper<br \/>\nSeitent\u00fcren mit eingebautem Insektengitter und Sichtschutz. Jeweils mit Rei\u00dfverschluss<br \/>\nSeitenfenster von innen abdunkelbar<\/p>\n","protected":false},"featured_media":12643,"comment_status":"open","ping_status":"closed","template":"","meta":[],"product_cat":[1002,19],"product_tag":[],"_links":{"self":[{"href":"https:\/\/camping.webspace.rocks\/index.php?rest_route=\/wp\/v2\/product\/12642"}],"collection":[{"href":"https:\/\/camping.webspace.rocks\/index.php?rest_route=\/wp\/v2\/product"}],"about":[{"href":"https:\/\/camping.webspace.rocks\/index.php?rest_route=\/wp\/v2\/types\/product"}],"replies":[{"embeddable":true,"href":"https:\/\/camping.webspace.rocks\/index.php?rest_route=%2Fwp%2Fv2%2Fcomments&post=12642"}],"version-history":[{"count":1,"href":"https:\/\/camping.webspace.rocks\/index.php?rest_route=\/wp\/v2\/product\/12642\/revisions"}],"predecessor-version":[{"id":14219,"href":"https:\/\/camping.webspace.rocks\/index.php?rest_route=\/wp\/v2\/product\/12642\/revisions\/14219"}],"wp:featuredmedia":[{"embeddable":true,"href":"https:\/\/camping.webspace.rocks\/index.php?rest_route=\/wp\/v2\/media\/12643"}],"wp:attachment":[{"href":"https:\/\/camping.webspace.rocks\/index.php?rest_route=%2Fwp%2Fv2%2Fmedia&parent=12642"}],"wp:term":[{"taxonomy":"product_cat","embeddable":true,"href":"https:\/\/camping.webspace.rocks\/index.php?rest_route=%2Fwp%2Fv2%2Fproduct_cat&post=12642"},{"taxonomy":"product_tag","embeddable":true,"href":"https:\/\/camping.webspace.rocks\/index.php?rest_route=%2Fwp%2Fv2%2Fproduct_tag&post=12642"}],"curies":[{"name":"wp","href":"https:\/\/api.w.org\/{rel}","templated":true}]}}