{"id":12822,"date":"2021-07-29T05:19:55","date_gmt":"2021-07-29T05:19:55","guid":{"rendered":"https:\/\/camping.webspace.rocks\/?product=euro-trail-erweiterungsset-fuer-fjord-300"},"modified":"2023-04-09T10:09:00","modified_gmt":"2023-04-09T10:09:00","slug":"euro-trail-erweiterungsset-fuer-fjord-300","status":"publish","type":"product","link":"https:\/\/camping.webspace.rocks\/?product=euro-trail-erweiterungsset-fuer-fjord-300","title":{"rendered":"Euro Trail Erweiterungsset f\u00fcr Fjord 300"},"content":{"rendered":"<p>\n\t\t<style type=\"text\/css\">\n\t\t\t#gallery-1 {\n\t\t\t\tmargin: auto;\n\t\t\t}\n\t\t\t#gallery-1 .gallery-item {\n\t\t\t\tfloat: left;\n\t\t\t\tmargin-top: 10px;\n\t\t\t\ttext-align: center;\n\t\t\t\twidth: 33%;\n\t\t\t}\n\t\t\t#gallery-1 img {\n\t\t\t\tborder: 2px solid #cfcfcf;\n\t\t\t}\n\t\t\t#gallery-1 .gallery-caption {\n\t\t\t\tmargin-left: 0;\n\t\t\t}\n\t\t\t\/* see gallery_shortcode() in wp-includes\/media.php *\/\n\t\t<\/style>\n\t\t<div id='gallery-1' class='gallery galleryid-12822 gallery-columns-3 gallery-size-thumbnail'><dl class='gallery-item'>\n\t\t\t<dt class='gallery-icon landscape'>\n\t\t\t\t<a href='https:\/\/camping.webspace.rocks\/?attachment_id=12823'><img width=\"150\" height=\"150\" src=\"https:\/\/m.media-amazon.com\/images\/I\/61I-uIxtMGL._SS150_.jpg\" class=\"attachment-thumbnail size-thumbnail\" alt=\"\" loading=\"lazy\" srcset=\"https:\/\/m.media-amazon.com\/images\/I\/61I-uIxtMGL._SS150_.jpg 150w, https:\/\/m.media-amazon.com\/images\/I\/61I-uIxtMGL._SS300_.jpg 300w, https:\/\/m.media-amazon.com\/images\/I\/61I-uIxtMGL._SS768_.jpg 768w, https:\/\/m.media-amazon.com\/images\/I\/61I-uIxtMGL._SS1024_.jpg 1024w, https:\/\/m.media-amazon.com\/images\/I\/61I-uIxtMGL._SS1536_.jpg 1536w, https:\/\/m.media-amazon.com\/images\/I\/61I-uIxtMGL._SS2048_.jpg 2048w, https:\/\/m.media-amazon.com\/images\/I\/61I-uIxtMGL._SS1200_.jpg 1200w, https:\/\/m.media-amazon.com\/images\/I\/61I-uIxtMGL._SS600_.jpg 600w, https:\/\/m.media-amazon.com\/images\/I\/61I-uIxtMGL.jpg 500w\" sizes=\"(max-width: 150px) 100vw, 150px\" \/><\/a>\n\t\t\t<\/dt><\/dl><dl class='gallery-item'>\n\t\t\t<dt class='gallery-icon landscape'>\n\t\t\t\t<a href='https:\/\/camping.webspace.rocks\/?attachment_id=12824'><img width=\"150\" height=\"150\" src=\"https:\/\/m.media-amazon.com\/images\/I\/61Vg9Ju+KBL._SS150_.jpg\" class=\"attachment-thumbnail size-thumbnail\" alt=\"\" loading=\"lazy\" srcset=\"https:\/\/m.media-amazon.com\/images\/I\/61Vg9Ju+KBL._SS150_.jpg 150w, https:\/\/m.media-amazon.com\/images\/I\/61Vg9Ju+KBL._SS300_.jpg 300w, https:\/\/m.media-amazon.com\/images\/I\/61Vg9Ju+KBL._SS768_.jpg 768w, https:\/\/m.media-amazon.com\/images\/I\/61Vg9Ju+KBL._SS1024_.jpg 1024w, https:\/\/m.media-amazon.com\/images\/I\/61Vg9Ju+KBL._SS1536_.jpg 1536w, https:\/\/m.media-amazon.com\/images\/I\/61Vg9Ju+KBL._SS2048_.jpg 2048w, https:\/\/m.media-amazon.com\/images\/I\/61Vg9Ju+KBL._SS1200_.jpg 1200w, https:\/\/m.media-amazon.com\/images\/I\/61Vg9Ju+KBL._SS600_.jpg 600w, https:\/\/m.media-amazon.com\/images\/I\/61Vg9Ju+KBL.jpg 500w\" sizes=\"(max-width: 150px) 100vw, 150px\" \/><\/a>\n\t\t\t<\/dt><\/dl><dl class='gallery-item'>\n\t\t\t<dt class='gallery-icon landscape'>\n\t\t\t\t<a href='https:\/\/camping.webspace.rocks\/?attachment_id=12825'><img width=\"150\" height=\"150\" src=\"https:\/\/m.media-amazon.com\/images\/I\/51mSt5QMPJL._SS150_.jpg\" class=\"attachment-thumbnail size-thumbnail\" alt=\"\" loading=\"lazy\" srcset=\"https:\/\/m.media-amazon.com\/images\/I\/51mSt5QMPJL._SS150_.jpg 150w, https:\/\/m.media-amazon.com\/images\/I\/51mSt5QMPJL._SS300_.jpg 300w, https:\/\/m.media-amazon.com\/images\/I\/51mSt5QMPJL._SS768_.jpg 768w, https:\/\/m.media-amazon.com\/images\/I\/51mSt5QMPJL._SS1024_.jpg 1024w, https:\/\/m.media-amazon.com\/images\/I\/51mSt5QMPJL._SS1536_.jpg 1536w, https:\/\/m.media-amazon.com\/images\/I\/51mSt5QMPJL._SS2048_.jpg 2048w, https:\/\/m.media-amazon.com\/images\/I\/51mSt5QMPJL._SS1200_.jpg 1200w, https:\/\/m.media-amazon.com\/images\/I\/51mSt5QMPJL._SS600_.jpg 600w, https:\/\/m.media-amazon.com\/images\/I\/51mSt5QMPJL.jpg 500w\" sizes=\"(max-width: 150px) 100vw, 150px\" \/><\/a>\n\t\t\t<\/dt><\/dl><br style=\"clear: both\" \/>\n\t\t<\/div>\n<br \/>\n<!-- show up to 2 reviews by default --> <\/p>\n<p>Mit diesem Erweiterungsset kann man aus dem Sonnensegel Fjord ein Vorzelt zaubern. Einfach die Seiten- und Vorderwand mit dem Klettband an der Innenseite des Sonnendachs montieren. Die Seitenw\u00e4nde und Vorderwand werden mit einem Rei\u00dfverschluss verbunden. Somit entsteht ein komplett geschlossenes Vorzelt und Sie sind vor Wind und Regen gesch\u00fctzt. Die Seitenw\u00e4nde haben Klarsichtfenster, die Vorderwand zus\u00e4tzlich noch eine Eingangst\u00fcr. Inklusive Stangenset. Material: All Weather Tex. <\/p>\n<p>Material: 100 % PES Polyester<br \/>\nGewicht: 0, 7 kg<br \/>\n1 St\u00fcck<br \/>\n<div class=\"main-cross-sell\" data-asin=\"B06XWJTMK1\">\n\n\t<div class=\"WooZone-cross-sell-loader\">\n\t\t<div>\n\t\t\t<div id=\"floatingBarsG\">\n\t\t\t\t<div class=\"blockG\" id=\"rotateG_01\"><\/div>\n\t\t\t\t<div class=\"blockG\" id=\"rotateG_02\"><\/div>\n\t\t\t\t<div class=\"blockG\" id=\"rotateG_03\"><\/div>\n\t\t\t\t<div class=\"blockG\" id=\"rotateG_04\"><\/div>\n\t\t\t\t<div class=\"blockG\" id=\"rotateG_05\"><\/div>\n\t\t\t\t<div class=\"blockG\" id=\"rotateG_06\"><\/div>\n\t\t\t\t<div class=\"blockG\" id=\"rotateG_07\"><\/div>\n\t\t\t\t<div class=\"blockG\" id=\"rotateG_08\"><\/div>\n\t\t\t<\/div>\n\t\t\t<div class=\"WooZone-cross-sell-loader-text\"><\/div>\n\t\t<\/div>\n\t<\/div>\n\n\t\t\n<\/div>\n<div style=\"clear:both;\"><\/div><\/p>\n","protected":false},"excerpt":{"rendered":"<p>Material: 100 % PES Polyester<br \/>\nGewicht: 0, 7 kg<br \/>\n1 St\u00fcck<\/p>\n","protected":false},"featured_media":12823,"comment_status":"open","ping_status":"closed","template":"","meta":[],"product_cat":[1002,19],"product_tag":[],"_links":{"self":[{"href":"https:\/\/camping.webspace.rocks\/index.php?rest_route=\/wp\/v2\/product\/12822"}],"collection":[{"href":"https:\/\/camping.webspace.rocks\/index.php?rest_route=\/wp\/v2\/product"}],"about":[{"href":"https:\/\/camping.webspace.rocks\/index.php?rest_route=\/wp\/v2\/types\/product"}],"replies":[{"embeddable":true,"href":"https:\/\/camping.webspace.rocks\/index.php?rest_route=%2Fwp%2Fv2%2Fcomments&post=12822"}],"version-history":[{"count":1,"href":"https:\/\/camping.webspace.rocks\/index.php?rest_route=\/wp\/v2\/product\/12822\/revisions"}],"predecessor-version":[{"id":14266,"href":"https:\/\/camping.webspace.rocks\/index.php?rest_route=\/wp\/v2\/product\/12822\/revisions\/14266"}],"wp:featuredmedia":[{"embeddable":true,"href":"https:\/\/camping.webspace.rocks\/index.php?rest_route=\/wp\/v2\/media\/12823"}],"wp:attachment":[{"href":"https:\/\/camping.webspace.rocks\/index.php?rest_route=%2Fwp%2Fv2%2Fmedia&parent=12822"}],"wp:term":[{"taxonomy":"product_cat","embeddable":true,"href":"https:\/\/camping.webspace.rocks\/index.php?rest_route=%2Fwp%2Fv2%2Fproduct_cat&post=12822"},{"taxonomy":"product_tag","embeddable":true,"href":"https:\/\/camping.webspace.rocks\/index.php?rest_route=%2Fwp%2Fv2%2Fproduct_tag&post=12822"}],"curies":[{"name":"wp","href":"https:\/\/api.w.org\/{rel}","templated":true}]}}