{"id":12860,"date":"2021-07-29T05:23:24","date_gmt":"2021-07-29T05:23:24","guid":{"rendered":"https:\/\/camping.webspace.rocks\/?product=euro-trail-sonnensegel-fjord-laenge-260-cm"},"modified":"2023-04-09T10:09:01","modified_gmt":"2023-04-09T10:09:01","slug":"euro-trail-sonnensegel-fjord-laenge-260-cm","status":"publish","type":"product","link":"https:\/\/camping.webspace.rocks\/?product=euro-trail-sonnensegel-fjord-laenge-260-cm","title":{"rendered":"Euro Trail Sonnensegel Fjord L\u00e4nge 260 cm"},"content":{"rendered":"<p>\n\t\t<style type=\"text\/css\">\n\t\t\t#gallery-1 {\n\t\t\t\tmargin: auto;\n\t\t\t}\n\t\t\t#gallery-1 .gallery-item {\n\t\t\t\tfloat: left;\n\t\t\t\tmargin-top: 10px;\n\t\t\t\ttext-align: center;\n\t\t\t\twidth: 33%;\n\t\t\t}\n\t\t\t#gallery-1 img {\n\t\t\t\tborder: 2px solid #cfcfcf;\n\t\t\t}\n\t\t\t#gallery-1 .gallery-caption {\n\t\t\t\tmargin-left: 0;\n\t\t\t}\n\t\t\t\/* see gallery_shortcode() in wp-includes\/media.php *\/\n\t\t<\/style>\n\t\t<div id='gallery-1' class='gallery galleryid-12860 gallery-columns-3 gallery-size-thumbnail'><dl class='gallery-item'>\n\t\t\t<dt class='gallery-icon landscape'>\n\t\t\t\t<a href='https:\/\/camping.webspace.rocks\/?attachment_id=12861'><img width=\"150\" height=\"150\" src=\"https:\/\/m.media-amazon.com\/images\/I\/51f1DOIac1L._SS150_.jpg\" class=\"attachment-thumbnail size-thumbnail\" alt=\"\" loading=\"lazy\" srcset=\"https:\/\/m.media-amazon.com\/images\/I\/51f1DOIac1L._SS150_.jpg 150w, https:\/\/m.media-amazon.com\/images\/I\/51f1DOIac1L._SS300_.jpg 300w, https:\/\/m.media-amazon.com\/images\/I\/51f1DOIac1L._SS768_.jpg 768w, https:\/\/m.media-amazon.com\/images\/I\/51f1DOIac1L._SS1024_.jpg 1024w, https:\/\/m.media-amazon.com\/images\/I\/51f1DOIac1L._SS1536_.jpg 1536w, https:\/\/m.media-amazon.com\/images\/I\/51f1DOIac1L._SS2048_.jpg 2048w, https:\/\/m.media-amazon.com\/images\/I\/51f1DOIac1L._SS1200_.jpg 1200w, https:\/\/m.media-amazon.com\/images\/I\/51f1DOIac1L._SS600_.jpg 600w, https:\/\/m.media-amazon.com\/images\/I\/51f1DOIac1L.jpg 500w\" sizes=\"(max-width: 150px) 100vw, 150px\" \/><\/a>\n\t\t\t<\/dt><\/dl><dl class='gallery-item'>\n\t\t\t<dt class='gallery-icon landscape'>\n\t\t\t\t<a href='https:\/\/camping.webspace.rocks\/?attachment_id=12862'><img width=\"150\" height=\"150\" src=\"https:\/\/m.media-amazon.com\/images\/I\/417WDFAgbCL._SS150_.jpg\" class=\"attachment-thumbnail size-thumbnail\" alt=\"\" loading=\"lazy\" srcset=\"https:\/\/m.media-amazon.com\/images\/I\/417WDFAgbCL._SS150_.jpg 150w, https:\/\/m.media-amazon.com\/images\/I\/417WDFAgbCL._SS300_.jpg 300w, https:\/\/m.media-amazon.com\/images\/I\/417WDFAgbCL._SS768_.jpg 768w, https:\/\/m.media-amazon.com\/images\/I\/417WDFAgbCL._SS1024_.jpg 1024w, https:\/\/m.media-amazon.com\/images\/I\/417WDFAgbCL._SS1536_.jpg 1536w, https:\/\/m.media-amazon.com\/images\/I\/417WDFAgbCL._SS2048_.jpg 2048w, https:\/\/m.media-amazon.com\/images\/I\/417WDFAgbCL._SS1200_.jpg 1200w, https:\/\/m.media-amazon.com\/images\/I\/417WDFAgbCL._SS600_.jpg 600w, https:\/\/m.media-amazon.com\/images\/I\/417WDFAgbCL.jpg 500w\" sizes=\"(max-width: 150px) 100vw, 150px\" \/><\/a>\n\t\t\t<\/dt><\/dl>\n\t\t\t<br style='clear: both' \/>\n\t\t<\/div>\n<br \/>\n<!-- show up to 2 reviews by default --> <\/p>\n<p>Bei diesem Sonnendach haben Sie zwei verschiedene Befestigungsm\u00f6glichkeiten. Sie k\u00f6nnen es mittels Keder in eine Kederschiene einziehen wie z. B. die Multirailschiene oder andere handels\u00fcbliche Kederschienen. Die zweite M\u00f6glichkeit ist die Anbringung mit einem Schleusenstab (ist im Lieferumfang enthalten). Dieser wird in den vorhandenen Hohlsaum des Sonnendachs geschoben und dann in die Regenrinne des Fahrzeugs gelegt (siehe Skizze). Mit den mitgelieferten Klemmen fixieren Sie diesen. <\/p>\n<p>Farbe: blau, grau<br \/>\nGewicht: 5, 3 kg<br \/>\nBreite: 260 cm<br \/>\n<div class=\"main-cross-sell\" data-asin=\"B0791FFPJK\">\n\n\t<div class=\"WooZone-cross-sell-loader\">\n\t\t<div>\n\t\t\t<div id=\"floatingBarsG\">\n\t\t\t\t<div class=\"blockG\" id=\"rotateG_01\"><\/div>\n\t\t\t\t<div class=\"blockG\" id=\"rotateG_02\"><\/div>\n\t\t\t\t<div class=\"blockG\" id=\"rotateG_03\"><\/div>\n\t\t\t\t<div class=\"blockG\" id=\"rotateG_04\"><\/div>\n\t\t\t\t<div class=\"blockG\" id=\"rotateG_05\"><\/div>\n\t\t\t\t<div class=\"blockG\" id=\"rotateG_06\"><\/div>\n\t\t\t\t<div class=\"blockG\" id=\"rotateG_07\"><\/div>\n\t\t\t\t<div class=\"blockG\" id=\"rotateG_08\"><\/div>\n\t\t\t<\/div>\n\t\t\t<div class=\"WooZone-cross-sell-loader-text\"><\/div>\n\t\t<\/div>\n\t<\/div>\n\n\t\t\n<\/div>\n<div style=\"clear:both;\"><\/div><\/p>\n","protected":false},"excerpt":{"rendered":"<p>Farbe: blau, grau<br \/>\nGewicht: 5, 3 kg<br \/>\nBreite: 260 cm<\/p>\n","protected":false},"featured_media":12861,"comment_status":"open","ping_status":"closed","template":"","meta":[],"product_cat":[1002,19],"product_tag":[],"_links":{"self":[{"href":"https:\/\/camping.webspace.rocks\/index.php?rest_route=\/wp\/v2\/product\/12860"}],"collection":[{"href":"https:\/\/camping.webspace.rocks\/index.php?rest_route=\/wp\/v2\/product"}],"about":[{"href":"https:\/\/camping.webspace.rocks\/index.php?rest_route=\/wp\/v2\/types\/product"}],"replies":[{"embeddable":true,"href":"https:\/\/camping.webspace.rocks\/index.php?rest_route=%2Fwp%2Fv2%2Fcomments&post=12860"}],"version-history":[{"count":1,"href":"https:\/\/camping.webspace.rocks\/index.php?rest_route=\/wp\/v2\/product\/12860\/revisions"}],"predecessor-version":[{"id":14276,"href":"https:\/\/camping.webspace.rocks\/index.php?rest_route=\/wp\/v2\/product\/12860\/revisions\/14276"}],"wp:featuredmedia":[{"embeddable":true,"href":"https:\/\/camping.webspace.rocks\/index.php?rest_route=\/wp\/v2\/media\/12861"}],"wp:attachment":[{"href":"https:\/\/camping.webspace.rocks\/index.php?rest_route=%2Fwp%2Fv2%2Fmedia&parent=12860"}],"wp:term":[{"taxonomy":"product_cat","embeddable":true,"href":"https:\/\/camping.webspace.rocks\/index.php?rest_route=%2Fwp%2Fv2%2Fproduct_cat&post=12860"},{"taxonomy":"product_tag","embeddable":true,"href":"https:\/\/camping.webspace.rocks\/index.php?rest_route=%2Fwp%2Fv2%2Fproduct_tag&post=12860"}],"curies":[{"name":"wp","href":"https:\/\/api.w.org\/{rel}","templated":true}]}}