{"id":12931,"date":"2021-07-29T06:42:24","date_gmt":"2021-07-29T06:42:24","guid":{"rendered":"https:\/\/camping.webspace.rocks\/?product=uten-holzkohlegrills-small"},"modified":"2023-04-09T10:09:03","modified_gmt":"2023-04-09T10:09:03","slug":"uten-holzkohlegrills-small","status":"publish","type":"product","link":"https:\/\/camping.webspace.rocks\/?product=uten-holzkohlegrills-small","title":{"rendered":"Uten Grill BBQ Portable Holzkohlegrills, Faltbare Grillwagen Outdoor Tischgrills Tragbar Picnikgrill"},"content":{"rendered":"\n\t\t<style type=\"text\/css\">\n\t\t\t#gallery-1 {\n\t\t\t\tmargin: auto;\n\t\t\t}\n\t\t\t#gallery-1 .gallery-item {\n\t\t\t\tfloat: left;\n\t\t\t\tmargin-top: 10px;\n\t\t\t\ttext-align: center;\n\t\t\t\twidth: 33%;\n\t\t\t}\n\t\t\t#gallery-1 img {\n\t\t\t\tborder: 2px solid #cfcfcf;\n\t\t\t}\n\t\t\t#gallery-1 .gallery-caption {\n\t\t\t\tmargin-left: 0;\n\t\t\t}\n\t\t\t\/* see gallery_shortcode() in wp-includes\/media.php *\/\n\t\t<\/style>\n\t\t<div id='gallery-1' class='gallery galleryid-12931 gallery-columns-3 gallery-size-thumbnail'><dl class='gallery-item'>\n\t\t\t<dt class='gallery-icon landscape'>\n\t\t\t\t<a href='https:\/\/camping.webspace.rocks\/?attachment_id=12932'><img width=\"150\" height=\"150\" src=\"https:\/\/m.media-amazon.com\/images\/I\/51aBqsmc3-L._SS150_.jpg\" class=\"attachment-thumbnail size-thumbnail\" alt=\"\" loading=\"lazy\" srcset=\"https:\/\/m.media-amazon.com\/images\/I\/51aBqsmc3-L._SS150_.jpg 150w, https:\/\/m.media-amazon.com\/images\/I\/51aBqsmc3-L._SS300_.jpg 300w, https:\/\/m.media-amazon.com\/images\/I\/51aBqsmc3-L._SS768_.jpg 768w, https:\/\/m.media-amazon.com\/images\/I\/51aBqsmc3-L._SS1024_.jpg 1024w, https:\/\/m.media-amazon.com\/images\/I\/51aBqsmc3-L._SS1536_.jpg 1536w, https:\/\/m.media-amazon.com\/images\/I\/51aBqsmc3-L._SS2048_.jpg 2048w, https:\/\/m.media-amazon.com\/images\/I\/51aBqsmc3-L._SS1200_.jpg 1200w, https:\/\/m.media-amazon.com\/images\/I\/51aBqsmc3-L._SS600_.jpg 600w, https:\/\/m.media-amazon.com\/images\/I\/51aBqsmc3-L.jpg 500w\" sizes=\"(max-width: 150px) 100vw, 150px\" \/><\/a>\n\t\t\t<\/dt><\/dl><dl class='gallery-item'>\n\t\t\t<dt class='gallery-icon landscape'>\n\t\t\t\t<a href='https:\/\/camping.webspace.rocks\/?attachment_id=12933'><img width=\"150\" height=\"150\" src=\"https:\/\/m.media-amazon.com\/images\/I\/517NWYpg-AL._SS150_.jpg\" class=\"attachment-thumbnail size-thumbnail\" alt=\"\" loading=\"lazy\" srcset=\"https:\/\/m.media-amazon.com\/images\/I\/517NWYpg-AL._SS150_.jpg 150w, https:\/\/m.media-amazon.com\/images\/I\/517NWYpg-AL._SS300_.jpg 300w, https:\/\/m.media-amazon.com\/images\/I\/517NWYpg-AL._SS768_.jpg 768w, https:\/\/m.media-amazon.com\/images\/I\/517NWYpg-AL._SS1024_.jpg 1024w, https:\/\/m.media-amazon.com\/images\/I\/517NWYpg-AL._SS1536_.jpg 1536w, https:\/\/m.media-amazon.com\/images\/I\/517NWYpg-AL._SS2048_.jpg 2048w, https:\/\/m.media-amazon.com\/images\/I\/517NWYpg-AL._SS1200_.jpg 1200w, https:\/\/m.media-amazon.com\/images\/I\/517NWYpg-AL._SS600_.jpg 600w, https:\/\/m.media-amazon.com\/images\/I\/517NWYpg-AL.jpg 500w\" sizes=\"(max-width: 150px) 100vw, 150px\" \/><\/a>\n\t\t\t<\/dt><\/dl><dl class='gallery-item'>\n\t\t\t<dt class='gallery-icon landscape'>\n\t\t\t\t<a href='https:\/\/camping.webspace.rocks\/?attachment_id=12934'><img width=\"150\" height=\"150\" src=\"https:\/\/m.media-amazon.com\/images\/I\/61Q-t+etLrL._SS150_.jpg\" class=\"attachment-thumbnail size-thumbnail\" alt=\"\" loading=\"lazy\" srcset=\"https:\/\/m.media-amazon.com\/images\/I\/61Q-t+etLrL._SS150_.jpg 150w, https:\/\/m.media-amazon.com\/images\/I\/61Q-t+etLrL._SS300_.jpg 300w, https:\/\/m.media-amazon.com\/images\/I\/61Q-t+etLrL._SS768_.jpg 768w, https:\/\/m.media-amazon.com\/images\/I\/61Q-t+etLrL._SS1024_.jpg 1024w, https:\/\/m.media-amazon.com\/images\/I\/61Q-t+etLrL._SS1536_.jpg 1536w, https:\/\/m.media-amazon.com\/images\/I\/61Q-t+etLrL._SS2048_.jpg 2048w, https:\/\/m.media-amazon.com\/images\/I\/61Q-t+etLrL._SS1200_.jpg 1200w, https:\/\/m.media-amazon.com\/images\/I\/61Q-t+etLrL._SS600_.jpg 600w, https:\/\/m.media-amazon.com\/images\/I\/61Q-t+etLrL.jpg 500w\" sizes=\"(max-width: 150px) 100vw, 150px\" \/><\/a>\n\t\t\t<\/dt><\/dl><br style=\"clear: both\" \/>\n\t\t<\/div>\n\n<div class=\"celwidget aplus-module 3p-module-b aplus-standard\">\n<div class=\"aplus-module-wrapper aplus-3p-fixed-width\"> <img alt=\"1\" src=\"https:\/\/images-na.ssl-images-amazon.com\/images\/G\/01\/x-locale\/common\/grey-pixel.gif\" class=\"a-spacing-base a-lazy-loaded\" data-src=\"https:\/\/m.media-amazon.com\/images\/S\/aplus-seller-content-images-us-east-1\/A1PA6795UKMFR9\/A2KZQAP6BBXEUI\/1b92528d-cc7a-4458-8b30-e31f45f6de28._CR0,0,970,600_PT0_SX970__.jpg\"><img alt=\"1\" src=\"https:\/\/m.media-amazon.com\/images\/S\/aplus-seller-content-images-us-east-1\/A1PA6795UKMFR9\/A2KZQAP6BBXEUI\/1b92528d-cc7a-4458-8b30-e31f45f6de28._CR0,0,970,600_PT0_SX970__.jpg\"> <\/p>\n<p class=\"a-spacing-base\"> <span class=\"a-text-bold\">GENIESSEN SIE DIESEN MINI BBQ HOLZKOHLEGRILLS<\/span> <\/p>\n<p class=\"a-spacing-base\"> Dieser Mini BBQ Grill ist sehr praktisch f\u00fcr die Mitnahme an den Strand, auf einen Campingausflug oder an einen beliebigen Ort. <\/p>\n<p class=\"a-spacing-base\"> Stellen Sie sicher, dass Sie es auf einer flachen, stabilen Oberfl\u00e4che oder einem Tisch verwenden. <\/p>\n<p class=\"a-spacing-base\"> Nehmen Sie dieses wunderbare Barbecue praktisch \u00fcberall mit, wenn Sie mit Ihrer Familie oder Ihren Freunden zusammen ausgehen, einfach entfalten, Kohle hinzuf\u00fcgen und Sie k\u00f6nnen loslegen! <\/p>\n<\/p><\/div>\n<\/p><\/div>\n<div class=\"celwidget aplus-module module-4 aplus-standard\">\n<div data-a-expander-name=\"aplus-module-expander\" data-a-expander-collapsed-height=\"700\" class=\"a-expander-collapsed-height a-row a-expander-container a-expander-partial-collapse-container\">\n<div class=\"a-expander-content a-expander-partial-collapse-content\">\n<div class=\"aplus-module-wrapper apm-fixed-width\">\n<div class=\"apm-spacing\">\n<div class=\"apm-floatleft apm-fixed-width\">\n<div class=\"apm-spacing\">\n<table class=\"apm-fixed-width apm-fourthcol-table\">\n<tbody>\n<tr>\n<th class=\"apm-center\">\n<div class=\"apm-fourthcol\">\n<p> <img alt=\"1\" src=\"https:\/\/images-na.ssl-images-amazon.com\/images\/G\/01\/x-locale\/common\/grey-pixel.gif\" class=\"a-lazy-loaded\" data-src=\"https:\/\/m.media-amazon.com\/images\/S\/aplus-seller-content-images-us-east-1\/A1PA6795UKMFR9\/A2KZQAP6BBXEUI\/616e5fe8-7e25-4035-a917-dfae1e5513f6._CR0,0,300,300_PT0_SX220__.jpg\"><\/p>\n<p><img alt=\"1\" src=\"https:\/\/m.media-amazon.com\/images\/S\/aplus-seller-content-images-us-east-1\/A1PA6795UKMFR9\/A2KZQAP6BBXEUI\/616e5fe8-7e25-4035-a917-dfae1e5513f6._CR0,0,300,300_PT0_SX220__.jpg\"> <\/div>\n<\/th>\n<th class=\"apm-center\">\n<div class=\"apm-fourthcol\">\n<p> <img alt=\"02\" src=\"https:\/\/images-na.ssl-images-amazon.com\/images\/G\/01\/x-locale\/common\/grey-pixel.gif\" class=\"a-lazy-loaded\" data-src=\"https:\/\/m.media-amazon.com\/images\/S\/aplus-seller-content-images-us-east-1\/A1PA6795UKMFR9\/A2KZQAP6BBXEUI\/67f01cf5-8ba6-49aa-96d9-df14fc338d71._CR0,0,300,300_PT0_SX220__.jpg\"><\/p>\n<p><img alt=\"02\" src=\"https:\/\/m.media-amazon.com\/images\/S\/aplus-seller-content-images-us-east-1\/A1PA6795UKMFR9\/A2KZQAP6BBXEUI\/67f01cf5-8ba6-49aa-96d9-df14fc338d71._CR0,0,300,300_PT0_SX220__.jpg\"> <\/div>\n<\/th>\n<th class=\"apm-center\">\n<div class=\"apm-fourthcol\">\n<p> <img alt=\"03\" src=\"https:\/\/images-na.ssl-images-amazon.com\/images\/G\/01\/x-locale\/common\/grey-pixel.gif\" class=\"a-lazy-loaded\" data-src=\"https:\/\/m.media-amazon.com\/images\/S\/aplus-seller-content-images-us-east-1\/A1PA6795UKMFR9\/A2KZQAP6BBXEUI\/87f7eb84-52ab-4db7-95ab-1181ee066880._CR0,0,300,300_PT0_SX220__.jpg\"><\/p>\n<p><img alt=\"03\" src=\"https:\/\/m.media-amazon.com\/images\/S\/aplus-seller-content-images-us-east-1\/A1PA6795UKMFR9\/A2KZQAP6BBXEUI\/87f7eb84-52ab-4db7-95ab-1181ee066880._CR0,0,300,300_PT0_SX220__.jpg\"> <\/div>\n<\/th>\n<th class=\"apm-center\">\n<div class=\"apm-fourthcol\">\n<p> <img alt=\"4\" src=\"https:\/\/images-na.ssl-images-amazon.com\/images\/G\/01\/x-locale\/common\/grey-pixel.gif\" class=\"a-lazy-loaded\" data-src=\"https:\/\/m.media-amazon.com\/images\/S\/aplus-seller-content-images-us-east-1\/A1PA6795UKMFR9\/A2KZQAP6BBXEUI\/2d806757-efcf-4122-a9b0-dc7195032dd7._CR0,0,300,300_PT0_SX220__.jpg\"><\/p>\n<p><img alt=\"4\" src=\"https:\/\/m.media-amazon.com\/images\/S\/aplus-seller-content-images-us-east-1\/A1PA6795UKMFR9\/A2KZQAP6BBXEUI\/2d806757-efcf-4122-a9b0-dc7195032dd7._CR0,0,300,300_PT0_SX220__.jpg\"> <\/div>\n<\/th>\n<\/tr>\n<tr>\n<td class=\"apm-top\">\n<div class=\"apm-fourthcol\">\n<p class=\"a-size-small\"> <span class=\"a-text-bold\">Ziehen Sie Art Backnetz<\/span> <\/p>\n<p class=\"a-size-small\"> Der Grill hat ein herausnehmbares Netz. Ein herausnehmbares Netz ist sehr wichtig, das bei Verschmutzung abgenommen und gereinigt werden kann. Es ist sehr praktisch und verl\u00e4ngert die Lebensdauer des Netzes. <\/p>\n<\/p><\/div>\n<\/td>\n<td class=\"apm-top\">\n<div class=\"apm-fourthcol\">\n<p class=\"a-size-small\"> <span class=\"a-text-bold\">Holzkohle Groove Design<\/span> <\/p>\n<p class=\"a-size-small\"> Dieses Design macht den Brennraum der Holzkohle hoch und das Feuer ist stark, aber nicht leicht zu verbrennen. Die Holzkohle kann nicht nur vollst\u00e4ndig verbrennen, sondern auch die Lebensdauer des Grills verl\u00e4ngern. <\/p>\n<\/p><\/div>\n<\/td>\n<td class=\"apm-top\">\n<div class=\"apm-fourthcol\">\n<p class=\"a-size-small\"> <span class=\"a-text-bold\">Sicher und effektiv<\/span> <\/p>\n<p class=\"a-size-small\"> Das Backnetz kann die Holzkohle vom Grillgrill trennen und l\u00fcften, wodurch Staub austreten und die Verbrennung der Holzkohle st\u00e4rker f\u00f6rdern kann. <\/p>\n<\/p><\/div>\n<\/td>\n<td class=\"apm-top\">\n<div class=\"apm-fourthcol\">\n<p class=\"a-size-small\"> <span class=\"a-text-bold\">Bel\u00fcftungsventil Design<\/span> <\/p>\n<p class=\"a-size-small\"> Die L\u00fcftungs\u00f6ffnungen sorgen daf\u00fcr, dass gen\u00fcgend Sauerstoff eindringt, so dass der tragbare BBQ-Grill gleichm\u00e4\u00dfig erw\u00e4rmt wird. Fleisch kann \u00fcbersch\u00fcssiges Fett und somit sogar Kalorien loswerden! <\/p>\n<\/p><\/div>\n<\/td>\n<\/tr>\n<\/tbody>\n<\/table>\n<\/div><\/div>\n<\/p><\/div>\n<\/p><\/div>\n<div><\/div>\n<\/p><\/div>\n<div class=\"a-expander-header a-expander-partial-collapse-header a-text-left\">\n<div class=\"a-expander-content-fade\"><\/div>\n<p><a href=\"void(0)\" data-action=\"a-expander-toggle\" class=\"a-declarative\" data-a-expander-toggle=\"{\"><i class=\"a-icon a-icon-extender-expand\"><\/i><span class=\"a-expander-prompt\">Mehr lesen<\/span><\/a><\/div>\n<\/p><\/div>\n<\/p><\/div>\n<div class=\"celwidget aplus-module module-9 aplus-standard\">\n<div data-a-expander-name=\"aplus-module-expander\" data-a-expander-collapsed-height=\"700\" class=\"a-expander-collapsed-height a-row a-expander-container a-expander-partial-collapse-container\">\n<div class=\"a-expander-content a-expander-partial-collapse-content\">\n<div class=\"aplus-module-wrapper apm-fixed-width\">\n<div class=\"apm-spacing apm-fixed-width\">\n<table class=\"apm-fixed-width apm-eventhirdcol-table\">\n<tbody>\n<tr>\n<th class=\"apm-center\">\n<div class=\"apm-eventhirdcol apm-floatleft\">\n<p> <img alt=\"1\" src=\"https:\/\/images-na.ssl-images-amazon.com\/images\/G\/01\/x-locale\/common\/grey-pixel.gif\" class=\"a-spacing-mini a-lazy-loaded\" data-src=\"https:\/\/m.media-amazon.com\/images\/S\/aplus-seller-content-images-us-east-1\/A1PA6795UKMFR9\/A2KZQAP6BBXEUI\/8931a31d-b116-4524-96cc-b9f079659579._CR0,0,300,300_PT0_SX300__.jpg\"><\/p>\n<p><img alt=\"1\" src=\"https:\/\/m.media-amazon.com\/images\/S\/aplus-seller-content-images-us-east-1\/A1PA6795UKMFR9\/A2KZQAP6BBXEUI\/8931a31d-b116-4524-96cc-b9f079659579._CR0,0,300,300_PT0_SX300__.jpg\"> <\/div>\n<\/th>\n<th class=\"apm-center\">\n<div class=\"apm-eventhirdcol apm-floatleft\">\n<p> <img alt=\"2\" src=\"https:\/\/images-na.ssl-images-amazon.com\/images\/G\/01\/x-locale\/common\/grey-pixel.gif\" class=\"a-spacing-mini a-lazy-loaded\" data-src=\"https:\/\/m.media-amazon.com\/images\/S\/aplus-seller-content-images-us-east-1\/A1PA6795UKMFR9\/A2KZQAP6BBXEUI\/d6be2a5d-cf82-4293-9a7b-50e07307c10f._CR0,0,300,300_PT0_SX300__.jpg\"><\/p>\n<p><img alt=\"2\" src=\"https:\/\/m.media-amazon.com\/images\/S\/aplus-seller-content-images-us-east-1\/A1PA6795UKMFR9\/A2KZQAP6BBXEUI\/d6be2a5d-cf82-4293-9a7b-50e07307c10f._CR0,0,300,300_PT0_SX300__.jpg\"> <\/div>\n<\/th>\n<th class=\"apm-center\">\n<div class=\"apm-eventhirdcol apm-floatleft\">\n<p> <img alt=\"3\" src=\"https:\/\/images-na.ssl-images-amazon.com\/images\/G\/01\/x-locale\/common\/grey-pixel.gif\" class=\"a-spacing-mini a-lazy-loaded\" data-src=\"https:\/\/m.media-amazon.com\/images\/S\/aplus-seller-content-images-us-east-1\/A1PA6795UKMFR9\/A2KZQAP6BBXEUI\/9d1ec1e4-fe19-4e20-9093-b8295f6c7faa._CR0,0,300,300_PT0_SX300__.jpg\"><\/p>\n<p><img alt=\"3\" src=\"https:\/\/m.media-amazon.com\/images\/S\/aplus-seller-content-images-us-east-1\/A1PA6795UKMFR9\/A2KZQAP6BBXEUI\/9d1ec1e4-fe19-4e20-9093-b8295f6c7faa._CR0,0,300,300_PT0_SX300__.jpg\"> <\/div>\n<\/th>\n<\/tr>\n<tr>\n<td class=\"apm-top\">\n<div class=\"apm-eventhirdcol apm-floatleft\"> <\/div>\n<\/td>\n<td class=\"apm-top\">\n<div class=\"apm-eventhirdcol apm-floatleft\"> <\/div>\n<\/td>\n<td class=\"apm-top\">\n<div class=\"apm-eventhirdcol apm-floatleft\"> <\/div>\n<\/td>\n<\/tr>\n<\/tbody>\n<\/table>\n<\/div><\/div>\n<div><\/div>\n<\/p><\/div>\n<div class=\"a-expander-header a-expander-partial-collapse-header a-text-left\">\n<div class=\"a-expander-content-fade\"><\/div>\n<p><a href=\"void(0)\" data-action=\"a-expander-toggle\" class=\"a-declarative\" data-a-expander-toggle=\"{\"><i class=\"a-icon a-icon-extender-expand\"><\/i><span class=\"a-expander-prompt\">Mehr lesen<\/span><\/a><\/div>\n<\/p><\/div>\n<\/p><\/div>\n<p>\u25baBESTER GRILL F\u00dcR SIE: Wenn Sie sich nach dem rauchigen, gegrillten Aroma oder dem R\u00e4uchern von Fleisch sehnen, k\u00f6nnen Sie beides mit diesem einfachen, leichtgewichtigen BBQ-Holzkohlegrill erreichen. Treffen Sie sich einfach mit all Ihren Freunden oder Ihrer Familie, um diese besondere Romantik f\u00fcr das Rauchen im Freien zu haben, und genie\u00dfen Sie den guten Geschmack des Kochens mit Holzkohle. \u3010SUPER PERFEKT F\u00dcR 3-5 PERSONEN BBQ PARTY\u3011<br \/>\n\u25baVERN\u00dcNFTIGES DESIGN: Aus kaltgewalztem Eisen und hochwertigem Chrom-Drahtgeflecht. Hitzebest\u00e4ndig und kratzfest, nicht leicht verformbar und rostig. Brennen Sie ein Feuer schneller und einfacher mit 12 Luftentl\u00fcftungskonstruktionen rund um den Holzkohlebeh\u00e4lter, um das Verbrennen in Sauerstoff zu beschleunigen. Leicht zu reinigen, da das Backnetz herausgezogen werden kann und sicher und gesund bleibt, da die Luftstr\u00f6mungsl\u00f6cher und die M\u00f6rtelplatte Kohlenstoff und Staub trennen k\u00f6nnen.<br \/>\n\u25baFALTBAR &amp; TRAGBAR ZUM AUSF\u00dcHREN: Es kann nach dem Gebrauch weggeklappt werden. Die ungefaltete Gr\u00f6\u00dfe betr\u00e4gt (L\u00e4nge x Breite x H\u00f6he): 35 x 27 x 20 cm \/ 13,8 x 10,6 x 7,9 Zoll. Die gefaltete Gr\u00f6\u00dfe betr\u00e4gt: 35 x 27 x 6,5 cm \/ 13,8 x 10,6 x 2,6 Zoll. Der Griff ist platzsparend und praktisch, um ihn \u00fcberall hin mitzunehmen, um Spa\u00df zu haben.<br \/>\n\u25baEINFACH ZU VERWENDEN UND GEFALTET: Der Grill ist einfach aufzubauen und abzubauen (1 Minute). Keine Installation erforderlich. \u00d6ffnen Sie ihn einfach und stellen Sie ihn auf vier F\u00fc\u00dfe. Die Carbonbox im Inneren f\u00e4llt herunter, sodass der Grill gestartet werden kann und die Bedienung ist einfach. Falten Sie einfach die Beine und es ist nach dem Gebrauch einsatzbereit.\u3010WARNUNG: Stellen Sie sicher, dass Sie es auf einer flachen, stabilen Oberfl\u00e4che oder einem Tisch verwenden.\u3011<br \/>\n\u25baVERSCHIEDENE ANWENDUNG: W\u00e4hlen Sie dieses beste und perfekte Geschenk f\u00fcr BBQ, Picknicks, Tailgating, Camping oder eine Nacht auf der Terrasse, Innen- und Au\u00dfenpartys, Reisen, Park, Strand, wild mit Ihren Freunden und Familien. Genie\u00dfen Sie Ihr leckeres Essen \u00fcberall! Jederzeit!<br \/>\n<div class=\"main-cross-sell\" data-asin=\"B07MDBGZ4C\">\n\n\t<div class=\"WooZone-cross-sell-loader\">\n\t\t<div>\n\t\t\t<div id=\"floatingBarsG\">\n\t\t\t\t<div class=\"blockG\" id=\"rotateG_01\"><\/div>\n\t\t\t\t<div class=\"blockG\" id=\"rotateG_02\"><\/div>\n\t\t\t\t<div class=\"blockG\" id=\"rotateG_03\"><\/div>\n\t\t\t\t<div class=\"blockG\" id=\"rotateG_04\"><\/div>\n\t\t\t\t<div class=\"blockG\" id=\"rotateG_05\"><\/div>\n\t\t\t\t<div class=\"blockG\" id=\"rotateG_06\"><\/div>\n\t\t\t\t<div class=\"blockG\" id=\"rotateG_07\"><\/div>\n\t\t\t\t<div class=\"blockG\" id=\"rotateG_08\"><\/div>\n\t\t\t<\/div>\n\t\t\t<div class=\"WooZone-cross-sell-loader-text\"><\/div>\n\t\t<\/div>\n\t<\/div>\n\n\t\t\n<\/div>\n<div style=\"clear:both;\"><\/div><\/p>\n","protected":false},"excerpt":{"rendered":"<p>\u25baBESTER GRILL F\u00dcR SIE: Wenn Sie sich nach dem rauchigen, gegrillten Aroma oder dem R\u00e4uchern von Fleisch sehnen, k\u00f6nnen Sie beides mit diesem einfachen, leichtgewichtigen BBQ-Holzkohlegrill erreichen. Treffen Sie sich einfach mit all Ihren Freunden oder Ihrer Familie, um diese besondere Romantik f\u00fcr das Rauchen im Freien zu haben, und genie\u00dfen Sie den guten Geschmack des Kochens mit Holzkohle. \u3010SUPER PERFEKT F\u00dcR 3-5 PERSONEN BBQ PARTY\u3011<br \/>\n\u25baVERN\u00dcNFTIGES DESIGN: Aus kaltgewalztem Eisen und hochwertigem Chrom-Drahtgeflecht. Hitzebest\u00e4ndig und kratzfest, nicht leicht verformbar und rostig. Brennen Sie ein Feuer schneller und einfacher mit 12 Luftentl\u00fcftungskonstruktionen rund um den Holzkohlebeh\u00e4lter, um das Verbrennen in Sauerstoff zu beschleunigen. Leicht zu reinigen, da das Backnetz herausgezogen werden kann und sicher und gesund bleibt, da die Luftstr\u00f6mungsl\u00f6cher und die M\u00f6rtelplatte Kohlenstoff und Staub trennen k\u00f6nnen.<br \/>\n\u25baFALTBAR &amp; TRAGBAR ZUM AUSF\u00dcHREN: Es kann nach dem Gebrauch weggeklappt werden. Die ungefaltete Gr\u00f6\u00dfe betr\u00e4gt (L\u00e4nge x Breite x H\u00f6he): 35 x 27 x 20 cm \/ 13,8 x 10,6 x 7,9 Zoll. Die gefaltete Gr\u00f6\u00dfe betr\u00e4gt: 35 x 27 x 6,5 cm \/ 13,8 x 10,6 x 2,6 Zoll. Der Griff ist platzsparend und praktisch, um ihn \u00fcberall hin mitzunehmen, um Spa\u00df zu haben.<\/p>\n","protected":false},"featured_media":12932,"comment_status":"open","ping_status":"closed","template":"","meta":[],"product_cat":[15],"product_tag":[],"_links":{"self":[{"href":"https:\/\/camping.webspace.rocks\/index.php?rest_route=\/wp\/v2\/product\/12931"}],"collection":[{"href":"https:\/\/camping.webspace.rocks\/index.php?rest_route=\/wp\/v2\/product"}],"about":[{"href":"https:\/\/camping.webspace.rocks\/index.php?rest_route=\/wp\/v2\/types\/product"}],"replies":[{"embeddable":true,"href":"https:\/\/camping.webspace.rocks\/index.php?rest_route=%2Fwp%2Fv2%2Fcomments&post=12931"}],"version-history":[{"count":4,"href":"https:\/\/camping.webspace.rocks\/index.php?rest_route=\/wp\/v2\/product\/12931\/revisions"}],"predecessor-version":[{"id":19779,"href":"https:\/\/camping.webspace.rocks\/index.php?rest_route=\/wp\/v2\/product\/12931\/revisions\/19779"}],"wp:featuredmedia":[{"embeddable":true,"href":"https:\/\/camping.webspace.rocks\/index.php?rest_route=\/wp\/v2\/media\/12932"}],"wp:attachment":[{"href":"https:\/\/camping.webspace.rocks\/index.php?rest_route=%2Fwp%2Fv2%2Fmedia&parent=12931"}],"wp:term":[{"taxonomy":"product_cat","embeddable":true,"href":"https:\/\/camping.webspace.rocks\/index.php?rest_route=%2Fwp%2Fv2%2Fproduct_cat&post=12931"},{"taxonomy":"product_tag","embeddable":true,"href":"https:\/\/camping.webspace.rocks\/index.php?rest_route=%2Fwp%2Fv2%2Fproduct_tag&post=12931"}],"curies":[{"name":"wp","href":"https:\/\/api.w.org\/{rel}","templated":true}]}}