{"id":13003,"date":"2021-07-29T06:44:40","date_gmt":"2021-07-29T06:44:40","guid":{"rendered":"https:\/\/camping.webspace.rocks\/?product=activa-grill-tischgrill-xl-airbroil-junior-schwarz-holzkohlegrill-mit-aktivbelueftung"},"modified":"2023-04-08T10:13:44","modified_gmt":"2023-04-08T10:13:44","slug":"activa-grill-tischgrill-xl-airbroil-junior-schwarz-holzkohlegrill-mit-aktivbelueftung","status":"publish","type":"product","link":"https:\/\/camping.webspace.rocks\/?product=activa-grill-tischgrill-xl-airbroil-junior-schwarz-holzkohlegrill-mit-aktivbelueftung","title":{"rendered":"ACTIVA Grill Tischgrill XL AIRBROIL JUNIOR Schwarz, Holzkohlegrill mit Aktivbel\u00fcftung"},"content":{"rendered":"\n\t\t<style type=\"text\/css\">\n\t\t\t#gallery-1 {\n\t\t\t\tmargin: auto;\n\t\t\t}\n\t\t\t#gallery-1 .gallery-item {\n\t\t\t\tfloat: left;\n\t\t\t\tmargin-top: 10px;\n\t\t\t\ttext-align: center;\n\t\t\t\twidth: 33%;\n\t\t\t}\n\t\t\t#gallery-1 img {\n\t\t\t\tborder: 2px solid #cfcfcf;\n\t\t\t}\n\t\t\t#gallery-1 .gallery-caption {\n\t\t\t\tmargin-left: 0;\n\t\t\t}\n\t\t\t\/* see gallery_shortcode() in wp-includes\/media.php *\/\n\t\t<\/style>\n\t\t<div id='gallery-1' class='gallery galleryid-13003 gallery-columns-3 gallery-size-thumbnail'><dl class='gallery-item'>\n\t\t\t<dt class='gallery-icon landscape'>\n\t\t\t\t<a href='https:\/\/camping.webspace.rocks\/?attachment_id=13004'><img width=\"150\" height=\"150\" src=\"https:\/\/m.media-amazon.com\/images\/I\/41f9kz7R2oS._SS150_.jpg\" class=\"attachment-thumbnail size-thumbnail\" alt=\"\" loading=\"lazy\" srcset=\"https:\/\/m.media-amazon.com\/images\/I\/41f9kz7R2oS._SS150_.jpg 150w, https:\/\/m.media-amazon.com\/images\/I\/41f9kz7R2oS._SS300_.jpg 300w, https:\/\/m.media-amazon.com\/images\/I\/41f9kz7R2oS._SS768_.jpg 768w, https:\/\/m.media-amazon.com\/images\/I\/41f9kz7R2oS._SS1024_.jpg 1024w, https:\/\/m.media-amazon.com\/images\/I\/41f9kz7R2oS._SS1536_.jpg 1536w, https:\/\/m.media-amazon.com\/images\/I\/41f9kz7R2oS._SS2048_.jpg 2048w, https:\/\/m.media-amazon.com\/images\/I\/41f9kz7R2oS._SS1200_.jpg 1200w, https:\/\/m.media-amazon.com\/images\/I\/41f9kz7R2oS._SS600_.jpg 600w, https:\/\/m.media-amazon.com\/images\/I\/41f9kz7R2oS.jpg 500w\" sizes=\"(max-width: 150px) 100vw, 150px\" \/><\/a>\n\t\t\t<\/dt><\/dl><dl class='gallery-item'>\n\t\t\t<dt class='gallery-icon landscape'>\n\t\t\t\t<a href='https:\/\/camping.webspace.rocks\/?attachment_id=13005'><img width=\"150\" height=\"150\" src=\"https:\/\/m.media-amazon.com\/images\/I\/510ts1Csy0S._SS150_.jpg\" class=\"attachment-thumbnail size-thumbnail\" alt=\"\" loading=\"lazy\" srcset=\"https:\/\/m.media-amazon.com\/images\/I\/510ts1Csy0S._SS150_.jpg 150w, https:\/\/m.media-amazon.com\/images\/I\/510ts1Csy0S._SS300_.jpg 300w, https:\/\/m.media-amazon.com\/images\/I\/510ts1Csy0S._SS768_.jpg 768w, https:\/\/m.media-amazon.com\/images\/I\/510ts1Csy0S._SS1024_.jpg 1024w, https:\/\/m.media-amazon.com\/images\/I\/510ts1Csy0S._SS1536_.jpg 1536w, https:\/\/m.media-amazon.com\/images\/I\/510ts1Csy0S._SS2048_.jpg 2048w, https:\/\/m.media-amazon.com\/images\/I\/510ts1Csy0S._SS1200_.jpg 1200w, https:\/\/m.media-amazon.com\/images\/I\/510ts1Csy0S._SS600_.jpg 600w, https:\/\/m.media-amazon.com\/images\/I\/510ts1Csy0S.jpg 500w\" sizes=\"(max-width: 150px) 100vw, 150px\" \/><\/a>\n\t\t\t<\/dt><\/dl><dl class='gallery-item'>\n\t\t\t<dt class='gallery-icon landscape'>\n\t\t\t\t<a href='https:\/\/camping.webspace.rocks\/?attachment_id=13006'><img width=\"150\" height=\"150\" src=\"https:\/\/m.media-amazon.com\/images\/I\/31btYl8F+DS._SS150_.jpg\" class=\"attachment-thumbnail size-thumbnail\" alt=\"\" loading=\"lazy\" srcset=\"https:\/\/m.media-amazon.com\/images\/I\/31btYl8F+DS._SS150_.jpg 150w, https:\/\/m.media-amazon.com\/images\/I\/31btYl8F+DS._SS300_.jpg 300w, https:\/\/m.media-amazon.com\/images\/I\/31btYl8F+DS._SS768_.jpg 768w, https:\/\/m.media-amazon.com\/images\/I\/31btYl8F+DS._SS1024_.jpg 1024w, https:\/\/m.media-amazon.com\/images\/I\/31btYl8F+DS._SS1536_.jpg 1536w, https:\/\/m.media-amazon.com\/images\/I\/31btYl8F+DS._SS2048_.jpg 2048w, https:\/\/m.media-amazon.com\/images\/I\/31btYl8F+DS._SS1200_.jpg 1200w, https:\/\/m.media-amazon.com\/images\/I\/31btYl8F+DS._SS600_.jpg 600w, https:\/\/m.media-amazon.com\/images\/I\/31btYl8F+DS.jpg 500w\" sizes=\"(max-width: 150px) 100vw, 150px\" \/><\/a>\n\t\t\t<\/dt><\/dl><br style=\"clear: both\" \/>\n\t\t<\/div>\n\n<div class=\"disclaim\"> Farbe:<strong>Xl Schwarz<\/strong> <\/div>\n<p> <!-- show up to 2 reviews by default --> <\/p>\n<p>&#x1f525; SCHNELLES GRILLWUNDER: Der AIRBROIL Tischgrill XL f\u00fcr Ihre Terrasse oder Balkon kombiniert die klassische Holzkohle mit innovativer Aktivbel\u00fcftung: Schneller und unkomplizierter Genuss f\u00fcr zuhause!&#x1f525; SO FUNKTIONIERT\u00b4S: Kohle in den Brennkorb platzieren &amp; anz\u00fcnden \u2013 Batteriebetriebener Bel\u00fcfter verteilt die Hitze gleichm\u00e4\u00dfig im doppelwandigen Tischgrill \u2013 Grillgut auflegen und dann einfach Genie\u00dfen! &#x1f525; PERFEKT F\u00dcR UNTERWEGS: Der Holzkohle Grill kommt in einer praktischen Tragetasche und kann dadurch \u00fcberall mit hingenommen werden!&#x1f525; RAUCHARM &amp; PFLEGELEICHT: Dank Aktivbel\u00fcftungssystem &amp; Fettauffangschale! Ein Deckel auf dem Brennkorb verhindert, dass Fett &amp; Speisereste auf die gl\u00fchende Kohle fallen und verbrennen.&#x1f525; REGULIERBARE TEMPERATUR: Mit dem stufenlosen Regler k\u00f6nnen Sie den L\u00fcfter und somit die Temperatur steuern. Perfekt geeignet f\u00fcr Fleisch, W\u00fcrstchen, aber auch Gem\u00fcse und Brot. <\/p>\n<p>&#x1f525; SCHNELLES GRILLWUNDER: Der AIRBROIL Tischgrill XL f\u00fcr Ihre Terrasse oder Balkon kombiniert die klassische Holzkohle mit innovativer Aktivbel\u00fcftung: Schneller und unkomplizierter Genuss f\u00fcr zuhause!<br \/>\n&#x1f525; SO FUNKTIONIERT\u00b4S: Kohle in den Brennkorb platzieren &amp; anz\u00fcnden \u2013 Batteriebetriebener Bel\u00fcfter verteilt die Hitze gleichm\u00e4\u00dfig im doppelwandigen Tischgrill \u2013 Grillgut auflegen und dann einfach Genie\u00dfen!<br \/>\n&#x1f525; PERFEKT F\u00dcR UNTERWEGS: Der Holzkohle Grill kommt in einer praktischen Tragetasche und kann dadurch \u00fcberall mit hingenommen werden!<br \/>\n&#x1f525; RAUCHARM &amp; PFLEGELEICHT: Dank Aktivbel\u00fcftungssystem &amp; Fettauffangschale! Ein Deckel auf dem Brennkorb verhindert, dass Fett &amp; Speisereste auf die gl\u00fchende Kohle fallen und verbrennen.<br \/>\n&#x1f525; REGULIERBARE TEMPERATUR: Mit dem stufenlosen Regler k\u00f6nnen Sie den L\u00fcfter und somit die Temperatur steuern. Perfekt geeignet f\u00fcr Fleisch, W\u00fcrstchen, aber auch Gem\u00fcse und Brot.<br \/>\n<div class=\"main-cross-sell\" data-asin=\"B091XWRBZC\">\n\n\t<div class=\"WooZone-cross-sell-loader\">\n\t\t<div>\n\t\t\t<div id=\"floatingBarsG\">\n\t\t\t\t<div class=\"blockG\" id=\"rotateG_01\"><\/div>\n\t\t\t\t<div class=\"blockG\" id=\"rotateG_02\"><\/div>\n\t\t\t\t<div class=\"blockG\" id=\"rotateG_03\"><\/div>\n\t\t\t\t<div class=\"blockG\" id=\"rotateG_04\"><\/div>\n\t\t\t\t<div class=\"blockG\" id=\"rotateG_05\"><\/div>\n\t\t\t\t<div class=\"blockG\" id=\"rotateG_06\"><\/div>\n\t\t\t\t<div class=\"blockG\" id=\"rotateG_07\"><\/div>\n\t\t\t\t<div class=\"blockG\" id=\"rotateG_08\"><\/div>\n\t\t\t<\/div>\n\t\t\t<div class=\"WooZone-cross-sell-loader-text\"><\/div>\n\t\t<\/div>\n\t<\/div>\n\n\t\t\n<\/div>\n<div style=\"clear:both;\"><\/div><\/p>\n","protected":false},"excerpt":{"rendered":"<p>&#x1f525; SCHNELLES GRILLWUNDER: Der AIRBROIL Tischgrill XL f\u00fcr Ihre Terrasse oder Balkon kombiniert die klassische Holzkohle mit innovativer Aktivbel\u00fcftung: Schneller und unkomplizierter Genuss f\u00fcr zuhause!<br \/>\n&#x1f525; SO FUNKTIONIERT\u00b4S: Kohle in den Brennkorb platzieren &amp; anz\u00fcnden \u2013 Batteriebetriebener Bel\u00fcfter verteilt die Hitze gleichm\u00e4\u00dfig im doppelwandigen Tischgrill \u2013 Grillgut auflegen und dann einfach Genie\u00dfen!<br \/>\n&#x1f525; PERFEKT F\u00dcR UNTERWEGS: Der Holzkohle Grill kommt in einer praktischen Tragetasche und kann dadurch \u00fcberall mit hingenommen werden!<\/p>\n","protected":false},"featured_media":13004,"comment_status":"open","ping_status":"closed","template":"","meta":[],"product_cat":[15],"product_tag":[],"_links":{"self":[{"href":"https:\/\/camping.webspace.rocks\/index.php?rest_route=\/wp\/v2\/product\/13003"}],"collection":[{"href":"https:\/\/camping.webspace.rocks\/index.php?rest_route=\/wp\/v2\/product"}],"about":[{"href":"https:\/\/camping.webspace.rocks\/index.php?rest_route=\/wp\/v2\/types\/product"}],"replies":[{"embeddable":true,"href":"https:\/\/camping.webspace.rocks\/index.php?rest_route=%2Fwp%2Fv2%2Fcomments&post=13003"}],"version-history":[{"count":1,"href":"https:\/\/camping.webspace.rocks\/index.php?rest_route=\/wp\/v2\/product\/13003\/revisions"}],"predecessor-version":[{"id":14311,"href":"https:\/\/camping.webspace.rocks\/index.php?rest_route=\/wp\/v2\/product\/13003\/revisions\/14311"}],"wp:featuredmedia":[{"embeddable":true,"href":"https:\/\/camping.webspace.rocks\/index.php?rest_route=\/wp\/v2\/media\/13004"}],"wp:attachment":[{"href":"https:\/\/camping.webspace.rocks\/index.php?rest_route=%2Fwp%2Fv2%2Fmedia&parent=13003"}],"wp:term":[{"taxonomy":"product_cat","embeddable":true,"href":"https:\/\/camping.webspace.rocks\/index.php?rest_route=%2Fwp%2Fv2%2Fproduct_cat&post=13003"},{"taxonomy":"product_tag","embeddable":true,"href":"https:\/\/camping.webspace.rocks\/index.php?rest_route=%2Fwp%2Fv2%2Fproduct_tag&post=13003"}],"curies":[{"name":"wp","href":"https:\/\/api.w.org\/{rel}","templated":true}]}}