{"id":13063,"date":"2021-07-29T06:45:05","date_gmt":"2021-07-29T06:45:05","guid":{"rendered":"https:\/\/camping.webspace.rocks\/?product=weber-50060079-gasgrill-q1000-titan-campinggrill-grillen-auf-kleinen-balkonen"},"modified":"2023-04-08T10:13:46","modified_gmt":"2023-04-08T10:13:46","slug":"weber-50060079-gasgrill-q1000-titan-campinggrill-grillen-auf-kleinen-balkonen","status":"publish","type":"product","link":"https:\/\/camping.webspace.rocks\/?product=weber-50060079-gasgrill-q1000-titan-campinggrill-grillen-auf-kleinen-balkonen","title":{"rendered":"Weber Q1000 Gasgrill, 43 x 32 cm, Titan (50060079)"},"content":{"rendered":"\n\t\t<style type=\"text\/css\">\n\t\t\t#gallery-1 {\n\t\t\t\tmargin: auto;\n\t\t\t}\n\t\t\t#gallery-1 .gallery-item {\n\t\t\t\tfloat: left;\n\t\t\t\tmargin-top: 10px;\n\t\t\t\ttext-align: center;\n\t\t\t\twidth: 33%;\n\t\t\t}\n\t\t\t#gallery-1 img {\n\t\t\t\tborder: 2px solid #cfcfcf;\n\t\t\t}\n\t\t\t#gallery-1 .gallery-caption {\n\t\t\t\tmargin-left: 0;\n\t\t\t}\n\t\t\t\/* see gallery_shortcode() in wp-includes\/media.php *\/\n\t\t<\/style>\n\t\t<div id='gallery-1' class='gallery galleryid-13063 gallery-columns-3 gallery-size-thumbnail'><dl class='gallery-item'>\n\t\t\t<dt class='gallery-icon landscape'>\n\t\t\t\t<a href='https:\/\/camping.webspace.rocks\/?attachment_id=13064'><img width=\"150\" height=\"150\" src=\"https:\/\/m.media-amazon.com\/images\/I\/41+KVHMrusL._SS150_.jpg\" class=\"attachment-thumbnail size-thumbnail\" alt=\"\" loading=\"lazy\" srcset=\"https:\/\/m.media-amazon.com\/images\/I\/41+KVHMrusL._SS150_.jpg 150w, https:\/\/m.media-amazon.com\/images\/I\/41+KVHMrusL._SS300_.jpg 300w, https:\/\/m.media-amazon.com\/images\/I\/41+KVHMrusL._SS768_.jpg 768w, https:\/\/m.media-amazon.com\/images\/I\/41+KVHMrusL._SS1024_.jpg 1024w, https:\/\/m.media-amazon.com\/images\/I\/41+KVHMrusL._SS1536_.jpg 1536w, https:\/\/m.media-amazon.com\/images\/I\/41+KVHMrusL._SS2048_.jpg 2048w, https:\/\/m.media-amazon.com\/images\/I\/41+KVHMrusL._SS1200_.jpg 1200w, https:\/\/m.media-amazon.com\/images\/I\/41+KVHMrusL._SS600_.jpg 600w, https:\/\/m.media-amazon.com\/images\/I\/41+KVHMrusL.jpg 500w\" sizes=\"(max-width: 150px) 100vw, 150px\" \/><\/a>\n\t\t\t<\/dt><\/dl><dl class='gallery-item'>\n\t\t\t<dt class='gallery-icon landscape'>\n\t\t\t\t<a href='https:\/\/camping.webspace.rocks\/?attachment_id=13065'><img width=\"150\" height=\"150\" src=\"https:\/\/m.media-amazon.com\/images\/I\/41fVCtPupRL._SS150_.jpg\" class=\"attachment-thumbnail size-thumbnail\" alt=\"\" loading=\"lazy\" srcset=\"https:\/\/m.media-amazon.com\/images\/I\/41fVCtPupRL._SS150_.jpg 150w, https:\/\/m.media-amazon.com\/images\/I\/41fVCtPupRL._SS300_.jpg 300w, https:\/\/m.media-amazon.com\/images\/I\/41fVCtPupRL._SS768_.jpg 768w, https:\/\/m.media-amazon.com\/images\/I\/41fVCtPupRL._SS1024_.jpg 1024w, https:\/\/m.media-amazon.com\/images\/I\/41fVCtPupRL._SS1536_.jpg 1536w, https:\/\/m.media-amazon.com\/images\/I\/41fVCtPupRL._SS2048_.jpg 2048w, https:\/\/m.media-amazon.com\/images\/I\/41fVCtPupRL._SS1200_.jpg 1200w, https:\/\/m.media-amazon.com\/images\/I\/41fVCtPupRL._SS600_.jpg 600w, https:\/\/m.media-amazon.com\/images\/I\/41fVCtPupRL.jpg 500w\" sizes=\"(max-width: 150px) 100vw, 150px\" \/><\/a>\n\t\t\t<\/dt><\/dl><dl class='gallery-item'>\n\t\t\t<dt class='gallery-icon landscape'>\n\t\t\t\t<a href='https:\/\/camping.webspace.rocks\/?attachment_id=13066'><img width=\"150\" height=\"150\" src=\"https:\/\/m.media-amazon.com\/images\/I\/51y9bN9vr+L._SS150_.jpg\" class=\"attachment-thumbnail size-thumbnail\" alt=\"\" loading=\"lazy\" srcset=\"https:\/\/m.media-amazon.com\/images\/I\/51y9bN9vr+L._SS150_.jpg 150w, https:\/\/m.media-amazon.com\/images\/I\/51y9bN9vr+L._SS300_.jpg 300w, https:\/\/m.media-amazon.com\/images\/I\/51y9bN9vr+L._SS768_.jpg 768w, https:\/\/m.media-amazon.com\/images\/I\/51y9bN9vr+L._SS1024_.jpg 1024w, https:\/\/m.media-amazon.com\/images\/I\/51y9bN9vr+L._SS1536_.jpg 1536w, https:\/\/m.media-amazon.com\/images\/I\/51y9bN9vr+L._SS2048_.jpg 2048w, https:\/\/m.media-amazon.com\/images\/I\/51y9bN9vr+L._SS1200_.jpg 1200w, https:\/\/m.media-amazon.com\/images\/I\/51y9bN9vr+L._SS600_.jpg 600w, https:\/\/m.media-amazon.com\/images\/I\/51y9bN9vr+L.jpg 500w\" sizes=\"(max-width: 150px) 100vw, 150px\" \/><\/a>\n\t\t\t<\/dt><\/dl><br style=\"clear: both\" \/>\n\t\t<\/div>\n\n<div class=\"disclaim\"> Farbe:<strong>Titan<\/strong> | Stil:<strong>Gasgrill<\/strong> <\/div>\n<p> <!-- show up to 2 reviews by default --> <\/p>\n<p>Mach deinen Balkon zur Freiluftk\u00fcche. Mit diesem kompakten und leistungsstarken Grill kommst du einfach und unkompliziert zu einem perfekten Grillergebnis. Durch seinen porzellanemaillierten Guss-Grillrost und seinem Geh\u00e4use aus Aluminiumguss ist er stabil und langlebig. Er passt auf jeden noch so kleinen Balkon und ist ideal f\u00fcrs Camping. Dieser Grill ist ein mobiles Stauraumwunder in besonderem Design! *Gas-Kartuschen m\u00fcssen separat bestellt werden. Umr\u00fcstbar auf Gasflasche (Umr\u00fcst-Set separat erh\u00e4ltlich). <\/p>\n<p>Deckel und Geh\u00e4use aus stabilem Aluguss: hohe Lebensdauer<br \/>\n2-geteilter, porzellanemaillierter Guss-Grillrost mit integrierter Aromaschiene<br \/>\nGlasfaserverst\u00e4rkter Nylonrahmen: langlebig, hitze- und wetterbest\u00e4ndig<br \/>\nHerausnehmbare Fettauffangschale: f\u00fcr problemlose Entsorgung von herabtropfendem Fett<br \/>\nStufenlos regelbares Brennerventil: f\u00fcr optimale Temperaturregelung<br \/>\nHaltekorb f\u00fcr Gaskartusche: praktisch und sicher<br \/>\n<div class=\"main-cross-sell\" data-asin=\"B00HAKQKQQ\">\n\n\t<div class=\"WooZone-cross-sell-loader\">\n\t\t<div>\n\t\t\t<div id=\"floatingBarsG\">\n\t\t\t\t<div class=\"blockG\" id=\"rotateG_01\"><\/div>\n\t\t\t\t<div class=\"blockG\" id=\"rotateG_02\"><\/div>\n\t\t\t\t<div class=\"blockG\" id=\"rotateG_03\"><\/div>\n\t\t\t\t<div class=\"blockG\" id=\"rotateG_04\"><\/div>\n\t\t\t\t<div class=\"blockG\" id=\"rotateG_05\"><\/div>\n\t\t\t\t<div class=\"blockG\" id=\"rotateG_06\"><\/div>\n\t\t\t\t<div class=\"blockG\" id=\"rotateG_07\"><\/div>\n\t\t\t\t<div class=\"blockG\" id=\"rotateG_08\"><\/div>\n\t\t\t<\/div>\n\t\t\t<div class=\"WooZone-cross-sell-loader-text\"><\/div>\n\t\t<\/div>\n\t<\/div>\n\n\t\t\n<\/div>\n<div style=\"clear:both;\"><\/div><\/p>\n","protected":false},"excerpt":{"rendered":"<p>Deckel und Geh\u00e4use aus stabilem Aluguss: hohe Lebensdauer<br \/>\n2-geteilter, porzellanemaillierter Guss-Grillrost mit integrierter Aromaschiene<br \/>\nGlasfaserverst\u00e4rkter Nylonrahmen: langlebig, hitze- und wetterbest\u00e4ndig<\/p>\n","protected":false},"featured_media":13064,"comment_status":"open","ping_status":"closed","template":"","meta":[],"product_cat":[15],"product_tag":[],"_links":{"self":[{"href":"https:\/\/camping.webspace.rocks\/index.php?rest_route=\/wp\/v2\/product\/13063"}],"collection":[{"href":"https:\/\/camping.webspace.rocks\/index.php?rest_route=\/wp\/v2\/product"}],"about":[{"href":"https:\/\/camping.webspace.rocks\/index.php?rest_route=\/wp\/v2\/types\/product"}],"replies":[{"embeddable":true,"href":"https:\/\/camping.webspace.rocks\/index.php?rest_route=%2Fwp%2Fv2%2Fcomments&post=13063"}],"version-history":[{"count":2,"href":"https:\/\/camping.webspace.rocks\/index.php?rest_route=\/wp\/v2\/product\/13063\/revisions"}],"predecessor-version":[{"id":19052,"href":"https:\/\/camping.webspace.rocks\/index.php?rest_route=\/wp\/v2\/product\/13063\/revisions\/19052"}],"wp:featuredmedia":[{"embeddable":true,"href":"https:\/\/camping.webspace.rocks\/index.php?rest_route=\/wp\/v2\/media\/13064"}],"wp:attachment":[{"href":"https:\/\/camping.webspace.rocks\/index.php?rest_route=%2Fwp%2Fv2%2Fmedia&parent=13063"}],"wp:term":[{"taxonomy":"product_cat","embeddable":true,"href":"https:\/\/camping.webspace.rocks\/index.php?rest_route=%2Fwp%2Fv2%2Fproduct_cat&post=13063"},{"taxonomy":"product_tag","embeddable":true,"href":"https:\/\/camping.webspace.rocks\/index.php?rest_route=%2Fwp%2Fv2%2Fproduct_tag&post=13063"}],"curies":[{"name":"wp","href":"https:\/\/api.w.org\/{rel}","templated":true}]}}