{"id":13119,"date":"2021-07-29T06:47:27","date_gmt":"2021-07-29T06:47:27","guid":{"rendered":"https:\/\/camping.webspace.rocks\/?product=kugelgrill-mini-in-schwarz-picknickgrill-tischgrill-campinggrill-picknick-grill"},"modified":"2023-04-08T10:13:48","modified_gmt":"2023-04-08T10:13:48","slug":"kugelgrill-mini-in-schwarz-picknickgrill-tischgrill-campinggrill-picknick-grill","status":"publish","type":"product","link":"https:\/\/camping.webspace.rocks\/?product=kugelgrill-mini-in-schwarz-picknickgrill-tischgrill-campinggrill-picknick-grill","title":{"rendered":"KUGELGRILL MINI IN SCHWARZ PICKNICKGRILL TISCHGRILL CAMPINGGRILL PICKNICK &#8211; GRILL"},"content":{"rendered":"<p>\n\t\t<style type=\"text\/css\">\n\t\t\t#gallery-1 {\n\t\t\t\tmargin: auto;\n\t\t\t}\n\t\t\t#gallery-1 .gallery-item {\n\t\t\t\tfloat: left;\n\t\t\t\tmargin-top: 10px;\n\t\t\t\ttext-align: center;\n\t\t\t\twidth: 33%;\n\t\t\t}\n\t\t\t#gallery-1 img {\n\t\t\t\tborder: 2px solid #cfcfcf;\n\t\t\t}\n\t\t\t#gallery-1 .gallery-caption {\n\t\t\t\tmargin-left: 0;\n\t\t\t}\n\t\t\t\/* see gallery_shortcode() in wp-includes\/media.php *\/\n\t\t<\/style>\n\t\t<div id='gallery-1' class='gallery galleryid-13119 gallery-columns-3 gallery-size-thumbnail'><dl class='gallery-item'>\n\t\t\t<dt class='gallery-icon landscape'>\n\t\t\t\t<a href='https:\/\/camping.webspace.rocks\/?attachment_id=13120'><img width=\"150\" height=\"150\" src=\"https:\/\/m.media-amazon.com\/images\/I\/315I6YyxpES._SS150_.jpg\" class=\"attachment-thumbnail size-thumbnail\" alt=\"\" loading=\"lazy\" srcset=\"https:\/\/m.media-amazon.com\/images\/I\/315I6YyxpES._SS150_.jpg 150w, https:\/\/m.media-amazon.com\/images\/I\/315I6YyxpES._SS300_.jpg 300w, https:\/\/m.media-amazon.com\/images\/I\/315I6YyxpES._SS768_.jpg 768w, https:\/\/m.media-amazon.com\/images\/I\/315I6YyxpES._SS1024_.jpg 1024w, https:\/\/m.media-amazon.com\/images\/I\/315I6YyxpES._SS1536_.jpg 1536w, https:\/\/m.media-amazon.com\/images\/I\/315I6YyxpES._SS2048_.jpg 2048w, https:\/\/m.media-amazon.com\/images\/I\/315I6YyxpES._SS1200_.jpg 1200w, https:\/\/m.media-amazon.com\/images\/I\/315I6YyxpES._SS600_.jpg 600w, https:\/\/m.media-amazon.com\/images\/I\/315I6YyxpES.jpg 500w\" sizes=\"(max-width: 150px) 100vw, 150px\" \/><\/a>\n\t\t\t<\/dt><\/dl><dl class='gallery-item'>\n\t\t\t<dt class='gallery-icon landscape'>\n\t\t\t\t<a href='https:\/\/camping.webspace.rocks\/?attachment_id=13121'><img width=\"150\" height=\"150\" src=\"https:\/\/m.media-amazon.com\/images\/I\/31iiXHF0a6S._SS150_.jpg\" class=\"attachment-thumbnail size-thumbnail\" alt=\"\" loading=\"lazy\" srcset=\"https:\/\/m.media-amazon.com\/images\/I\/31iiXHF0a6S._SS150_.jpg 150w, https:\/\/m.media-amazon.com\/images\/I\/31iiXHF0a6S._SS300_.jpg 300w, https:\/\/m.media-amazon.com\/images\/I\/31iiXHF0a6S._SS768_.jpg 768w, https:\/\/m.media-amazon.com\/images\/I\/31iiXHF0a6S._SS1024_.jpg 1024w, https:\/\/m.media-amazon.com\/images\/I\/31iiXHF0a6S._SS1536_.jpg 1536w, https:\/\/m.media-amazon.com\/images\/I\/31iiXHF0a6S._SS2048_.jpg 2048w, https:\/\/m.media-amazon.com\/images\/I\/31iiXHF0a6S._SS1200_.jpg 1200w, https:\/\/m.media-amazon.com\/images\/I\/31iiXHF0a6S._SS600_.jpg 600w, https:\/\/m.media-amazon.com\/images\/I\/31iiXHF0a6S.jpg 500w\" sizes=\"(max-width: 150px) 100vw, 150px\" \/><\/a>\n\t\t\t<\/dt><\/dl><dl class='gallery-item'>\n\t\t\t<dt class='gallery-icon landscape'>\n\t\t\t\t<a href='https:\/\/camping.webspace.rocks\/?attachment_id=13122'><img width=\"150\" height=\"150\" src=\"https:\/\/m.media-amazon.com\/images\/I\/319Rl+YvV4S._SS150_.jpg\" class=\"attachment-thumbnail size-thumbnail\" alt=\"\" loading=\"lazy\" srcset=\"https:\/\/m.media-amazon.com\/images\/I\/319Rl+YvV4S._SS150_.jpg 150w, https:\/\/m.media-amazon.com\/images\/I\/319Rl+YvV4S._SS300_.jpg 300w, https:\/\/m.media-amazon.com\/images\/I\/319Rl+YvV4S._SS768_.jpg 768w, https:\/\/m.media-amazon.com\/images\/I\/319Rl+YvV4S._SS1024_.jpg 1024w, https:\/\/m.media-amazon.com\/images\/I\/319Rl+YvV4S._SS1536_.jpg 1536w, https:\/\/m.media-amazon.com\/images\/I\/319Rl+YvV4S._SS2048_.jpg 2048w, https:\/\/m.media-amazon.com\/images\/I\/319Rl+YvV4S._SS1200_.jpg 1200w, https:\/\/m.media-amazon.com\/images\/I\/319Rl+YvV4S._SS600_.jpg 600w, https:\/\/m.media-amazon.com\/images\/I\/319Rl+YvV4S.jpg 500w\" sizes=\"(max-width: 150px) 100vw, 150px\" \/><\/a>\n\t\t\t<\/dt><\/dl><br style=\"clear: both\" \/>\n\t\t<\/div>\n<br \/>\n<!-- show up to 2 reviews by default --> <\/p>\n<h3>Produktbeschreibungen<\/h3>\n<\/p>\n<p>Mini Kugelgrill schwarz<\/p>\n<p>zum direkten oder indirekten Grillen<\/p>\n<p>leicht transportierbar<\/p>\n<p>optimale Luftzirkulation durch 3 Bel\u00fcftungs\u00f6ffnungen<\/p>\n<p>Durchmesser ca. 30cm<\/p>\n<p>H\u00f6he ca. 45cm<\/p>\n<p>Durchmesser Grillrost ca. 29cm<\/p>\n<p>Grillrosth\u00f6he ca. 20cm<\/p>\n<p>mit Tragegriff aus Holz<\/p>\n<p>sicher verschliessbar f\u00fcr den Transport durch 3 praktischeB\u00fcgelverschl\u00fcsse<\/p>\n<p>aus Metall<\/p>\n<\/p>\n<h3>Rechtliche Hinweise<\/h3>\n<p>Privatverkauf, keine R\u00fccknahme. <\/p>\n<p>zum direkten oder indirekten Grillen<br \/>\noptimale Luftzirkulation durch 3 Bel\u00fcftungs\u00f6ffnungen<br \/>\nDurchmesser ca. 30cm<br \/>\nH\u00f6he ca. 45cm<br \/>\nsicher verschliessbar f\u00fcr den Transport durch 3 praktische B\u00fcgelverschl\u00fcsse<br \/>\n<div class=\"main-cross-sell\" data-asin=\"B00KK1POPU\">\n\n\t<div class=\"WooZone-cross-sell-loader\">\n\t\t<div>\n\t\t\t<div id=\"floatingBarsG\">\n\t\t\t\t<div class=\"blockG\" id=\"rotateG_01\"><\/div>\n\t\t\t\t<div class=\"blockG\" id=\"rotateG_02\"><\/div>\n\t\t\t\t<div class=\"blockG\" id=\"rotateG_03\"><\/div>\n\t\t\t\t<div class=\"blockG\" id=\"rotateG_04\"><\/div>\n\t\t\t\t<div class=\"blockG\" id=\"rotateG_05\"><\/div>\n\t\t\t\t<div class=\"blockG\" id=\"rotateG_06\"><\/div>\n\t\t\t\t<div class=\"blockG\" id=\"rotateG_07\"><\/div>\n\t\t\t\t<div class=\"blockG\" id=\"rotateG_08\"><\/div>\n\t\t\t<\/div>\n\t\t\t<div class=\"WooZone-cross-sell-loader-text\"><\/div>\n\t\t<\/div>\n\t<\/div>\n\n\t\t\n<\/div>\n<div style=\"clear:both;\"><\/div><\/p>\n","protected":false},"excerpt":{"rendered":"<p>zum direkten oder indirekten Grillen<br \/>\noptimale Luftzirkulation durch 3 Bel\u00fcftungs\u00f6ffnungen<br \/>\nDurchmesser ca. 30cm<\/p>\n","protected":false},"featured_media":13120,"comment_status":"open","ping_status":"closed","template":"","meta":[],"product_cat":[15],"product_tag":[],"_links":{"self":[{"href":"https:\/\/camping.webspace.rocks\/index.php?rest_route=\/wp\/v2\/product\/13119"}],"collection":[{"href":"https:\/\/camping.webspace.rocks\/index.php?rest_route=\/wp\/v2\/product"}],"about":[{"href":"https:\/\/camping.webspace.rocks\/index.php?rest_route=\/wp\/v2\/types\/product"}],"replies":[{"embeddable":true,"href":"https:\/\/camping.webspace.rocks\/index.php?rest_route=%2Fwp%2Fv2%2Fcomments&post=13119"}],"version-history":[{"count":1,"href":"https:\/\/camping.webspace.rocks\/index.php?rest_route=\/wp\/v2\/product\/13119\/revisions"}],"predecessor-version":[{"id":14340,"href":"https:\/\/camping.webspace.rocks\/index.php?rest_route=\/wp\/v2\/product\/13119\/revisions\/14340"}],"wp:featuredmedia":[{"embeddable":true,"href":"https:\/\/camping.webspace.rocks\/index.php?rest_route=\/wp\/v2\/media\/13120"}],"wp:attachment":[{"href":"https:\/\/camping.webspace.rocks\/index.php?rest_route=%2Fwp%2Fv2%2Fmedia&parent=13119"}],"wp:term":[{"taxonomy":"product_cat","embeddable":true,"href":"https:\/\/camping.webspace.rocks\/index.php?rest_route=%2Fwp%2Fv2%2Fproduct_cat&post=13119"},{"taxonomy":"product_tag","embeddable":true,"href":"https:\/\/camping.webspace.rocks\/index.php?rest_route=%2Fwp%2Fv2%2Fproduct_tag&post=13119"}],"curies":[{"name":"wp","href":"https:\/\/api.w.org\/{rel}","templated":true}]}}