{"id":13143,"date":"2021-07-29T06:47:37","date_gmt":"2021-07-29T06:47:37","guid":{"rendered":"https:\/\/camping.webspace.rocks\/?product=campingaz-grill-3-in-1-gasgrill"},"modified":"2023-04-08T10:13:48","modified_gmt":"2023-04-08T10:13:48","slug":"campingaz-grill-3-in-1-gasgrill","status":"publish","type":"product","link":"https:\/\/camping.webspace.rocks\/?product=campingaz-grill-3-in-1-gasgrill","title":{"rendered":"Campingaz Grill 3 in 1 &#8211; Gasgrill"},"content":{"rendered":"<p>\n\t\t<style type=\"text\/css\">\n\t\t\t#gallery-1 {\n\t\t\t\tmargin: auto;\n\t\t\t}\n\t\t\t#gallery-1 .gallery-item {\n\t\t\t\tfloat: left;\n\t\t\t\tmargin-top: 10px;\n\t\t\t\ttext-align: center;\n\t\t\t\twidth: 33%;\n\t\t\t}\n\t\t\t#gallery-1 img {\n\t\t\t\tborder: 2px solid #cfcfcf;\n\t\t\t}\n\t\t\t#gallery-1 .gallery-caption {\n\t\t\t\tmargin-left: 0;\n\t\t\t}\n\t\t\t\/* see gallery_shortcode() in wp-includes\/media.php *\/\n\t\t<\/style>\n\t\t<div id='gallery-1' class='gallery galleryid-13143 gallery-columns-3 gallery-size-thumbnail'><dl class='gallery-item'>\n\t\t\t<dt class='gallery-icon landscape'>\n\t\t\t\t<a href='https:\/\/camping.webspace.rocks\/?attachment_id=13144'><img width=\"150\" height=\"150\" src=\"https:\/\/m.media-amazon.com\/images\/I\/51UdxGB7H6L._SS150_.jpg\" class=\"attachment-thumbnail size-thumbnail\" alt=\"\" loading=\"lazy\" srcset=\"https:\/\/m.media-amazon.com\/images\/I\/51UdxGB7H6L._SS150_.jpg 150w, https:\/\/m.media-amazon.com\/images\/I\/51UdxGB7H6L._SS300_.jpg 300w, https:\/\/m.media-amazon.com\/images\/I\/51UdxGB7H6L._SS768_.jpg 768w, https:\/\/m.media-amazon.com\/images\/I\/51UdxGB7H6L._SS1024_.jpg 1024w, https:\/\/m.media-amazon.com\/images\/I\/51UdxGB7H6L._SS1536_.jpg 1536w, https:\/\/m.media-amazon.com\/images\/I\/51UdxGB7H6L._SS2048_.jpg 2048w, https:\/\/m.media-amazon.com\/images\/I\/51UdxGB7H6L._SS1200_.jpg 1200w, https:\/\/m.media-amazon.com\/images\/I\/51UdxGB7H6L._SS600_.jpg 600w, https:\/\/m.media-amazon.com\/images\/I\/51UdxGB7H6L.jpg 500w\" sizes=\"(max-width: 150px) 100vw, 150px\" \/><\/a>\n\t\t\t<\/dt><\/dl><dl class='gallery-item'>\n\t\t\t<dt class='gallery-icon landscape'>\n\t\t\t\t<a href='https:\/\/camping.webspace.rocks\/?attachment_id=13145'><img width=\"150\" height=\"150\" src=\"https:\/\/m.media-amazon.com\/images\/I\/51b-Io41MeL._SS150_.jpg\" class=\"attachment-thumbnail size-thumbnail\" alt=\"\" loading=\"lazy\" srcset=\"https:\/\/m.media-amazon.com\/images\/I\/51b-Io41MeL._SS150_.jpg 150w, https:\/\/m.media-amazon.com\/images\/I\/51b-Io41MeL._SS300_.jpg 300w, https:\/\/m.media-amazon.com\/images\/I\/51b-Io41MeL._SS768_.jpg 768w, https:\/\/m.media-amazon.com\/images\/I\/51b-Io41MeL._SS1024_.jpg 1024w, https:\/\/m.media-amazon.com\/images\/I\/51b-Io41MeL._SS1536_.jpg 1536w, https:\/\/m.media-amazon.com\/images\/I\/51b-Io41MeL._SS2048_.jpg 2048w, https:\/\/m.media-amazon.com\/images\/I\/51b-Io41MeL._SS1200_.jpg 1200w, https:\/\/m.media-amazon.com\/images\/I\/51b-Io41MeL._SS600_.jpg 600w, https:\/\/m.media-amazon.com\/images\/I\/51b-Io41MeL.jpg 500w\" sizes=\"(max-width: 150px) 100vw, 150px\" \/><\/a>\n\t\t\t<\/dt><\/dl><dl class='gallery-item'>\n\t\t\t<dt class='gallery-icon landscape'>\n\t\t\t\t<a href='https:\/\/camping.webspace.rocks\/?attachment_id=13146'><img width=\"150\" height=\"150\" src=\"https:\/\/m.media-amazon.com\/images\/I\/51y6zPtiAcL._SS150_.jpg\" class=\"attachment-thumbnail size-thumbnail\" alt=\"\" loading=\"lazy\" srcset=\"https:\/\/m.media-amazon.com\/images\/I\/51y6zPtiAcL._SS150_.jpg 150w, https:\/\/m.media-amazon.com\/images\/I\/51y6zPtiAcL._SS300_.jpg 300w, https:\/\/m.media-amazon.com\/images\/I\/51y6zPtiAcL._SS768_.jpg 768w, https:\/\/m.media-amazon.com\/images\/I\/51y6zPtiAcL._SS1024_.jpg 1024w, https:\/\/m.media-amazon.com\/images\/I\/51y6zPtiAcL._SS1536_.jpg 1536w, https:\/\/m.media-amazon.com\/images\/I\/51y6zPtiAcL._SS2048_.jpg 2048w, https:\/\/m.media-amazon.com\/images\/I\/51y6zPtiAcL._SS1200_.jpg 1200w, https:\/\/m.media-amazon.com\/images\/I\/51y6zPtiAcL._SS600_.jpg 600w, https:\/\/m.media-amazon.com\/images\/I\/51y6zPtiAcL.jpg 500w\" sizes=\"(max-width: 150px) 100vw, 150px\" \/><\/a>\n\t\t\t<\/dt><\/dl><br style=\"clear: both\" \/>\n\t\t<\/div>\n<br \/>\n<!-- show up to 2 reviews by default --> <\/p>\n<p>Campingaz Grill 3 in 1 Der Vielseitige. Grillen, Kontaktgrillen und Kochen mit einem Multitalent Im Ger\u00e4t k\u00f6nnen wahlweise eingesetzt werden: das Topfkreuz zum Kochen, der antihaftbeschichtete Grillrost zum Grillen oder die antihaftbeschichtete Kontaktgrillplatte Der 3 in 1 ist mit einem emaillierten Deckel ausgestattet, welcher auch den Einsatz als Backofen erlaubt Fein regulierbare Hitzezufuhr, Piezo-Z\u00fcndung und die einfache Handhabung im Betrieb und bei der Reinigung lassen kaum W\u00fcnsche offen Nat\u00fcrlich mit Easy ClickTM f\u00fcr die 470er Campingaz Ventilkartuschen (CV 470 Plus) Leistung 1500 Watt Brennstoff Gas Brennzeit max. 4 h 50 min (CV470) Vergleichskochzeit 8 min Grillfl\u00e4che 34 x 24,5 cm Ma\u00dfe: 47 x 39 x 15 cm Gewicht: 5600 g <\/p>\n<p>Kochen, grillen und kontaktgrillen in einem. F\u00fcr Campingaz-Ventilkartusche CV 470 Plus.<br \/>\nLeistung: 1.500 W. Siedezeit f\u00fcr 1 Liter Wasser: 8 Min. Brenndauer: 4 Std. 50 Min. (CV 470 Plus).<br \/>\nMit Piezoz\u00fcndung, Topfkreuz, Grillplatte (Ma\u00dfe: 34 x 24,5 cm) und Kontaktgrillplatte (Ma\u00dfe: 34,5 x 25,5 cm). Emaillierter Deckel mit sicherem Verschluss und Tragegriff.<br \/>\nVielseitiges Ger\u00e4t. Einfach zu bedienen. Gleichm\u00e4\u00dfige Grillhitze. Leicht zu reinigen.<br \/>\nMa\u00dfe: 47 x 39 x15 cm. Gewicht: 5,6 kg.<br \/>\n<div class=\"main-cross-sell\" data-asin=\"B0047T69LO\">\n\n\t<div class=\"WooZone-cross-sell-loader\">\n\t\t<div>\n\t\t\t<div id=\"floatingBarsG\">\n\t\t\t\t<div class=\"blockG\" id=\"rotateG_01\"><\/div>\n\t\t\t\t<div class=\"blockG\" id=\"rotateG_02\"><\/div>\n\t\t\t\t<div class=\"blockG\" id=\"rotateG_03\"><\/div>\n\t\t\t\t<div class=\"blockG\" id=\"rotateG_04\"><\/div>\n\t\t\t\t<div class=\"blockG\" id=\"rotateG_05\"><\/div>\n\t\t\t\t<div class=\"blockG\" id=\"rotateG_06\"><\/div>\n\t\t\t\t<div class=\"blockG\" id=\"rotateG_07\"><\/div>\n\t\t\t\t<div class=\"blockG\" id=\"rotateG_08\"><\/div>\n\t\t\t<\/div>\n\t\t\t<div class=\"WooZone-cross-sell-loader-text\"><\/div>\n\t\t<\/div>\n\t<\/div>\n\n\t\t\n<\/div>\n<div style=\"clear:both;\"><\/div><\/p>\n","protected":false},"excerpt":{"rendered":"<p>Kochen, grillen und kontaktgrillen in einem. F\u00fcr Campingaz-Ventilkartusche CV 470 Plus.<br \/>\nLeistung: 1.500 W. Siedezeit f\u00fcr 1 Liter Wasser: 8 Min. Brenndauer: 4 Std. 50 Min. (CV 470 Plus).<br \/>\nMit Piezoz\u00fcndung, Topfkreuz, Grillplatte (Ma\u00dfe: 34 x 24,5 cm) und Kontaktgrillplatte (Ma\u00dfe: 34,5 x 25,5 cm). Emaillierter Deckel mit sicherem Verschluss und Tragegriff.<\/p>\n","protected":false},"featured_media":13144,"comment_status":"open","ping_status":"closed","template":"","meta":[],"product_cat":[15],"product_tag":[],"_links":{"self":[{"href":"https:\/\/camping.webspace.rocks\/index.php?rest_route=\/wp\/v2\/product\/13143"}],"collection":[{"href":"https:\/\/camping.webspace.rocks\/index.php?rest_route=\/wp\/v2\/product"}],"about":[{"href":"https:\/\/camping.webspace.rocks\/index.php?rest_route=\/wp\/v2\/types\/product"}],"replies":[{"embeddable":true,"href":"https:\/\/camping.webspace.rocks\/index.php?rest_route=%2Fwp%2Fv2%2Fcomments&post=13143"}],"version-history":[{"count":1,"href":"https:\/\/camping.webspace.rocks\/index.php?rest_route=\/wp\/v2\/product\/13143\/revisions"}],"predecessor-version":[{"id":14346,"href":"https:\/\/camping.webspace.rocks\/index.php?rest_route=\/wp\/v2\/product\/13143\/revisions\/14346"}],"wp:featuredmedia":[{"embeddable":true,"href":"https:\/\/camping.webspace.rocks\/index.php?rest_route=\/wp\/v2\/media\/13144"}],"wp:attachment":[{"href":"https:\/\/camping.webspace.rocks\/index.php?rest_route=%2Fwp%2Fv2%2Fmedia&parent=13143"}],"wp:term":[{"taxonomy":"product_cat","embeddable":true,"href":"https:\/\/camping.webspace.rocks\/index.php?rest_route=%2Fwp%2Fv2%2Fproduct_cat&post=13143"},{"taxonomy":"product_tag","embeddable":true,"href":"https:\/\/camping.webspace.rocks\/index.php?rest_route=%2Fwp%2Fv2%2Fproduct_tag&post=13143"}],"curies":[{"name":"wp","href":"https:\/\/api.w.org\/{rel}","templated":true}]}}