{"id":13296,"date":"2021-07-29T06:51:14","date_gmt":"2021-07-29T06:51:14","guid":{"rendered":"https:\/\/camping.webspace.rocks\/?product=amazon-basics-robuster-klappbarer-camping-grill"},"modified":"2023-04-08T10:13:52","modified_gmt":"2023-04-08T10:13:52","slug":"amazon-basics-robuster-klappbarer-camping-grill","status":"publish","type":"product","link":"https:\/\/camping.webspace.rocks\/?product=amazon-basics-robuster-klappbarer-camping-grill","title":{"rendered":"Amazon Basics &#8211; Robuster, klappbarer Camping-Grill"},"content":{"rendered":"<p>\n\t\t<style type=\"text\/css\">\n\t\t\t#gallery-1 {\n\t\t\t\tmargin: auto;\n\t\t\t}\n\t\t\t#gallery-1 .gallery-item {\n\t\t\t\tfloat: left;\n\t\t\t\tmargin-top: 10px;\n\t\t\t\ttext-align: center;\n\t\t\t\twidth: 33%;\n\t\t\t}\n\t\t\t#gallery-1 img {\n\t\t\t\tborder: 2px solid #cfcfcf;\n\t\t\t}\n\t\t\t#gallery-1 .gallery-caption {\n\t\t\t\tmargin-left: 0;\n\t\t\t}\n\t\t\t\/* see gallery_shortcode() in wp-includes\/media.php *\/\n\t\t<\/style>\n\t\t<div id='gallery-1' class='gallery galleryid-13296 gallery-columns-3 gallery-size-thumbnail'><dl class='gallery-item'>\n\t\t\t<dt class='gallery-icon landscape'>\n\t\t\t\t<a href='https:\/\/camping.webspace.rocks\/?attachment_id=13297'><img width=\"150\" height=\"150\" src=\"https:\/\/m.media-amazon.com\/images\/I\/31TQld9ZkDL._SS150_.jpg\" class=\"attachment-thumbnail size-thumbnail\" alt=\"\" loading=\"lazy\" srcset=\"https:\/\/m.media-amazon.com\/images\/I\/31TQld9ZkDL._SS150_.jpg 150w, https:\/\/m.media-amazon.com\/images\/I\/31TQld9ZkDL._SS300_.jpg 300w, https:\/\/m.media-amazon.com\/images\/I\/31TQld9ZkDL._SS768_.jpg 768w, https:\/\/m.media-amazon.com\/images\/I\/31TQld9ZkDL._SS1024_.jpg 1024w, https:\/\/m.media-amazon.com\/images\/I\/31TQld9ZkDL._SS1536_.jpg 1536w, https:\/\/m.media-amazon.com\/images\/I\/31TQld9ZkDL._SS2048_.jpg 2048w, https:\/\/m.media-amazon.com\/images\/I\/31TQld9ZkDL._SS1200_.jpg 1200w, https:\/\/m.media-amazon.com\/images\/I\/31TQld9ZkDL._SS600_.jpg 600w, https:\/\/m.media-amazon.com\/images\/I\/31TQld9ZkDL.jpg 500w\" sizes=\"(max-width: 150px) 100vw, 150px\" \/><\/a>\n\t\t\t<\/dt><\/dl><dl class='gallery-item'>\n\t\t\t<dt class='gallery-icon landscape'>\n\t\t\t\t<a href='https:\/\/camping.webspace.rocks\/?attachment_id=13298'><img width=\"150\" height=\"150\" src=\"https:\/\/m.media-amazon.com\/images\/I\/41gI3dzzqUL._SS150_.jpg\" class=\"attachment-thumbnail size-thumbnail\" alt=\"\" loading=\"lazy\" srcset=\"https:\/\/m.media-amazon.com\/images\/I\/41gI3dzzqUL._SS150_.jpg 150w, https:\/\/m.media-amazon.com\/images\/I\/41gI3dzzqUL._SS300_.jpg 300w, https:\/\/m.media-amazon.com\/images\/I\/41gI3dzzqUL._SS768_.jpg 768w, https:\/\/m.media-amazon.com\/images\/I\/41gI3dzzqUL._SS1024_.jpg 1024w, https:\/\/m.media-amazon.com\/images\/I\/41gI3dzzqUL._SS1536_.jpg 1536w, https:\/\/m.media-amazon.com\/images\/I\/41gI3dzzqUL._SS2048_.jpg 2048w, https:\/\/m.media-amazon.com\/images\/I\/41gI3dzzqUL._SS1200_.jpg 1200w, https:\/\/m.media-amazon.com\/images\/I\/41gI3dzzqUL._SS600_.jpg 600w, https:\/\/m.media-amazon.com\/images\/I\/41gI3dzzqUL.jpg 500w\" sizes=\"(max-width: 150px) 100vw, 150px\" \/><\/a>\n\t\t\t<\/dt><\/dl><dl class='gallery-item'>\n\t\t\t<dt class='gallery-icon landscape'>\n\t\t\t\t<a href='https:\/\/camping.webspace.rocks\/?attachment_id=13299'><img width=\"150\" height=\"150\" src=\"https:\/\/m.media-amazon.com\/images\/I\/41-aFqJqk9L._SS150_.jpg\" class=\"attachment-thumbnail size-thumbnail\" alt=\"\" loading=\"lazy\" srcset=\"https:\/\/m.media-amazon.com\/images\/I\/41-aFqJqk9L._SS150_.jpg 150w, https:\/\/m.media-amazon.com\/images\/I\/41-aFqJqk9L._SS300_.jpg 300w, https:\/\/m.media-amazon.com\/images\/I\/41-aFqJqk9L._SS768_.jpg 768w, https:\/\/m.media-amazon.com\/images\/I\/41-aFqJqk9L._SS1024_.jpg 1024w, https:\/\/m.media-amazon.com\/images\/I\/41-aFqJqk9L._SS1536_.jpg 1536w, https:\/\/m.media-amazon.com\/images\/I\/41-aFqJqk9L._SS2048_.jpg 2048w, https:\/\/m.media-amazon.com\/images\/I\/41-aFqJqk9L._SS1200_.jpg 1200w, https:\/\/m.media-amazon.com\/images\/I\/41-aFqJqk9L._SS600_.jpg 600w, https:\/\/m.media-amazon.com\/images\/I\/41-aFqJqk9L.jpg 500w\" sizes=\"(max-width: 150px) 100vw, 150px\" \/><\/a>\n\t\t\t<\/dt><\/dl><br style=\"clear: both\" \/>\n\t\t<\/div>\n<br \/>\n<!-- show up to 2 reviews by default --><br \/>\nRobuster Camping-Grill zum Kochen \u00fcber offenem Feuer<br \/>\nHochwertiger geschwei\u00dfter Stahl mit Stahlgitter<br \/>\nZur Verwendung mit Outdoor-Kochgeschirr geeignet, einschlie\u00dflich schwerem Gusseisen (nicht f\u00fcr direkten Kontakt mit dem Grillgut geeignet)<br \/>\nNach au\u00dfen gerichtete Beine garantieren Stabilit\u00e4t und sind einklappbar f\u00fcr einen leichten Transport und ein kompaktes Verstauen<br \/>\nGr\u00f6\u00dfe: Extra-Gro\u00df<br \/>\n<div class=\"main-cross-sell\" data-asin=\"B074N1W4G8\">\n\n\t<div class=\"WooZone-cross-sell-loader\">\n\t\t<div>\n\t\t\t<div id=\"floatingBarsG\">\n\t\t\t\t<div class=\"blockG\" id=\"rotateG_01\"><\/div>\n\t\t\t\t<div class=\"blockG\" id=\"rotateG_02\"><\/div>\n\t\t\t\t<div class=\"blockG\" id=\"rotateG_03\"><\/div>\n\t\t\t\t<div class=\"blockG\" id=\"rotateG_04\"><\/div>\n\t\t\t\t<div class=\"blockG\" id=\"rotateG_05\"><\/div>\n\t\t\t\t<div class=\"blockG\" id=\"rotateG_06\"><\/div>\n\t\t\t\t<div class=\"blockG\" id=\"rotateG_07\"><\/div>\n\t\t\t\t<div class=\"blockG\" id=\"rotateG_08\"><\/div>\n\t\t\t<\/div>\n\t\t\t<div class=\"WooZone-cross-sell-loader-text\"><\/div>\n\t\t<\/div>\n\t<\/div>\n\n\t\t\n<\/div>\n<div style=\"clear:both;\"><\/div><\/p>\n","protected":false},"excerpt":{"rendered":"<p>Robuster Camping-Grill zum Kochen \u00fcber offenem Feuer<br \/>\nHochwertiger geschwei\u00dfter Stahl mit Stahlgitter<br \/>\nZur Verwendung mit Outdoor-Kochgeschirr geeignet, einschlie\u00dflich schwerem Gusseisen (nicht f\u00fcr direkten Kontakt mit dem Grillgut geeignet)<\/p>\n","protected":false},"featured_media":13297,"comment_status":"open","ping_status":"closed","template":"","meta":[],"product_cat":[15],"product_tag":[],"_links":{"self":[{"href":"https:\/\/camping.webspace.rocks\/index.php?rest_route=\/wp\/v2\/product\/13296"}],"collection":[{"href":"https:\/\/camping.webspace.rocks\/index.php?rest_route=\/wp\/v2\/product"}],"about":[{"href":"https:\/\/camping.webspace.rocks\/index.php?rest_route=\/wp\/v2\/types\/product"}],"replies":[{"embeddable":true,"href":"https:\/\/camping.webspace.rocks\/index.php?rest_route=%2Fwp%2Fv2%2Fcomments&post=13296"}],"version-history":[{"count":1,"href":"https:\/\/camping.webspace.rocks\/index.php?rest_route=\/wp\/v2\/product\/13296\/revisions"}],"predecessor-version":[{"id":14385,"href":"https:\/\/camping.webspace.rocks\/index.php?rest_route=\/wp\/v2\/product\/13296\/revisions\/14385"}],"wp:featuredmedia":[{"embeddable":true,"href":"https:\/\/camping.webspace.rocks\/index.php?rest_route=\/wp\/v2\/media\/13297"}],"wp:attachment":[{"href":"https:\/\/camping.webspace.rocks\/index.php?rest_route=%2Fwp%2Fv2%2Fmedia&parent=13296"}],"wp:term":[{"taxonomy":"product_cat","embeddable":true,"href":"https:\/\/camping.webspace.rocks\/index.php?rest_route=%2Fwp%2Fv2%2Fproduct_cat&post=13296"},{"taxonomy":"product_tag","embeddable":true,"href":"https:\/\/camping.webspace.rocks\/index.php?rest_route=%2Fwp%2Fv2%2Fproduct_tag&post=13296"}],"curies":[{"name":"wp","href":"https:\/\/api.w.org\/{rel}","templated":true}]}}