{"id":13328,"date":"2021-07-29T06:51:27","date_gmt":"2021-07-29T06:51:27","guid":{"rendered":"https:\/\/camping.webspace.rocks\/?product=campingaz-uni-400-sg-campingkoche-kompakter-outdoor-kocher"},"modified":"2023-04-08T10:13:53","modified_gmt":"2023-04-08T10:13:53","slug":"campingaz-uni-400-sg-campingkoche-kompakter-outdoor-kocher","status":"publish","type":"product","link":"https:\/\/camping.webspace.rocks\/?product=campingaz-uni-400-sg-campingkoche-kompakter-outdoor-kocher","title":{"rendered":"Campingaz Uni 400 SG Campingkocher, Kompakter Outdoor Kocher"},"content":{"rendered":"<p>\n\t\t<style type=\"text\/css\">\n\t\t\t#gallery-1 {\n\t\t\t\tmargin: auto;\n\t\t\t}\n\t\t\t#gallery-1 .gallery-item {\n\t\t\t\tfloat: left;\n\t\t\t\tmargin-top: 10px;\n\t\t\t\ttext-align: center;\n\t\t\t\twidth: 33%;\n\t\t\t}\n\t\t\t#gallery-1 img {\n\t\t\t\tborder: 2px solid #cfcfcf;\n\t\t\t}\n\t\t\t#gallery-1 .gallery-caption {\n\t\t\t\tmargin-left: 0;\n\t\t\t}\n\t\t\t\/* see gallery_shortcode() in wp-includes\/media.php *\/\n\t\t<\/style>\n\t\t<div id='gallery-1' class='gallery galleryid-13328 gallery-columns-3 gallery-size-thumbnail'><dl class='gallery-item'>\n\t\t\t<dt class='gallery-icon landscape'>\n\t\t\t\t<a href='https:\/\/camping.webspace.rocks\/?attachment_id=13329'><img width=\"150\" height=\"150\" src=\"https:\/\/m.media-amazon.com\/images\/I\/414TV7TVHuL._SS150_.jpg\" class=\"attachment-thumbnail size-thumbnail\" alt=\"\" loading=\"lazy\" srcset=\"https:\/\/m.media-amazon.com\/images\/I\/414TV7TVHuL._SS150_.jpg 150w, https:\/\/m.media-amazon.com\/images\/I\/414TV7TVHuL._SS300_.jpg 300w, https:\/\/m.media-amazon.com\/images\/I\/414TV7TVHuL._SS768_.jpg 768w, https:\/\/m.media-amazon.com\/images\/I\/414TV7TVHuL._SS1024_.jpg 1024w, https:\/\/m.media-amazon.com\/images\/I\/414TV7TVHuL._SS1536_.jpg 1536w, https:\/\/m.media-amazon.com\/images\/I\/414TV7TVHuL._SS2048_.jpg 2048w, https:\/\/m.media-amazon.com\/images\/I\/414TV7TVHuL._SS1200_.jpg 1200w, https:\/\/m.media-amazon.com\/images\/I\/414TV7TVHuL._SS600_.jpg 600w, https:\/\/m.media-amazon.com\/images\/I\/414TV7TVHuL.jpg 500w\" sizes=\"(max-width: 150px) 100vw, 150px\" \/><\/a>\n\t\t\t<\/dt><\/dl><dl class='gallery-item'>\n\t\t\t<dt class='gallery-icon landscape'>\n\t\t\t\t<a href='https:\/\/camping.webspace.rocks\/?attachment_id=13330'><img width=\"150\" height=\"150\" src=\"https:\/\/m.media-amazon.com\/images\/I\/515petgtscL._SS150_.jpg\" class=\"attachment-thumbnail size-thumbnail\" alt=\"\" loading=\"lazy\" srcset=\"https:\/\/m.media-amazon.com\/images\/I\/515petgtscL._SS150_.jpg 150w, https:\/\/m.media-amazon.com\/images\/I\/515petgtscL._SS300_.jpg 300w, https:\/\/m.media-amazon.com\/images\/I\/515petgtscL._SS768_.jpg 768w, https:\/\/m.media-amazon.com\/images\/I\/515petgtscL._SS1024_.jpg 1024w, https:\/\/m.media-amazon.com\/images\/I\/515petgtscL._SS1536_.jpg 1536w, https:\/\/m.media-amazon.com\/images\/I\/515petgtscL._SS2048_.jpg 2048w, https:\/\/m.media-amazon.com\/images\/I\/515petgtscL._SS1200_.jpg 1200w, https:\/\/m.media-amazon.com\/images\/I\/515petgtscL._SS600_.jpg 600w, https:\/\/m.media-amazon.com\/images\/I\/515petgtscL.jpg 500w\" sizes=\"(max-width: 150px) 100vw, 150px\" \/><\/a>\n\t\t\t<\/dt><\/dl><dl class='gallery-item'>\n\t\t\t<dt class='gallery-icon landscape'>\n\t\t\t\t<a href='https:\/\/camping.webspace.rocks\/?attachment_id=13331'><img width=\"150\" height=\"150\" src=\"https:\/\/m.media-amazon.com\/images\/I\/41xmW1-YxOL._SS150_.jpg\" class=\"attachment-thumbnail size-thumbnail\" alt=\"\" loading=\"lazy\" srcset=\"https:\/\/m.media-amazon.com\/images\/I\/41xmW1-YxOL._SS150_.jpg 150w, https:\/\/m.media-amazon.com\/images\/I\/41xmW1-YxOL._SS300_.jpg 300w, https:\/\/m.media-amazon.com\/images\/I\/41xmW1-YxOL._SS768_.jpg 768w, https:\/\/m.media-amazon.com\/images\/I\/41xmW1-YxOL._SS1024_.jpg 1024w, https:\/\/m.media-amazon.com\/images\/I\/41xmW1-YxOL._SS1536_.jpg 1536w, https:\/\/m.media-amazon.com\/images\/I\/41xmW1-YxOL._SS2048_.jpg 2048w, https:\/\/m.media-amazon.com\/images\/I\/41xmW1-YxOL._SS1200_.jpg 1200w, https:\/\/m.media-amazon.com\/images\/I\/41xmW1-YxOL._SS600_.jpg 600w, https:\/\/m.media-amazon.com\/images\/I\/41xmW1-YxOL.jpg 500w\" sizes=\"(max-width: 150px) 100vw, 150px\" \/><\/a>\n\t\t\t<\/dt><\/dl><br style=\"clear: both\" \/>\n\t\t<\/div>\n<br \/>\n<!-- show up to 2 reviews by default --><br \/>\nXCELERATE BRENNER: dank der innovativen Brennertechnologie (2&#215;2.2kW) und Windblock Topftr\u00e4gern wird die Kochzeit bei Wind im Vergleich zu traditionellen Brennersystemen halbiert<br \/>\nKOMPAKT und PRAKTISCH: einfach zu bedienender Gaskocher mit Piezoz\u00fcndung und individuell regulierbaren Flammen; 2 abnehmbare Grillplatten erm\u00f6glichen gleichzeitiges Kochen und Grillen<br \/>\nFORTSCHRITTLICHES DESIGN: robuster Stahldeckel mit Kunststoffgriff; einfach zu schlie\u00dfen\/tragen; breite F\u00fc\u00dfe f\u00fcr hohe Stabilit\u00e4t; abnehmbare Topftr\u00e4ger f\u00fcr einfache Reinigung<br \/>\nWELTWEITE VERF\u00dcGBARKEIT: Betrieb mit Campingaz Zylinder (R904\/907); globales Vertriebsnetz f\u00fcr beide Zylinder, sodass Sie auch im Campingurlaub im Ausland stets Ersatz finden<br \/>\nABMESSUNGEN: 55.5 x 44.5 x 46 cm; Gasverbrauch: 2 x 155 g\/h; Gewicht 7.8 kg; Schlauch 80 cm &amp; 2 abnehmbare Grillplatten inkl.; Kocher ist nicht f\u00fcr den Einsatz in geschlossenen R\u00e4umen geeignet<br \/>\n<div class=\"main-cross-sell\" data-asin=\"B0796S538B\">\n\n\t<div class=\"WooZone-cross-sell-loader\">\n\t\t<div>\n\t\t\t<div id=\"floatingBarsG\">\n\t\t\t\t<div class=\"blockG\" id=\"rotateG_01\"><\/div>\n\t\t\t\t<div class=\"blockG\" id=\"rotateG_02\"><\/div>\n\t\t\t\t<div class=\"blockG\" id=\"rotateG_03\"><\/div>\n\t\t\t\t<div class=\"blockG\" id=\"rotateG_04\"><\/div>\n\t\t\t\t<div class=\"blockG\" id=\"rotateG_05\"><\/div>\n\t\t\t\t<div class=\"blockG\" id=\"rotateG_06\"><\/div>\n\t\t\t\t<div class=\"blockG\" id=\"rotateG_07\"><\/div>\n\t\t\t\t<div class=\"blockG\" id=\"rotateG_08\"><\/div>\n\t\t\t<\/div>\n\t\t\t<div class=\"WooZone-cross-sell-loader-text\"><\/div>\n\t\t<\/div>\n\t<\/div>\n\n\t\t\n<\/div>\n<div style=\"clear:both;\"><\/div><\/p>\n","protected":false},"excerpt":{"rendered":"<p>XCELERATE BRENNER: dank der innovativen Brennertechnologie (2&#215;2.2kW) und Windblock Topftr\u00e4gern wird die Kochzeit bei Wind im Vergleich zu traditionellen Brennersystemen halbiert<br \/>\nKOMPAKT und PRAKTISCH: einfach zu bedienender Gaskocher mit Piezoz\u00fcndung und individuell regulierbaren Flammen; 2 abnehmbare Grillplatten erm\u00f6glichen gleichzeitiges Kochen und Grillen<br \/>\nFORTSCHRITTLICHES DESIGN: robuster Stahldeckel mit Kunststoffgriff; einfach zu schlie\u00dfen\/tragen; breite F\u00fc\u00dfe f\u00fcr hohe Stabilit\u00e4t; abnehmbare Topftr\u00e4ger f\u00fcr einfache Reinigung<\/p>\n","protected":false},"featured_media":13329,"comment_status":"open","ping_status":"closed","template":"","meta":[],"product_cat":[15],"product_tag":[],"_links":{"self":[{"href":"https:\/\/camping.webspace.rocks\/index.php?rest_route=\/wp\/v2\/product\/13328"}],"collection":[{"href":"https:\/\/camping.webspace.rocks\/index.php?rest_route=\/wp\/v2\/product"}],"about":[{"href":"https:\/\/camping.webspace.rocks\/index.php?rest_route=\/wp\/v2\/types\/product"}],"replies":[{"embeddable":true,"href":"https:\/\/camping.webspace.rocks\/index.php?rest_route=%2Fwp%2Fv2%2Fcomments&post=13328"}],"version-history":[{"count":2,"href":"https:\/\/camping.webspace.rocks\/index.php?rest_route=\/wp\/v2\/product\/13328\/revisions"}],"predecessor-version":[{"id":19071,"href":"https:\/\/camping.webspace.rocks\/index.php?rest_route=\/wp\/v2\/product\/13328\/revisions\/19071"}],"wp:featuredmedia":[{"embeddable":true,"href":"https:\/\/camping.webspace.rocks\/index.php?rest_route=\/wp\/v2\/media\/13329"}],"wp:attachment":[{"href":"https:\/\/camping.webspace.rocks\/index.php?rest_route=%2Fwp%2Fv2%2Fmedia&parent=13328"}],"wp:term":[{"taxonomy":"product_cat","embeddable":true,"href":"https:\/\/camping.webspace.rocks\/index.php?rest_route=%2Fwp%2Fv2%2Fproduct_cat&post=13328"},{"taxonomy":"product_tag","embeddable":true,"href":"https:\/\/camping.webspace.rocks\/index.php?rest_route=%2Fwp%2Fv2%2Fproduct_tag&post=13328"}],"curies":[{"name":"wp","href":"https:\/\/api.w.org\/{rel}","templated":true}]}}