{"id":13370,"date":"2021-07-29T07:04:23","date_gmt":"2021-07-29T07:04:23","guid":{"rendered":"https:\/\/camping.webspace.rocks\/?product=prime-tech-warmwasser-bereiter-durchlauferhitzer-fuer-camping-gas-betrieb"},"modified":"2023-04-10T10:55:43","modified_gmt":"2023-04-10T10:55:43","slug":"prime-tech-warmwasser-bereiter-durchlauferhitzer-fuer-camping-gas-betrieb","status":"publish","type":"product","link":"https:\/\/camping.webspace.rocks\/?product=prime-tech-warmwasser-bereiter-durchlauferhitzer-fuer-camping-gas-betrieb","title":{"rendered":"Prime Tech Warmwasser-Bereiter Durchlauferhitzer f\u00fcr Camping Gas-Betrieb"},"content":{"rendered":"<p>\n\t\t<style type=\"text\/css\">\n\t\t\t#gallery-1 {\n\t\t\t\tmargin: auto;\n\t\t\t}\n\t\t\t#gallery-1 .gallery-item {\n\t\t\t\tfloat: left;\n\t\t\t\tmargin-top: 10px;\n\t\t\t\ttext-align: center;\n\t\t\t\twidth: 33%;\n\t\t\t}\n\t\t\t#gallery-1 img {\n\t\t\t\tborder: 2px solid #cfcfcf;\n\t\t\t}\n\t\t\t#gallery-1 .gallery-caption {\n\t\t\t\tmargin-left: 0;\n\t\t\t}\n\t\t\t\/* see gallery_shortcode() in wp-includes\/media.php *\/\n\t\t<\/style>\n\t\t<div id='gallery-1' class='gallery galleryid-13370 gallery-columns-3 gallery-size-thumbnail'><dl class='gallery-item'>\n\t\t\t<dt class='gallery-icon landscape'>\n\t\t\t\t<a href='https:\/\/camping.webspace.rocks\/?attachment_id=13371'><img width=\"150\" height=\"150\" src=\"https:\/\/m.media-amazon.com\/images\/I\/31GRCWiQtNL._SS150_.jpg\" class=\"attachment-thumbnail size-thumbnail\" alt=\"\" loading=\"lazy\" srcset=\"https:\/\/m.media-amazon.com\/images\/I\/31GRCWiQtNL._SS150_.jpg 150w, https:\/\/m.media-amazon.com\/images\/I\/31GRCWiQtNL._SS300_.jpg 300w, https:\/\/m.media-amazon.com\/images\/I\/31GRCWiQtNL._SS768_.jpg 768w, https:\/\/m.media-amazon.com\/images\/I\/31GRCWiQtNL._SS1024_.jpg 1024w, https:\/\/m.media-amazon.com\/images\/I\/31GRCWiQtNL._SS1536_.jpg 1536w, https:\/\/m.media-amazon.com\/images\/I\/31GRCWiQtNL._SS2048_.jpg 2048w, https:\/\/m.media-amazon.com\/images\/I\/31GRCWiQtNL._SS1200_.jpg 1200w, https:\/\/m.media-amazon.com\/images\/I\/31GRCWiQtNL._SS600_.jpg 600w, https:\/\/m.media-amazon.com\/images\/I\/31GRCWiQtNL.jpg 500w\" sizes=\"(max-width: 150px) 100vw, 150px\" \/><\/a>\n\t\t\t<\/dt><\/dl><dl class='gallery-item'>\n\t\t\t<dt class='gallery-icon landscape'>\n\t\t\t\t<a href='https:\/\/camping.webspace.rocks\/?attachment_id=13372'><img width=\"150\" height=\"150\" src=\"https:\/\/m.media-amazon.com\/images\/I\/41XbC6TfxWL._SS150_.jpg\" class=\"attachment-thumbnail size-thumbnail\" alt=\"\" loading=\"lazy\" srcset=\"https:\/\/m.media-amazon.com\/images\/I\/41XbC6TfxWL._SS150_.jpg 150w, https:\/\/m.media-amazon.com\/images\/I\/41XbC6TfxWL._SS300_.jpg 300w, https:\/\/m.media-amazon.com\/images\/I\/41XbC6TfxWL._SS768_.jpg 768w, https:\/\/m.media-amazon.com\/images\/I\/41XbC6TfxWL._SS1024_.jpg 1024w, https:\/\/m.media-amazon.com\/images\/I\/41XbC6TfxWL._SS1536_.jpg 1536w, https:\/\/m.media-amazon.com\/images\/I\/41XbC6TfxWL._SS2048_.jpg 2048w, https:\/\/m.media-amazon.com\/images\/I\/41XbC6TfxWL._SS1200_.jpg 1200w, https:\/\/m.media-amazon.com\/images\/I\/41XbC6TfxWL._SS600_.jpg 600w, https:\/\/m.media-amazon.com\/images\/I\/41XbC6TfxWL.jpg 500w\" sizes=\"(max-width: 150px) 100vw, 150px\" \/><\/a>\n\t\t\t<\/dt><\/dl><dl class='gallery-item'>\n\t\t\t<dt class='gallery-icon landscape'>\n\t\t\t\t<a href='https:\/\/camping.webspace.rocks\/?attachment_id=13373'><img width=\"150\" height=\"150\" src=\"https:\/\/m.media-amazon.com\/images\/I\/41O4PlDoV3L._SS150_.jpg\" class=\"attachment-thumbnail size-thumbnail\" alt=\"\" loading=\"lazy\" srcset=\"https:\/\/m.media-amazon.com\/images\/I\/41O4PlDoV3L._SS150_.jpg 150w, https:\/\/m.media-amazon.com\/images\/I\/41O4PlDoV3L._SS300_.jpg 300w, https:\/\/m.media-amazon.com\/images\/I\/41O4PlDoV3L._SS768_.jpg 768w, https:\/\/m.media-amazon.com\/images\/I\/41O4PlDoV3L._SS1024_.jpg 1024w, https:\/\/m.media-amazon.com\/images\/I\/41O4PlDoV3L._SS1536_.jpg 1536w, https:\/\/m.media-amazon.com\/images\/I\/41O4PlDoV3L._SS2048_.jpg 2048w, https:\/\/m.media-amazon.com\/images\/I\/41O4PlDoV3L._SS1200_.jpg 1200w, https:\/\/m.media-amazon.com\/images\/I\/41O4PlDoV3L._SS600_.jpg 600w, https:\/\/m.media-amazon.com\/images\/I\/41O4PlDoV3L.jpg 500w\" sizes=\"(max-width: 150px) 100vw, 150px\" \/><\/a>\n\t\t\t<\/dt><\/dl><br style=\"clear: both\" \/>\n\t\t<\/div>\n<br \/>\n<!-- show up to 2 reviews by default --> <\/p>\n<p>Eine warme Dusche nach einem ereignisreichen Tag? Geschirrsp\u00fclen in der Wildnis? Alles kein Problem mit diesem portablen Durchlauferhitzer von Prime Tech.<br \/> Das Ger\u00e4t wird \u00fcber den Zigarettenanz\u00fcnder mit Strom f\u00fcr die Z\u00fcndung und die Tauchpumpe versorgt. Zur Befeuerung wird eine normale Camping-Gas-Flasche angeschlossen.<br \/> Mit den geringen Abmessungen im geschlossenen Zustand passt dieses Platzwunder in nahezu jedes Fahrzeug.<br \/> Zum Betrieb ben\u00f6tigen Sie nur eine gef\u00fcllte Gas-Flasche und einen Kanister, dem Sie das Wasser entnehmen. Alle Leitungen, Schl\u00e4uche und eine Duschbrause finden Sie im Lieferumfang. Zudem kommt der Prime Tech Camping-Durchlauferhitzer mit einer robusten Aufbewahrungstasche.<\/p>\n<p> Technische Daten:<br \/> Abmessungen (BxTxH) : ca. 30 x 36 x 31 cm<br \/> Nennleistung : 5 KW<br \/> Betriebsspannung : 12 Volt<br \/> L\u00e4nge Pumpenschlauch : ca. 1,50m<br \/> L\u00e4nge Duschschlauch : ca. 2,50m<br \/> L\u00e4nge 12Volt Anschlusskabel : ca. 5,0m<br \/> Gewicht : ca. 5,5 KG<\/p>\n<p> Lieferumfang:<\/p>\n<p> * 1 portabler Camping Durchlauferhitzer<br \/> * 1 Anschlusskabel 12 Volt<br \/> * 1 Pumpenschlauch mit Pumpe<br \/> * 1 Duschschlauch mit Brause<br \/> * 1 Gas-Regler f\u00fcr Camping-Gas-Flasche<br \/> * 1 Aufbewahrungstasche<\/p>\n<div class=\"main-cross-sell\" data-asin=\"B08Z8K7G4K\">\n\n\t<div class=\"WooZone-cross-sell-loader\">\n\t\t<div>\n\t\t\t<div id=\"floatingBarsG\">\n\t\t\t\t<div class=\"blockG\" id=\"rotateG_01\"><\/div>\n\t\t\t\t<div class=\"blockG\" id=\"rotateG_02\"><\/div>\n\t\t\t\t<div class=\"blockG\" id=\"rotateG_03\"><\/div>\n\t\t\t\t<div class=\"blockG\" id=\"rotateG_04\"><\/div>\n\t\t\t\t<div class=\"blockG\" id=\"rotateG_05\"><\/div>\n\t\t\t\t<div class=\"blockG\" id=\"rotateG_06\"><\/div>\n\t\t\t\t<div class=\"blockG\" id=\"rotateG_07\"><\/div>\n\t\t\t\t<div class=\"blockG\" id=\"rotateG_08\"><\/div>\n\t\t\t<\/div>\n\t\t\t<div class=\"WooZone-cross-sell-loader-text\"><\/div>\n\t\t<\/div>\n\t<\/div>\n\n\t\t\n<\/div>\n<div style=\"clear:both;\"><\/div>\n","protected":false},"excerpt":{"rendered":"<p>Eine warme Dusche nach einem ereignisreichen Tag? Geschirrsp\u00fclen in der Wildnis? Alles kein Problem mit diesem portablen Durchlauferhitzer von Prime<\/p>\n","protected":false},"featured_media":13371,"comment_status":"open","ping_status":"closed","template":"","meta":[],"product_cat":[2162,27],"product_tag":[],"_links":{"self":[{"href":"https:\/\/camping.webspace.rocks\/index.php?rest_route=\/wp\/v2\/product\/13370"}],"collection":[{"href":"https:\/\/camping.webspace.rocks\/index.php?rest_route=\/wp\/v2\/product"}],"about":[{"href":"https:\/\/camping.webspace.rocks\/index.php?rest_route=\/wp\/v2\/types\/product"}],"replies":[{"embeddable":true,"href":"https:\/\/camping.webspace.rocks\/index.php?rest_route=%2Fwp%2Fv2%2Fcomments&post=13370"}],"version-history":[{"count":3,"href":"https:\/\/camping.webspace.rocks\/index.php?rest_route=\/wp\/v2\/product\/13370\/revisions"}],"predecessor-version":[{"id":19530,"href":"https:\/\/camping.webspace.rocks\/index.php?rest_route=\/wp\/v2\/product\/13370\/revisions\/19530"}],"wp:featuredmedia":[{"embeddable":true,"href":"https:\/\/camping.webspace.rocks\/index.php?rest_route=\/wp\/v2\/media\/13371"}],"wp:attachment":[{"href":"https:\/\/camping.webspace.rocks\/index.php?rest_route=%2Fwp%2Fv2%2Fmedia&parent=13370"}],"wp:term":[{"taxonomy":"product_cat","embeddable":true,"href":"https:\/\/camping.webspace.rocks\/index.php?rest_route=%2Fwp%2Fv2%2Fproduct_cat&post=13370"},{"taxonomy":"product_tag","embeddable":true,"href":"https:\/\/camping.webspace.rocks\/index.php?rest_route=%2Fwp%2Fv2%2Fproduct_tag&post=13370"}],"curies":[{"name":"wp","href":"https:\/\/api.w.org\/{rel}","templated":true}]}}