{"id":13410,"date":"2021-07-29T07:04:41","date_gmt":"2021-07-29T07:04:41","guid":{"rendered":"https:\/\/camping.webspace.rocks\/?product=newcomdigi-tragbare-aussendusche-tragbare-camping-dusche"},"modified":"2023-04-10T10:55:44","modified_gmt":"2023-04-10T10:55:44","slug":"newcomdigi-tragbare-aussendusche-tragbare-camping-dusche","status":"publish","type":"product","link":"https:\/\/camping.webspace.rocks\/?product=newcomdigi-tragbare-aussendusche-tragbare-camping-dusche","title":{"rendered":"NEWCOMDIGI Campingdusche mit 4400 mAh-Akku, Outdoor Dusche mit 20L Eimer, Tragbare Gartendusche 80 Min. Arbeitszeit f\u00fcr\u2026"},"content":{"rendered":"<p>\n\t\t<style type=\"text\/css\">\n\t\t\t#gallery-1 {\n\t\t\t\tmargin: auto;\n\t\t\t}\n\t\t\t#gallery-1 .gallery-item {\n\t\t\t\tfloat: left;\n\t\t\t\tmargin-top: 10px;\n\t\t\t\ttext-align: center;\n\t\t\t\twidth: 33%;\n\t\t\t}\n\t\t\t#gallery-1 img {\n\t\t\t\tborder: 2px solid #cfcfcf;\n\t\t\t}\n\t\t\t#gallery-1 .gallery-caption {\n\t\t\t\tmargin-left: 0;\n\t\t\t}\n\t\t\t\/* see gallery_shortcode() in wp-includes\/media.php *\/\n\t\t<\/style>\n\t\t<div id='gallery-1' class='gallery galleryid-13410 gallery-columns-3 gallery-size-thumbnail'><dl class='gallery-item'>\n\t\t\t<dt class='gallery-icon landscape'>\n\t\t\t\t<a href='https:\/\/camping.webspace.rocks\/?attachment_id=13411'><img width=\"150\" height=\"150\" src=\"https:\/\/m.media-amazon.com\/images\/I\/51JyCjQ7tyS._SS150_.jpg\" class=\"attachment-thumbnail size-thumbnail\" alt=\"\" loading=\"lazy\" srcset=\"https:\/\/m.media-amazon.com\/images\/I\/51JyCjQ7tyS._SS150_.jpg 150w, https:\/\/m.media-amazon.com\/images\/I\/51JyCjQ7tyS._SS300_.jpg 300w, https:\/\/m.media-amazon.com\/images\/I\/51JyCjQ7tyS._SS768_.jpg 768w, https:\/\/m.media-amazon.com\/images\/I\/51JyCjQ7tyS._SS1024_.jpg 1024w, https:\/\/m.media-amazon.com\/images\/I\/51JyCjQ7tyS._SS1536_.jpg 1536w, https:\/\/m.media-amazon.com\/images\/I\/51JyCjQ7tyS._SS2048_.jpg 2048w, https:\/\/m.media-amazon.com\/images\/I\/51JyCjQ7tyS._SS1200_.jpg 1200w, https:\/\/m.media-amazon.com\/images\/I\/51JyCjQ7tyS._SS600_.jpg 600w, https:\/\/m.media-amazon.com\/images\/I\/51JyCjQ7tyS.jpg 500w\" sizes=\"(max-width: 150px) 100vw, 150px\" \/><\/a>\n\t\t\t<\/dt><\/dl><dl class='gallery-item'>\n\t\t\t<dt class='gallery-icon landscape'>\n\t\t\t\t<a href='https:\/\/camping.webspace.rocks\/?attachment_id=13412'><img width=\"150\" height=\"150\" src=\"https:\/\/m.media-amazon.com\/images\/I\/517YsXQyjXS._SS150_.jpg\" class=\"attachment-thumbnail size-thumbnail\" alt=\"\" loading=\"lazy\" srcset=\"https:\/\/m.media-amazon.com\/images\/I\/517YsXQyjXS._SS150_.jpg 150w, https:\/\/m.media-amazon.com\/images\/I\/517YsXQyjXS._SS300_.jpg 300w, https:\/\/m.media-amazon.com\/images\/I\/517YsXQyjXS._SS768_.jpg 768w, https:\/\/m.media-amazon.com\/images\/I\/517YsXQyjXS._SS1024_.jpg 1024w, https:\/\/m.media-amazon.com\/images\/I\/517YsXQyjXS._SS1536_.jpg 1536w, https:\/\/m.media-amazon.com\/images\/I\/517YsXQyjXS._SS2048_.jpg 2048w, https:\/\/m.media-amazon.com\/images\/I\/517YsXQyjXS._SS1200_.jpg 1200w, https:\/\/m.media-amazon.com\/images\/I\/517YsXQyjXS._SS600_.jpg 600w, https:\/\/m.media-amazon.com\/images\/I\/517YsXQyjXS.jpg 500w\" sizes=\"(max-width: 150px) 100vw, 150px\" \/><\/a>\n\t\t\t<\/dt><\/dl><dl class='gallery-item'>\n\t\t\t<dt class='gallery-icon landscape'>\n\t\t\t\t<a href='https:\/\/camping.webspace.rocks\/?attachment_id=13413'><img width=\"150\" height=\"150\" src=\"https:\/\/m.media-amazon.com\/images\/I\/41VLrRsXnbS._SS150_.jpg\" class=\"attachment-thumbnail size-thumbnail\" alt=\"\" loading=\"lazy\" srcset=\"https:\/\/m.media-amazon.com\/images\/I\/41VLrRsXnbS._SS150_.jpg 150w, https:\/\/m.media-amazon.com\/images\/I\/41VLrRsXnbS._SS300_.jpg 300w, https:\/\/m.media-amazon.com\/images\/I\/41VLrRsXnbS._SS768_.jpg 768w, https:\/\/m.media-amazon.com\/images\/I\/41VLrRsXnbS._SS1024_.jpg 1024w, https:\/\/m.media-amazon.com\/images\/I\/41VLrRsXnbS._SS1536_.jpg 1536w, https:\/\/m.media-amazon.com\/images\/I\/41VLrRsXnbS._SS2048_.jpg 2048w, https:\/\/m.media-amazon.com\/images\/I\/41VLrRsXnbS._SS1200_.jpg 1200w, https:\/\/m.media-amazon.com\/images\/I\/41VLrRsXnbS._SS600_.jpg 600w, https:\/\/m.media-amazon.com\/images\/I\/41VLrRsXnbS.jpg 500w\" sizes=\"(max-width: 150px) 100vw, 150px\" \/><\/a>\n\t\t\t<\/dt><\/dl><br style=\"clear: both\" \/>\n\t\t<\/div>\n<br \/>\n\u3010UPGRADED 4400MAH BATTERIE &amp; ABNEHMBARES DESIGN\u3011: Tragbares Outdoor-Camping-Dusch-Set, ausgestattet mit einer wiederaufladbaren 4400mAh Lithium-Batterie. Batterie mit hoher Kapazit\u00e4t sorgt f\u00fcr lange Arbeitsstunden bis zu 80 Minuten. Abnehmbare Batterie ist getrennt von der Wasserpumpe und wasserdicht, die sch\u00fctzen und verbessern die Lebensdauer der Batterie kann.<br \/>\n\u30102.5L\/MIN KONSTANTER WASSERFLUSS\u3011: Dieser tragbare Duschkopf bietet einen Wasserfluss von 2,5L\/min f\u00fcr ein komfortables Badeerlebnis. Die Camp-Wasserpumpe mit leistungsstarkem Motor sorgt f\u00fcr einen gleichm\u00e4\u00dfigen Wasserfluss. Das Dusch-Set kann mit Wasser im Temperaturbereich von 50 \u2109 bis 140\u2109 betrieben werden.<br \/>\n\u3010EINGEBAUTES WASSERFILTERSYSTEM\u3011: In der Wasserpumpe ist ein Wasserreinigungsfilter eingebaut, der eine saubere Wasserversorgung garantiert. Herausnehmbare und waschbare Filter bieten Ihnen eine erfrischende Badoption. (5 EXTRA FLITERS OFFERED AS GIFT) Anwendbar f\u00fcr drau\u00dfen, Camping, Haustiere Reinigung, Autow\u00e4sche, Pflanzen Bew\u00e4sserung.<br \/>\n\u3010EINFACH ZU BEDIENEN\u3011: Die batteriebetriebene Duschpumpe wiegt 2lbs, bequem zu tragen und einfach zu bedienen. Nehmen Sie den 20L faltbaren Eimer, der mit dem Paket kommt und f\u00fcllen Sie es mit Wasser, tauchen Sie die Duschpumpe in, dr\u00fccken Sie die Power-Taste auf der Batterie schalten Sie die Pumpe, und Sie erhalten eine sch\u00f6ne stetige und schnelle Wasserfluss. (20L FALTBARER EIMER ENTHALTEN)<br \/>\n\u3010PERFEKTES ZUBEH\u00d6R F\u00dcR CAMPING UND WANDERUNGEN\u3011: Das Outdoor-Dusch-Set enth\u00e4lt einen Duschkopf, eine leistungsstarke Camping-Duschpumpe (mit 5 zus\u00e4tzlichen Filterschw\u00e4mmen), einen wiederaufladbaren 4400-mAh-Akku, eine Duschkopfhalterung, einen 2 m langen flexiblen Schlauch, einen S-Haken und einen Saugnapf. Ein zusammenklappbarer 5-Gallonen-Eimer (20 l) mit Griff, der f\u00fcr den t\u00e4glichen Gebrauch im Freien geeignet ist.<br \/>\n<div class=\"main-cross-sell\" data-asin=\"B091TPM1B5\">\n\n\t<div class=\"WooZone-cross-sell-loader\">\n\t\t<div>\n\t\t\t<div id=\"floatingBarsG\">\n\t\t\t\t<div class=\"blockG\" id=\"rotateG_01\"><\/div>\n\t\t\t\t<div class=\"blockG\" id=\"rotateG_02\"><\/div>\n\t\t\t\t<div class=\"blockG\" id=\"rotateG_03\"><\/div>\n\t\t\t\t<div class=\"blockG\" id=\"rotateG_04\"><\/div>\n\t\t\t\t<div class=\"blockG\" id=\"rotateG_05\"><\/div>\n\t\t\t\t<div class=\"blockG\" id=\"rotateG_06\"><\/div>\n\t\t\t\t<div class=\"blockG\" id=\"rotateG_07\"><\/div>\n\t\t\t\t<div class=\"blockG\" id=\"rotateG_08\"><\/div>\n\t\t\t<\/div>\n\t\t\t<div class=\"WooZone-cross-sell-loader-text\"><\/div>\n\t\t<\/div>\n\t<\/div>\n\n\t\t\n<\/div>\n<div style=\"clear:both;\"><\/div><\/p>\n","protected":false},"excerpt":{"rendered":"<p>\u3010UPGRADED 4400MAH BATTERIE &amp; ABNEHMBARES DESIGN\u3011: Tragbares Outdoor-Camping-Dusch-Set, ausgestattet mit einer wiederaufladbaren 4400mAh Lithium-Batterie. Batterie mit hoher Kapazit\u00e4t sorgt f\u00fcr lange Arbeitsstunden bis zu 80 Minuten. Abnehmbare Batterie ist getrennt von der Wasserpumpe und wasserdicht, die sch\u00fctzen und verbessern die Lebensdauer der Batterie kann.<br \/>\n\u30102.5L\/MIN KONSTANTER WASSERFLUSS\u3011: Dieser tragbare Duschkopf bietet einen Wasserfluss von 2,5L\/min f\u00fcr ein komfortables Badeerlebnis. Die Camp-Wasserpumpe mit leistungsstarkem Motor sorgt f\u00fcr einen gleichm\u00e4\u00dfigen Wasserfluss. Das Dusch-Set kann mit Wasser im Temperaturbereich von 50 \u2109 bis 140\u2109 betrieben werden.<br \/>\n\u3010EINGEBAUTES WASSERFILTERSYSTEM\u3011: In der Wasserpumpe ist ein Wasserreinigungsfilter eingebaut, der eine saubere Wasserversorgung garantiert. Herausnehmbare und waschbare Filter bieten Ihnen eine erfrischende Badoption. (5 EXTRA FLITERS OFFERED AS GIFT) Anwendbar f\u00fcr drau\u00dfen, Camping, Haustiere Reinigung, Autow\u00e4sche, Pflanzen Bew\u00e4sserung.<\/p>\n","protected":false},"featured_media":13411,"comment_status":"open","ping_status":"closed","template":"","meta":[],"product_cat":[2162,27],"product_tag":[],"_links":{"self":[{"href":"https:\/\/camping.webspace.rocks\/index.php?rest_route=\/wp\/v2\/product\/13410"}],"collection":[{"href":"https:\/\/camping.webspace.rocks\/index.php?rest_route=\/wp\/v2\/product"}],"about":[{"href":"https:\/\/camping.webspace.rocks\/index.php?rest_route=\/wp\/v2\/types\/product"}],"replies":[{"embeddable":true,"href":"https:\/\/camping.webspace.rocks\/index.php?rest_route=%2Fwp%2Fv2%2Fcomments&post=13410"}],"version-history":[{"count":2,"href":"https:\/\/camping.webspace.rocks\/index.php?rest_route=\/wp\/v2\/product\/13410\/revisions"}],"predecessor-version":[{"id":19074,"href":"https:\/\/camping.webspace.rocks\/index.php?rest_route=\/wp\/v2\/product\/13410\/revisions\/19074"}],"wp:featuredmedia":[{"embeddable":true,"href":"https:\/\/camping.webspace.rocks\/index.php?rest_route=\/wp\/v2\/media\/13411"}],"wp:attachment":[{"href":"https:\/\/camping.webspace.rocks\/index.php?rest_route=%2Fwp%2Fv2%2Fmedia&parent=13410"}],"wp:term":[{"taxonomy":"product_cat","embeddable":true,"href":"https:\/\/camping.webspace.rocks\/index.php?rest_route=%2Fwp%2Fv2%2Fproduct_cat&post=13410"},{"taxonomy":"product_tag","embeddable":true,"href":"https:\/\/camping.webspace.rocks\/index.php?rest_route=%2Fwp%2Fv2%2Fproduct_tag&post=13410"}],"curies":[{"name":"wp","href":"https:\/\/api.w.org\/{rel}","templated":true}]}}