{"id":13418,"date":"2021-07-29T07:04:44","date_gmt":"2021-07-29T07:04:44","guid":{"rendered":"https:\/\/camping.webspace.rocks\/?product=comet-26298-mobil-dusche"},"modified":"2023-04-10T10:55:44","modified_gmt":"2023-04-10T10:55:44","slug":"comet-26298-mobil-dusche","status":"publish","type":"product","link":"https:\/\/camping.webspace.rocks\/?product=comet-26298-mobil-dusche","title":{"rendered":"Comet 26298 Mobil-Dusche"},"content":{"rendered":"<p>\n\t\t<style type=\"text\/css\">\n\t\t\t#gallery-1 {\n\t\t\t\tmargin: auto;\n\t\t\t}\n\t\t\t#gallery-1 .gallery-item {\n\t\t\t\tfloat: left;\n\t\t\t\tmargin-top: 10px;\n\t\t\t\ttext-align: center;\n\t\t\t\twidth: 33%;\n\t\t\t}\n\t\t\t#gallery-1 img {\n\t\t\t\tborder: 2px solid #cfcfcf;\n\t\t\t}\n\t\t\t#gallery-1 .gallery-caption {\n\t\t\t\tmargin-left: 0;\n\t\t\t}\n\t\t\t\/* see gallery_shortcode() in wp-includes\/media.php *\/\n\t\t<\/style>\n\t\t<div id='gallery-1' class='gallery galleryid-13418 gallery-columns-3 gallery-size-thumbnail'><dl class='gallery-item'>\n\t\t\t<dt class='gallery-icon landscape'>\n\t\t\t\t<a href='https:\/\/camping.webspace.rocks\/?attachment_id=13419'><img width=\"150\" height=\"150\" src=\"https:\/\/m.media-amazon.com\/images\/I\/31xBlc9DBQL._SS150_.jpg\" class=\"attachment-thumbnail size-thumbnail\" alt=\"\" loading=\"lazy\" srcset=\"https:\/\/m.media-amazon.com\/images\/I\/31xBlc9DBQL._SS150_.jpg 150w, https:\/\/m.media-amazon.com\/images\/I\/31xBlc9DBQL._SS300_.jpg 300w, https:\/\/m.media-amazon.com\/images\/I\/31xBlc9DBQL._SS768_.jpg 768w, https:\/\/m.media-amazon.com\/images\/I\/31xBlc9DBQL._SS1024_.jpg 1024w, https:\/\/m.media-amazon.com\/images\/I\/31xBlc9DBQL._SS1536_.jpg 1536w, https:\/\/m.media-amazon.com\/images\/I\/31xBlc9DBQL._SS2048_.jpg 2048w, https:\/\/m.media-amazon.com\/images\/I\/31xBlc9DBQL._SS1200_.jpg 1200w, https:\/\/m.media-amazon.com\/images\/I\/31xBlc9DBQL._SS600_.jpg 600w, https:\/\/m.media-amazon.com\/images\/I\/31xBlc9DBQL.jpg 500w\" sizes=\"(max-width: 150px) 100vw, 150px\" \/><\/a>\n\t\t\t<\/dt><\/dl><dl class='gallery-item'>\n\t\t\t<dt class='gallery-icon landscape'>\n\t\t\t\t<a href='https:\/\/camping.webspace.rocks\/?attachment_id=13420'><img width=\"150\" height=\"150\" src=\"https:\/\/m.media-amazon.com\/images\/I\/61Jgn0p+elL._SS150_.jpg\" class=\"attachment-thumbnail size-thumbnail\" alt=\"\" loading=\"lazy\" srcset=\"https:\/\/m.media-amazon.com\/images\/I\/61Jgn0p+elL._SS150_.jpg 150w, https:\/\/m.media-amazon.com\/images\/I\/61Jgn0p+elL._SS300_.jpg 300w, https:\/\/m.media-amazon.com\/images\/I\/61Jgn0p+elL._SS768_.jpg 768w, https:\/\/m.media-amazon.com\/images\/I\/61Jgn0p+elL._SS1024_.jpg 1024w, https:\/\/m.media-amazon.com\/images\/I\/61Jgn0p+elL._SS1536_.jpg 1536w, https:\/\/m.media-amazon.com\/images\/I\/61Jgn0p+elL._SS2048_.jpg 2048w, https:\/\/m.media-amazon.com\/images\/I\/61Jgn0p+elL._SS1200_.jpg 1200w, https:\/\/m.media-amazon.com\/images\/I\/61Jgn0p+elL._SS600_.jpg 600w, https:\/\/m.media-amazon.com\/images\/I\/61Jgn0p+elL.jpg 500w\" sizes=\"(max-width: 150px) 100vw, 150px\" \/><\/a>\n\t\t\t<\/dt><\/dl><dl class='gallery-item'>\n\t\t\t<dt class='gallery-icon landscape'>\n\t\t\t\t<a href='https:\/\/camping.webspace.rocks\/?attachment_id=13421'><img width=\"150\" height=\"150\" src=\"https:\/\/m.media-amazon.com\/images\/I\/61aYDwtnnRL._SS150_.jpg\" class=\"attachment-thumbnail size-thumbnail\" alt=\"\" loading=\"lazy\" srcset=\"https:\/\/m.media-amazon.com\/images\/I\/61aYDwtnnRL._SS150_.jpg 150w, https:\/\/m.media-amazon.com\/images\/I\/61aYDwtnnRL._SS300_.jpg 300w, https:\/\/m.media-amazon.com\/images\/I\/61aYDwtnnRL._SS768_.jpg 768w, https:\/\/m.media-amazon.com\/images\/I\/61aYDwtnnRL._SS1024_.jpg 1024w, https:\/\/m.media-amazon.com\/images\/I\/61aYDwtnnRL._SS1536_.jpg 1536w, https:\/\/m.media-amazon.com\/images\/I\/61aYDwtnnRL._SS2048_.jpg 2048w, https:\/\/m.media-amazon.com\/images\/I\/61aYDwtnnRL._SS1200_.jpg 1200w, https:\/\/m.media-amazon.com\/images\/I\/61aYDwtnnRL._SS600_.jpg 600w, https:\/\/m.media-amazon.com\/images\/I\/61aYDwtnnRL.jpg 500w\" sizes=\"(max-width: 150px) 100vw, 150px\" \/><\/a>\n\t\t\t<\/dt><\/dl><br style=\"clear: both\" \/>\n\t\t<\/div>\n<br \/>\n<!-- show up to 2 reviews by default --> <\/p>\n<p>Mobil-dusche <\/p>\n<p>Als Reisedusche unentbehrlich f\u00fcr Camping, Freizeit, Sport und Beruf.<br \/>\nMit Wendeleitung (400 cm) und Stecker f\u00fcr den Zigarettenanz\u00fcnder, 1 Brause-Handst\u00fcck mit verstellbarer Brause\/ Perlator mit 200 cm Schlauch. Einfachste Handhabung. \u00dcberall dort sofort einsetzbar, wo eine 12 Volt Steckdose vorhanden ist.<br \/>\nInkl. Weithalskanister. Alternativ (wenn keine 12 Volt Steckdose vorhanden ist) ben\u00f6tigen f\u00fcr den Betrieb 2 Blockbatterien 6 V &#8211; passen in einen Batteriekasten.<br \/>\nTauchpumpe 12 V 12 Liter \/ Min. Druck 0,6 bar.<br \/>\nVolumen: 20 l, Farbe: wei\u00df<br \/>\n<div class=\"main-cross-sell\" data-asin=\"B00FWL8ZU4\">\n\n\t<div class=\"WooZone-cross-sell-loader\">\n\t\t<div>\n\t\t\t<div id=\"floatingBarsG\">\n\t\t\t\t<div class=\"blockG\" id=\"rotateG_01\"><\/div>\n\t\t\t\t<div class=\"blockG\" id=\"rotateG_02\"><\/div>\n\t\t\t\t<div class=\"blockG\" id=\"rotateG_03\"><\/div>\n\t\t\t\t<div class=\"blockG\" id=\"rotateG_04\"><\/div>\n\t\t\t\t<div class=\"blockG\" id=\"rotateG_05\"><\/div>\n\t\t\t\t<div class=\"blockG\" id=\"rotateG_06\"><\/div>\n\t\t\t\t<div class=\"blockG\" id=\"rotateG_07\"><\/div>\n\t\t\t\t<div class=\"blockG\" id=\"rotateG_08\"><\/div>\n\t\t\t<\/div>\n\t\t\t<div class=\"WooZone-cross-sell-loader-text\"><\/div>\n\t\t<\/div>\n\t<\/div>\n\n\t\t\n<\/div>\n<div style=\"clear:both;\"><\/div><\/p>\n","protected":false},"excerpt":{"rendered":"<p>Als Reisedusche unentbehrlich f\u00fcr Camping, Freizeit, Sport und Beruf.<br \/>\nMit Wendeleitung (400 cm) und Stecker f\u00fcr den Zigarettenanz\u00fcnder, 1 Brause-Handst\u00fcck mit verstellbarer Brause\/ Perlator mit 200 cm Schlauch. Einfachste Handhabung. \u00dcberall dort sofort einsetzbar, wo eine 12 Volt Steckdose vorhanden ist.<br \/>\nInkl. Weithalskanister. Alternativ (wenn keine 12 Volt Steckdose vorhanden ist) ben\u00f6tigen f\u00fcr den Betrieb 2 Blockbatterien 6 V &#8211; passen in einen Batteriekasten.<\/p>\n","protected":false},"featured_media":13419,"comment_status":"open","ping_status":"closed","template":"","meta":[],"product_cat":[2162,27],"product_tag":[],"_links":{"self":[{"href":"https:\/\/camping.webspace.rocks\/index.php?rest_route=\/wp\/v2\/product\/13418"}],"collection":[{"href":"https:\/\/camping.webspace.rocks\/index.php?rest_route=\/wp\/v2\/product"}],"about":[{"href":"https:\/\/camping.webspace.rocks\/index.php?rest_route=\/wp\/v2\/types\/product"}],"replies":[{"embeddable":true,"href":"https:\/\/camping.webspace.rocks\/index.php?rest_route=%2Fwp%2Fv2%2Fcomments&post=13418"}],"version-history":[{"count":1,"href":"https:\/\/camping.webspace.rocks\/index.php?rest_route=\/wp\/v2\/product\/13418\/revisions"}],"predecessor-version":[{"id":14415,"href":"https:\/\/camping.webspace.rocks\/index.php?rest_route=\/wp\/v2\/product\/13418\/revisions\/14415"}],"wp:featuredmedia":[{"embeddable":true,"href":"https:\/\/camping.webspace.rocks\/index.php?rest_route=\/wp\/v2\/media\/13419"}],"wp:attachment":[{"href":"https:\/\/camping.webspace.rocks\/index.php?rest_route=%2Fwp%2Fv2%2Fmedia&parent=13418"}],"wp:term":[{"taxonomy":"product_cat","embeddable":true,"href":"https:\/\/camping.webspace.rocks\/index.php?rest_route=%2Fwp%2Fv2%2Fproduct_cat&post=13418"},{"taxonomy":"product_tag","embeddable":true,"href":"https:\/\/camping.webspace.rocks\/index.php?rest_route=%2Fwp%2Fv2%2Fproduct_tag&post=13418"}],"curies":[{"name":"wp","href":"https:\/\/api.w.org\/{rel}","templated":true}]}}