{"id":13654,"date":"2021-07-29T07:08:58","date_gmt":"2021-07-29T07:08:58","guid":{"rendered":"https:\/\/camping.webspace.rocks\/?product=comet-tauchpumpe-elegant-12-v-10-l-05-bar-lose"},"modified":"2023-04-10T10:55:50","modified_gmt":"2023-04-10T10:55:50","slug":"comet-tauchpumpe-elegant-12-v-10-l-05-bar-lose","status":"publish","type":"product","link":"https:\/\/camping.webspace.rocks\/?product=comet-tauchpumpe-elegant-12-v-10-l-05-bar-lose","title":{"rendered":"Comet 25732 Tauchpumpe Elegant 12 V 10 l 0,5 bar lose"},"content":{"rendered":"<p><!-- show up to 2 reviews by default --> <\/p>\n<p>Tauchpumpe Elegant 12 V 10 L 0,5 Bar Lose <\/p>\n<p>Durchlauf: 10 l\/min \/ Druck: 0,5 bar \/ F\u00f6rderh\u00f6he max. 5 m<br \/>\nSpannung: 12 V \/ Verbrauch: 15-24 Watt \/ Stromst\u00e4rke: max. 2,2 A<br \/>\nLaufzeit: 450 \u2013 500 Stunden \/ Pumpe ist vor Frost zu sch\u00fctzen<br \/>\nKabell\u00e4nge: 1 m \/ Kabel mit abisolierten Drahtenden \/ Geh\u00e4usema\u00dfe: \u00f8 38 mm, L\u00e4nge 85 mm<br \/>\nZur F\u00f6rderung von sauberem Wasser bis max. 60\u00b0C, inklusive Trinkwasser (z.B. im Caravan, Wohnmobil, Boot)<br \/>\n<div class=\"main-cross-sell\" data-asin=\"B001CV02U4\">\n\n\t<div class=\"WooZone-cross-sell-loader\">\n\t\t<div>\n\t\t\t<div id=\"floatingBarsG\">\n\t\t\t\t<div class=\"blockG\" id=\"rotateG_01\"><\/div>\n\t\t\t\t<div class=\"blockG\" id=\"rotateG_02\"><\/div>\n\t\t\t\t<div class=\"blockG\" id=\"rotateG_03\"><\/div>\n\t\t\t\t<div class=\"blockG\" id=\"rotateG_04\"><\/div>\n\t\t\t\t<div class=\"blockG\" id=\"rotateG_05\"><\/div>\n\t\t\t\t<div class=\"blockG\" id=\"rotateG_06\"><\/div>\n\t\t\t\t<div class=\"blockG\" id=\"rotateG_07\"><\/div>\n\t\t\t\t<div class=\"blockG\" id=\"rotateG_08\"><\/div>\n\t\t\t<\/div>\n\t\t\t<div class=\"WooZone-cross-sell-loader-text\"><\/div>\n\t\t<\/div>\n\t<\/div>\n\n\t\t\n<\/div>\n<div style=\"clear:both;\"><\/div><\/p>\n","protected":false},"excerpt":{"rendered":"<p>Durchlauf: 10 l\/min \/ Druck: 0,5 bar \/ F\u00f6rderh\u00f6he max. 5 m<br \/>\nSpannung: 12 V \/ Verbrauch: 15-24 Watt \/ Stromst\u00e4rke: max. 2,2 A<br \/>\nLaufzeit: 450 \u2013 500 Stunden \/ Pumpe ist vor Frost zu sch\u00fctzen<\/p>\n","protected":false},"featured_media":13655,"comment_status":"open","ping_status":"closed","template":"","meta":[],"product_cat":[2162,27],"product_tag":[],"_links":{"self":[{"href":"https:\/\/camping.webspace.rocks\/index.php?rest_route=\/wp\/v2\/product\/13654"}],"collection":[{"href":"https:\/\/camping.webspace.rocks\/index.php?rest_route=\/wp\/v2\/product"}],"about":[{"href":"https:\/\/camping.webspace.rocks\/index.php?rest_route=\/wp\/v2\/types\/product"}],"replies":[{"embeddable":true,"href":"https:\/\/camping.webspace.rocks\/index.php?rest_route=%2Fwp%2Fv2%2Fcomments&post=13654"}],"version-history":[{"count":2,"href":"https:\/\/camping.webspace.rocks\/index.php?rest_route=\/wp\/v2\/product\/13654\/revisions"}],"predecessor-version":[{"id":19094,"href":"https:\/\/camping.webspace.rocks\/index.php?rest_route=\/wp\/v2\/product\/13654\/revisions\/19094"}],"wp:featuredmedia":[{"embeddable":true,"href":"https:\/\/camping.webspace.rocks\/index.php?rest_route=\/wp\/v2\/media\/13655"}],"wp:attachment":[{"href":"https:\/\/camping.webspace.rocks\/index.php?rest_route=%2Fwp%2Fv2%2Fmedia&parent=13654"}],"wp:term":[{"taxonomy":"product_cat","embeddable":true,"href":"https:\/\/camping.webspace.rocks\/index.php?rest_route=%2Fwp%2Fv2%2Fproduct_cat&post=13654"},{"taxonomy":"product_tag","embeddable":true,"href":"https:\/\/camping.webspace.rocks\/index.php?rest_route=%2Fwp%2Fv2%2Fproduct_tag&post=13654"}],"curies":[{"name":"wp","href":"https:\/\/api.w.org\/{rel}","templated":true}]}}