{"id":13912,"date":"2021-07-29T07:21:17","date_gmt":"2021-07-29T07:21:17","guid":{"rendered":"https:\/\/camping.webspace.rocks\/?product=dometic-9108557679-portable-972-mit-360-druckspuelung-campingtoilette-weiss-grau"},"modified":"2023-04-10T11:09:28","modified_gmt":"2023-04-10T11:09:28","slug":"dometic-9108557679-portable-972-mit-360-druckspuelung-campingtoilette-weiss-grau","status":"publish","type":"product","link":"https:\/\/camping.webspace.rocks\/?product=dometic-9108557679-portable-972-mit-360-druckspuelung-campingtoilette-weiss-grau","title":{"rendered":"Dometic 9108557679 Portable 972 mit 360\u00b0 Drucksp\u00fclung Campingtoilette, Wei\u00df\/Grau"},"content":{"rendered":"<p>\n\t\t<style type=\"text\/css\">\n\t\t\t#gallery-1 {\n\t\t\t\tmargin: auto;\n\t\t\t}\n\t\t\t#gallery-1 .gallery-item {\n\t\t\t\tfloat: left;\n\t\t\t\tmargin-top: 10px;\n\t\t\t\ttext-align: center;\n\t\t\t\twidth: 33%;\n\t\t\t}\n\t\t\t#gallery-1 img {\n\t\t\t\tborder: 2px solid #cfcfcf;\n\t\t\t}\n\t\t\t#gallery-1 .gallery-caption {\n\t\t\t\tmargin-left: 0;\n\t\t\t}\n\t\t\t\/* see gallery_shortcode() in wp-includes\/media.php *\/\n\t\t<\/style>\n\t\t<div id='gallery-1' class='gallery galleryid-13912 gallery-columns-3 gallery-size-thumbnail'><dl class='gallery-item'>\n\t\t\t<dt class='gallery-icon landscape'>\n\t\t\t\t<a href='https:\/\/camping.webspace.rocks\/?attachment_id=13913'><img width=\"150\" height=\"150\" src=\"https:\/\/m.media-amazon.com\/images\/I\/31-+f3cqTZL._SS150_.jpg\" class=\"attachment-thumbnail size-thumbnail\" alt=\"\" loading=\"lazy\" srcset=\"https:\/\/m.media-amazon.com\/images\/I\/31-+f3cqTZL._SS150_.jpg 150w, https:\/\/m.media-amazon.com\/images\/I\/31-+f3cqTZL._SS300_.jpg 300w, https:\/\/m.media-amazon.com\/images\/I\/31-+f3cqTZL._SS768_.jpg 768w, https:\/\/m.media-amazon.com\/images\/I\/31-+f3cqTZL._SS1024_.jpg 1024w, https:\/\/m.media-amazon.com\/images\/I\/31-+f3cqTZL._SS1536_.jpg 1536w, https:\/\/m.media-amazon.com\/images\/I\/31-+f3cqTZL._SS2048_.jpg 2048w, https:\/\/m.media-amazon.com\/images\/I\/31-+f3cqTZL._SS1200_.jpg 1200w, https:\/\/m.media-amazon.com\/images\/I\/31-+f3cqTZL._SS600_.jpg 600w, https:\/\/m.media-amazon.com\/images\/I\/31-+f3cqTZL.jpg 500w\" sizes=\"(max-width: 150px) 100vw, 150px\" \/><\/a>\n\t\t\t<\/dt><\/dl><dl class='gallery-item'>\n\t\t\t<dt class='gallery-icon landscape'>\n\t\t\t\t<a href='https:\/\/camping.webspace.rocks\/?attachment_id=13914'><img width=\"150\" height=\"150\" src=\"https:\/\/m.media-amazon.com\/images\/I\/314v2yPykKL._SS150_.jpg\" class=\"attachment-thumbnail size-thumbnail\" alt=\"\" loading=\"lazy\" srcset=\"https:\/\/m.media-amazon.com\/images\/I\/314v2yPykKL._SS150_.jpg 150w, https:\/\/m.media-amazon.com\/images\/I\/314v2yPykKL._SS300_.jpg 300w, https:\/\/m.media-amazon.com\/images\/I\/314v2yPykKL._SS768_.jpg 768w, https:\/\/m.media-amazon.com\/images\/I\/314v2yPykKL._SS1024_.jpg 1024w, https:\/\/m.media-amazon.com\/images\/I\/314v2yPykKL._SS1536_.jpg 1536w, https:\/\/m.media-amazon.com\/images\/I\/314v2yPykKL._SS2048_.jpg 2048w, https:\/\/m.media-amazon.com\/images\/I\/314v2yPykKL._SS1200_.jpg 1200w, https:\/\/m.media-amazon.com\/images\/I\/314v2yPykKL._SS600_.jpg 600w, https:\/\/m.media-amazon.com\/images\/I\/314v2yPykKL.jpg 500w\" sizes=\"(max-width: 150px) 100vw, 150px\" \/><\/a>\n\t\t\t<\/dt><\/dl><dl class='gallery-item'>\n\t\t\t<dt class='gallery-icon landscape'>\n\t\t\t\t<a href='https:\/\/camping.webspace.rocks\/?attachment_id=13915'><img width=\"150\" height=\"150\" src=\"https:\/\/m.media-amazon.com\/images\/I\/31HfGsQMkLL._SS150_.jpg\" class=\"attachment-thumbnail size-thumbnail\" alt=\"\" loading=\"lazy\" srcset=\"https:\/\/m.media-amazon.com\/images\/I\/31HfGsQMkLL._SS150_.jpg 150w, https:\/\/m.media-amazon.com\/images\/I\/31HfGsQMkLL._SS300_.jpg 300w, https:\/\/m.media-amazon.com\/images\/I\/31HfGsQMkLL._SS768_.jpg 768w, https:\/\/m.media-amazon.com\/images\/I\/31HfGsQMkLL._SS1024_.jpg 1024w, https:\/\/m.media-amazon.com\/images\/I\/31HfGsQMkLL._SS1536_.jpg 1536w, https:\/\/m.media-amazon.com\/images\/I\/31HfGsQMkLL._SS2048_.jpg 2048w, https:\/\/m.media-amazon.com\/images\/I\/31HfGsQMkLL._SS1200_.jpg 1200w, https:\/\/m.media-amazon.com\/images\/I\/31HfGsQMkLL._SS600_.jpg 600w, https:\/\/m.media-amazon.com\/images\/I\/31HfGsQMkLL.jpg 500w\" sizes=\"(max-width: 150px) 100vw, 150px\" \/><\/a>\n\t\t\t<\/dt><\/dl><br style=\"clear: both\" \/>\n\t\t<\/div>\n<br \/>\n<!-- show up to 2 reviews by default --> <\/p>\n<p><b>Dometic 972 Platzsparende portable Toilette mit 360\u00b0-Drucksp\u00fclung<\/b><\/p>\n<p>Klein aber fein, handlich und platzsparend bringt die 970er-Serie Hygiene-Komfort in Ihr Wohnmobil. Auf kleinstem Raum sind viele sinnvolle Funktionen untergebracht, die dafu\u0308r sorgen, dass Sie sich unterwegs wie zu Hause fu\u0308hlen. <\/p>\n<p>Dometic 972 Portable Toilette &#8211; Technische Details<\/p>\n<ul>\n<li>Qualit\u00e4tsmerkmale:<br \/>8,7 l gro\u00dfer Sp\u00fclwassertank f\u00fcr 27 Sp\u00fclungen<br \/>Druckknopf-Bedienung<br \/>Starke 360\u00b0-Drucksp\u00fclung zur effektiven Reinigung<br \/>F\u00fcllstandsanzeige und \u00dcberf\u00fcllungsschutz<br \/>Geniales Entleerungssystem: extralanges, drehbares Abflussrohr sowie L\u00fcftungs\u00f6ffnungen f\u00fcr spritzfreies Ausgie\u00dfen<br \/>Zusatztanks und Befestigungskit als Zubeh\u00f6r<\/li>\n<li>Kapazit\u00e4t Abwassertank: 9,8 Liter<\/li>\n<li>Kapazit\u00e4t Sp\u00fclwassertank: 8,7 Liter<\/li>\n<li>Material: ABS<\/li>\n<li>Farbe: wei\u00df\/grau<\/li>\n<li>Abmessungen (BxHxT): 333 x 317 x 387 mm<\/li>\n<li>Gewicht: 5,4 kg<\/li>\n<li>Optionales Zubeh\u00f6r:<br \/>Befestiungskit &#8211; Artikel-Nr. 9108559158<br \/>Dometic DTK972, Zusatztank 9,8 Liter &#8211; Artikel-Nr. 9107100030<br \/>Dometic DTK976 Zusatztank 18,9 Liter &#8211; Artikel-Nr. 9107100031<br \/>Dometic MSD972, Absaug-Kit (9,8 Liter) &#8211; Artikel-Nr. 9107100028<br \/>Dometic MSD976, Absaug-Kit (18,9 Liter) &#8211; Artikel-Nr. 9107100029<\/li>\n<\/ul>\n<p>8,7 l gro\u00dfer Sp\u00fclwassertank f\u00fcr 27 Sp\u00fclungen<br \/>\nDruckknopf-Bedienung<br \/>\nStarke 360\u00b0-Drucksp\u00fclung zur effektiven Reinigung<br \/>\nF\u00fcllstandsanzeige und \u00dcberf\u00fcllungsschutz<br \/>\nGeniales Entleerungssystem: extralanges, drehbares Abflussrohr sowie L\u00fcftungs\u00f6ffnungen f\u00fcr spritzfreies Ausgie\u00dfen<br \/>\n<div class=\"main-cross-sell\" data-asin=\"B003HTWIO2\">\n\n\t<div class=\"WooZone-cross-sell-loader\">\n\t\t<div>\n\t\t\t<div id=\"floatingBarsG\">\n\t\t\t\t<div class=\"blockG\" id=\"rotateG_01\"><\/div>\n\t\t\t\t<div class=\"blockG\" id=\"rotateG_02\"><\/div>\n\t\t\t\t<div class=\"blockG\" id=\"rotateG_03\"><\/div>\n\t\t\t\t<div class=\"blockG\" id=\"rotateG_04\"><\/div>\n\t\t\t\t<div class=\"blockG\" id=\"rotateG_05\"><\/div>\n\t\t\t\t<div class=\"blockG\" id=\"rotateG_06\"><\/div>\n\t\t\t\t<div class=\"blockG\" id=\"rotateG_07\"><\/div>\n\t\t\t\t<div class=\"blockG\" id=\"rotateG_08\"><\/div>\n\t\t\t<\/div>\n\t\t\t<div class=\"WooZone-cross-sell-loader-text\"><\/div>\n\t\t<\/div>\n\t<\/div>\n\n\t\t\n<\/div>\n<div style=\"clear:both;\"><\/div><\/p>\n","protected":false},"excerpt":{"rendered":"<p>8,7 l gro\u00dfer Sp\u00fclwassertank f\u00fcr 27 Sp\u00fclungen<br \/>\nDruckknopf-Bedienung<br \/>\nStarke 360\u00b0-Drucksp\u00fclung zur effektiven Reinigung<\/p>\n","protected":false},"featured_media":13913,"comment_status":"open","ping_status":"closed","template":"","meta":[],"product_cat":[27,2163],"product_tag":[],"_links":{"self":[{"href":"https:\/\/camping.webspace.rocks\/index.php?rest_route=\/wp\/v2\/product\/13912"}],"collection":[{"href":"https:\/\/camping.webspace.rocks\/index.php?rest_route=\/wp\/v2\/product"}],"about":[{"href":"https:\/\/camping.webspace.rocks\/index.php?rest_route=\/wp\/v2\/types\/product"}],"replies":[{"embeddable":true,"href":"https:\/\/camping.webspace.rocks\/index.php?rest_route=%2Fwp%2Fv2%2Fcomments&post=13912"}],"version-history":[{"count":1,"href":"https:\/\/camping.webspace.rocks\/index.php?rest_route=\/wp\/v2\/product\/13912\/revisions"}],"predecessor-version":[{"id":14539,"href":"https:\/\/camping.webspace.rocks\/index.php?rest_route=\/wp\/v2\/product\/13912\/revisions\/14539"}],"wp:featuredmedia":[{"embeddable":true,"href":"https:\/\/camping.webspace.rocks\/index.php?rest_route=\/wp\/v2\/media\/13913"}],"wp:attachment":[{"href":"https:\/\/camping.webspace.rocks\/index.php?rest_route=%2Fwp%2Fv2%2Fmedia&parent=13912"}],"wp:term":[{"taxonomy":"product_cat","embeddable":true,"href":"https:\/\/camping.webspace.rocks\/index.php?rest_route=%2Fwp%2Fv2%2Fproduct_cat&post=13912"},{"taxonomy":"product_tag","embeddable":true,"href":"https:\/\/camping.webspace.rocks\/index.php?rest_route=%2Fwp%2Fv2%2Fproduct_tag&post=13912"}],"curies":[{"name":"wp","href":"https:\/\/api.w.org\/{rel}","templated":true}]}}