{"id":13984,"date":"2021-07-29T07:24:51","date_gmt":"2021-07-29T07:24:51","guid":{"rendered":"https:\/\/camping.webspace.rocks\/?product=proplus-tragbare-campingtoilette"},"modified":"2023-04-10T11:09:30","modified_gmt":"2023-04-10T11:09:30","slug":"proplus-tragbare-campingtoilette","status":"publish","type":"product","link":"https:\/\/camping.webspace.rocks\/?product=proplus-tragbare-campingtoilette","title":{"rendered":"ProPlus Tragbare Camping-Toilette"},"content":{"rendered":"<p>\n\t\t<style type=\"text\/css\">\n\t\t\t#gallery-1 {\n\t\t\t\tmargin: auto;\n\t\t\t}\n\t\t\t#gallery-1 .gallery-item {\n\t\t\t\tfloat: left;\n\t\t\t\tmargin-top: 10px;\n\t\t\t\ttext-align: center;\n\t\t\t\twidth: 33%;\n\t\t\t}\n\t\t\t#gallery-1 img {\n\t\t\t\tborder: 2px solid #cfcfcf;\n\t\t\t}\n\t\t\t#gallery-1 .gallery-caption {\n\t\t\t\tmargin-left: 0;\n\t\t\t}\n\t\t\t\/* see gallery_shortcode() in wp-includes\/media.php *\/\n\t\t<\/style>\n\t\t<div id='gallery-1' class='gallery galleryid-13984 gallery-columns-3 gallery-size-thumbnail'><dl class='gallery-item'>\n\t\t\t<dt class='gallery-icon landscape'>\n\t\t\t\t<a href='https:\/\/camping.webspace.rocks\/?attachment_id=13985'><img width=\"150\" height=\"150\" src=\"https:\/\/m.media-amazon.com\/images\/I\/31OhPXZjHqL._SS150_.jpg\" class=\"attachment-thumbnail size-thumbnail\" alt=\"\" loading=\"lazy\" srcset=\"https:\/\/m.media-amazon.com\/images\/I\/31OhPXZjHqL._SS150_.jpg 150w, https:\/\/m.media-amazon.com\/images\/I\/31OhPXZjHqL._SS300_.jpg 300w, https:\/\/m.media-amazon.com\/images\/I\/31OhPXZjHqL._SS768_.jpg 768w, https:\/\/m.media-amazon.com\/images\/I\/31OhPXZjHqL._SS1024_.jpg 1024w, https:\/\/m.media-amazon.com\/images\/I\/31OhPXZjHqL._SS1536_.jpg 1536w, https:\/\/m.media-amazon.com\/images\/I\/31OhPXZjHqL._SS2048_.jpg 2048w, https:\/\/m.media-amazon.com\/images\/I\/31OhPXZjHqL._SS1200_.jpg 1200w, https:\/\/m.media-amazon.com\/images\/I\/31OhPXZjHqL._SS600_.jpg 600w, https:\/\/m.media-amazon.com\/images\/I\/31OhPXZjHqL.jpg 500w\" sizes=\"(max-width: 150px) 100vw, 150px\" \/><\/a>\n\t\t\t<\/dt><\/dl><dl class='gallery-item'>\n\t\t\t<dt class='gallery-icon landscape'>\n\t\t\t\t<a href='https:\/\/camping.webspace.rocks\/?attachment_id=13986'><img width=\"150\" height=\"150\" src=\"https:\/\/m.media-amazon.com\/images\/I\/31KiIUbk8FL._SS150_.jpg\" class=\"attachment-thumbnail size-thumbnail\" alt=\"\" loading=\"lazy\" srcset=\"https:\/\/m.media-amazon.com\/images\/I\/31KiIUbk8FL._SS150_.jpg 150w, https:\/\/m.media-amazon.com\/images\/I\/31KiIUbk8FL._SS300_.jpg 300w, https:\/\/m.media-amazon.com\/images\/I\/31KiIUbk8FL._SS768_.jpg 768w, https:\/\/m.media-amazon.com\/images\/I\/31KiIUbk8FL._SS1024_.jpg 1024w, https:\/\/m.media-amazon.com\/images\/I\/31KiIUbk8FL._SS1536_.jpg 1536w, https:\/\/m.media-amazon.com\/images\/I\/31KiIUbk8FL._SS2048_.jpg 2048w, https:\/\/m.media-amazon.com\/images\/I\/31KiIUbk8FL._SS1200_.jpg 1200w, https:\/\/m.media-amazon.com\/images\/I\/31KiIUbk8FL._SS600_.jpg 600w, https:\/\/m.media-amazon.com\/images\/I\/31KiIUbk8FL.jpg 500w\" sizes=\"(max-width: 150px) 100vw, 150px\" \/><\/a>\n\t\t\t<\/dt><\/dl><dl class='gallery-item'>\n\t\t\t<dt class='gallery-icon landscape'>\n\t\t\t\t<a href='https:\/\/camping.webspace.rocks\/?attachment_id=13987'><img width=\"150\" height=\"150\" src=\"https:\/\/m.media-amazon.com\/images\/I\/31OYHp73xAL._SS150_.jpg\" class=\"attachment-thumbnail size-thumbnail\" alt=\"\" loading=\"lazy\" srcset=\"https:\/\/m.media-amazon.com\/images\/I\/31OYHp73xAL._SS150_.jpg 150w, https:\/\/m.media-amazon.com\/images\/I\/31OYHp73xAL._SS300_.jpg 300w, https:\/\/m.media-amazon.com\/images\/I\/31OYHp73xAL._SS768_.jpg 768w, https:\/\/m.media-amazon.com\/images\/I\/31OYHp73xAL._SS1024_.jpg 1024w, https:\/\/m.media-amazon.com\/images\/I\/31OYHp73xAL._SS1536_.jpg 1536w, https:\/\/m.media-amazon.com\/images\/I\/31OYHp73xAL._SS2048_.jpg 2048w, https:\/\/m.media-amazon.com\/images\/I\/31OYHp73xAL._SS1200_.jpg 1200w, https:\/\/m.media-amazon.com\/images\/I\/31OYHp73xAL._SS600_.jpg 600w, https:\/\/m.media-amazon.com\/images\/I\/31OYHp73xAL.jpg 500w\" sizes=\"(max-width: 150px) 100vw, 150px\" \/><\/a>\n\t\t\t<\/dt><\/dl><br style=\"clear: both\" \/>\n\t\t<\/div>\n<br \/>\n<!-- show up to 2 reviews by default --> <\/p>\n<p>unser Camping WC ist Geeignet f\u00fcr Innen-und Au\u00dfeneinsatz Ideal f\u00fcr Camping, Caravaning, Outdoor-Events, Boote usw. Inhalt: 7 Liter Bequemen Sitz (Sithh\u00f6he: 33cm) Mit WC-Rollenhalter Abnehmbare Eimer mit Deckel Einfach zu reinigen Leichtgewichtig Artikel ist neu und sofort lieferbar !!! <\/p>\n<p>unser Camping WC ist Geeignet f\u00fcr Innen-und Au\u00dfeneinsatz Ideal f\u00fcr Camping, Caravaning, Outdoor-Events, Boote usw.<br \/>\nInhalt: 7 Liter<br \/>\nBequemen Sitz (Sithh\u00f6he: 33cm)<br \/>\nMit WC-Rollenhalter<br \/>\nAbnehmbare Eimer mit Deckel<br \/>\n<div class=\"main-cross-sell\" data-asin=\"B01L1WXZVQ\">\n\n\t<div class=\"WooZone-cross-sell-loader\">\n\t\t<div>\n\t\t\t<div id=\"floatingBarsG\">\n\t\t\t\t<div class=\"blockG\" id=\"rotateG_01\"><\/div>\n\t\t\t\t<div class=\"blockG\" id=\"rotateG_02\"><\/div>\n\t\t\t\t<div class=\"blockG\" id=\"rotateG_03\"><\/div>\n\t\t\t\t<div class=\"blockG\" id=\"rotateG_04\"><\/div>\n\t\t\t\t<div class=\"blockG\" id=\"rotateG_05\"><\/div>\n\t\t\t\t<div class=\"blockG\" id=\"rotateG_06\"><\/div>\n\t\t\t\t<div class=\"blockG\" id=\"rotateG_07\"><\/div>\n\t\t\t\t<div class=\"blockG\" id=\"rotateG_08\"><\/div>\n\t\t\t<\/div>\n\t\t\t<div class=\"WooZone-cross-sell-loader-text\"><\/div>\n\t\t<\/div>\n\t<\/div>\n\n\t\t\n<\/div>\n<div style=\"clear:both;\"><\/div><\/p>\n","protected":false},"excerpt":{"rendered":"<p>unser Camping WC ist Geeignet f\u00fcr Innen-und Au\u00dfeneinsatz Ideal f\u00fcr Camping, Caravaning, Outdoor-Events, Boote usw.<br \/>\nInhalt: 7 Liter<br \/>\nBequemen Sitz (Sithh\u00f6he: 33cm)<\/p>\n","protected":false},"featured_media":13985,"comment_status":"open","ping_status":"closed","template":"","meta":[],"product_cat":[27,2163],"product_tag":[],"_links":{"self":[{"href":"https:\/\/camping.webspace.rocks\/index.php?rest_route=\/wp\/v2\/product\/13984"}],"collection":[{"href":"https:\/\/camping.webspace.rocks\/index.php?rest_route=\/wp\/v2\/product"}],"about":[{"href":"https:\/\/camping.webspace.rocks\/index.php?rest_route=\/wp\/v2\/types\/product"}],"replies":[{"embeddable":true,"href":"https:\/\/camping.webspace.rocks\/index.php?rest_route=%2Fwp%2Fv2%2Fcomments&post=13984"}],"version-history":[{"count":2,"href":"https:\/\/camping.webspace.rocks\/index.php?rest_route=\/wp\/v2\/product\/13984\/revisions"}],"predecessor-version":[{"id":19637,"href":"https:\/\/camping.webspace.rocks\/index.php?rest_route=\/wp\/v2\/product\/13984\/revisions\/19637"}],"wp:featuredmedia":[{"embeddable":true,"href":"https:\/\/camping.webspace.rocks\/index.php?rest_route=\/wp\/v2\/media\/13985"}],"wp:attachment":[{"href":"https:\/\/camping.webspace.rocks\/index.php?rest_route=%2Fwp%2Fv2%2Fmedia&parent=13984"}],"wp:term":[{"taxonomy":"product_cat","embeddable":true,"href":"https:\/\/camping.webspace.rocks\/index.php?rest_route=%2Fwp%2Fv2%2Fproduct_cat&post=13984"},{"taxonomy":"product_tag","embeddable":true,"href":"https:\/\/camping.webspace.rocks\/index.php?rest_route=%2Fwp%2Fv2%2Fproduct_tag&post=13984"}],"curies":[{"name":"wp","href":"https:\/\/api.w.org\/{rel}","templated":true}]}}