{"id":14000,"date":"2021-07-29T07:24:58","date_gmt":"2021-07-29T07:24:58","guid":{"rendered":"https:\/\/camping.webspace.rocks\/?product=24ocean-mobile-klapptoilette-metallgestell-wc-klo-camping"},"modified":"2023-04-10T11:09:30","modified_gmt":"2023-04-10T11:09:30","slug":"24ocean-mobile-klapptoilette-metallgestell-wc-klo-camping","status":"publish","type":"product","link":"https:\/\/camping.webspace.rocks\/?product=24ocean-mobile-klapptoilette-metallgestell-wc-klo-camping","title":{"rendered":"24ocean Mobile Klapptoilette Set WC Klo"},"content":{"rendered":"<p>\n\t\t<style type=\"text\/css\">\n\t\t\t#gallery-1 {\n\t\t\t\tmargin: auto;\n\t\t\t}\n\t\t\t#gallery-1 .gallery-item {\n\t\t\t\tfloat: left;\n\t\t\t\tmargin-top: 10px;\n\t\t\t\ttext-align: center;\n\t\t\t\twidth: 33%;\n\t\t\t}\n\t\t\t#gallery-1 img {\n\t\t\t\tborder: 2px solid #cfcfcf;\n\t\t\t}\n\t\t\t#gallery-1 .gallery-caption {\n\t\t\t\tmargin-left: 0;\n\t\t\t}\n\t\t\t\/* see gallery_shortcode() in wp-includes\/media.php *\/\n\t\t<\/style>\n\t\t<div id='gallery-1' class='gallery galleryid-14000 gallery-columns-3 gallery-size-thumbnail'><dl class='gallery-item'>\n\t\t\t<dt class='gallery-icon landscape'>\n\t\t\t\t<a href='https:\/\/camping.webspace.rocks\/?attachment_id=14001'><img width=\"150\" height=\"150\" src=\"https:\/\/m.media-amazon.com\/images\/I\/41KM2q85+oL._SS150_.jpg\" class=\"attachment-thumbnail size-thumbnail\" alt=\"\" loading=\"lazy\" srcset=\"https:\/\/m.media-amazon.com\/images\/I\/41KM2q85+oL._SS150_.jpg 150w, https:\/\/m.media-amazon.com\/images\/I\/41KM2q85+oL._SS300_.jpg 300w, https:\/\/m.media-amazon.com\/images\/I\/41KM2q85+oL._SS768_.jpg 768w, https:\/\/m.media-amazon.com\/images\/I\/41KM2q85+oL._SS1024_.jpg 1024w, https:\/\/m.media-amazon.com\/images\/I\/41KM2q85+oL._SS1536_.jpg 1536w, https:\/\/m.media-amazon.com\/images\/I\/41KM2q85+oL._SS2048_.jpg 2048w, https:\/\/m.media-amazon.com\/images\/I\/41KM2q85+oL._SS1200_.jpg 1200w, https:\/\/m.media-amazon.com\/images\/I\/41KM2q85+oL._SS600_.jpg 600w, https:\/\/m.media-amazon.com\/images\/I\/41KM2q85+oL.jpg 500w\" sizes=\"(max-width: 150px) 100vw, 150px\" \/><\/a>\n\t\t\t<\/dt><\/dl><dl class='gallery-item'>\n\t\t\t<dt class='gallery-icon landscape'>\n\t\t\t\t<a href='https:\/\/camping.webspace.rocks\/?attachment_id=14002'><img width=\"150\" height=\"150\" src=\"https:\/\/m.media-amazon.com\/images\/I\/419SUTrQR-L._SS150_.jpg\" class=\"attachment-thumbnail size-thumbnail\" alt=\"\" loading=\"lazy\" srcset=\"https:\/\/m.media-amazon.com\/images\/I\/419SUTrQR-L._SS150_.jpg 150w, https:\/\/m.media-amazon.com\/images\/I\/419SUTrQR-L._SS300_.jpg 300w, https:\/\/m.media-amazon.com\/images\/I\/419SUTrQR-L._SS768_.jpg 768w, https:\/\/m.media-amazon.com\/images\/I\/419SUTrQR-L._SS1024_.jpg 1024w, https:\/\/m.media-amazon.com\/images\/I\/419SUTrQR-L._SS1536_.jpg 1536w, https:\/\/m.media-amazon.com\/images\/I\/419SUTrQR-L._SS2048_.jpg 2048w, https:\/\/m.media-amazon.com\/images\/I\/419SUTrQR-L._SS1200_.jpg 1200w, https:\/\/m.media-amazon.com\/images\/I\/419SUTrQR-L._SS600_.jpg 600w, https:\/\/m.media-amazon.com\/images\/I\/419SUTrQR-L.jpg 500w\" sizes=\"(max-width: 150px) 100vw, 150px\" \/><\/a>\n\t\t\t<\/dt><\/dl><dl class='gallery-item'>\n\t\t\t<dt class='gallery-icon landscape'>\n\t\t\t\t<a href='https:\/\/camping.webspace.rocks\/?attachment_id=14003'><img width=\"150\" height=\"150\" src=\"https:\/\/m.media-amazon.com\/images\/I\/419U61BL0LL._SS150_.jpg\" class=\"attachment-thumbnail size-thumbnail\" alt=\"\" loading=\"lazy\" srcset=\"https:\/\/m.media-amazon.com\/images\/I\/419U61BL0LL._SS150_.jpg 150w, https:\/\/m.media-amazon.com\/images\/I\/419U61BL0LL._SS300_.jpg 300w, https:\/\/m.media-amazon.com\/images\/I\/419U61BL0LL._SS768_.jpg 768w, https:\/\/m.media-amazon.com\/images\/I\/419U61BL0LL._SS1024_.jpg 1024w, https:\/\/m.media-amazon.com\/images\/I\/419U61BL0LL._SS1536_.jpg 1536w, https:\/\/m.media-amazon.com\/images\/I\/419U61BL0LL._SS2048_.jpg 2048w, https:\/\/m.media-amazon.com\/images\/I\/419U61BL0LL._SS1200_.jpg 1200w, https:\/\/m.media-amazon.com\/images\/I\/419U61BL0LL._SS600_.jpg 600w, https:\/\/m.media-amazon.com\/images\/I\/419U61BL0LL.jpg 500w\" sizes=\"(max-width: 150px) 100vw, 150px\" \/><\/a>\n\t\t\t<\/dt><\/dl><br style=\"clear: both\" \/>\n\t\t<\/div>\n<br \/>\n<!-- show up to 2 reviews by default --> <\/p>\n<p>24ocean <strong>Mobile Klapptoilette<\/strong> &#8211; ideal auf Reisen, beim <strong>Camping<\/strong>, f\u00fcr die <strong>Gartenlaube<\/strong> uvm. Umweltschonend, da kein Wasser ben\u00f6tigt wird. Die Toilette kann <strong>schnell<\/strong> und <strong>einfach<\/strong> zusammengeklappt und verstaut werden. <br \/>F\u00fcr den n\u00e4chsten Einsatz ist sie im Handumdrehen aufgebaut &#8211; mehr als praktisch.<br \/>Die Klapptoilette gibt es nicht nur in unterschiedlichen Farben, <strong>sondern<\/strong> mit unterschiedlichen <strong>Ersatzbeutel<\/strong>. <br \/>Hier gibt es die Wahlm\u00f6glichkeit: Einweg Kunststoffbeutel oder Kompostierbar.<\/p>\n<ul>\n<li>Ersatzbeutel: <strong>6 Einweg<\/strong>, 30 <strong>Einweg<\/strong>, 32 <strong>Kompostierbar<\/strong> oder <br \/>16<strong> Kompostierbar &#8211; Braun<\/strong><\/li>\n<li>Farbe des <strong>Gestells<\/strong>: Schwarz oder <strong>NEU<\/strong> Silber<\/li>\n<li>Farbe der <strong>Toilettenbrille<\/strong>: Grau, Wei\u00df, <strong>NEU<\/strong> Schwarz, und Gr\u00fcn<\/li>\n<\/ul>\n<p><strong>Ma\u00dfe:<\/strong><\/p>\n<ul>\n<li>Sitzh\u00f6he: <strong>45.5 cm<\/strong><\/li>\n<li>Metallrahmen \u00d8 21 mm<\/li>\n<li>39 x 35 x 36 cm<\/li>\n<li>Gewicht: ca. 2,6 kg<\/li>\n<li><strong>maximal<\/strong> belastbar bis <strong>100 kg<\/strong><\/li>\n<\/ul>\n<p>24ocean Klapptoilette mit Metallgestell &#8211; schnell einsatzbereit, leicht zu verstauen, platzsparend<br \/>\nCamping WC &#8211; umweltschonend, da kein Wasser ben\u00f6tigt wird<br \/>\nSitzh\u00f6he: 45,5 cm * Ma\u00dfe: 39 x 35 x 36 cm * Metallrahmen \u00d8 21 mm<br \/>\nGewicht: ca. 2,6 kg, Klo maximal belastbar bis 100 kg<br \/>\nLieferumfang: 1 Klapptoilette, 6 Einwegbeutel, Variante: schwarzer Deckel oder grauer Deckel<br \/>\n<div class=\"main-cross-sell\" data-asin=\"B01HR58MIW\">\n\n\t<div class=\"WooZone-cross-sell-loader\">\n\t\t<div>\n\t\t\t<div id=\"floatingBarsG\">\n\t\t\t\t<div class=\"blockG\" id=\"rotateG_01\"><\/div>\n\t\t\t\t<div class=\"blockG\" id=\"rotateG_02\"><\/div>\n\t\t\t\t<div class=\"blockG\" id=\"rotateG_03\"><\/div>\n\t\t\t\t<div class=\"blockG\" id=\"rotateG_04\"><\/div>\n\t\t\t\t<div class=\"blockG\" id=\"rotateG_05\"><\/div>\n\t\t\t\t<div class=\"blockG\" id=\"rotateG_06\"><\/div>\n\t\t\t\t<div class=\"blockG\" id=\"rotateG_07\"><\/div>\n\t\t\t\t<div class=\"blockG\" id=\"rotateG_08\"><\/div>\n\t\t\t<\/div>\n\t\t\t<div class=\"WooZone-cross-sell-loader-text\"><\/div>\n\t\t<\/div>\n\t<\/div>\n\n\t\t\n<\/div>\n<div style=\"clear:both;\"><\/div><\/p>\n","protected":false},"excerpt":{"rendered":"<p>24ocean Klapptoilette mit Metallgestell &#8211; schnell einsatzbereit, leicht zu verstauen, platzsparend<br \/>\nCamping WC &#8211; umweltschonend, da kein Wasser ben\u00f6tigt wird<br \/>\nSitzh\u00f6he: 45,5 cm * Ma\u00dfe: 39 x 35 x 36 cm * Metallrahmen \u00d8 21 mm<\/p>\n","protected":false},"featured_media":14001,"comment_status":"open","ping_status":"closed","template":"","meta":[],"product_cat":[27,2163],"product_tag":[],"_links":{"self":[{"href":"https:\/\/camping.webspace.rocks\/index.php?rest_route=\/wp\/v2\/product\/14000"}],"collection":[{"href":"https:\/\/camping.webspace.rocks\/index.php?rest_route=\/wp\/v2\/product"}],"about":[{"href":"https:\/\/camping.webspace.rocks\/index.php?rest_route=\/wp\/v2\/types\/product"}],"replies":[{"embeddable":true,"href":"https:\/\/camping.webspace.rocks\/index.php?rest_route=%2Fwp%2Fv2%2Fcomments&post=14000"}],"version-history":[{"count":2,"href":"https:\/\/camping.webspace.rocks\/index.php?rest_route=\/wp\/v2\/product\/14000\/revisions"}],"predecessor-version":[{"id":19116,"href":"https:\/\/camping.webspace.rocks\/index.php?rest_route=\/wp\/v2\/product\/14000\/revisions\/19116"}],"wp:featuredmedia":[{"embeddable":true,"href":"https:\/\/camping.webspace.rocks\/index.php?rest_route=\/wp\/v2\/media\/14001"}],"wp:attachment":[{"href":"https:\/\/camping.webspace.rocks\/index.php?rest_route=%2Fwp%2Fv2%2Fmedia&parent=14000"}],"wp:term":[{"taxonomy":"product_cat","embeddable":true,"href":"https:\/\/camping.webspace.rocks\/index.php?rest_route=%2Fwp%2Fv2%2Fproduct_cat&post=14000"},{"taxonomy":"product_tag","embeddable":true,"href":"https:\/\/camping.webspace.rocks\/index.php?rest_route=%2Fwp%2Fv2%2Fproduct_tag&post=14000"}],"curies":[{"name":"wp","href":"https:\/\/api.w.org\/{rel}","templated":true}]}}