{"id":14066,"date":"2021-07-29T07:25:23","date_gmt":"2021-07-29T07:25:23","guid":{"rendered":"https:\/\/camping.webspace.rocks\/?product=mobile-campingtoilette-wc-22-liter-toiletteneimer-reise-toilette-komposttoilett"},"modified":"2023-04-10T11:09:32","modified_gmt":"2023-04-10T11:09:32","slug":"mobile-campingtoilette-wc-22-liter-toiletteneimer-reise-toilette-komposttoilett","status":"publish","type":"product","link":"https:\/\/camping.webspace.rocks\/?product=mobile-campingtoilette-wc-22-liter-toiletteneimer-reise-toilette-komposttoilett","title":{"rendered":"Mobile Campingtoilette WC 22 Liter Toiletteneimer Reise Toilette Komposttoilett"},"content":{"rendered":"<p>\n\t\t<style type=\"text\/css\">\n\t\t\t#gallery-1 {\n\t\t\t\tmargin: auto;\n\t\t\t}\n\t\t\t#gallery-1 .gallery-item {\n\t\t\t\tfloat: left;\n\t\t\t\tmargin-top: 10px;\n\t\t\t\ttext-align: center;\n\t\t\t\twidth: 33%;\n\t\t\t}\n\t\t\t#gallery-1 img {\n\t\t\t\tborder: 2px solid #cfcfcf;\n\t\t\t}\n\t\t\t#gallery-1 .gallery-caption {\n\t\t\t\tmargin-left: 0;\n\t\t\t}\n\t\t\t\/* see gallery_shortcode() in wp-includes\/media.php *\/\n\t\t<\/style>\n\t\t<div id='gallery-1' class='gallery galleryid-14066 gallery-columns-3 gallery-size-thumbnail'><dl class='gallery-item'>\n\t\t\t<dt class='gallery-icon landscape'>\n\t\t\t\t<a href='https:\/\/camping.webspace.rocks\/?attachment_id=14067'><img width=\"150\" height=\"150\" src=\"https:\/\/m.media-amazon.com\/images\/I\/41Xp+KMggXL._SS150_.jpg\" class=\"attachment-thumbnail size-thumbnail\" alt=\"\" loading=\"lazy\" srcset=\"https:\/\/m.media-amazon.com\/images\/I\/41Xp+KMggXL._SS150_.jpg 150w, https:\/\/m.media-amazon.com\/images\/I\/41Xp+KMggXL._SS300_.jpg 300w, https:\/\/m.media-amazon.com\/images\/I\/41Xp+KMggXL._SS768_.jpg 768w, https:\/\/m.media-amazon.com\/images\/I\/41Xp+KMggXL._SS1024_.jpg 1024w, https:\/\/m.media-amazon.com\/images\/I\/41Xp+KMggXL._SS1536_.jpg 1536w, https:\/\/m.media-amazon.com\/images\/I\/41Xp+KMggXL._SS2048_.jpg 2048w, https:\/\/m.media-amazon.com\/images\/I\/41Xp+KMggXL._SS1200_.jpg 1200w, https:\/\/m.media-amazon.com\/images\/I\/41Xp+KMggXL._SS600_.jpg 600w, https:\/\/m.media-amazon.com\/images\/I\/41Xp+KMggXL.jpg 500w\" sizes=\"(max-width: 150px) 100vw, 150px\" \/><\/a>\n\t\t\t<\/dt><\/dl><dl class='gallery-item'>\n\t\t\t<dt class='gallery-icon landscape'>\n\t\t\t\t<a href='https:\/\/camping.webspace.rocks\/?attachment_id=14068'><img width=\"150\" height=\"150\" src=\"https:\/\/m.media-amazon.com\/images\/I\/51TkWiSOo5L._SS150_.jpg\" class=\"attachment-thumbnail size-thumbnail\" alt=\"\" loading=\"lazy\" srcset=\"https:\/\/m.media-amazon.com\/images\/I\/51TkWiSOo5L._SS150_.jpg 150w, https:\/\/m.media-amazon.com\/images\/I\/51TkWiSOo5L._SS300_.jpg 300w, https:\/\/m.media-amazon.com\/images\/I\/51TkWiSOo5L._SS768_.jpg 768w, https:\/\/m.media-amazon.com\/images\/I\/51TkWiSOo5L._SS1024_.jpg 1024w, https:\/\/m.media-amazon.com\/images\/I\/51TkWiSOo5L._SS1536_.jpg 1536w, https:\/\/m.media-amazon.com\/images\/I\/51TkWiSOo5L._SS2048_.jpg 2048w, https:\/\/m.media-amazon.com\/images\/I\/51TkWiSOo5L._SS1200_.jpg 1200w, https:\/\/m.media-amazon.com\/images\/I\/51TkWiSOo5L._SS600_.jpg 600w, https:\/\/m.media-amazon.com\/images\/I\/51TkWiSOo5L.jpg 500w\" sizes=\"(max-width: 150px) 100vw, 150px\" \/><\/a>\n\t\t\t<\/dt><\/dl><dl class='gallery-item'>\n\t\t\t<dt class='gallery-icon landscape'>\n\t\t\t\t<a href='https:\/\/camping.webspace.rocks\/?attachment_id=14069'><img width=\"150\" height=\"150\" src=\"https:\/\/m.media-amazon.com\/images\/I\/616OpRSOhML._SS150_.jpg\" class=\"attachment-thumbnail size-thumbnail\" alt=\"\" loading=\"lazy\" srcset=\"https:\/\/m.media-amazon.com\/images\/I\/616OpRSOhML._SS150_.jpg 150w, https:\/\/m.media-amazon.com\/images\/I\/616OpRSOhML._SS300_.jpg 300w, https:\/\/m.media-amazon.com\/images\/I\/616OpRSOhML._SS768_.jpg 768w, https:\/\/m.media-amazon.com\/images\/I\/616OpRSOhML._SS1024_.jpg 1024w, https:\/\/m.media-amazon.com\/images\/I\/616OpRSOhML._SS1536_.jpg 1536w, https:\/\/m.media-amazon.com\/images\/I\/616OpRSOhML._SS2048_.jpg 2048w, https:\/\/m.media-amazon.com\/images\/I\/616OpRSOhML._SS1200_.jpg 1200w, https:\/\/m.media-amazon.com\/images\/I\/616OpRSOhML._SS600_.jpg 600w, https:\/\/m.media-amazon.com\/images\/I\/616OpRSOhML.jpg 500w\" sizes=\"(max-width: 150px) 100vw, 150px\" \/><\/a>\n\t\t\t<\/dt><\/dl><br style=\"clear: both\" \/>\n\t\t<\/div>\n<br \/>\n<!-- show up to 2 reviews by default --> <\/p>\n<p><strong>Reise WC Champingtoilette<\/strong><\/p>\n<p>Die komfortable, kompakte und umweltgerechte L\u00f6sung f\u00fcr Wohnwagen, Wohnmobile, Boote und Gartenanlagen usw. <br \/>Die Toilette funktioniert v\u00f6llig ohne Wasser und ohne jegliche Chemie. Eine ausgezeichnete Alternative f\u00fcr Champer, Angler und alle diejenigen die auf Lange Touren unterwegs sind und wo eine Festtoilette nicht vorhanden ist.<\/p>\n<p><strong>Eigenschaften:<\/strong><\/p>\n<p><\/p>\n<ul><\/p>\n<li>bequeme Klosetbrille <\/li>\n<p><\/p>\n<li>Deckelklappe<\/li>\n<p><\/p>\n<li>spezielle Vertiefung<\/li>\n<p><\/p>\n<li>Griff kann als Toilettenpapierhalter genutzt werden<\/li>\n<p><\/p>\n<li>Fassungsverm\u00f6gen ca 22 Liter <\/li>\n<p><\/p>\n<li>Au\u00dfenma\u00dfe H\u00f6he 37 cm \/ Breite 35 cm \/ L\u00e4nge: 37 cm<\/li>\n<p><\/p>\n<li>Lieferung: 1 <\/li>\n<\/ul>\n<p>Fassungsverm\u00f6gen 22 L \/ Einfache Reinigung \/ Sehr stabile und komfortable Konstruktion<br \/>\nIdeale g\u00fcnstige Campingtoilette<br \/>\nIdeal f\u00fcr Camping, Wohnwagen, Wohnmobile, Boote und Gartenanlagen<br \/>\nAusf\u00fchrliche Angaben siehe Produktbeschreibung !<br \/>\n<div class=\"main-cross-sell\" data-asin=\"B071S82L39\">\n\n\t<div class=\"WooZone-cross-sell-loader\">\n\t\t<div>\n\t\t\t<div id=\"floatingBarsG\">\n\t\t\t\t<div class=\"blockG\" id=\"rotateG_01\"><\/div>\n\t\t\t\t<div class=\"blockG\" id=\"rotateG_02\"><\/div>\n\t\t\t\t<div class=\"blockG\" id=\"rotateG_03\"><\/div>\n\t\t\t\t<div class=\"blockG\" id=\"rotateG_04\"><\/div>\n\t\t\t\t<div class=\"blockG\" id=\"rotateG_05\"><\/div>\n\t\t\t\t<div class=\"blockG\" id=\"rotateG_06\"><\/div>\n\t\t\t\t<div class=\"blockG\" id=\"rotateG_07\"><\/div>\n\t\t\t\t<div class=\"blockG\" id=\"rotateG_08\"><\/div>\n\t\t\t<\/div>\n\t\t\t<div class=\"WooZone-cross-sell-loader-text\"><\/div>\n\t\t<\/div>\n\t<\/div>\n\n\t\t\n<\/div>\n<div style=\"clear:both;\"><\/div><\/p>\n","protected":false},"excerpt":{"rendered":"<p>Fassungsverm\u00f6gen 22 L \/ Einfache Reinigung \/ Sehr stabile und komfortable Konstruktion<br \/>\nIdeale g\u00fcnstige Campingtoilette<br \/>\nIdeal f\u00fcr Camping, Wohnwagen, Wohnmobile, Boote und Gartenanlagen<\/p>\n","protected":false},"featured_media":14067,"comment_status":"open","ping_status":"closed","template":"","meta":[],"product_cat":[27,2163],"product_tag":[],"_links":{"self":[{"href":"https:\/\/camping.webspace.rocks\/index.php?rest_route=\/wp\/v2\/product\/14066"}],"collection":[{"href":"https:\/\/camping.webspace.rocks\/index.php?rest_route=\/wp\/v2\/product"}],"about":[{"href":"https:\/\/camping.webspace.rocks\/index.php?rest_route=\/wp\/v2\/types\/product"}],"replies":[{"embeddable":true,"href":"https:\/\/camping.webspace.rocks\/index.php?rest_route=%2Fwp%2Fv2%2Fcomments&post=14066"}],"version-history":[{"count":1,"href":"https:\/\/camping.webspace.rocks\/index.php?rest_route=\/wp\/v2\/product\/14066\/revisions"}],"predecessor-version":[{"id":14579,"href":"https:\/\/camping.webspace.rocks\/index.php?rest_route=\/wp\/v2\/product\/14066\/revisions\/14579"}],"wp:featuredmedia":[{"embeddable":true,"href":"https:\/\/camping.webspace.rocks\/index.php?rest_route=\/wp\/v2\/media\/14067"}],"wp:attachment":[{"href":"https:\/\/camping.webspace.rocks\/index.php?rest_route=%2Fwp%2Fv2%2Fmedia&parent=14066"}],"wp:term":[{"taxonomy":"product_cat","embeddable":true,"href":"https:\/\/camping.webspace.rocks\/index.php?rest_route=%2Fwp%2Fv2%2Fproduct_cat&post=14066"},{"taxonomy":"product_tag","embeddable":true,"href":"https:\/\/camping.webspace.rocks\/index.php?rest_route=%2Fwp%2Fv2%2Fproduct_tag&post=14066"}],"curies":[{"name":"wp","href":"https:\/\/api.w.org\/{rel}","templated":true}]}}