{"id":14086,"date":"2021-07-29T07:25:31","date_gmt":"2021-07-29T07:25:31","guid":{"rendered":"https:\/\/camping.webspace.rocks\/?product=bb-sport-tragbare-campingtoilette-20l-mobile-chemische-toilette"},"modified":"2023-04-10T11:09:33","modified_gmt":"2023-04-10T11:09:33","slug":"bb-sport-tragbare-campingtoilette-20l-mobile-chemische-toilette","status":"publish","type":"product","link":"https:\/\/camping.webspace.rocks\/?product=bb-sport-tragbare-campingtoilette-20l-mobile-chemische-toilette","title":{"rendered":"BB Sport Camping Toilette 20 L Angenehme Sitzh\u00f6he Tragbare Reise Toilette bis 130 kg Wohnwagen Camper Wohnmobil WC"},"content":{"rendered":"<p>\n\t\t<style type=\"text\/css\">\n\t\t\t#gallery-1 {\n\t\t\t\tmargin: auto;\n\t\t\t}\n\t\t\t#gallery-1 .gallery-item {\n\t\t\t\tfloat: left;\n\t\t\t\tmargin-top: 10px;\n\t\t\t\ttext-align: center;\n\t\t\t\twidth: 33%;\n\t\t\t}\n\t\t\t#gallery-1 img {\n\t\t\t\tborder: 2px solid #cfcfcf;\n\t\t\t}\n\t\t\t#gallery-1 .gallery-caption {\n\t\t\t\tmargin-left: 0;\n\t\t\t}\n\t\t\t\/* see gallery_shortcode() in wp-includes\/media.php *\/\n\t\t<\/style>\n\t\t<div id='gallery-1' class='gallery galleryid-14086 gallery-columns-3 gallery-size-thumbnail'><dl class='gallery-item'>\n\t\t\t<dt class='gallery-icon landscape'>\n\t\t\t\t<a href='https:\/\/camping.webspace.rocks\/?attachment_id=14087'><img width=\"150\" height=\"150\" src=\"https:\/\/m.media-amazon.com\/images\/I\/31eJvLpn5SL._SS150_.jpg\" class=\"attachment-thumbnail size-thumbnail\" alt=\"\" loading=\"lazy\" srcset=\"https:\/\/m.media-amazon.com\/images\/I\/31eJvLpn5SL._SS150_.jpg 150w, https:\/\/m.media-amazon.com\/images\/I\/31eJvLpn5SL._SS300_.jpg 300w, https:\/\/m.media-amazon.com\/images\/I\/31eJvLpn5SL._SS768_.jpg 768w, https:\/\/m.media-amazon.com\/images\/I\/31eJvLpn5SL._SS1024_.jpg 1024w, https:\/\/m.media-amazon.com\/images\/I\/31eJvLpn5SL._SS1536_.jpg 1536w, https:\/\/m.media-amazon.com\/images\/I\/31eJvLpn5SL._SS2048_.jpg 2048w, https:\/\/m.media-amazon.com\/images\/I\/31eJvLpn5SL._SS1200_.jpg 1200w, https:\/\/m.media-amazon.com\/images\/I\/31eJvLpn5SL._SS600_.jpg 600w, https:\/\/m.media-amazon.com\/images\/I\/31eJvLpn5SL.jpg 500w\" sizes=\"(max-width: 150px) 100vw, 150px\" \/><\/a>\n\t\t\t<\/dt><\/dl><dl class='gallery-item'>\n\t\t\t<dt class='gallery-icon landscape'>\n\t\t\t\t<a href='https:\/\/camping.webspace.rocks\/?attachment_id=14088'><img width=\"150\" height=\"150\" src=\"https:\/\/m.media-amazon.com\/images\/I\/41a4YLDSpXL._SS150_.jpg\" class=\"attachment-thumbnail size-thumbnail\" alt=\"\" loading=\"lazy\" srcset=\"https:\/\/m.media-amazon.com\/images\/I\/41a4YLDSpXL._SS150_.jpg 150w, https:\/\/m.media-amazon.com\/images\/I\/41a4YLDSpXL._SS300_.jpg 300w, https:\/\/m.media-amazon.com\/images\/I\/41a4YLDSpXL._SS768_.jpg 768w, https:\/\/m.media-amazon.com\/images\/I\/41a4YLDSpXL._SS1024_.jpg 1024w, https:\/\/m.media-amazon.com\/images\/I\/41a4YLDSpXL._SS1536_.jpg 1536w, https:\/\/m.media-amazon.com\/images\/I\/41a4YLDSpXL._SS2048_.jpg 2048w, https:\/\/m.media-amazon.com\/images\/I\/41a4YLDSpXL._SS1200_.jpg 1200w, https:\/\/m.media-amazon.com\/images\/I\/41a4YLDSpXL._SS600_.jpg 600w, https:\/\/m.media-amazon.com\/images\/I\/41a4YLDSpXL.jpg 500w\" sizes=\"(max-width: 150px) 100vw, 150px\" \/><\/a>\n\t\t\t<\/dt><\/dl><dl class='gallery-item'>\n\t\t\t<dt class='gallery-icon landscape'>\n\t\t\t\t<a href='https:\/\/camping.webspace.rocks\/?attachment_id=14089'><img width=\"150\" height=\"150\" src=\"https:\/\/m.media-amazon.com\/images\/I\/416Wq3aC3gL._SS150_.jpg\" class=\"attachment-thumbnail size-thumbnail\" alt=\"\" loading=\"lazy\" srcset=\"https:\/\/m.media-amazon.com\/images\/I\/416Wq3aC3gL._SS150_.jpg 150w, https:\/\/m.media-amazon.com\/images\/I\/416Wq3aC3gL._SS300_.jpg 300w, https:\/\/m.media-amazon.com\/images\/I\/416Wq3aC3gL._SS768_.jpg 768w, https:\/\/m.media-amazon.com\/images\/I\/416Wq3aC3gL._SS1024_.jpg 1024w, https:\/\/m.media-amazon.com\/images\/I\/416Wq3aC3gL._SS1536_.jpg 1536w, https:\/\/m.media-amazon.com\/images\/I\/416Wq3aC3gL._SS2048_.jpg 2048w, https:\/\/m.media-amazon.com\/images\/I\/416Wq3aC3gL._SS1200_.jpg 1200w, https:\/\/m.media-amazon.com\/images\/I\/416Wq3aC3gL._SS600_.jpg 600w, https:\/\/m.media-amazon.com\/images\/I\/416Wq3aC3gL.jpg 500w\" sizes=\"(max-width: 150px) 100vw, 150px\" \/><\/a>\n\t\t\t<\/dt><\/dl><br style=\"clear: both\" \/>\n\t\t<\/div>\n<br \/>\n&#x2714; Hohes Fassungsverm\u00f6gen: Mit dem 10 Liter Frischwassertank und dem 20 Liter F\u00e4kalientank kann die mobile Toilette bis zu 60 Toiletten-G\u00e4nge fassen. Das Gesamtma\u00df der Toilette betr\u00e4gt H=44 cm \/ B=35 cm \/ T= 40 cm<br \/>\n&#x2714; Leichte Entleerung: Frischwasser- sowie F\u00e4kalientank sind mit Tragegriffen ausgestattet. Zusammen mit dem geringem Gewicht von 5,25 kg wird ein einfaches und schnelles Entleeren erm\u00f6glicht<br \/>\n&#x2714; Stabil: Die robuste Konstruktion bietet sicheren Stand. Die Toilette ist bis zu 130 kg belastbar<br \/>\n&#x2714; Hygienisch: Zwei Sp\u00fclventile im Toilettenbecken sorgen f\u00fcr ein fl\u00e4chendeckendes Sp\u00fclen ohne R\u00fcckst\u00e4nde. Die Toilettenoberfl\u00e4che ist leicht zu reinigen<br \/>\n&#x2714; Komfortabel: Die Toilette bietet eine angenehme Sitzh\u00f6he und zeichnet sich durch eine einfache Benutzung aus<br \/>\n<div class=\"main-cross-sell\" data-asin=\"B00LM9X884\">\n\n\t<div class=\"WooZone-cross-sell-loader\">\n\t\t<div>\n\t\t\t<div id=\"floatingBarsG\">\n\t\t\t\t<div class=\"blockG\" id=\"rotateG_01\"><\/div>\n\t\t\t\t<div class=\"blockG\" id=\"rotateG_02\"><\/div>\n\t\t\t\t<div class=\"blockG\" id=\"rotateG_03\"><\/div>\n\t\t\t\t<div class=\"blockG\" id=\"rotateG_04\"><\/div>\n\t\t\t\t<div class=\"blockG\" id=\"rotateG_05\"><\/div>\n\t\t\t\t<div class=\"blockG\" id=\"rotateG_06\"><\/div>\n\t\t\t\t<div class=\"blockG\" id=\"rotateG_07\"><\/div>\n\t\t\t\t<div class=\"blockG\" id=\"rotateG_08\"><\/div>\n\t\t\t<\/div>\n\t\t\t<div class=\"WooZone-cross-sell-loader-text\"><\/div>\n\t\t<\/div>\n\t<\/div>\n\n\t\t\n<\/div>\n<div style=\"clear:both;\"><\/div><\/p>\n","protected":false},"excerpt":{"rendered":"<p>&#x2714; Hohes Fassungsverm\u00f6gen: Mit dem 10 Liter Frischwassertank und dem 20 Liter F\u00e4kalientank kann die mobile Toilette bis zu 60 Toiletten-G\u00e4nge fassen. Das Gesamtma\u00df der Toilette betr\u00e4gt H=44 cm \/ B=35 cm \/ T= 40 cm<br \/>\n&#x2714; Leichte Entleerung: Frischwasser- sowie F\u00e4kalientank sind mit Tragegriffen ausgestattet. Zusammen mit dem geringem Gewicht von 5,25 kg wird ein einfaches und schnelles Entleeren erm\u00f6glicht<br \/>\n&#x2714; Stabil: Die robuste Konstruktion bietet sicheren Stand. Die Toilette ist bis zu 130 kg belastbar<\/p>\n","protected":false},"featured_media":14087,"comment_status":"open","ping_status":"closed","template":"","meta":[],"product_cat":[27,2163],"product_tag":[],"_links":{"self":[{"href":"https:\/\/camping.webspace.rocks\/index.php?rest_route=\/wp\/v2\/product\/14086"}],"collection":[{"href":"https:\/\/camping.webspace.rocks\/index.php?rest_route=\/wp\/v2\/product"}],"about":[{"href":"https:\/\/camping.webspace.rocks\/index.php?rest_route=\/wp\/v2\/types\/product"}],"replies":[{"embeddable":true,"href":"https:\/\/camping.webspace.rocks\/index.php?rest_route=%2Fwp%2Fv2%2Fcomments&post=14086"}],"version-history":[{"count":2,"href":"https:\/\/camping.webspace.rocks\/index.php?rest_route=\/wp\/v2\/product\/14086\/revisions"}],"predecessor-version":[{"id":19120,"href":"https:\/\/camping.webspace.rocks\/index.php?rest_route=\/wp\/v2\/product\/14086\/revisions\/19120"}],"wp:featuredmedia":[{"embeddable":true,"href":"https:\/\/camping.webspace.rocks\/index.php?rest_route=\/wp\/v2\/media\/14087"}],"wp:attachment":[{"href":"https:\/\/camping.webspace.rocks\/index.php?rest_route=%2Fwp%2Fv2%2Fmedia&parent=14086"}],"wp:term":[{"taxonomy":"product_cat","embeddable":true,"href":"https:\/\/camping.webspace.rocks\/index.php?rest_route=%2Fwp%2Fv2%2Fproduct_cat&post=14086"},{"taxonomy":"product_tag","embeddable":true,"href":"https:\/\/camping.webspace.rocks\/index.php?rest_route=%2Fwp%2Fv2%2Fproduct_tag&post=14086"}],"curies":[{"name":"wp","href":"https:\/\/api.w.org\/{rel}","templated":true}]}}