{"id":14605,"date":"2021-07-29T17:41:44","date_gmt":"2021-07-29T17:41:44","guid":{"rendered":"https:\/\/camping.webspace.rocks\/?product=crespo-vigo-campingtisch"},"modified":"2023-04-10T11:09:33","modified_gmt":"2023-04-10T11:09:33","slug":"crespo-vigo-campingtisch","status":"publish","type":"product","link":"https:\/\/camping.webspace.rocks\/?product=crespo-vigo-campingtisch","title":{"rendered":"Crespo Vigo Campingtisch"},"content":{"rendered":"<p>\n\t\t<style type=\"text\/css\">\n\t\t\t#gallery-1 {\n\t\t\t\tmargin: auto;\n\t\t\t}\n\t\t\t#gallery-1 .gallery-item {\n\t\t\t\tfloat: left;\n\t\t\t\tmargin-top: 10px;\n\t\t\t\ttext-align: center;\n\t\t\t\twidth: 33%;\n\t\t\t}\n\t\t\t#gallery-1 img {\n\t\t\t\tborder: 2px solid #cfcfcf;\n\t\t\t}\n\t\t\t#gallery-1 .gallery-caption {\n\t\t\t\tmargin-left: 0;\n\t\t\t}\n\t\t\t\/* see gallery_shortcode() in wp-includes\/media.php *\/\n\t\t<\/style>\n\t\t<div id='gallery-1' class='gallery galleryid-14605 gallery-columns-3 gallery-size-thumbnail'><dl class='gallery-item'>\n\t\t\t<dt class='gallery-icon landscape'>\n\t\t\t\t<a href='https:\/\/camping.webspace.rocks\/?attachment_id=14606'><img width=\"150\" height=\"150\" src=\"https:\/\/m.media-amazon.com\/images\/I\/31rVcTaTZuL._SS150_.jpg\" class=\"attachment-thumbnail size-thumbnail\" alt=\"\" loading=\"lazy\" srcset=\"https:\/\/m.media-amazon.com\/images\/I\/31rVcTaTZuL._SS150_.jpg 150w, https:\/\/m.media-amazon.com\/images\/I\/31rVcTaTZuL._SS300_.jpg 300w, https:\/\/m.media-amazon.com\/images\/I\/31rVcTaTZuL._SS768_.jpg 768w, https:\/\/m.media-amazon.com\/images\/I\/31rVcTaTZuL._SS1024_.jpg 1024w, https:\/\/m.media-amazon.com\/images\/I\/31rVcTaTZuL._SS1536_.jpg 1536w, https:\/\/m.media-amazon.com\/images\/I\/31rVcTaTZuL._SS2048_.jpg 2048w, https:\/\/m.media-amazon.com\/images\/I\/31rVcTaTZuL._SS1200_.jpg 1200w, https:\/\/m.media-amazon.com\/images\/I\/31rVcTaTZuL._SS600_.jpg 600w, https:\/\/m.media-amazon.com\/images\/I\/31rVcTaTZuL.jpg 500w\" sizes=\"(max-width: 150px) 100vw, 150px\" \/><\/a>\n\t\t\t<\/dt><\/dl><dl class='gallery-item'>\n\t\t\t<dt class='gallery-icon landscape'>\n\t\t\t\t<a href='https:\/\/camping.webspace.rocks\/?attachment_id=14607'><img width=\"150\" height=\"150\" src=\"https:\/\/m.media-amazon.com\/images\/I\/31TElVU-qbL._SS150_.jpg\" class=\"attachment-thumbnail size-thumbnail\" alt=\"\" loading=\"lazy\" srcset=\"https:\/\/m.media-amazon.com\/images\/I\/31TElVU-qbL._SS150_.jpg 150w, https:\/\/m.media-amazon.com\/images\/I\/31TElVU-qbL._SS300_.jpg 300w, https:\/\/m.media-amazon.com\/images\/I\/31TElVU-qbL._SS768_.jpg 768w, https:\/\/m.media-amazon.com\/images\/I\/31TElVU-qbL._SS1024_.jpg 1024w, https:\/\/m.media-amazon.com\/images\/I\/31TElVU-qbL._SS1536_.jpg 1536w, https:\/\/m.media-amazon.com\/images\/I\/31TElVU-qbL._SS2048_.jpg 2048w, https:\/\/m.media-amazon.com\/images\/I\/31TElVU-qbL._SS1200_.jpg 1200w, https:\/\/m.media-amazon.com\/images\/I\/31TElVU-qbL._SS600_.jpg 600w, https:\/\/m.media-amazon.com\/images\/I\/31TElVU-qbL.jpg 500w\" sizes=\"(max-width: 150px) 100vw, 150px\" \/><\/a>\n\t\t\t<\/dt><\/dl><dl class='gallery-item'>\n\t\t\t<dt class='gallery-icon landscape'>\n\t\t\t\t<a href='https:\/\/camping.webspace.rocks\/?attachment_id=14608'><img width=\"150\" height=\"150\" src=\"https:\/\/m.media-amazon.com\/images\/I\/51byhQ3k-8L._SS150_.jpg\" class=\"attachment-thumbnail size-thumbnail\" alt=\"\" loading=\"lazy\" srcset=\"https:\/\/m.media-amazon.com\/images\/I\/51byhQ3k-8L._SS150_.jpg 150w, https:\/\/m.media-amazon.com\/images\/I\/51byhQ3k-8L._SS300_.jpg 300w, https:\/\/m.media-amazon.com\/images\/I\/51byhQ3k-8L._SS768_.jpg 768w, https:\/\/m.media-amazon.com\/images\/I\/51byhQ3k-8L._SS1024_.jpg 1024w, https:\/\/m.media-amazon.com\/images\/I\/51byhQ3k-8L._SS1536_.jpg 1536w, https:\/\/m.media-amazon.com\/images\/I\/51byhQ3k-8L._SS2048_.jpg 2048w, https:\/\/m.media-amazon.com\/images\/I\/51byhQ3k-8L._SS1200_.jpg 1200w, https:\/\/m.media-amazon.com\/images\/I\/51byhQ3k-8L._SS600_.jpg 600w, https:\/\/m.media-amazon.com\/images\/I\/51byhQ3k-8L.jpg 500w\" sizes=\"(max-width: 150px) 100vw, 150px\" \/><\/a>\n\t\t\t<\/dt><\/dl><br style=\"clear: both\" \/>\n\t\t<\/div>\n<br \/>\n<!-- show up to 2 reviews by default --> <\/p>\n<p>Dieser Tisch besticht durch seine Leichtigkeit! Er hat eine superleichte, wetterfeste und hitzebest\u00e4ndige Tischplatte, welche durch die verst\u00e4rkte Alu-Umrandung (nur bei der Ausf\u00fchrung 101 x 65 cm) \u00e4u\u00dferst stabil ist. Das ebenso robuste Alurohr-Gestell hat teleskopierbare F\u00fc\u00dfe.<\/p>\n<p><b>Art Campingtische:<\/b> Klapptisch<br \/><b>H\u00f6henverstellbar:<\/b> Ja<br \/><b>Material Platte:<\/b> Kunststoff<br \/><b>Mit Tellerfuss:<\/b> Ja<br \/><b>Mit Tragetasche:<\/b> Nein<br \/><b>Netzablage:<\/b> Nein<br \/><b>Belastbar bis:<\/b> 50 kg<br \/><b>Material Gestell:<\/b> Aluminium<br \/><b>Rohrdetails:<\/b> \u00d8 25 mm<br \/><b>Farbe:<\/b> grau <\/p>\n<p>Aluminiumtisch mit dunkelgrauer Tischplatte<br \/>\nn\u00e4sse- und hitzebest\u00e4ndig. Verst\u00e4rktes Epoxy-beschichtetes Aluminiumprofil. Teleskopierbare Beine mit einem einfachen und sicheren Blockiersystem. Tischbeine<br \/>\nmit selbstnivellierenden Stabilisierungsf\u00fc\u00dfen. Belastbarkeit 50 kg. Abmessungen 80 x 60 x H 74 cm. Packma\u00df 80 x 60 x 4 cm. Gewicht ca. 6 kg.<br \/>\n<div class=\"main-cross-sell\" data-asin=\"B00B59DYMG\">\n\n\t<div class=\"WooZone-cross-sell-loader\">\n\t\t<div>\n\t\t\t<div id=\"floatingBarsG\">\n\t\t\t\t<div class=\"blockG\" id=\"rotateG_01\"><\/div>\n\t\t\t\t<div class=\"blockG\" id=\"rotateG_02\"><\/div>\n\t\t\t\t<div class=\"blockG\" id=\"rotateG_03\"><\/div>\n\t\t\t\t<div class=\"blockG\" id=\"rotateG_04\"><\/div>\n\t\t\t\t<div class=\"blockG\" id=\"rotateG_05\"><\/div>\n\t\t\t\t<div class=\"blockG\" id=\"rotateG_06\"><\/div>\n\t\t\t\t<div class=\"blockG\" id=\"rotateG_07\"><\/div>\n\t\t\t\t<div class=\"blockG\" id=\"rotateG_08\"><\/div>\n\t\t\t<\/div>\n\t\t\t<div class=\"WooZone-cross-sell-loader-text\"><\/div>\n\t\t<\/div>\n\t<\/div>\n\n\t\t\n<\/div>\n<div style=\"clear:both;\"><\/div><\/p>\n","protected":false},"excerpt":{"rendered":"<p>Aluminiumtisch mit dunkelgrauer Tischplatte<br \/>\nn\u00e4sse- und hitzebest\u00e4ndig. Verst\u00e4rktes Epoxy-beschichtetes Aluminiumprofil. Teleskopierbare Beine mit einem einfachen und sicheren Blockiersystem. Tischbeine<br \/>\nmit selbstnivellierenden Stabilisierungsf\u00fc\u00dfen. Belastbarkeit 50 kg. Abmessungen 80 x 60 x H 74 cm. Packma\u00df 80 x 60 x 4 cm. Gewicht ca. 6 kg.<\/p>\n","protected":false},"featured_media":14606,"comment_status":"open","ping_status":"closed","template":"","meta":[],"product_cat":[26],"product_tag":[],"_links":{"self":[{"href":"https:\/\/camping.webspace.rocks\/index.php?rest_route=\/wp\/v2\/product\/14605"}],"collection":[{"href":"https:\/\/camping.webspace.rocks\/index.php?rest_route=\/wp\/v2\/product"}],"about":[{"href":"https:\/\/camping.webspace.rocks\/index.php?rest_route=\/wp\/v2\/types\/product"}],"replies":[{"embeddable":true,"href":"https:\/\/camping.webspace.rocks\/index.php?rest_route=%2Fwp%2Fv2%2Fcomments&post=14605"}],"version-history":[{"count":1,"href":"https:\/\/camping.webspace.rocks\/index.php?rest_route=\/wp\/v2\/product\/14605\/revisions"}],"predecessor-version":[{"id":18101,"href":"https:\/\/camping.webspace.rocks\/index.php?rest_route=\/wp\/v2\/product\/14605\/revisions\/18101"}],"wp:featuredmedia":[{"embeddable":true,"href":"https:\/\/camping.webspace.rocks\/index.php?rest_route=\/wp\/v2\/media\/14606"}],"wp:attachment":[{"href":"https:\/\/camping.webspace.rocks\/index.php?rest_route=%2Fwp%2Fv2%2Fmedia&parent=14605"}],"wp:term":[{"taxonomy":"product_cat","embeddable":true,"href":"https:\/\/camping.webspace.rocks\/index.php?rest_route=%2Fwp%2Fv2%2Fproduct_cat&post=14605"},{"taxonomy":"product_tag","embeddable":true,"href":"https:\/\/camping.webspace.rocks\/index.php?rest_route=%2Fwp%2Fv2%2Fproduct_tag&post=14605"}],"curies":[{"name":"wp","href":"https:\/\/api.w.org\/{rel}","templated":true}]}}