{"id":14637,"date":"2021-07-29T17:41:57","date_gmt":"2021-07-29T17:41:57","guid":{"rendered":"https:\/\/camping.webspace.rocks\/?product=campart-campingschrank"},"modified":"2023-04-10T11:09:34","modified_gmt":"2023-04-10T11:09:34","slug":"campart-campingschrank","status":"publish","type":"product","link":"https:\/\/camping.webspace.rocks\/?product=campart-campingschrank","title":{"rendered":"Campart Campingschrank\/ Campingk\u00fcche Bordeaux \u2013 mit 3 Ablagef\u00e4cher und innovativem Klappmechanismus, CU-0724"},"content":{"rendered":"<p>\n\t\t<style type=\"text\/css\">\n\t\t\t#gallery-1 {\n\t\t\t\tmargin: auto;\n\t\t\t}\n\t\t\t#gallery-1 .gallery-item {\n\t\t\t\tfloat: left;\n\t\t\t\tmargin-top: 10px;\n\t\t\t\ttext-align: center;\n\t\t\t\twidth: 33%;\n\t\t\t}\n\t\t\t#gallery-1 img {\n\t\t\t\tborder: 2px solid #cfcfcf;\n\t\t\t}\n\t\t\t#gallery-1 .gallery-caption {\n\t\t\t\tmargin-left: 0;\n\t\t\t}\n\t\t\t\/* see gallery_shortcode() in wp-includes\/media.php *\/\n\t\t<\/style>\n\t\t<div id='gallery-1' class='gallery galleryid-14637 gallery-columns-3 gallery-size-thumbnail'><dl class='gallery-item'>\n\t\t\t<dt class='gallery-icon landscape'>\n\t\t\t\t<a href='https:\/\/camping.webspace.rocks\/?attachment_id=14638'><img width=\"150\" height=\"150\" src=\"https:\/\/m.media-amazon.com\/images\/I\/51uNCJnmyWL._SS150_.jpg\" class=\"attachment-thumbnail size-thumbnail\" alt=\"\" loading=\"lazy\" srcset=\"https:\/\/m.media-amazon.com\/images\/I\/51uNCJnmyWL._SS150_.jpg 150w, https:\/\/m.media-amazon.com\/images\/I\/51uNCJnmyWL._SS300_.jpg 300w, https:\/\/m.media-amazon.com\/images\/I\/51uNCJnmyWL._SS768_.jpg 768w, https:\/\/m.media-amazon.com\/images\/I\/51uNCJnmyWL._SS1024_.jpg 1024w, https:\/\/m.media-amazon.com\/images\/I\/51uNCJnmyWL._SS1536_.jpg 1536w, https:\/\/m.media-amazon.com\/images\/I\/51uNCJnmyWL._SS2048_.jpg 2048w, https:\/\/m.media-amazon.com\/images\/I\/51uNCJnmyWL._SS1200_.jpg 1200w, https:\/\/m.media-amazon.com\/images\/I\/51uNCJnmyWL._SS600_.jpg 600w, https:\/\/m.media-amazon.com\/images\/I\/51uNCJnmyWL.jpg 500w\" sizes=\"(max-width: 150px) 100vw, 150px\" \/><\/a>\n\t\t\t<\/dt><\/dl><dl class='gallery-item'>\n\t\t\t<dt class='gallery-icon landscape'>\n\t\t\t\t<a href='https:\/\/camping.webspace.rocks\/?attachment_id=14639'><img width=\"150\" height=\"150\" src=\"https:\/\/m.media-amazon.com\/images\/I\/418QV+MOM7L._SS150_.jpg\" class=\"attachment-thumbnail size-thumbnail\" alt=\"\" loading=\"lazy\" srcset=\"https:\/\/m.media-amazon.com\/images\/I\/418QV+MOM7L._SS150_.jpg 150w, https:\/\/m.media-amazon.com\/images\/I\/418QV+MOM7L._SS300_.jpg 300w, https:\/\/m.media-amazon.com\/images\/I\/418QV+MOM7L._SS768_.jpg 768w, https:\/\/m.media-amazon.com\/images\/I\/418QV+MOM7L._SS1024_.jpg 1024w, https:\/\/m.media-amazon.com\/images\/I\/418QV+MOM7L._SS1536_.jpg 1536w, https:\/\/m.media-amazon.com\/images\/I\/418QV+MOM7L._SS2048_.jpg 2048w, https:\/\/m.media-amazon.com\/images\/I\/418QV+MOM7L._SS1200_.jpg 1200w, https:\/\/m.media-amazon.com\/images\/I\/418QV+MOM7L._SS600_.jpg 600w, https:\/\/m.media-amazon.com\/images\/I\/418QV+MOM7L.jpg 500w\" sizes=\"(max-width: 150px) 100vw, 150px\" \/><\/a>\n\t\t\t<\/dt><\/dl><dl class='gallery-item'>\n\t\t\t<dt class='gallery-icon landscape'>\n\t\t\t\t<a href='https:\/\/camping.webspace.rocks\/?attachment_id=14640'><img width=\"150\" height=\"150\" src=\"https:\/\/m.media-amazon.com\/images\/I\/31iwwc8IroL._SS150_.jpg\" class=\"attachment-thumbnail size-thumbnail\" alt=\"\" loading=\"lazy\" srcset=\"https:\/\/m.media-amazon.com\/images\/I\/31iwwc8IroL._SS150_.jpg 150w, https:\/\/m.media-amazon.com\/images\/I\/31iwwc8IroL._SS300_.jpg 300w, https:\/\/m.media-amazon.com\/images\/I\/31iwwc8IroL._SS768_.jpg 768w, https:\/\/m.media-amazon.com\/images\/I\/31iwwc8IroL._SS1024_.jpg 1024w, https:\/\/m.media-amazon.com\/images\/I\/31iwwc8IroL._SS1536_.jpg 1536w, https:\/\/m.media-amazon.com\/images\/I\/31iwwc8IroL._SS2048_.jpg 2048w, https:\/\/m.media-amazon.com\/images\/I\/31iwwc8IroL._SS1200_.jpg 1200w, https:\/\/m.media-amazon.com\/images\/I\/31iwwc8IroL._SS600_.jpg 600w, https:\/\/m.media-amazon.com\/images\/I\/31iwwc8IroL.jpg 500w\" sizes=\"(max-width: 150px) 100vw, 150px\" \/><\/a>\n\t\t\t<\/dt><\/dl><br style=\"clear: both\" \/>\n\t\t<\/div>\n<br \/>\n<!-- show up to 2 reviews by default --><br \/>\nMit drei F\u00e4chern reichlich Stauraum bei einer Gr\u00f6\u00dfe von 60 x 48 x 81 cm<br \/>\nDurch das leichte Aluminiumgestell und nur 7,7 kg Eigengewicht sehr leicht zusammenzuklappen<br \/>\nDank der vier verstellbaren F\u00fc\u00dfe steht der Schrank auch auf unebenem Boden stabil<br \/>\n600D Polyestermaterial mit Maschen auf der R\u00fcckseite f\u00fcr eine gute Bel\u00fcftung<br \/>\nDie Innenplatten und die obere Platte sind Mit Aluminiumkanten verst\u00e4rkt<br \/>\n<div class=\"main-cross-sell\" data-asin=\"B00SR2Y74S\">\n\n\t<div class=\"WooZone-cross-sell-loader\">\n\t\t<div>\n\t\t\t<div id=\"floatingBarsG\">\n\t\t\t\t<div class=\"blockG\" id=\"rotateG_01\"><\/div>\n\t\t\t\t<div class=\"blockG\" id=\"rotateG_02\"><\/div>\n\t\t\t\t<div class=\"blockG\" id=\"rotateG_03\"><\/div>\n\t\t\t\t<div class=\"blockG\" id=\"rotateG_04\"><\/div>\n\t\t\t\t<div class=\"blockG\" id=\"rotateG_05\"><\/div>\n\t\t\t\t<div class=\"blockG\" id=\"rotateG_06\"><\/div>\n\t\t\t\t<div class=\"blockG\" id=\"rotateG_07\"><\/div>\n\t\t\t\t<div class=\"blockG\" id=\"rotateG_08\"><\/div>\n\t\t\t<\/div>\n\t\t\t<div class=\"WooZone-cross-sell-loader-text\"><\/div>\n\t\t<\/div>\n\t<\/div>\n\n\t\t\n<\/div>\n<div style=\"clear:both;\"><\/div><\/p>\n","protected":false},"excerpt":{"rendered":"<p>Mit drei F\u00e4chern reichlich Stauraum bei einer Gr\u00f6\u00dfe von 60 x 48 x 81 cm<br \/>\nDurch das leichte Aluminiumgestell und nur 7,7 kg Eigengewicht sehr leicht zusammenzuklappen<br \/>\nDank der vier verstellbaren F\u00fc\u00dfe steht der Schrank auch auf unebenem Boden stabil<\/p>\n","protected":false},"featured_media":14638,"comment_status":"open","ping_status":"closed","template":"","meta":[],"product_cat":[26],"product_tag":[],"_links":{"self":[{"href":"https:\/\/camping.webspace.rocks\/index.php?rest_route=\/wp\/v2\/product\/14637"}],"collection":[{"href":"https:\/\/camping.webspace.rocks\/index.php?rest_route=\/wp\/v2\/product"}],"about":[{"href":"https:\/\/camping.webspace.rocks\/index.php?rest_route=\/wp\/v2\/types\/product"}],"replies":[{"embeddable":true,"href":"https:\/\/camping.webspace.rocks\/index.php?rest_route=%2Fwp%2Fv2%2Fcomments&post=14637"}],"version-history":[{"count":2,"href":"https:\/\/camping.webspace.rocks\/index.php?rest_route=\/wp\/v2\/product\/14637\/revisions"}],"predecessor-version":[{"id":19897,"href":"https:\/\/camping.webspace.rocks\/index.php?rest_route=\/wp\/v2\/product\/14637\/revisions\/19897"}],"wp:featuredmedia":[{"embeddable":true,"href":"https:\/\/camping.webspace.rocks\/index.php?rest_route=\/wp\/v2\/media\/14638"}],"wp:attachment":[{"href":"https:\/\/camping.webspace.rocks\/index.php?rest_route=%2Fwp%2Fv2%2Fmedia&parent=14637"}],"wp:term":[{"taxonomy":"product_cat","embeddable":true,"href":"https:\/\/camping.webspace.rocks\/index.php?rest_route=%2Fwp%2Fv2%2Fproduct_cat&post=14637"},{"taxonomy":"product_tag","embeddable":true,"href":"https:\/\/camping.webspace.rocks\/index.php?rest_route=%2Fwp%2Fv2%2Fproduct_tag&post=14637"}],"curies":[{"name":"wp","href":"https:\/\/api.w.org\/{rel}","templated":true}]}}