{"id":14653,"date":"2021-07-29T17:44:29","date_gmt":"2021-07-29T17:44:29","guid":{"rendered":"https:\/\/camping.webspace.rocks\/?product=tectake-800585-outdoor-camping-kueche-diverse-modelle-waehblar"},"modified":"2023-04-10T11:09:34","modified_gmt":"2023-04-10T11:09:34","slug":"tectake-800585-outdoor-camping-kueche-diverse-modelle-waehblar","status":"publish","type":"product","link":"https:\/\/camping.webspace.rocks\/?product=tectake-800585-outdoor-camping-kueche-diverse-modelle-waehblar","title":{"rendered":"TecTake 800585 Outdoor Camping K\u00fcche &#8211; Diverse Modelle w\u00e4hblar &#8211;"},"content":{"rendered":"<p>\n\t\t<style type=\"text\/css\">\n\t\t\t#gallery-1 {\n\t\t\t\tmargin: auto;\n\t\t\t}\n\t\t\t#gallery-1 .gallery-item {\n\t\t\t\tfloat: left;\n\t\t\t\tmargin-top: 10px;\n\t\t\t\ttext-align: center;\n\t\t\t\twidth: 33%;\n\t\t\t}\n\t\t\t#gallery-1 img {\n\t\t\t\tborder: 2px solid #cfcfcf;\n\t\t\t}\n\t\t\t#gallery-1 .gallery-caption {\n\t\t\t\tmargin-left: 0;\n\t\t\t}\n\t\t\t\/* see gallery_shortcode() in wp-includes\/media.php *\/\n\t\t<\/style>\n\t\t<div id='gallery-1' class='gallery galleryid-14653 gallery-columns-3 gallery-size-thumbnail'><dl class='gallery-item'>\n\t\t\t<dt class='gallery-icon landscape'>\n\t\t\t\t<a href='https:\/\/camping.webspace.rocks\/?attachment_id=14654'><img width=\"150\" height=\"150\" src=\"https:\/\/m.media-amazon.com\/images\/I\/51uXGQiTMPL._SS150_.jpg\" class=\"attachment-thumbnail size-thumbnail\" alt=\"\" loading=\"lazy\" srcset=\"https:\/\/m.media-amazon.com\/images\/I\/51uXGQiTMPL._SS150_.jpg 150w, https:\/\/m.media-amazon.com\/images\/I\/51uXGQiTMPL._SS300_.jpg 300w, https:\/\/m.media-amazon.com\/images\/I\/51uXGQiTMPL._SS768_.jpg 768w, https:\/\/m.media-amazon.com\/images\/I\/51uXGQiTMPL._SS1024_.jpg 1024w, https:\/\/m.media-amazon.com\/images\/I\/51uXGQiTMPL._SS1536_.jpg 1536w, https:\/\/m.media-amazon.com\/images\/I\/51uXGQiTMPL._SS2048_.jpg 2048w, https:\/\/m.media-amazon.com\/images\/I\/51uXGQiTMPL._SS1200_.jpg 1200w, https:\/\/m.media-amazon.com\/images\/I\/51uXGQiTMPL._SS600_.jpg 600w, https:\/\/m.media-amazon.com\/images\/I\/51uXGQiTMPL.jpg 500w\" sizes=\"(max-width: 150px) 100vw, 150px\" \/><\/a>\n\t\t\t<\/dt><\/dl><dl class='gallery-item'>\n\t\t\t<dt class='gallery-icon landscape'>\n\t\t\t\t<a href='https:\/\/camping.webspace.rocks\/?attachment_id=14655'><img width=\"150\" height=\"150\" src=\"https:\/\/m.media-amazon.com\/images\/I\/51uuy57iMgL._SS150_.jpg\" class=\"attachment-thumbnail size-thumbnail\" alt=\"\" loading=\"lazy\" srcset=\"https:\/\/m.media-amazon.com\/images\/I\/51uuy57iMgL._SS150_.jpg 150w, https:\/\/m.media-amazon.com\/images\/I\/51uuy57iMgL._SS300_.jpg 300w, https:\/\/m.media-amazon.com\/images\/I\/51uuy57iMgL._SS768_.jpg 768w, https:\/\/m.media-amazon.com\/images\/I\/51uuy57iMgL._SS1024_.jpg 1024w, https:\/\/m.media-amazon.com\/images\/I\/51uuy57iMgL._SS1536_.jpg 1536w, https:\/\/m.media-amazon.com\/images\/I\/51uuy57iMgL._SS2048_.jpg 2048w, https:\/\/m.media-amazon.com\/images\/I\/51uuy57iMgL._SS1200_.jpg 1200w, https:\/\/m.media-amazon.com\/images\/I\/51uuy57iMgL._SS600_.jpg 600w, https:\/\/m.media-amazon.com\/images\/I\/51uuy57iMgL.jpg 500w\" sizes=\"(max-width: 150px) 100vw, 150px\" \/><\/a>\n\t\t\t<\/dt><\/dl><dl class='gallery-item'>\n\t\t\t<dt class='gallery-icon landscape'>\n\t\t\t\t<a href='https:\/\/camping.webspace.rocks\/?attachment_id=14656'><img width=\"150\" height=\"150\" src=\"https:\/\/m.media-amazon.com\/images\/I\/516-O6wwNDL._SS150_.jpg\" class=\"attachment-thumbnail size-thumbnail\" alt=\"\" loading=\"lazy\" srcset=\"https:\/\/m.media-amazon.com\/images\/I\/516-O6wwNDL._SS150_.jpg 150w, https:\/\/m.media-amazon.com\/images\/I\/516-O6wwNDL._SS300_.jpg 300w, https:\/\/m.media-amazon.com\/images\/I\/516-O6wwNDL._SS768_.jpg 768w, https:\/\/m.media-amazon.com\/images\/I\/516-O6wwNDL._SS1024_.jpg 1024w, https:\/\/m.media-amazon.com\/images\/I\/516-O6wwNDL._SS1536_.jpg 1536w, https:\/\/m.media-amazon.com\/images\/I\/516-O6wwNDL._SS2048_.jpg 2048w, https:\/\/m.media-amazon.com\/images\/I\/516-O6wwNDL._SS1200_.jpg 1200w, https:\/\/m.media-amazon.com\/images\/I\/516-O6wwNDL._SS600_.jpg 600w, https:\/\/m.media-amazon.com\/images\/I\/516-O6wwNDL.jpg 500w\" sizes=\"(max-width: 150px) 100vw, 150px\" \/><\/a>\n\t\t\t<\/dt><\/dl><br style=\"clear: both\" \/>\n\t\t<\/div>\n<br \/>\n<!-- show up to 2 reviews by default --><br \/>\nDer stabile Campingschrank von TecTake ist ein kleines Raumwunder \/\/ Totalma\u00dfe (BxTxH): ca. 97 x 47,5 x 56,5 \/\/ Belastbarkeit: max. 30 kg (gleichm\u00e4\u00dfige Verteilung).<br \/>\nDie gro\u00dfz\u00fcgig bemessene Arbeitsfl\u00e4che und die vier Stauf\u00e4cher bieten reichlich Platz f\u00fcr K\u00fcchenutensilien \/\/ Arbeitsfl\u00e4che (BxT): ca. 97 x 47,5 cm \/\/ F\u00e4cher oben (BxTxH): ca. 42,5 x 40,5 x 24 cm \/\/ F\u00e4cher unten (BxTxH): ca. 42,5 x 40,5 x 21 cm.<br \/>\nKleinere Gegenst\u00e4nde wie Besteck lassen sich in der dreiteiligen Au\u00dfentasche des niedrigen Aufbauschranks verstauen \/\/ Au\u00dfentasche (BxH): ca. 38 x 16 cm.<br \/>\nUnebenheiten im Untergrund sind f\u00fcr die vier separat h\u00f6henverstellbaren F\u00fc\u00dfe der K\u00fcchenbox kein Problem \/\/ F\u00fc\u00dfe justierbar: bis zu 1,5 cm.<br \/>\nEinfach aufzustellen, kompakt zu packen: Der zerlegbare Campingschrank von TecTake ist f\u00fcr jeden Au\u00dfeneinsatz perfekt geeignet \/\/ Ma\u00dfe geklappt (BxTxH): ca. 97 x 47,5 x 12 cm \/\/ Gewicht: ca. 6,7 kg.<br \/>\n<div class=\"main-cross-sell\" data-asin=\"B07KCRXB42\">\n\n\t<div class=\"WooZone-cross-sell-loader\">\n\t\t<div>\n\t\t\t<div id=\"floatingBarsG\">\n\t\t\t\t<div class=\"blockG\" id=\"rotateG_01\"><\/div>\n\t\t\t\t<div class=\"blockG\" id=\"rotateG_02\"><\/div>\n\t\t\t\t<div class=\"blockG\" id=\"rotateG_03\"><\/div>\n\t\t\t\t<div class=\"blockG\" id=\"rotateG_04\"><\/div>\n\t\t\t\t<div class=\"blockG\" id=\"rotateG_05\"><\/div>\n\t\t\t\t<div class=\"blockG\" id=\"rotateG_06\"><\/div>\n\t\t\t\t<div class=\"blockG\" id=\"rotateG_07\"><\/div>\n\t\t\t\t<div class=\"blockG\" id=\"rotateG_08\"><\/div>\n\t\t\t<\/div>\n\t\t\t<div class=\"WooZone-cross-sell-loader-text\"><\/div>\n\t\t<\/div>\n\t<\/div>\n\n\t\t\n<\/div>\n<div style=\"clear:both;\"><\/div><\/p>\n","protected":false},"excerpt":{"rendered":"<p>Der stabile Campingschrank von TecTake ist ein kleines Raumwunder \/\/ Totalma\u00dfe (BxTxH): ca. 97 x 47,5 x 56,5 \/\/ Belastbarkeit: max. 30 kg (gleichm\u00e4\u00dfige Verteilung).<br \/>\nDie gro\u00dfz\u00fcgig bemessene Arbeitsfl\u00e4che und die vier Stauf\u00e4cher bieten reichlich Platz f\u00fcr K\u00fcchenutensilien \/\/ Arbeitsfl\u00e4che (BxT): ca. 97 x 47,5 cm \/\/ F\u00e4cher oben (BxTxH): ca. 42,5 x 40,5 x 24 cm \/\/ F\u00e4cher unten (BxTxH): ca. 42,5 x 40,5 x 21 cm.<br \/>\nKleinere Gegenst\u00e4nde wie Besteck lassen sich in der dreiteiligen Au\u00dfentasche des niedrigen Aufbauschranks verstauen \/\/ Au\u00dfentasche (BxH): ca. 38 x 16 cm.<\/p>\n","protected":false},"featured_media":14654,"comment_status":"open","ping_status":"closed","template":"","meta":[],"product_cat":[26],"product_tag":[],"_links":{"self":[{"href":"https:\/\/camping.webspace.rocks\/index.php?rest_route=\/wp\/v2\/product\/14653"}],"collection":[{"href":"https:\/\/camping.webspace.rocks\/index.php?rest_route=\/wp\/v2\/product"}],"about":[{"href":"https:\/\/camping.webspace.rocks\/index.php?rest_route=\/wp\/v2\/types\/product"}],"replies":[{"embeddable":true,"href":"https:\/\/camping.webspace.rocks\/index.php?rest_route=%2Fwp%2Fv2%2Fcomments&post=14653"}],"version-history":[{"count":1,"href":"https:\/\/camping.webspace.rocks\/index.php?rest_route=\/wp\/v2\/product\/14653\/revisions"}],"predecessor-version":[{"id":18114,"href":"https:\/\/camping.webspace.rocks\/index.php?rest_route=\/wp\/v2\/product\/14653\/revisions\/18114"}],"wp:featuredmedia":[{"embeddable":true,"href":"https:\/\/camping.webspace.rocks\/index.php?rest_route=\/wp\/v2\/media\/14654"}],"wp:attachment":[{"href":"https:\/\/camping.webspace.rocks\/index.php?rest_route=%2Fwp%2Fv2%2Fmedia&parent=14653"}],"wp:term":[{"taxonomy":"product_cat","embeddable":true,"href":"https:\/\/camping.webspace.rocks\/index.php?rest_route=%2Fwp%2Fv2%2Fproduct_cat&post=14653"},{"taxonomy":"product_tag","embeddable":true,"href":"https:\/\/camping.webspace.rocks\/index.php?rest_route=%2Fwp%2Fv2%2Fproduct_tag&post=14653"}],"curies":[{"name":"wp","href":"https:\/\/api.w.org\/{rel}","templated":true}]}}