{"id":14692,"date":"2021-07-29T17:44:45","date_gmt":"2021-07-29T17:44:45","guid":{"rendered":"https:\/\/camping.webspace.rocks\/?product=intex-66552-schlafsofa-203-x-224-x-66-cm"},"modified":"2023-04-09T10:19:03","modified_gmt":"2023-04-09T10:19:03","slug":"intex-66552-schlafsofa-203-x-224-x-66-cm","status":"publish","type":"product","link":"https:\/\/camping.webspace.rocks\/?product=intex-66552-schlafsofa-203-x-224-x-66-cm","title":{"rendered":"Intex Schlafcouch 66552, Hellgrau, Gr\u00f6\u00dfe 203 x 231 x 66 cm"},"content":{"rendered":"<p>\n\t\t<style type=\"text\/css\">\n\t\t\t#gallery-1 {\n\t\t\t\tmargin: auto;\n\t\t\t}\n\t\t\t#gallery-1 .gallery-item {\n\t\t\t\tfloat: left;\n\t\t\t\tmargin-top: 10px;\n\t\t\t\ttext-align: center;\n\t\t\t\twidth: 33%;\n\t\t\t}\n\t\t\t#gallery-1 img {\n\t\t\t\tborder: 2px solid #cfcfcf;\n\t\t\t}\n\t\t\t#gallery-1 .gallery-caption {\n\t\t\t\tmargin-left: 0;\n\t\t\t}\n\t\t\t\/* see gallery_shortcode() in wp-includes\/media.php *\/\n\t\t<\/style>\n\t\t<div id='gallery-1' class='gallery galleryid-14692 gallery-columns-3 gallery-size-thumbnail'><dl class='gallery-item'>\n\t\t\t<dt class='gallery-icon landscape'>\n\t\t\t\t<a href='https:\/\/camping.webspace.rocks\/?attachment_id=14693'><img width=\"150\" height=\"150\" src=\"https:\/\/m.media-amazon.com\/images\/I\/31VaqQm7GkL._SS150_.jpg\" class=\"attachment-thumbnail size-thumbnail\" alt=\"\" loading=\"lazy\" srcset=\"https:\/\/m.media-amazon.com\/images\/I\/31VaqQm7GkL._SS150_.jpg 150w, https:\/\/m.media-amazon.com\/images\/I\/31VaqQm7GkL._SS300_.jpg 300w, https:\/\/m.media-amazon.com\/images\/I\/31VaqQm7GkL._SS768_.jpg 768w, https:\/\/m.media-amazon.com\/images\/I\/31VaqQm7GkL._SS1024_.jpg 1024w, https:\/\/m.media-amazon.com\/images\/I\/31VaqQm7GkL._SS1536_.jpg 1536w, https:\/\/m.media-amazon.com\/images\/I\/31VaqQm7GkL._SS2048_.jpg 2048w, https:\/\/m.media-amazon.com\/images\/I\/31VaqQm7GkL._SS1200_.jpg 1200w, https:\/\/m.media-amazon.com\/images\/I\/31VaqQm7GkL._SS600_.jpg 600w, https:\/\/m.media-amazon.com\/images\/I\/31VaqQm7GkL.jpg 500w\" sizes=\"(max-width: 150px) 100vw, 150px\" \/><\/a>\n\t\t\t<\/dt><\/dl><dl class='gallery-item'>\n\t\t\t<dt class='gallery-icon landscape'>\n\t\t\t\t<a href='https:\/\/camping.webspace.rocks\/?attachment_id=14694'><img width=\"150\" height=\"150\" src=\"https:\/\/m.media-amazon.com\/images\/I\/41V8HbItfcL._SS150_.jpg\" class=\"attachment-thumbnail size-thumbnail\" alt=\"\" loading=\"lazy\" srcset=\"https:\/\/m.media-amazon.com\/images\/I\/41V8HbItfcL._SS150_.jpg 150w, https:\/\/m.media-amazon.com\/images\/I\/41V8HbItfcL._SS300_.jpg 300w, https:\/\/m.media-amazon.com\/images\/I\/41V8HbItfcL._SS768_.jpg 768w, https:\/\/m.media-amazon.com\/images\/I\/41V8HbItfcL._SS1024_.jpg 1024w, https:\/\/m.media-amazon.com\/images\/I\/41V8HbItfcL._SS1536_.jpg 1536w, https:\/\/m.media-amazon.com\/images\/I\/41V8HbItfcL._SS2048_.jpg 2048w, https:\/\/m.media-amazon.com\/images\/I\/41V8HbItfcL._SS1200_.jpg 1200w, https:\/\/m.media-amazon.com\/images\/I\/41V8HbItfcL._SS600_.jpg 600w, https:\/\/m.media-amazon.com\/images\/I\/41V8HbItfcL.jpg 500w\" sizes=\"(max-width: 150px) 100vw, 150px\" \/><\/a>\n\t\t\t<\/dt><\/dl><dl class='gallery-item'>\n\t\t\t<dt class='gallery-icon landscape'>\n\t\t\t\t<a href='https:\/\/camping.webspace.rocks\/?attachment_id=14695'><img width=\"150\" height=\"150\" src=\"https:\/\/m.media-amazon.com\/images\/I\/41BlkT4qSEL._SS150_.jpg\" class=\"attachment-thumbnail size-thumbnail\" alt=\"\" loading=\"lazy\" srcset=\"https:\/\/m.media-amazon.com\/images\/I\/41BlkT4qSEL._SS150_.jpg 150w, https:\/\/m.media-amazon.com\/images\/I\/41BlkT4qSEL._SS300_.jpg 300w, https:\/\/m.media-amazon.com\/images\/I\/41BlkT4qSEL._SS768_.jpg 768w, https:\/\/m.media-amazon.com\/images\/I\/41BlkT4qSEL._SS1024_.jpg 1024w, https:\/\/m.media-amazon.com\/images\/I\/41BlkT4qSEL._SS1536_.jpg 1536w, https:\/\/m.media-amazon.com\/images\/I\/41BlkT4qSEL._SS2048_.jpg 2048w, https:\/\/m.media-amazon.com\/images\/I\/41BlkT4qSEL._SS1200_.jpg 1200w, https:\/\/m.media-amazon.com\/images\/I\/41BlkT4qSEL._SS600_.jpg 600w, https:\/\/m.media-amazon.com\/images\/I\/41BlkT4qSEL.jpg 500w\" sizes=\"(max-width: 150px) 100vw, 150px\" \/><\/a>\n\t\t\t<\/dt><\/dl><br style=\"clear: both\" \/>\n\t\t<\/div>\n<br \/>\n<!-- show up to 2 reviews by default --> <\/p>\n<p>Wichtige Tipps zur Vermeidung von Sch\u00e4den oder Verlusten <br \/> &amp; bull; Nur mit einem Niederdruck-Inflator aufblasen. Nicht zu viel aufblasen.<br \/> &amp; bull; Dehnen ist ein nat\u00fcrliches Merkmal des neuen Vinyls. W\u00e4hrend des ersten Gebrauchs kann das Luftbett weich werden und zus\u00e4tzliches Aufblasen erfordern, um die gew\u00fcnschte Festigkeit beizubehalten. Das ist ernst; normal f\u00fcr die ersten Tage der Anwendung. <br \/> &amp; bull; Zur Reinigung Verwenden Sie nur eine milde Soepy-L\u00f6sung. Keine Chemikalien verwenden.<br \/> &amp; bull; Verwenden Sie im Reparaturfall nur handels\u00fcblichen PVC-Reparaturkleber und -flicken. <\/p>\n<p>Abmessungen 203 x 224 x 66 cm<br \/>\nKapazit\u00e4t zwei Sitze<br \/>\nFarbe Anthrazit<br \/>\nWasserdicht, kann mit einem nassen Schwamm gereinigt werden<br \/>\nPortabicchieri einschlie\u00dfen<br \/>\n<div class=\"main-cross-sell\" data-asin=\"B07W343FDL\">\n\n\t<div class=\"WooZone-cross-sell-loader\">\n\t\t<div>\n\t\t\t<div id=\"floatingBarsG\">\n\t\t\t\t<div class=\"blockG\" id=\"rotateG_01\"><\/div>\n\t\t\t\t<div class=\"blockG\" id=\"rotateG_02\"><\/div>\n\t\t\t\t<div class=\"blockG\" id=\"rotateG_03\"><\/div>\n\t\t\t\t<div class=\"blockG\" id=\"rotateG_04\"><\/div>\n\t\t\t\t<div class=\"blockG\" id=\"rotateG_05\"><\/div>\n\t\t\t\t<div class=\"blockG\" id=\"rotateG_06\"><\/div>\n\t\t\t\t<div class=\"blockG\" id=\"rotateG_07\"><\/div>\n\t\t\t\t<div class=\"blockG\" id=\"rotateG_08\"><\/div>\n\t\t\t<\/div>\n\t\t\t<div class=\"WooZone-cross-sell-loader-text\"><\/div>\n\t\t<\/div>\n\t<\/div>\n\n\t\t\n<\/div>\n<div style=\"clear:both;\"><\/div><\/p>\n","protected":false},"excerpt":{"rendered":"<p>Abmessungen 203 x 224 x 66 cm<br \/>\nKapazit\u00e4t zwei Sitze<br \/>\nFarbe Anthrazit<\/p>\n","protected":false},"featured_media":14693,"comment_status":"open","ping_status":"closed","template":"","meta":[],"product_cat":[26],"product_tag":[],"_links":{"self":[{"href":"https:\/\/camping.webspace.rocks\/index.php?rest_route=\/wp\/v2\/product\/14692"}],"collection":[{"href":"https:\/\/camping.webspace.rocks\/index.php?rest_route=\/wp\/v2\/product"}],"about":[{"href":"https:\/\/camping.webspace.rocks\/index.php?rest_route=\/wp\/v2\/types\/product"}],"replies":[{"embeddable":true,"href":"https:\/\/camping.webspace.rocks\/index.php?rest_route=%2Fwp%2Fv2%2Fcomments&post=14692"}],"version-history":[{"count":4,"href":"https:\/\/camping.webspace.rocks\/index.php?rest_route=\/wp\/v2\/product\/14692\/revisions"}],"predecessor-version":[{"id":19594,"href":"https:\/\/camping.webspace.rocks\/index.php?rest_route=\/wp\/v2\/product\/14692\/revisions\/19594"}],"wp:featuredmedia":[{"embeddable":true,"href":"https:\/\/camping.webspace.rocks\/index.php?rest_route=\/wp\/v2\/media\/14693"}],"wp:attachment":[{"href":"https:\/\/camping.webspace.rocks\/index.php?rest_route=%2Fwp%2Fv2%2Fmedia&parent=14692"}],"wp:term":[{"taxonomy":"product_cat","embeddable":true,"href":"https:\/\/camping.webspace.rocks\/index.php?rest_route=%2Fwp%2Fv2%2Fproduct_cat&post=14692"},{"taxonomy":"product_tag","embeddable":true,"href":"https:\/\/camping.webspace.rocks\/index.php?rest_route=%2Fwp%2Fv2%2Fproduct_tag&post=14692"}],"curies":[{"name":"wp","href":"https:\/\/api.w.org\/{rel}","templated":true}]}}