{"id":14712,"date":"2021-07-29T17:44:54","date_gmt":"2021-07-29T17:44:54","guid":{"rendered":"https:\/\/camping.webspace.rocks\/?product=tectake-4er-set-aluminium-klappstuhl-gartenstuhl-verstellbar-mit-armlehnen-grau"},"modified":"2023-04-09T10:19:03","modified_gmt":"2023-04-09T10:19:03","slug":"tectake-4er-set-aluminium-klappstuhl-gartenstuhl-verstellbar-mit-armlehnen-grau","status":"publish","type":"product","link":"https:\/\/camping.webspace.rocks\/?product=tectake-4er-set-aluminium-klappstuhl-gartenstuhl-verstellbar-mit-armlehnen-grau","title":{"rendered":"TecTake 4er Set Aluminium Klappstuhl Gartenstuhl verstellbar mit Armlehnen grau"},"content":{"rendered":"<p>\n\t\t<style type=\"text\/css\">\n\t\t\t#gallery-1 {\n\t\t\t\tmargin: auto;\n\t\t\t}\n\t\t\t#gallery-1 .gallery-item {\n\t\t\t\tfloat: left;\n\t\t\t\tmargin-top: 10px;\n\t\t\t\ttext-align: center;\n\t\t\t\twidth: 33%;\n\t\t\t}\n\t\t\t#gallery-1 img {\n\t\t\t\tborder: 2px solid #cfcfcf;\n\t\t\t}\n\t\t\t#gallery-1 .gallery-caption {\n\t\t\t\tmargin-left: 0;\n\t\t\t}\n\t\t\t\/* see gallery_shortcode() in wp-includes\/media.php *\/\n\t\t<\/style>\n\t\t<div id='gallery-1' class='gallery galleryid-14712 gallery-columns-3 gallery-size-thumbnail'><dl class='gallery-item'>\n\t\t\t<dt class='gallery-icon landscape'>\n\t\t\t\t<a href='https:\/\/camping.webspace.rocks\/?attachment_id=14713'><img width=\"150\" height=\"150\" src=\"https:\/\/m.media-amazon.com\/images\/I\/515EKDvDO8L._SS150_.jpg\" class=\"attachment-thumbnail size-thumbnail\" alt=\"\" loading=\"lazy\" srcset=\"https:\/\/m.media-amazon.com\/images\/I\/515EKDvDO8L._SS150_.jpg 150w, https:\/\/m.media-amazon.com\/images\/I\/515EKDvDO8L._SS300_.jpg 300w, https:\/\/m.media-amazon.com\/images\/I\/515EKDvDO8L._SS768_.jpg 768w, https:\/\/m.media-amazon.com\/images\/I\/515EKDvDO8L._SS1024_.jpg 1024w, https:\/\/m.media-amazon.com\/images\/I\/515EKDvDO8L._SS1536_.jpg 1536w, https:\/\/m.media-amazon.com\/images\/I\/515EKDvDO8L._SS2048_.jpg 2048w, https:\/\/m.media-amazon.com\/images\/I\/515EKDvDO8L._SS1200_.jpg 1200w, https:\/\/m.media-amazon.com\/images\/I\/515EKDvDO8L._SS600_.jpg 600w, https:\/\/m.media-amazon.com\/images\/I\/515EKDvDO8L.jpg 500w\" sizes=\"(max-width: 150px) 100vw, 150px\" \/><\/a>\n\t\t\t<\/dt><\/dl><dl class='gallery-item'>\n\t\t\t<dt class='gallery-icon landscape'>\n\t\t\t\t<a href='https:\/\/camping.webspace.rocks\/?attachment_id=14714'><img width=\"150\" height=\"150\" src=\"https:\/\/m.media-amazon.com\/images\/I\/41d-1MqNf8L._SS150_.jpg\" class=\"attachment-thumbnail size-thumbnail\" alt=\"\" loading=\"lazy\" srcset=\"https:\/\/m.media-amazon.com\/images\/I\/41d-1MqNf8L._SS150_.jpg 150w, https:\/\/m.media-amazon.com\/images\/I\/41d-1MqNf8L._SS300_.jpg 300w, https:\/\/m.media-amazon.com\/images\/I\/41d-1MqNf8L._SS768_.jpg 768w, https:\/\/m.media-amazon.com\/images\/I\/41d-1MqNf8L._SS1024_.jpg 1024w, https:\/\/m.media-amazon.com\/images\/I\/41d-1MqNf8L._SS1536_.jpg 1536w, https:\/\/m.media-amazon.com\/images\/I\/41d-1MqNf8L._SS2048_.jpg 2048w, https:\/\/m.media-amazon.com\/images\/I\/41d-1MqNf8L._SS1200_.jpg 1200w, https:\/\/m.media-amazon.com\/images\/I\/41d-1MqNf8L._SS600_.jpg 600w, https:\/\/m.media-amazon.com\/images\/I\/41d-1MqNf8L.jpg 500w\" sizes=\"(max-width: 150px) 100vw, 150px\" \/><\/a>\n\t\t\t<\/dt><\/dl><dl class='gallery-item'>\n\t\t\t<dt class='gallery-icon landscape'>\n\t\t\t\t<a href='https:\/\/camping.webspace.rocks\/?attachment_id=14715'><img width=\"150\" height=\"150\" src=\"https:\/\/m.media-amazon.com\/images\/I\/412TKfZyS1L._SS150_.jpg\" class=\"attachment-thumbnail size-thumbnail\" alt=\"\" loading=\"lazy\" srcset=\"https:\/\/m.media-amazon.com\/images\/I\/412TKfZyS1L._SS150_.jpg 150w, https:\/\/m.media-amazon.com\/images\/I\/412TKfZyS1L._SS300_.jpg 300w, https:\/\/m.media-amazon.com\/images\/I\/412TKfZyS1L._SS768_.jpg 768w, https:\/\/m.media-amazon.com\/images\/I\/412TKfZyS1L._SS1024_.jpg 1024w, https:\/\/m.media-amazon.com\/images\/I\/412TKfZyS1L._SS1536_.jpg 1536w, https:\/\/m.media-amazon.com\/images\/I\/412TKfZyS1L._SS2048_.jpg 2048w, https:\/\/m.media-amazon.com\/images\/I\/412TKfZyS1L._SS1200_.jpg 1200w, https:\/\/m.media-amazon.com\/images\/I\/412TKfZyS1L._SS600_.jpg 600w, https:\/\/m.media-amazon.com\/images\/I\/412TKfZyS1L.jpg 500w\" sizes=\"(max-width: 150px) 100vw, 150px\" \/><\/a>\n\t\t\t<\/dt><\/dl><br style=\"clear: both\" \/>\n\t\t<\/div>\n<br \/>\n<!-- show up to 2 reviews by default --> <\/p>\n<p><b>Dieser elegante Hochlehner Garten-Klappstuhl eignet sich hervorragend f\u00fcr entspannte Stunden im Garten oder auf der Terrasse. Das synthetische Netzgewebe ist strapazierf\u00e4hig, passt sich optimal dem K\u00f6rper an und sorgt f\u00fcr gute Bel\u00fcftung beim Sitzen. Die R\u00fcckenlehne ist in 5 Stufen verstellbar. Zudem ist der Stuhl sehr leicht, da das Grundger\u00fcst aus Aluminium gefertigt ist.<\/p>\n<p> Highlights: <\/b> <br \/> Extrem leicht und stabil. <br \/> Klappbar. <br \/> Grundkonstruktion aus beschichtetem Aluminium. <br \/> Synthetisches Netzgewebe sorgt f\u00fcr gute Bel\u00fcftung. <br \/> Pflegeleicht und Abwaschbar. <br \/> Hohe R\u00fcckenlehne mit 5-facher Neigungsverstellung. <br \/> Bequeme Sitzpositionen. <\/p>\n<p><b>Technische Daten:<\/b> <br \/> Sitzfl\u00e4che: (LxB) 35 x 41 cm <br \/> Gesamtbreite: 59 cm <br \/> R\u00fcckenlehne: 72 cm <br \/> Sitzh\u00f6he: ca. 43 cm <br \/> H\u00f6he der Armlehne bis Boden: ca. 60 cm <br \/> Totalma\u00dfe: (LxBxH) 73 x 59 x 110 cm <br \/> Ma\u00dfe (geklappt): (LxBxH) 14 x 59 x 99 cm <br \/> Belastbarkeit: ca. 100 kg <br \/> Gewicht: 3,2 kg <br \/> Material: Aluminium Gestell, Kunststoffteile, Polyesterfasern mit Kunststoffummantelung. <\/p>\n<p><b>Lieferumfang:<\/b> <br \/> 4 Gartenst\u00fchle, klappbar <\/p>\n<p>Grundkonstruktion aus beschichtetem Aluminium<br \/>\nKlappbar | Synthetisches Netzgewebe sorgt f\u00fcr gute Bel\u00fcftung<br \/>\nHohe R\u00fcckenlehne mit 5-facher Neigungsverstellung | Bequeme Sitzpositionen<br \/>\nPflegeleicht und Abwaschbar<br \/>\nTotalma\u00dfe: (LxBxH) 73 x 59 x 110 cm | Belastbarkeit: ca. 100 kg | Gewicht: 3,2 kg<br \/>\n<div class=\"main-cross-sell\" data-asin=\"B01L7EFLE2\">\n\n\t<div class=\"WooZone-cross-sell-loader\">\n\t\t<div>\n\t\t\t<div id=\"floatingBarsG\">\n\t\t\t\t<div class=\"blockG\" id=\"rotateG_01\"><\/div>\n\t\t\t\t<div class=\"blockG\" id=\"rotateG_02\"><\/div>\n\t\t\t\t<div class=\"blockG\" id=\"rotateG_03\"><\/div>\n\t\t\t\t<div class=\"blockG\" id=\"rotateG_04\"><\/div>\n\t\t\t\t<div class=\"blockG\" id=\"rotateG_05\"><\/div>\n\t\t\t\t<div class=\"blockG\" id=\"rotateG_06\"><\/div>\n\t\t\t\t<div class=\"blockG\" id=\"rotateG_07\"><\/div>\n\t\t\t\t<div class=\"blockG\" id=\"rotateG_08\"><\/div>\n\t\t\t<\/div>\n\t\t\t<div class=\"WooZone-cross-sell-loader-text\"><\/div>\n\t\t<\/div>\n\t<\/div>\n\n\t\t\n<\/div>\n<div style=\"clear:both;\"><\/div><\/p>\n","protected":false},"excerpt":{"rendered":"<p>Grundkonstruktion aus beschichtetem Aluminium<br \/>\nKlappbar | Synthetisches Netzgewebe sorgt f\u00fcr gute Bel\u00fcftung<br \/>\nHohe R\u00fcckenlehne mit 5-facher Neigungsverstellung | Bequeme Sitzpositionen<\/p>\n","protected":false},"featured_media":14713,"comment_status":"open","ping_status":"closed","template":"","meta":[],"product_cat":[26],"product_tag":[],"_links":{"self":[{"href":"https:\/\/camping.webspace.rocks\/index.php?rest_route=\/wp\/v2\/product\/14712"}],"collection":[{"href":"https:\/\/camping.webspace.rocks\/index.php?rest_route=\/wp\/v2\/product"}],"about":[{"href":"https:\/\/camping.webspace.rocks\/index.php?rest_route=\/wp\/v2\/types\/product"}],"replies":[{"embeddable":true,"href":"https:\/\/camping.webspace.rocks\/index.php?rest_route=%2Fwp%2Fv2%2Fcomments&post=14712"}],"version-history":[{"count":1,"href":"https:\/\/camping.webspace.rocks\/index.php?rest_route=\/wp\/v2\/product\/14712\/revisions"}],"predecessor-version":[{"id":18129,"href":"https:\/\/camping.webspace.rocks\/index.php?rest_route=\/wp\/v2\/product\/14712\/revisions\/18129"}],"wp:featuredmedia":[{"embeddable":true,"href":"https:\/\/camping.webspace.rocks\/index.php?rest_route=\/wp\/v2\/media\/14713"}],"wp:attachment":[{"href":"https:\/\/camping.webspace.rocks\/index.php?rest_route=%2Fwp%2Fv2%2Fmedia&parent=14712"}],"wp:term":[{"taxonomy":"product_cat","embeddable":true,"href":"https:\/\/camping.webspace.rocks\/index.php?rest_route=%2Fwp%2Fv2%2Fproduct_cat&post=14712"},{"taxonomy":"product_tag","embeddable":true,"href":"https:\/\/camping.webspace.rocks\/index.php?rest_route=%2Fwp%2Fv2%2Fproduct_tag&post=14712"}],"curies":[{"name":"wp","href":"https:\/\/api.w.org\/{rel}","templated":true}]}}