{"id":14916,"date":"2021-07-29T17:52:01","date_gmt":"2021-07-29T17:52:01","guid":{"rendered":"https:\/\/camping.webspace.rocks\/?product=design24-klappstuhl-gartenstuehle-aus-aluminium-wetterbestaendig-verstellbare-rueckenlehne"},"modified":"2023-04-09T10:19:08","modified_gmt":"2023-04-09T10:19:08","slug":"design24-klappstuhl-gartenstuehle-aus-aluminium-wetterbestaendig-verstellbare-rueckenlehne","status":"publish","type":"product","link":"https:\/\/camping.webspace.rocks\/?product=design24-klappstuhl-gartenstuehle-aus-aluminium-wetterbestaendig-verstellbare-rueckenlehne","title":{"rendered":"KHG Gartenstuhl mit Armlehnen aus Aluminium, klappbar, wetterfest, 8-Fach verstellbare R\u00fcckenlehne, Hochlehner\u2026"},"content":{"rendered":"<p>\n\t\t<style type=\"text\/css\">\n\t\t\t#gallery-1 {\n\t\t\t\tmargin: auto;\n\t\t\t}\n\t\t\t#gallery-1 .gallery-item {\n\t\t\t\tfloat: left;\n\t\t\t\tmargin-top: 10px;\n\t\t\t\ttext-align: center;\n\t\t\t\twidth: 33%;\n\t\t\t}\n\t\t\t#gallery-1 img {\n\t\t\t\tborder: 2px solid #cfcfcf;\n\t\t\t}\n\t\t\t#gallery-1 .gallery-caption {\n\t\t\t\tmargin-left: 0;\n\t\t\t}\n\t\t\t\/* see gallery_shortcode() in wp-includes\/media.php *\/\n\t\t<\/style>\n\t\t<div id='gallery-1' class='gallery galleryid-14916 gallery-columns-3 gallery-size-thumbnail'><dl class='gallery-item'>\n\t\t\t<dt class='gallery-icon landscape'>\n\t\t\t\t<a href='https:\/\/camping.webspace.rocks\/?attachment_id=14917'><img width=\"150\" height=\"150\" src=\"https:\/\/m.media-amazon.com\/images\/I\/31z2fUvQiVS._SS150_.jpg\" class=\"attachment-thumbnail size-thumbnail\" alt=\"\" loading=\"lazy\" srcset=\"https:\/\/m.media-amazon.com\/images\/I\/31z2fUvQiVS._SS150_.jpg 150w, https:\/\/m.media-amazon.com\/images\/I\/31z2fUvQiVS._SS300_.jpg 300w, https:\/\/m.media-amazon.com\/images\/I\/31z2fUvQiVS._SS768_.jpg 768w, https:\/\/m.media-amazon.com\/images\/I\/31z2fUvQiVS._SS1024_.jpg 1024w, https:\/\/m.media-amazon.com\/images\/I\/31z2fUvQiVS._SS1536_.jpg 1536w, https:\/\/m.media-amazon.com\/images\/I\/31z2fUvQiVS._SS2048_.jpg 2048w, https:\/\/m.media-amazon.com\/images\/I\/31z2fUvQiVS._SS1200_.jpg 1200w, https:\/\/m.media-amazon.com\/images\/I\/31z2fUvQiVS._SS600_.jpg 600w, https:\/\/m.media-amazon.com\/images\/I\/31z2fUvQiVS.jpg 500w\" sizes=\"(max-width: 150px) 100vw, 150px\" \/><\/a>\n\t\t\t<\/dt><\/dl><dl class='gallery-item'>\n\t\t\t<dt class='gallery-icon landscape'>\n\t\t\t\t<a href='https:\/\/camping.webspace.rocks\/?attachment_id=14918'><img width=\"150\" height=\"150\" src=\"https:\/\/m.media-amazon.com\/images\/I\/31YSPLgtXFS._SS150_.jpg\" class=\"attachment-thumbnail size-thumbnail\" alt=\"\" loading=\"lazy\" srcset=\"https:\/\/m.media-amazon.com\/images\/I\/31YSPLgtXFS._SS150_.jpg 150w, https:\/\/m.media-amazon.com\/images\/I\/31YSPLgtXFS._SS300_.jpg 300w, https:\/\/m.media-amazon.com\/images\/I\/31YSPLgtXFS._SS768_.jpg 768w, https:\/\/m.media-amazon.com\/images\/I\/31YSPLgtXFS._SS1024_.jpg 1024w, https:\/\/m.media-amazon.com\/images\/I\/31YSPLgtXFS._SS1536_.jpg 1536w, https:\/\/m.media-amazon.com\/images\/I\/31YSPLgtXFS._SS2048_.jpg 2048w, https:\/\/m.media-amazon.com\/images\/I\/31YSPLgtXFS._SS1200_.jpg 1200w, https:\/\/m.media-amazon.com\/images\/I\/31YSPLgtXFS._SS600_.jpg 600w, https:\/\/m.media-amazon.com\/images\/I\/31YSPLgtXFS.jpg 500w\" sizes=\"(max-width: 150px) 100vw, 150px\" \/><\/a>\n\t\t\t<\/dt><\/dl><dl class='gallery-item'>\n\t\t\t<dt class='gallery-icon landscape'>\n\t\t\t\t<a href='https:\/\/camping.webspace.rocks\/?attachment_id=14919'><img width=\"150\" height=\"150\" src=\"https:\/\/m.media-amazon.com\/images\/I\/217N1CGdG8S._SS150_.jpg\" class=\"attachment-thumbnail size-thumbnail\" alt=\"\" loading=\"lazy\" srcset=\"https:\/\/m.media-amazon.com\/images\/I\/217N1CGdG8S._SS150_.jpg 150w, https:\/\/m.media-amazon.com\/images\/I\/217N1CGdG8S._SS300_.jpg 300w, https:\/\/m.media-amazon.com\/images\/I\/217N1CGdG8S._SS768_.jpg 768w, https:\/\/m.media-amazon.com\/images\/I\/217N1CGdG8S._SS1024_.jpg 1024w, https:\/\/m.media-amazon.com\/images\/I\/217N1CGdG8S._SS1536_.jpg 1536w, https:\/\/m.media-amazon.com\/images\/I\/217N1CGdG8S._SS2048_.jpg 2048w, https:\/\/m.media-amazon.com\/images\/I\/217N1CGdG8S._SS1200_.jpg 1200w, https:\/\/m.media-amazon.com\/images\/I\/217N1CGdG8S._SS600_.jpg 600w, https:\/\/m.media-amazon.com\/images\/I\/217N1CGdG8S.jpg 500w\" sizes=\"(max-width: 150px) 100vw, 150px\" \/><\/a>\n\t\t\t<\/dt><\/dl><br style=\"clear: both\" \/>\n\t\t<\/div>\n<br \/>\n<!-- show up to 2 reviews by default --> <\/p>\n<p>Bequem Sitzen auf Balkon und im Garten<\/p>\n<p>Unser praktischer Klappstuhl sorgt mit seiner 5-fach verstellbaren R\u00fcckenlehne f\u00fcr Komfort &#8211; und trotzt doch jedem Wetter! Durch sein durchdachtes, schlichtes Design l\u00e4sst er sich besonders gut mit anderen Gartenm\u00f6beln kombinieren und bei Bedarf leicht verstauen. In der Nutzung h\u00e4lt er einer Belastung bis zu 110 kg stand.<\/p>\n<\/p>\n<p>Wetterbest\u00e4ndig &#8211; geeignet f\u00fcr Garten und Balkon<br \/>\nKlappbar und leicht zu montieren<br \/>\nSitzh\u00f6he bei ca. 39 cm<br \/>\nR\u00fcckenlehne in 5 Stufen verstellbar<br \/>\nBis 110 kg belastbar<br \/>\n<div class=\"main-cross-sell\" data-asin=\"B093WZ356D\">\n\n\t<div class=\"WooZone-cross-sell-loader\">\n\t\t<div>\n\t\t\t<div id=\"floatingBarsG\">\n\t\t\t\t<div class=\"blockG\" id=\"rotateG_01\"><\/div>\n\t\t\t\t<div class=\"blockG\" id=\"rotateG_02\"><\/div>\n\t\t\t\t<div class=\"blockG\" id=\"rotateG_03\"><\/div>\n\t\t\t\t<div class=\"blockG\" id=\"rotateG_04\"><\/div>\n\t\t\t\t<div class=\"blockG\" id=\"rotateG_05\"><\/div>\n\t\t\t\t<div class=\"blockG\" id=\"rotateG_06\"><\/div>\n\t\t\t\t<div class=\"blockG\" id=\"rotateG_07\"><\/div>\n\t\t\t\t<div class=\"blockG\" id=\"rotateG_08\"><\/div>\n\t\t\t<\/div>\n\t\t\t<div class=\"WooZone-cross-sell-loader-text\"><\/div>\n\t\t<\/div>\n\t<\/div>\n\n\t\t\n<\/div>\n<div style=\"clear:both;\"><\/div><\/p>\n","protected":false},"excerpt":{"rendered":"<p>Wetterbest\u00e4ndig &#8211; geeignet f\u00fcr Garten und Balkon<br \/>\nKlappbar und leicht zu montieren<br \/>\nSitzh\u00f6he bei ca. 39 cm<\/p>\n","protected":false},"featured_media":14917,"comment_status":"open","ping_status":"closed","template":"","meta":[],"product_cat":[26],"product_tag":[],"_links":{"self":[{"href":"https:\/\/camping.webspace.rocks\/index.php?rest_route=\/wp\/v2\/product\/14916"}],"collection":[{"href":"https:\/\/camping.webspace.rocks\/index.php?rest_route=\/wp\/v2\/product"}],"about":[{"href":"https:\/\/camping.webspace.rocks\/index.php?rest_route=\/wp\/v2\/types\/product"}],"replies":[{"embeddable":true,"href":"https:\/\/camping.webspace.rocks\/index.php?rest_route=%2Fwp%2Fv2%2Fcomments&post=14916"}],"version-history":[{"count":3,"href":"https:\/\/camping.webspace.rocks\/index.php?rest_route=\/wp\/v2\/product\/14916\/revisions"}],"predecessor-version":[{"id":19368,"href":"https:\/\/camping.webspace.rocks\/index.php?rest_route=\/wp\/v2\/product\/14916\/revisions\/19368"}],"wp:featuredmedia":[{"embeddable":true,"href":"https:\/\/camping.webspace.rocks\/index.php?rest_route=\/wp\/v2\/media\/14917"}],"wp:attachment":[{"href":"https:\/\/camping.webspace.rocks\/index.php?rest_route=%2Fwp%2Fv2%2Fmedia&parent=14916"}],"wp:term":[{"taxonomy":"product_cat","embeddable":true,"href":"https:\/\/camping.webspace.rocks\/index.php?rest_route=%2Fwp%2Fv2%2Fproduct_cat&post=14916"},{"taxonomy":"product_tag","embeddable":true,"href":"https:\/\/camping.webspace.rocks\/index.php?rest_route=%2Fwp%2Fv2%2Fproduct_tag&post=14916"}],"curies":[{"name":"wp","href":"https:\/\/api.w.org\/{rel}","templated":true}]}}