{"id":14928,"date":"2021-07-29T17:52:07","date_gmt":"2021-07-29T17:52:07","guid":{"rendered":"https:\/\/camping.webspace.rocks\/?product=uquip-variety-m-aluminium-falttisch-fuer-4-personen-hoehenverstellbar-89x53cm"},"modified":"2023-04-09T10:19:08","modified_gmt":"2023-04-09T10:19:08","slug":"uquip-variety-m-aluminium-falttisch-fuer-4-personen-hoehenverstellbar-89x53cm","status":"publish","type":"product","link":"https:\/\/camping.webspace.rocks\/?product=uquip-variety-m-aluminium-falttisch-fuer-4-personen-hoehenverstellbar-89x53cm","title":{"rendered":"Uquip Variety M Aluminium Falttisch f\u00fcr 4 Personen H\u00f6henverstellbar (90x52cm)"},"content":{"rendered":"<p>\n\t\t<style type=\"text\/css\">\n\t\t\t#gallery-1 {\n\t\t\t\tmargin: auto;\n\t\t\t}\n\t\t\t#gallery-1 .gallery-item {\n\t\t\t\tfloat: left;\n\t\t\t\tmargin-top: 10px;\n\t\t\t\ttext-align: center;\n\t\t\t\twidth: 33%;\n\t\t\t}\n\t\t\t#gallery-1 img {\n\t\t\t\tborder: 2px solid #cfcfcf;\n\t\t\t}\n\t\t\t#gallery-1 .gallery-caption {\n\t\t\t\tmargin-left: 0;\n\t\t\t}\n\t\t\t\/* see gallery_shortcode() in wp-includes\/media.php *\/\n\t\t<\/style>\n\t\t<div id='gallery-1' class='gallery galleryid-14928 gallery-columns-3 gallery-size-thumbnail'><dl class='gallery-item'>\n\t\t\t<dt class='gallery-icon landscape'>\n\t\t\t\t<a href='https:\/\/camping.webspace.rocks\/?attachment_id=14929'><img width=\"150\" height=\"150\" src=\"https:\/\/m.media-amazon.com\/images\/I\/41CT75KxnsL._SS150_.jpg\" class=\"attachment-thumbnail size-thumbnail\" alt=\"\" loading=\"lazy\" srcset=\"https:\/\/m.media-amazon.com\/images\/I\/41CT75KxnsL._SS150_.jpg 150w, https:\/\/m.media-amazon.com\/images\/I\/41CT75KxnsL._SS300_.jpg 300w, https:\/\/m.media-amazon.com\/images\/I\/41CT75KxnsL._SS768_.jpg 768w, https:\/\/m.media-amazon.com\/images\/I\/41CT75KxnsL._SS1024_.jpg 1024w, https:\/\/m.media-amazon.com\/images\/I\/41CT75KxnsL._SS1536_.jpg 1536w, https:\/\/m.media-amazon.com\/images\/I\/41CT75KxnsL._SS2048_.jpg 2048w, https:\/\/m.media-amazon.com\/images\/I\/41CT75KxnsL._SS1200_.jpg 1200w, https:\/\/m.media-amazon.com\/images\/I\/41CT75KxnsL._SS600_.jpg 600w, https:\/\/m.media-amazon.com\/images\/I\/41CT75KxnsL.jpg 500w\" sizes=\"(max-width: 150px) 100vw, 150px\" \/><\/a>\n\t\t\t<\/dt><\/dl><dl class='gallery-item'>\n\t\t\t<dt class='gallery-icon landscape'>\n\t\t\t\t<a href='https:\/\/camping.webspace.rocks\/?attachment_id=14930'><img width=\"150\" height=\"150\" src=\"https:\/\/m.media-amazon.com\/images\/I\/41z9fCOw4JL._SS150_.jpg\" class=\"attachment-thumbnail size-thumbnail\" alt=\"\" loading=\"lazy\" srcset=\"https:\/\/m.media-amazon.com\/images\/I\/41z9fCOw4JL._SS150_.jpg 150w, https:\/\/m.media-amazon.com\/images\/I\/41z9fCOw4JL._SS300_.jpg 300w, https:\/\/m.media-amazon.com\/images\/I\/41z9fCOw4JL._SS768_.jpg 768w, https:\/\/m.media-amazon.com\/images\/I\/41z9fCOw4JL._SS1024_.jpg 1024w, https:\/\/m.media-amazon.com\/images\/I\/41z9fCOw4JL._SS1536_.jpg 1536w, https:\/\/m.media-amazon.com\/images\/I\/41z9fCOw4JL._SS2048_.jpg 2048w, https:\/\/m.media-amazon.com\/images\/I\/41z9fCOw4JL._SS1200_.jpg 1200w, https:\/\/m.media-amazon.com\/images\/I\/41z9fCOw4JL._SS600_.jpg 600w, https:\/\/m.media-amazon.com\/images\/I\/41z9fCOw4JL.jpg 500w\" sizes=\"(max-width: 150px) 100vw, 150px\" \/><\/a>\n\t\t\t<\/dt><\/dl><dl class='gallery-item'>\n\t\t\t<dt class='gallery-icon landscape'>\n\t\t\t\t<a href='https:\/\/camping.webspace.rocks\/?attachment_id=14931'><img width=\"150\" height=\"150\" src=\"https:\/\/m.media-amazon.com\/images\/I\/41mS9chOcjL._SS150_.jpg\" class=\"attachment-thumbnail size-thumbnail\" alt=\"\" loading=\"lazy\" srcset=\"https:\/\/m.media-amazon.com\/images\/I\/41mS9chOcjL._SS150_.jpg 150w, https:\/\/m.media-amazon.com\/images\/I\/41mS9chOcjL._SS300_.jpg 300w, https:\/\/m.media-amazon.com\/images\/I\/41mS9chOcjL._SS768_.jpg 768w, https:\/\/m.media-amazon.com\/images\/I\/41mS9chOcjL._SS1024_.jpg 1024w, https:\/\/m.media-amazon.com\/images\/I\/41mS9chOcjL._SS1536_.jpg 1536w, https:\/\/m.media-amazon.com\/images\/I\/41mS9chOcjL._SS2048_.jpg 2048w, https:\/\/m.media-amazon.com\/images\/I\/41mS9chOcjL._SS1200_.jpg 1200w, https:\/\/m.media-amazon.com\/images\/I\/41mS9chOcjL._SS600_.jpg 600w, https:\/\/m.media-amazon.com\/images\/I\/41mS9chOcjL.jpg 500w\" sizes=\"(max-width: 150px) 100vw, 150px\" \/><\/a>\n\t\t\t<\/dt><\/dl><br style=\"clear: both\" \/>\n\t\t<\/div>\n<br \/>\nGro\u00dfer Campingtisch aus Aluminium mit Rollplatte; extra leicht und extra stabil bis 30kg Traglast, dank spezieller Alu-Rahmenkonstruktion<br \/>\nOptimales Format f\u00fcr bis zu vier Personen; Rolltischplatte 89 x 53 cm; geringes Spaltma\u00df der Stege (nicht wie bei vielen Billig-Rolltischen)<br \/>\nEinfacher und schneller Auf- und Abbau; Platzsparend zusammenfaltbar 12x15x91cm; inkl. robuster Tragetasche mit Schultergurt; Gewicht 4.1kg<br \/>\nH\u00f6he stufenlos verstellbar 45 &#8211; 69cm somit f\u00fcr &#8222;die Kleinen&#8220; und Gro\u00dfen geeignet; als Esstisch in 69cm oder auch als Kindertisch in 45cm nutzbar<br \/>\nGarantiert fester Stand durch einzeln h\u00f6henverstellbare Teleskopbeine; Wetterfeste Alu-Tischplatte und Alu-Gest\u00e4nge<br \/>\n<div class=\"main-cross-sell\" data-asin=\"B01FM1VLLS\">\n\n\t<div class=\"WooZone-cross-sell-loader\">\n\t\t<div>\n\t\t\t<div id=\"floatingBarsG\">\n\t\t\t\t<div class=\"blockG\" id=\"rotateG_01\"><\/div>\n\t\t\t\t<div class=\"blockG\" id=\"rotateG_02\"><\/div>\n\t\t\t\t<div class=\"blockG\" id=\"rotateG_03\"><\/div>\n\t\t\t\t<div class=\"blockG\" id=\"rotateG_04\"><\/div>\n\t\t\t\t<div class=\"blockG\" id=\"rotateG_05\"><\/div>\n\t\t\t\t<div class=\"blockG\" id=\"rotateG_06\"><\/div>\n\t\t\t\t<div class=\"blockG\" id=\"rotateG_07\"><\/div>\n\t\t\t\t<div class=\"blockG\" id=\"rotateG_08\"><\/div>\n\t\t\t<\/div>\n\t\t\t<div class=\"WooZone-cross-sell-loader-text\"><\/div>\n\t\t<\/div>\n\t<\/div>\n\n\t\t\n<\/div>\n<div style=\"clear:both;\"><\/div><\/p>\n","protected":false},"excerpt":{"rendered":"<p>Gro\u00dfer Campingtisch aus Aluminium mit Rollplatte; extra leicht und extra stabil bis 30kg Traglast, dank spezieller Alu-Rahmenkonstruktion<br \/>\nOptimales Format f\u00fcr bis zu vier Personen; Rolltischplatte 89 x 53 cm; geringes Spaltma\u00df der Stege (nicht wie bei vielen Billig-Rolltischen)<br \/>\nEinfacher und schneller Auf- und Abbau; Platzsparend zusammenfaltbar 12x15x91cm; inkl. robuster Tragetasche mit Schultergurt; Gewicht 4.1kg<\/p>\n","protected":false},"featured_media":14929,"comment_status":"open","ping_status":"closed","template":"","meta":[],"product_cat":[26],"product_tag":[],"_links":{"self":[{"href":"https:\/\/camping.webspace.rocks\/index.php?rest_route=\/wp\/v2\/product\/14928"}],"collection":[{"href":"https:\/\/camping.webspace.rocks\/index.php?rest_route=\/wp\/v2\/product"}],"about":[{"href":"https:\/\/camping.webspace.rocks\/index.php?rest_route=\/wp\/v2\/types\/product"}],"replies":[{"embeddable":true,"href":"https:\/\/camping.webspace.rocks\/index.php?rest_route=%2Fwp%2Fv2%2Fcomments&post=14928"}],"version-history":[{"count":2,"href":"https:\/\/camping.webspace.rocks\/index.php?rest_route=\/wp\/v2\/product\/14928\/revisions"}],"predecessor-version":[{"id":19140,"href":"https:\/\/camping.webspace.rocks\/index.php?rest_route=\/wp\/v2\/product\/14928\/revisions\/19140"}],"wp:featuredmedia":[{"embeddable":true,"href":"https:\/\/camping.webspace.rocks\/index.php?rest_route=\/wp\/v2\/media\/14929"}],"wp:attachment":[{"href":"https:\/\/camping.webspace.rocks\/index.php?rest_route=%2Fwp%2Fv2%2Fmedia&parent=14928"}],"wp:term":[{"taxonomy":"product_cat","embeddable":true,"href":"https:\/\/camping.webspace.rocks\/index.php?rest_route=%2Fwp%2Fv2%2Fproduct_cat&post=14928"},{"taxonomy":"product_tag","embeddable":true,"href":"https:\/\/camping.webspace.rocks\/index.php?rest_route=%2Fwp%2Fv2%2Fproduct_tag&post=14928"}],"curies":[{"name":"wp","href":"https:\/\/api.w.org\/{rel}","templated":true}]}}