{"id":14964,"date":"2021-07-29T17:52:29","date_gmt":"2021-07-29T17:52:29","guid":{"rendered":"https:\/\/camping.webspace.rocks\/?product=crespo-campingstuhl-xxl-al-238-dl"},"modified":"2023-04-09T10:19:09","modified_gmt":"2023-04-09T10:19:09","slug":"crespo-campingstuhl-xxl-al-238-dl","status":"publish","type":"product","link":"https:\/\/camping.webspace.rocks\/?product=crespo-campingstuhl-xxl-al-238-dl","title":{"rendered":"Crespo Campingstuhl XXL AL\/238-DL"},"content":{"rendered":"<p>\n\t\t<style type=\"text\/css\">\n\t\t\t#gallery-1 {\n\t\t\t\tmargin: auto;\n\t\t\t}\n\t\t\t#gallery-1 .gallery-item {\n\t\t\t\tfloat: left;\n\t\t\t\tmargin-top: 10px;\n\t\t\t\ttext-align: center;\n\t\t\t\twidth: 33%;\n\t\t\t}\n\t\t\t#gallery-1 img {\n\t\t\t\tborder: 2px solid #cfcfcf;\n\t\t\t}\n\t\t\t#gallery-1 .gallery-caption {\n\t\t\t\tmargin-left: 0;\n\t\t\t}\n\t\t\t\/* see gallery_shortcode() in wp-includes\/media.php *\/\n\t\t<\/style>\n\t\t<div id='gallery-1' class='gallery galleryid-14964 gallery-columns-3 gallery-size-thumbnail'><dl class='gallery-item'>\n\t\t\t<dt class='gallery-icon landscape'>\n\t\t\t\t<a href='https:\/\/camping.webspace.rocks\/?attachment_id=14965'><img width=\"150\" height=\"150\" src=\"https:\/\/m.media-amazon.com\/images\/I\/31g0p9LRnoL._SS150_.jpg\" class=\"attachment-thumbnail size-thumbnail\" alt=\"\" loading=\"lazy\" srcset=\"https:\/\/m.media-amazon.com\/images\/I\/31g0p9LRnoL._SS150_.jpg 150w, https:\/\/m.media-amazon.com\/images\/I\/31g0p9LRnoL._SS300_.jpg 300w, https:\/\/m.media-amazon.com\/images\/I\/31g0p9LRnoL._SS768_.jpg 768w, https:\/\/m.media-amazon.com\/images\/I\/31g0p9LRnoL._SS1024_.jpg 1024w, https:\/\/m.media-amazon.com\/images\/I\/31g0p9LRnoL._SS1536_.jpg 1536w, https:\/\/m.media-amazon.com\/images\/I\/31g0p9LRnoL._SS2048_.jpg 2048w, https:\/\/m.media-amazon.com\/images\/I\/31g0p9LRnoL._SS1200_.jpg 1200w, https:\/\/m.media-amazon.com\/images\/I\/31g0p9LRnoL._SS600_.jpg 600w, https:\/\/m.media-amazon.com\/images\/I\/31g0p9LRnoL.jpg 500w\" sizes=\"(max-width: 150px) 100vw, 150px\" \/><\/a>\n\t\t\t<\/dt><\/dl><dl class='gallery-item'>\n\t\t\t<dt class='gallery-icon landscape'>\n\t\t\t\t<a href='https:\/\/camping.webspace.rocks\/?attachment_id=14966'><img width=\"150\" height=\"150\" src=\"https:\/\/m.media-amazon.com\/images\/I\/31O7BQWdXBL._SS150_.jpg\" class=\"attachment-thumbnail size-thumbnail\" alt=\"\" loading=\"lazy\" srcset=\"https:\/\/m.media-amazon.com\/images\/I\/31O7BQWdXBL._SS150_.jpg 150w, https:\/\/m.media-amazon.com\/images\/I\/31O7BQWdXBL._SS300_.jpg 300w, https:\/\/m.media-amazon.com\/images\/I\/31O7BQWdXBL._SS768_.jpg 768w, https:\/\/m.media-amazon.com\/images\/I\/31O7BQWdXBL._SS1024_.jpg 1024w, https:\/\/m.media-amazon.com\/images\/I\/31O7BQWdXBL._SS1536_.jpg 1536w, https:\/\/m.media-amazon.com\/images\/I\/31O7BQWdXBL._SS2048_.jpg 2048w, https:\/\/m.media-amazon.com\/images\/I\/31O7BQWdXBL._SS1200_.jpg 1200w, https:\/\/m.media-amazon.com\/images\/I\/31O7BQWdXBL._SS600_.jpg 600w, https:\/\/m.media-amazon.com\/images\/I\/31O7BQWdXBL.jpg 500w\" sizes=\"(max-width: 150px) 100vw, 150px\" \/><\/a>\n\t\t\t<\/dt><\/dl><dl class='gallery-item'>\n\t\t\t<dt class='gallery-icon landscape'>\n\t\t\t\t<a href='https:\/\/camping.webspace.rocks\/?attachment_id=14967'><img width=\"150\" height=\"150\" src=\"https:\/\/m.media-amazon.com\/images\/I\/415LWP3Nd6L._SS150_.jpg\" class=\"attachment-thumbnail size-thumbnail\" alt=\"\" loading=\"lazy\" srcset=\"https:\/\/m.media-amazon.com\/images\/I\/415LWP3Nd6L._SS150_.jpg 150w, https:\/\/m.media-amazon.com\/images\/I\/415LWP3Nd6L._SS300_.jpg 300w, https:\/\/m.media-amazon.com\/images\/I\/415LWP3Nd6L._SS768_.jpg 768w, https:\/\/m.media-amazon.com\/images\/I\/415LWP3Nd6L._SS1024_.jpg 1024w, https:\/\/m.media-amazon.com\/images\/I\/415LWP3Nd6L._SS1536_.jpg 1536w, https:\/\/m.media-amazon.com\/images\/I\/415LWP3Nd6L._SS2048_.jpg 2048w, https:\/\/m.media-amazon.com\/images\/I\/415LWP3Nd6L._SS1200_.jpg 1200w, https:\/\/m.media-amazon.com\/images\/I\/415LWP3Nd6L._SS600_.jpg 600w, https:\/\/m.media-amazon.com\/images\/I\/415LWP3Nd6L.jpg 500w\" sizes=\"(max-width: 150px) 100vw, 150px\" \/><\/a>\n\t\t\t<\/dt><\/dl><br style=\"clear: both\" \/>\n\t\t<\/div>\n<br \/>\n<!-- show up to 2 reviews by default --> <\/p>\n<ul>\n<li>7-fach verstellbare R\u00fcckenlehne<\/li>\n<li>Stuhlbeine aus Ovalrohr<\/li>\n<li>Belastbarkeit 200 kg<\/li>\n<li>Abmessungen 121 x 72 x 77 cm<\/li>\n<li>Packma\u00df 113 x 72 x 12 cm<\/li>\n<li>Gewicht 5,5 kg<\/li>\n<\/ul>\n<p> Klappsessel DELUXE XXL <\/p>\n<p>Verst\u00e4rkter Klappsessel hergestellt aus Aluminium, extra breit und mit hoher R\u00fcckenlehne.<\/p>\n<p>Crespo DELUXE Serie<\/p>\n<p>Mehr Komfort als Sie sich vorstellen k\u00f6nnen&#8230; Leichter als es scheint. Die neue Generation von Sesseln und Liegen der Deluxe Kollektion, hergestellt aus verst\u00e4rktem Aluminium von hoher Qualit\u00e4t, vef\u00fcgt \u00fcber einen neuen komfortablen und weichen Deluxe Stoff (60 % PVC, 40 % PES), der luft- und wasserdurchl\u00e4ssig ist, was ihn besonders bequem macht und verhindert, dass sich Schmutz und schlechter Geruch ansammeln kann.<\/p>\n<\/p>\n<p>Verst\u00e4rkter Klappsessel hergestellt aus Aluminium<br \/>\nextra breit und mit hoher R\u00fcckenlehne.<br \/>\n<div class=\"main-cross-sell\" data-asin=\"B00B5988KE\">\n\n\t<div class=\"WooZone-cross-sell-loader\">\n\t\t<div>\n\t\t\t<div id=\"floatingBarsG\">\n\t\t\t\t<div class=\"blockG\" id=\"rotateG_01\"><\/div>\n\t\t\t\t<div class=\"blockG\" id=\"rotateG_02\"><\/div>\n\t\t\t\t<div class=\"blockG\" id=\"rotateG_03\"><\/div>\n\t\t\t\t<div class=\"blockG\" id=\"rotateG_04\"><\/div>\n\t\t\t\t<div class=\"blockG\" id=\"rotateG_05\"><\/div>\n\t\t\t\t<div class=\"blockG\" id=\"rotateG_06\"><\/div>\n\t\t\t\t<div class=\"blockG\" id=\"rotateG_07\"><\/div>\n\t\t\t\t<div class=\"blockG\" id=\"rotateG_08\"><\/div>\n\t\t\t<\/div>\n\t\t\t<div class=\"WooZone-cross-sell-loader-text\"><\/div>\n\t\t<\/div>\n\t<\/div>\n\n\t\t\n<\/div>\n<div style=\"clear:both;\"><\/div><\/p>\n","protected":false},"excerpt":{"rendered":"<p>Verst\u00e4rkter Klappsessel hergestellt aus Aluminium<br \/>\nextra breit und mit hoher R\u00fcckenlehne.<\/p>\n","protected":false},"featured_media":14965,"comment_status":"open","ping_status":"closed","template":"","meta":[],"product_cat":[26],"product_tag":[],"_links":{"self":[{"href":"https:\/\/camping.webspace.rocks\/index.php?rest_route=\/wp\/v2\/product\/14964"}],"collection":[{"href":"https:\/\/camping.webspace.rocks\/index.php?rest_route=\/wp\/v2\/product"}],"about":[{"href":"https:\/\/camping.webspace.rocks\/index.php?rest_route=\/wp\/v2\/types\/product"}],"replies":[{"embeddable":true,"href":"https:\/\/camping.webspace.rocks\/index.php?rest_route=%2Fwp%2Fv2%2Fcomments&post=14964"}],"version-history":[{"count":1,"href":"https:\/\/camping.webspace.rocks\/index.php?rest_route=\/wp\/v2\/product\/14964\/revisions"}],"predecessor-version":[{"id":18192,"href":"https:\/\/camping.webspace.rocks\/index.php?rest_route=\/wp\/v2\/product\/14964\/revisions\/18192"}],"wp:featuredmedia":[{"embeddable":true,"href":"https:\/\/camping.webspace.rocks\/index.php?rest_route=\/wp\/v2\/media\/14965"}],"wp:attachment":[{"href":"https:\/\/camping.webspace.rocks\/index.php?rest_route=%2Fwp%2Fv2%2Fmedia&parent=14964"}],"wp:term":[{"taxonomy":"product_cat","embeddable":true,"href":"https:\/\/camping.webspace.rocks\/index.php?rest_route=%2Fwp%2Fv2%2Fproduct_cat&post=14964"},{"taxonomy":"product_tag","embeddable":true,"href":"https:\/\/camping.webspace.rocks\/index.php?rest_route=%2Fwp%2Fv2%2Fproduct_tag&post=14964"}],"curies":[{"name":"wp","href":"https:\/\/api.w.org\/{rel}","templated":true}]}}