{"id":15096,"date":"2021-07-29T18:31:09","date_gmt":"2021-07-29T18:31:09","guid":{"rendered":"https:\/\/camping.webspace.rocks\/?product=wildfox-feldbett-xxl-207-x-68-cm"},"modified":"2023-04-09T10:19:12","modified_gmt":"2023-04-09T10:19:12","slug":"wildfox-feldbett-xxl-207-x-68-cm","status":"publish","type":"product","link":"https:\/\/camping.webspace.rocks\/?product=wildfox-feldbett-xxl-207-x-68-cm","title":{"rendered":"Wildfox Feldbett XXL; 207 x 68 cm"},"content":{"rendered":"<p>\n\t\t<style type=\"text\/css\">\n\t\t\t#gallery-1 {\n\t\t\t\tmargin: auto;\n\t\t\t}\n\t\t\t#gallery-1 .gallery-item {\n\t\t\t\tfloat: left;\n\t\t\t\tmargin-top: 10px;\n\t\t\t\ttext-align: center;\n\t\t\t\twidth: 33%;\n\t\t\t}\n\t\t\t#gallery-1 img {\n\t\t\t\tborder: 2px solid #cfcfcf;\n\t\t\t}\n\t\t\t#gallery-1 .gallery-caption {\n\t\t\t\tmargin-left: 0;\n\t\t\t}\n\t\t\t\/* see gallery_shortcode() in wp-includes\/media.php *\/\n\t\t<\/style>\n\t\t<div id='gallery-1' class='gallery galleryid-15096 gallery-columns-3 gallery-size-thumbnail'><dl class='gallery-item'>\n\t\t\t<dt class='gallery-icon landscape'>\n\t\t\t\t<a href='https:\/\/camping.webspace.rocks\/?attachment_id=15097'><img width=\"150\" height=\"150\" src=\"https:\/\/m.media-amazon.com\/images\/I\/41SHJ4NIrzL._SS150_.jpg\" class=\"attachment-thumbnail size-thumbnail\" alt=\"\" loading=\"lazy\" srcset=\"https:\/\/m.media-amazon.com\/images\/I\/41SHJ4NIrzL._SS150_.jpg 150w, https:\/\/m.media-amazon.com\/images\/I\/41SHJ4NIrzL._SS300_.jpg 300w, https:\/\/m.media-amazon.com\/images\/I\/41SHJ4NIrzL._SS768_.jpg 768w, https:\/\/m.media-amazon.com\/images\/I\/41SHJ4NIrzL._SS1024_.jpg 1024w, https:\/\/m.media-amazon.com\/images\/I\/41SHJ4NIrzL._SS1536_.jpg 1536w, https:\/\/m.media-amazon.com\/images\/I\/41SHJ4NIrzL._SS2048_.jpg 2048w, https:\/\/m.media-amazon.com\/images\/I\/41SHJ4NIrzL._SS1200_.jpg 1200w, https:\/\/m.media-amazon.com\/images\/I\/41SHJ4NIrzL._SS600_.jpg 600w, https:\/\/m.media-amazon.com\/images\/I\/41SHJ4NIrzL.jpg 500w\" sizes=\"(max-width: 150px) 100vw, 150px\" \/><\/a>\n\t\t\t<\/dt><\/dl><dl class='gallery-item'>\n\t\t\t<dt class='gallery-icon landscape'>\n\t\t\t\t<a href='https:\/\/camping.webspace.rocks\/?attachment_id=15098'><img width=\"150\" height=\"150\" src=\"https:\/\/m.media-amazon.com\/images\/I\/41lcciA7YbL._SS150_.jpg\" class=\"attachment-thumbnail size-thumbnail\" alt=\"\" loading=\"lazy\" srcset=\"https:\/\/m.media-amazon.com\/images\/I\/41lcciA7YbL._SS150_.jpg 150w, https:\/\/m.media-amazon.com\/images\/I\/41lcciA7YbL._SS300_.jpg 300w, https:\/\/m.media-amazon.com\/images\/I\/41lcciA7YbL._SS768_.jpg 768w, https:\/\/m.media-amazon.com\/images\/I\/41lcciA7YbL._SS1024_.jpg 1024w, https:\/\/m.media-amazon.com\/images\/I\/41lcciA7YbL._SS1536_.jpg 1536w, https:\/\/m.media-amazon.com\/images\/I\/41lcciA7YbL._SS2048_.jpg 2048w, https:\/\/m.media-amazon.com\/images\/I\/41lcciA7YbL._SS1200_.jpg 1200w, https:\/\/m.media-amazon.com\/images\/I\/41lcciA7YbL._SS600_.jpg 600w, https:\/\/m.media-amazon.com\/images\/I\/41lcciA7YbL.jpg 500w\" sizes=\"(max-width: 150px) 100vw, 150px\" \/><\/a>\n\t\t\t<\/dt><\/dl><dl class='gallery-item'>\n\t\t\t<dt class='gallery-icon landscape'>\n\t\t\t\t<a href='https:\/\/camping.webspace.rocks\/?attachment_id=15099'><img width=\"150\" height=\"150\" src=\"https:\/\/m.media-amazon.com\/images\/I\/31lZHQbHgHL._SS150_.jpg\" class=\"attachment-thumbnail size-thumbnail\" alt=\"\" loading=\"lazy\" srcset=\"https:\/\/m.media-amazon.com\/images\/I\/31lZHQbHgHL._SS150_.jpg 150w, https:\/\/m.media-amazon.com\/images\/I\/31lZHQbHgHL._SS300_.jpg 300w, https:\/\/m.media-amazon.com\/images\/I\/31lZHQbHgHL._SS768_.jpg 768w, https:\/\/m.media-amazon.com\/images\/I\/31lZHQbHgHL._SS1024_.jpg 1024w, https:\/\/m.media-amazon.com\/images\/I\/31lZHQbHgHL._SS1536_.jpg 1536w, https:\/\/m.media-amazon.com\/images\/I\/31lZHQbHgHL._SS2048_.jpg 2048w, https:\/\/m.media-amazon.com\/images\/I\/31lZHQbHgHL._SS1200_.jpg 1200w, https:\/\/m.media-amazon.com\/images\/I\/31lZHQbHgHL._SS600_.jpg 600w, https:\/\/m.media-amazon.com\/images\/I\/31lZHQbHgHL.jpg 500w\" sizes=\"(max-width: 150px) 100vw, 150px\" \/><\/a>\n\t\t\t<\/dt><\/dl><br style=\"clear: both\" \/>\n\t\t<\/div>\n<br \/>\n<!-- show up to 2 reviews by default --> <\/p>\n<h3>Produktbeschreibungen<\/h3>\n<p>Stabiles Feldbett aus pulverbeschichtetem Stahlrahmen. Blitzschnell aufgestellt. Tragkraft: 120 kg Aufbauma\u00df: 207 x 74 x 52 cm Liegefl\u00e4che: 207 x 68 cm Packma\u00df: 104 x 17 x 18 cm Gewicht: 10,0 kg Material: 100% Polyester, Stahlrohr pulverbeschichtet <\/p>\n<h3>Rechtliche Hinweise<\/h3>\n<p>Privatverkauf, ohne Garantie <\/p>\n<p>Gewicht: 10,0 kg<br \/>\nLiegefl\u00e4che: 207 x 68 cm<br \/>\nMaterial: 100% Polyester, Stahlrohr pulverbeschichtet<br \/>\nohne Querstreben<br \/>\nTragkraft: 150 kg<br \/>\n<div class=\"main-cross-sell\" data-asin=\"B0039ZS0XW\">\n\n\t<div class=\"WooZone-cross-sell-loader\">\n\t\t<div>\n\t\t\t<div id=\"floatingBarsG\">\n\t\t\t\t<div class=\"blockG\" id=\"rotateG_01\"><\/div>\n\t\t\t\t<div class=\"blockG\" id=\"rotateG_02\"><\/div>\n\t\t\t\t<div class=\"blockG\" id=\"rotateG_03\"><\/div>\n\t\t\t\t<div class=\"blockG\" id=\"rotateG_04\"><\/div>\n\t\t\t\t<div class=\"blockG\" id=\"rotateG_05\"><\/div>\n\t\t\t\t<div class=\"blockG\" id=\"rotateG_06\"><\/div>\n\t\t\t\t<div class=\"blockG\" id=\"rotateG_07\"><\/div>\n\t\t\t\t<div class=\"blockG\" id=\"rotateG_08\"><\/div>\n\t\t\t<\/div>\n\t\t\t<div class=\"WooZone-cross-sell-loader-text\"><\/div>\n\t\t<\/div>\n\t<\/div>\n\n\t\t\n<\/div>\n<div style=\"clear:both;\"><\/div><\/p>\n","protected":false},"excerpt":{"rendered":"<p>Gewicht: 10,0 kg<br \/>\nLiegefl\u00e4che: 207 x 68 cm<br \/>\nMaterial: 100% Polyester, Stahlrohr pulverbeschichtet<\/p>\n","protected":false},"featured_media":15097,"comment_status":"open","ping_status":"closed","template":"","meta":[],"product_cat":[26],"product_tag":[],"_links":{"self":[{"href":"https:\/\/camping.webspace.rocks\/index.php?rest_route=\/wp\/v2\/product\/15096"}],"collection":[{"href":"https:\/\/camping.webspace.rocks\/index.php?rest_route=\/wp\/v2\/product"}],"about":[{"href":"https:\/\/camping.webspace.rocks\/index.php?rest_route=\/wp\/v2\/types\/product"}],"replies":[{"embeddable":true,"href":"https:\/\/camping.webspace.rocks\/index.php?rest_route=%2Fwp%2Fv2%2Fcomments&post=15096"}],"version-history":[{"count":1,"href":"https:\/\/camping.webspace.rocks\/index.php?rest_route=\/wp\/v2\/product\/15096\/revisions"}],"predecessor-version":[{"id":18228,"href":"https:\/\/camping.webspace.rocks\/index.php?rest_route=\/wp\/v2\/product\/15096\/revisions\/18228"}],"wp:featuredmedia":[{"embeddable":true,"href":"https:\/\/camping.webspace.rocks\/index.php?rest_route=\/wp\/v2\/media\/15097"}],"wp:attachment":[{"href":"https:\/\/camping.webspace.rocks\/index.php?rest_route=%2Fwp%2Fv2%2Fmedia&parent=15096"}],"wp:term":[{"taxonomy":"product_cat","embeddable":true,"href":"https:\/\/camping.webspace.rocks\/index.php?rest_route=%2Fwp%2Fv2%2Fproduct_cat&post=15096"},{"taxonomy":"product_tag","embeddable":true,"href":"https:\/\/camping.webspace.rocks\/index.php?rest_route=%2Fwp%2Fv2%2Fproduct_tag&post=15096"}],"curies":[{"name":"wp","href":"https:\/\/api.w.org\/{rel}","templated":true}]}}