{"id":15181,"date":"2021-07-29T18:48:59","date_gmt":"2021-07-29T18:48:59","guid":{"rendered":"https:\/\/camping.webspace.rocks\/?product=mobicool-kuehltasche-icon"},"modified":"2023-04-10T11:43:26","modified_gmt":"2023-04-10T11:43:26","slug":"mobicool-kuehltasche-icon","status":"publish","type":"product","link":"https:\/\/camping.webspace.rocks\/?product=mobicool-kuehltasche-icon","title":{"rendered":"Mobicool K\u00fchltasche Icon"},"content":{"rendered":"<p>\n\t\t<style type=\"text\/css\">\n\t\t\t#gallery-1 {\n\t\t\t\tmargin: auto;\n\t\t\t}\n\t\t\t#gallery-1 .gallery-item {\n\t\t\t\tfloat: left;\n\t\t\t\tmargin-top: 10px;\n\t\t\t\ttext-align: center;\n\t\t\t\twidth: 33%;\n\t\t\t}\n\t\t\t#gallery-1 img {\n\t\t\t\tborder: 2px solid #cfcfcf;\n\t\t\t}\n\t\t\t#gallery-1 .gallery-caption {\n\t\t\t\tmargin-left: 0;\n\t\t\t}\n\t\t\t\/* see gallery_shortcode() in wp-includes\/media.php *\/\n\t\t<\/style>\n\t\t<div id='gallery-1' class='gallery galleryid-15181 gallery-columns-3 gallery-size-thumbnail'><dl class='gallery-item'>\n\t\t\t<dt class='gallery-icon landscape'>\n\t\t\t\t<a href='https:\/\/camping.webspace.rocks\/?attachment_id=15182'><img width=\"150\" height=\"150\" src=\"https:\/\/m.media-amazon.com\/images\/I\/41HcdPrZlZL._SS150_.jpg\" class=\"attachment-thumbnail size-thumbnail\" alt=\"\" loading=\"lazy\" srcset=\"https:\/\/m.media-amazon.com\/images\/I\/41HcdPrZlZL._SS150_.jpg 150w, https:\/\/m.media-amazon.com\/images\/I\/41HcdPrZlZL._SS300_.jpg 300w, https:\/\/m.media-amazon.com\/images\/I\/41HcdPrZlZL._SS768_.jpg 768w, https:\/\/m.media-amazon.com\/images\/I\/41HcdPrZlZL._SS1024_.jpg 1024w, https:\/\/m.media-amazon.com\/images\/I\/41HcdPrZlZL._SS1536_.jpg 1536w, https:\/\/m.media-amazon.com\/images\/I\/41HcdPrZlZL._SS2048_.jpg 2048w, https:\/\/m.media-amazon.com\/images\/I\/41HcdPrZlZL._SS1200_.jpg 1200w, https:\/\/m.media-amazon.com\/images\/I\/41HcdPrZlZL._SS600_.jpg 600w, https:\/\/m.media-amazon.com\/images\/I\/41HcdPrZlZL.jpg 500w\" sizes=\"(max-width: 150px) 100vw, 150px\" \/><\/a>\n\t\t\t<\/dt><\/dl><dl class='gallery-item'>\n\t\t\t<dt class='gallery-icon landscape'>\n\t\t\t\t<a href='https:\/\/camping.webspace.rocks\/?attachment_id=15183'><img width=\"150\" height=\"150\" src=\"https:\/\/m.media-amazon.com\/images\/I\/41FshHpUlgL._SS150_.jpg\" class=\"attachment-thumbnail size-thumbnail\" alt=\"\" loading=\"lazy\" srcset=\"https:\/\/m.media-amazon.com\/images\/I\/41FshHpUlgL._SS150_.jpg 150w, https:\/\/m.media-amazon.com\/images\/I\/41FshHpUlgL._SS300_.jpg 300w, https:\/\/m.media-amazon.com\/images\/I\/41FshHpUlgL._SS768_.jpg 768w, https:\/\/m.media-amazon.com\/images\/I\/41FshHpUlgL._SS1024_.jpg 1024w, https:\/\/m.media-amazon.com\/images\/I\/41FshHpUlgL._SS1536_.jpg 1536w, https:\/\/m.media-amazon.com\/images\/I\/41FshHpUlgL._SS2048_.jpg 2048w, https:\/\/m.media-amazon.com\/images\/I\/41FshHpUlgL._SS1200_.jpg 1200w, https:\/\/m.media-amazon.com\/images\/I\/41FshHpUlgL._SS600_.jpg 600w, https:\/\/m.media-amazon.com\/images\/I\/41FshHpUlgL.jpg 500w\" sizes=\"(max-width: 150px) 100vw, 150px\" \/><\/a>\n\t\t\t<\/dt><\/dl><dl class='gallery-item'>\n\t\t\t<dt class='gallery-icon landscape'>\n\t\t\t\t<a href='https:\/\/camping.webspace.rocks\/?attachment_id=15184'><img width=\"150\" height=\"150\" src=\"https:\/\/m.media-amazon.com\/images\/I\/31e02v7hGJL._SS150_.jpg\" class=\"attachment-thumbnail size-thumbnail\" alt=\"\" loading=\"lazy\" srcset=\"https:\/\/m.media-amazon.com\/images\/I\/31e02v7hGJL._SS150_.jpg 150w, https:\/\/m.media-amazon.com\/images\/I\/31e02v7hGJL._SS300_.jpg 300w, https:\/\/m.media-amazon.com\/images\/I\/31e02v7hGJL._SS768_.jpg 768w, https:\/\/m.media-amazon.com\/images\/I\/31e02v7hGJL._SS1024_.jpg 1024w, https:\/\/m.media-amazon.com\/images\/I\/31e02v7hGJL._SS1536_.jpg 1536w, https:\/\/m.media-amazon.com\/images\/I\/31e02v7hGJL._SS2048_.jpg 2048w, https:\/\/m.media-amazon.com\/images\/I\/31e02v7hGJL._SS1200_.jpg 1200w, https:\/\/m.media-amazon.com\/images\/I\/31e02v7hGJL._SS600_.jpg 600w, https:\/\/m.media-amazon.com\/images\/I\/31e02v7hGJL.jpg 500w\" sizes=\"(max-width: 150px) 100vw, 150px\" \/><\/a>\n\t\t\t<\/dt><\/dl><br style=\"clear: both\" \/>\n\t\t<\/div>\n<br \/>\n<!-- show up to 2 reviews by default --> <\/p>\n<p>\u25cf Ideal f\u00fcr den Transport von Lebensmitteln im B\u00fcro. Es verf\u00fcgt \u00fcber zwei Tragegriffe und einen verstellbaren Schultergurt sowie eine Innentasche mit Rei\u00dfverschluss. Hergestellt aus PU-Leder mit Nylonr\u00fcckseite, hochwertige Innenfolie aus PEVA. \u25cf Ma\u00dfe (L x B x H): 34 x 14 x 24 cm (Modell 10 Liter) \u25cf Ma\u00dfe (L x B x H): 38 x 14,5 x 28 cm (Modell 15 Liter). <\/p>\n<p>Elegante K\u00fchltasche aus satiniertem Kunstleder, Fassungsverm\u00f6gen 10 Liter<br \/>\nKunststoffau\u00dfenhaut mit aufgesetzem Band, doppeltes Futter aus technischem Gewebe<br \/>\nDoppelter Rei\u00dfverschlusszug und herausnehmbarer Polsterboden<br \/>\nZwei Tragegriffe und verstellbarer Tragegut<br \/>\nInnentasche mit Rei\u00dfverschluss<br \/>\n<div class=\"main-cross-sell\" data-asin=\"B00K74DKSI\">\n\n\t<div class=\"WooZone-cross-sell-loader\">\n\t\t<div>\n\t\t\t<div id=\"floatingBarsG\">\n\t\t\t\t<div class=\"blockG\" id=\"rotateG_01\"><\/div>\n\t\t\t\t<div class=\"blockG\" id=\"rotateG_02\"><\/div>\n\t\t\t\t<div class=\"blockG\" id=\"rotateG_03\"><\/div>\n\t\t\t\t<div class=\"blockG\" id=\"rotateG_04\"><\/div>\n\t\t\t\t<div class=\"blockG\" id=\"rotateG_05\"><\/div>\n\t\t\t\t<div class=\"blockG\" id=\"rotateG_06\"><\/div>\n\t\t\t\t<div class=\"blockG\" id=\"rotateG_07\"><\/div>\n\t\t\t\t<div class=\"blockG\" id=\"rotateG_08\"><\/div>\n\t\t\t<\/div>\n\t\t\t<div class=\"WooZone-cross-sell-loader-text\"><\/div>\n\t\t<\/div>\n\t<\/div>\n\n\t\t\n<\/div>\n<div style=\"clear:both;\"><\/div><\/p>\n","protected":false},"excerpt":{"rendered":"<p>Elegante K\u00fchltasche aus satiniertem Kunstleder, Fassungsverm\u00f6gen 10 Liter<br \/>\nKunststoffau\u00dfenhaut mit aufgesetzem Band, doppeltes Futter aus technischem Gewebe<br \/>\nDoppelter Rei\u00dfverschlusszug und herausnehmbarer Polsterboden<\/p>\n","protected":false},"featured_media":15182,"comment_status":"open","ping_status":"closed","template":"","meta":[],"product_cat":[4125],"product_tag":[],"_links":{"self":[{"href":"https:\/\/camping.webspace.rocks\/index.php?rest_route=\/wp\/v2\/product\/15181"}],"collection":[{"href":"https:\/\/camping.webspace.rocks\/index.php?rest_route=\/wp\/v2\/product"}],"about":[{"href":"https:\/\/camping.webspace.rocks\/index.php?rest_route=\/wp\/v2\/types\/product"}],"replies":[{"embeddable":true,"href":"https:\/\/camping.webspace.rocks\/index.php?rest_route=%2Fwp%2Fv2%2Fcomments&post=15181"}],"version-history":[{"count":1,"href":"https:\/\/camping.webspace.rocks\/index.php?rest_route=\/wp\/v2\/product\/15181\/revisions"}],"predecessor-version":[{"id":18250,"href":"https:\/\/camping.webspace.rocks\/index.php?rest_route=\/wp\/v2\/product\/15181\/revisions\/18250"}],"wp:featuredmedia":[{"embeddable":true,"href":"https:\/\/camping.webspace.rocks\/index.php?rest_route=\/wp\/v2\/media\/15182"}],"wp:attachment":[{"href":"https:\/\/camping.webspace.rocks\/index.php?rest_route=%2Fwp%2Fv2%2Fmedia&parent=15181"}],"wp:term":[{"taxonomy":"product_cat","embeddable":true,"href":"https:\/\/camping.webspace.rocks\/index.php?rest_route=%2Fwp%2Fv2%2Fproduct_cat&post=15181"},{"taxonomy":"product_tag","embeddable":true,"href":"https:\/\/camping.webspace.rocks\/index.php?rest_route=%2Fwp%2Fv2%2Fproduct_tag&post=15181"}],"curies":[{"name":"wp","href":"https:\/\/api.w.org\/{rel}","templated":true}]}}