{"id":15269,"date":"2021-07-29T18:49:51","date_gmt":"2021-07-29T18:49:51","guid":{"rendered":"https:\/\/camping.webspace.rocks\/?product=mobicool-mdb50-einhand-isolierflasche-aus-edelstahl-05-l"},"modified":"2023-04-10T11:43:28","modified_gmt":"2023-04-10T11:43:28","slug":"mobicool-mdb50-einhand-isolierflasche-aus-edelstahl-05-l","status":"publish","type":"product","link":"https:\/\/camping.webspace.rocks\/?product=mobicool-mdb50-einhand-isolierflasche-aus-edelstahl-05-l","title":{"rendered":"Mobicool MDB50 Einhand-Isolierflasche Aus Edelstahl 0,5 L"},"content":{"rendered":"<p>\n\t\t<style type=\"text\/css\">\n\t\t\t#gallery-1 {\n\t\t\t\tmargin: auto;\n\t\t\t}\n\t\t\t#gallery-1 .gallery-item {\n\t\t\t\tfloat: left;\n\t\t\t\tmargin-top: 10px;\n\t\t\t\ttext-align: center;\n\t\t\t\twidth: 33%;\n\t\t\t}\n\t\t\t#gallery-1 img {\n\t\t\t\tborder: 2px solid #cfcfcf;\n\t\t\t}\n\t\t\t#gallery-1 .gallery-caption {\n\t\t\t\tmargin-left: 0;\n\t\t\t}\n\t\t\t\/* see gallery_shortcode() in wp-includes\/media.php *\/\n\t\t<\/style>\n\t\t<div id='gallery-1' class='gallery galleryid-15269 gallery-columns-3 gallery-size-thumbnail'><dl class='gallery-item'>\n\t\t\t<dt class='gallery-icon landscape'>\n\t\t\t\t<a href='https:\/\/camping.webspace.rocks\/?attachment_id=15270'><img width=\"150\" height=\"150\" src=\"https:\/\/m.media-amazon.com\/images\/I\/31T-QsZkoVL._SS150_.jpg\" class=\"attachment-thumbnail size-thumbnail\" alt=\"\" loading=\"lazy\" srcset=\"https:\/\/m.media-amazon.com\/images\/I\/31T-QsZkoVL._SS150_.jpg 150w, https:\/\/m.media-amazon.com\/images\/I\/31T-QsZkoVL._SS300_.jpg 300w, https:\/\/m.media-amazon.com\/images\/I\/31T-QsZkoVL._SS768_.jpg 768w, https:\/\/m.media-amazon.com\/images\/I\/31T-QsZkoVL._SS1024_.jpg 1024w, https:\/\/m.media-amazon.com\/images\/I\/31T-QsZkoVL._SS1536_.jpg 1536w, https:\/\/m.media-amazon.com\/images\/I\/31T-QsZkoVL._SS2048_.jpg 2048w, https:\/\/m.media-amazon.com\/images\/I\/31T-QsZkoVL._SS1200_.jpg 1200w, https:\/\/m.media-amazon.com\/images\/I\/31T-QsZkoVL._SS600_.jpg 600w, https:\/\/m.media-amazon.com\/images\/I\/31T-QsZkoVL.jpg 500w\" sizes=\"(max-width: 150px) 100vw, 150px\" \/><\/a>\n\t\t\t<\/dt><\/dl><dl class='gallery-item'>\n\t\t\t<dt class='gallery-icon landscape'>\n\t\t\t\t<a href='https:\/\/camping.webspace.rocks\/?attachment_id=15271'><img width=\"150\" height=\"150\" src=\"https:\/\/m.media-amazon.com\/images\/I\/419YRBhXoiL._SS150_.jpg\" class=\"attachment-thumbnail size-thumbnail\" alt=\"\" loading=\"lazy\" srcset=\"https:\/\/m.media-amazon.com\/images\/I\/419YRBhXoiL._SS150_.jpg 150w, https:\/\/m.media-amazon.com\/images\/I\/419YRBhXoiL._SS300_.jpg 300w, https:\/\/m.media-amazon.com\/images\/I\/419YRBhXoiL._SS768_.jpg 768w, https:\/\/m.media-amazon.com\/images\/I\/419YRBhXoiL._SS1024_.jpg 1024w, https:\/\/m.media-amazon.com\/images\/I\/419YRBhXoiL._SS1536_.jpg 1536w, https:\/\/m.media-amazon.com\/images\/I\/419YRBhXoiL._SS2048_.jpg 2048w, https:\/\/m.media-amazon.com\/images\/I\/419YRBhXoiL._SS1200_.jpg 1200w, https:\/\/m.media-amazon.com\/images\/I\/419YRBhXoiL._SS600_.jpg 600w, https:\/\/m.media-amazon.com\/images\/I\/419YRBhXoiL.jpg 500w\" sizes=\"(max-width: 150px) 100vw, 150px\" \/><\/a>\n\t\t\t<\/dt><\/dl><dl class='gallery-item'>\n\t\t\t<dt class='gallery-icon landscape'>\n\t\t\t\t<a href='https:\/\/camping.webspace.rocks\/?attachment_id=15272'><img width=\"150\" height=\"150\" src=\"https:\/\/m.media-amazon.com\/images\/I\/51gj67eDwVL._SS150_.jpg\" class=\"attachment-thumbnail size-thumbnail\" alt=\"\" loading=\"lazy\" srcset=\"https:\/\/m.media-amazon.com\/images\/I\/51gj67eDwVL._SS150_.jpg 150w, https:\/\/m.media-amazon.com\/images\/I\/51gj67eDwVL._SS300_.jpg 300w, https:\/\/m.media-amazon.com\/images\/I\/51gj67eDwVL._SS768_.jpg 768w, https:\/\/m.media-amazon.com\/images\/I\/51gj67eDwVL._SS1024_.jpg 1024w, https:\/\/m.media-amazon.com\/images\/I\/51gj67eDwVL._SS1536_.jpg 1536w, https:\/\/m.media-amazon.com\/images\/I\/51gj67eDwVL._SS2048_.jpg 2048w, https:\/\/m.media-amazon.com\/images\/I\/51gj67eDwVL._SS1200_.jpg 1200w, https:\/\/m.media-amazon.com\/images\/I\/51gj67eDwVL._SS600_.jpg 600w, https:\/\/m.media-amazon.com\/images\/I\/51gj67eDwVL.jpg 500w\" sizes=\"(max-width: 150px) 100vw, 150px\" \/><\/a>\n\t\t\t<\/dt><\/dl><br style=\"clear: both\" \/>\n\t\t<\/div>\n<br \/>\n<!-- show up to 2 reviews by default --> <\/p>\n<p>Mit dieser praktischen 0, 5-l-Thermosflasche bleiben kohlens\u00e4urehaltige Getr\u00e4nke spritzig. Sie ist absolut \u201esprudelsicher\u201c: kein Entweichen der Kohlens\u00e4ure und kein \u00dcberlaufen beim \u00d6ffnen. Zudem passt sie perfekt in die meisten Getr\u00e4nkehalter bei Autos und Fahrr\u00e4dern. <\/p>\n<p>Speziell f\u00fcr kohlens\u00e4urehaltige Getr\u00e4nke, kein Entweichen der Kohlens\u00e4ure und kein Sch\u00e4umen beim \u00d6ffnen des Verschlusses<br \/>\nAuslaufsicherer Verschluss f\u00fcr sichere Bedienung mit einer Hand<br \/>\ne Alternative zur Einwegflaschen f\u00fcr Softdrinks<br \/>\nPasst in die meisten Getr\u00e4nkehalter von Autos und Fahrr\u00e4dern sowie in kleine Taschen<br \/>\nDoppelwandiger, beschichteter Edelstahlkorpus bietet Hochvakuumisolierung f\u00fcr maximale Temperaturspeicherung, hei\u00dfe Getr\u00e4nke bleiben hei\u00df, kalte Getr\u00e4nke bleiben \u00fcber viele Stunden kalt<br \/>\n<div class=\"main-cross-sell\" data-asin=\"B086W4Y8KF\">\n\n\t<div class=\"WooZone-cross-sell-loader\">\n\t\t<div>\n\t\t\t<div id=\"floatingBarsG\">\n\t\t\t\t<div class=\"blockG\" id=\"rotateG_01\"><\/div>\n\t\t\t\t<div class=\"blockG\" id=\"rotateG_02\"><\/div>\n\t\t\t\t<div class=\"blockG\" id=\"rotateG_03\"><\/div>\n\t\t\t\t<div class=\"blockG\" id=\"rotateG_04\"><\/div>\n\t\t\t\t<div class=\"blockG\" id=\"rotateG_05\"><\/div>\n\t\t\t\t<div class=\"blockG\" id=\"rotateG_06\"><\/div>\n\t\t\t\t<div class=\"blockG\" id=\"rotateG_07\"><\/div>\n\t\t\t\t<div class=\"blockG\" id=\"rotateG_08\"><\/div>\n\t\t\t<\/div>\n\t\t\t<div class=\"WooZone-cross-sell-loader-text\"><\/div>\n\t\t<\/div>\n\t<\/div>\n\n\t\t\n<\/div>\n<div style=\"clear:both;\"><\/div><\/p>\n","protected":false},"excerpt":{"rendered":"<p>Speziell f\u00fcr kohlens\u00e4urehaltige Getr\u00e4nke, kein Entweichen der Kohlens\u00e4ure und kein Sch\u00e4umen beim \u00d6ffnen des Verschlusses<br \/>\nAuslaufsicherer Verschluss f\u00fcr sichere Bedienung mit einer Hand<br \/>\ne Alternative zur Einwegflaschen f\u00fcr Softdrinks<\/p>\n","protected":false},"featured_media":15270,"comment_status":"open","ping_status":"closed","template":"","meta":[],"product_cat":[4125],"product_tag":[],"_links":{"self":[{"href":"https:\/\/camping.webspace.rocks\/index.php?rest_route=\/wp\/v2\/product\/15269"}],"collection":[{"href":"https:\/\/camping.webspace.rocks\/index.php?rest_route=\/wp\/v2\/product"}],"about":[{"href":"https:\/\/camping.webspace.rocks\/index.php?rest_route=\/wp\/v2\/types\/product"}],"replies":[{"embeddable":true,"href":"https:\/\/camping.webspace.rocks\/index.php?rest_route=%2Fwp%2Fv2%2Fcomments&post=15269"}],"version-history":[{"count":1,"href":"https:\/\/camping.webspace.rocks\/index.php?rest_route=\/wp\/v2\/product\/15269\/revisions"}],"predecessor-version":[{"id":18275,"href":"https:\/\/camping.webspace.rocks\/index.php?rest_route=\/wp\/v2\/product\/15269\/revisions\/18275"}],"wp:featuredmedia":[{"embeddable":true,"href":"https:\/\/camping.webspace.rocks\/index.php?rest_route=\/wp\/v2\/media\/15270"}],"wp:attachment":[{"href":"https:\/\/camping.webspace.rocks\/index.php?rest_route=%2Fwp%2Fv2%2Fmedia&parent=15269"}],"wp:term":[{"taxonomy":"product_cat","embeddable":true,"href":"https:\/\/camping.webspace.rocks\/index.php?rest_route=%2Fwp%2Fv2%2Fproduct_cat&post=15269"},{"taxonomy":"product_tag","embeddable":true,"href":"https:\/\/camping.webspace.rocks\/index.php?rest_route=%2Fwp%2Fv2%2Fproduct_tag&post=15269"}],"curies":[{"name":"wp","href":"https:\/\/api.w.org\/{rel}","templated":true}]}}