{"id":15277,"date":"2021-07-29T18:49:56","date_gmt":"2021-07-29T18:49:56","guid":{"rendered":"https:\/\/camping.webspace.rocks\/?product=mobicool-mdm100-isolierflasche-aus-edelstahl-1-l-mit-becher"},"modified":"2023-04-10T11:43:28","modified_gmt":"2023-04-10T11:43:28","slug":"mobicool-mdm100-isolierflasche-aus-edelstahl-1-l-mit-becher","status":"publish","type":"product","link":"https:\/\/camping.webspace.rocks\/?product=mobicool-mdm100-isolierflasche-aus-edelstahl-1-l-mit-becher","title":{"rendered":"Mobicool Mdm100 Isolierflasche Aus Edelstahl, 1 L, Mit Becher"},"content":{"rendered":"<p>\n\t\t<style type=\"text\/css\">\n\t\t\t#gallery-1 {\n\t\t\t\tmargin: auto;\n\t\t\t}\n\t\t\t#gallery-1 .gallery-item {\n\t\t\t\tfloat: left;\n\t\t\t\tmargin-top: 10px;\n\t\t\t\ttext-align: center;\n\t\t\t\twidth: 33%;\n\t\t\t}\n\t\t\t#gallery-1 img {\n\t\t\t\tborder: 2px solid #cfcfcf;\n\t\t\t}\n\t\t\t#gallery-1 .gallery-caption {\n\t\t\t\tmargin-left: 0;\n\t\t\t}\n\t\t\t\/* see gallery_shortcode() in wp-includes\/media.php *\/\n\t\t<\/style>\n\t\t<div id='gallery-1' class='gallery galleryid-15277 gallery-columns-3 gallery-size-thumbnail'><dl class='gallery-item'>\n\t\t\t<dt class='gallery-icon landscape'>\n\t\t\t\t<a href='https:\/\/camping.webspace.rocks\/?attachment_id=15278'><img width=\"150\" height=\"150\" src=\"https:\/\/m.media-amazon.com\/images\/I\/31oEjE2k+uL._SS150_.jpg\" class=\"attachment-thumbnail size-thumbnail\" alt=\"\" loading=\"lazy\" srcset=\"https:\/\/m.media-amazon.com\/images\/I\/31oEjE2k+uL._SS150_.jpg 150w, https:\/\/m.media-amazon.com\/images\/I\/31oEjE2k+uL._SS300_.jpg 300w, https:\/\/m.media-amazon.com\/images\/I\/31oEjE2k+uL._SS768_.jpg 768w, https:\/\/m.media-amazon.com\/images\/I\/31oEjE2k+uL._SS1024_.jpg 1024w, https:\/\/m.media-amazon.com\/images\/I\/31oEjE2k+uL._SS1536_.jpg 1536w, https:\/\/m.media-amazon.com\/images\/I\/31oEjE2k+uL._SS2048_.jpg 2048w, https:\/\/m.media-amazon.com\/images\/I\/31oEjE2k+uL._SS1200_.jpg 1200w, https:\/\/m.media-amazon.com\/images\/I\/31oEjE2k+uL._SS600_.jpg 600w, https:\/\/m.media-amazon.com\/images\/I\/31oEjE2k+uL.jpg 500w\" sizes=\"(max-width: 150px) 100vw, 150px\" \/><\/a>\n\t\t\t<\/dt><\/dl><dl class='gallery-item'>\n\t\t\t<dt class='gallery-icon landscape'>\n\t\t\t\t<a href='https:\/\/camping.webspace.rocks\/?attachment_id=15279'><img width=\"150\" height=\"150\" src=\"https:\/\/m.media-amazon.com\/images\/I\/512YFRN-MgL._SS150_.jpg\" class=\"attachment-thumbnail size-thumbnail\" alt=\"\" loading=\"lazy\" srcset=\"https:\/\/m.media-amazon.com\/images\/I\/512YFRN-MgL._SS150_.jpg 150w, https:\/\/m.media-amazon.com\/images\/I\/512YFRN-MgL._SS300_.jpg 300w, https:\/\/m.media-amazon.com\/images\/I\/512YFRN-MgL._SS768_.jpg 768w, https:\/\/m.media-amazon.com\/images\/I\/512YFRN-MgL._SS1024_.jpg 1024w, https:\/\/m.media-amazon.com\/images\/I\/512YFRN-MgL._SS1536_.jpg 1536w, https:\/\/m.media-amazon.com\/images\/I\/512YFRN-MgL._SS2048_.jpg 2048w, https:\/\/m.media-amazon.com\/images\/I\/512YFRN-MgL._SS1200_.jpg 1200w, https:\/\/m.media-amazon.com\/images\/I\/512YFRN-MgL._SS600_.jpg 600w, https:\/\/m.media-amazon.com\/images\/I\/512YFRN-MgL.jpg 500w\" sizes=\"(max-width: 150px) 100vw, 150px\" \/><\/a>\n\t\t\t<\/dt><\/dl><dl class='gallery-item'>\n\t\t\t<dt class='gallery-icon landscape'>\n\t\t\t\t<a href='https:\/\/camping.webspace.rocks\/?attachment_id=15280'><img width=\"150\" height=\"150\" src=\"https:\/\/m.media-amazon.com\/images\/I\/51fDOu09vJL._SS150_.jpg\" class=\"attachment-thumbnail size-thumbnail\" alt=\"\" loading=\"lazy\" srcset=\"https:\/\/m.media-amazon.com\/images\/I\/51fDOu09vJL._SS150_.jpg 150w, https:\/\/m.media-amazon.com\/images\/I\/51fDOu09vJL._SS300_.jpg 300w, https:\/\/m.media-amazon.com\/images\/I\/51fDOu09vJL._SS768_.jpg 768w, https:\/\/m.media-amazon.com\/images\/I\/51fDOu09vJL._SS1024_.jpg 1024w, https:\/\/m.media-amazon.com\/images\/I\/51fDOu09vJL._SS1536_.jpg 1536w, https:\/\/m.media-amazon.com\/images\/I\/51fDOu09vJL._SS2048_.jpg 2048w, https:\/\/m.media-amazon.com\/images\/I\/51fDOu09vJL._SS1200_.jpg 1200w, https:\/\/m.media-amazon.com\/images\/I\/51fDOu09vJL._SS600_.jpg 600w, https:\/\/m.media-amazon.com\/images\/I\/51fDOu09vJL.jpg 500w\" sizes=\"(max-width: 150px) 100vw, 150px\" \/><\/a>\n\t\t\t<\/dt><\/dl><br style=\"clear: both\" \/>\n\t\t<\/div>\n<br \/>\n<!-- show up to 2 reviews by default --> <\/p>\n<p>Diese praktische 1-l-Thermoskanne besteht aus 18\/8 Edelstahl. F\u00fcr hei\u00dfe und kalte Getr\u00e4nke geeignet, sorgt die doppelwandige Isolierung f\u00fcr eine perfekte Temperatur \u00fcber mehrere Stunden. <\/p>\n<p>Abnehmbarer Verschluss mit automatischem Auslaufschutz f\u00fcr tropffreies Ausgie\u00dfen<br \/>\nAufgeschraubte Kappe dient als Trinkbecher<br \/>\nDoppelwandiger Edelstahlkorpus mit Beschichtung, hochvakuumisolierung f\u00fcr maximale Temperaturspeicherung<br \/>\nPerfekte Hygiene: alle Komponenten k\u00f6nnen zum Reinigen abgenommen werden.<br \/>\ne Alternative zu Einwegflaschen aus Kunststoff<br \/>\n<div class=\"main-cross-sell\" data-asin=\"B086W4QPSZ\">\n\n\t<div class=\"WooZone-cross-sell-loader\">\n\t\t<div>\n\t\t\t<div id=\"floatingBarsG\">\n\t\t\t\t<div class=\"blockG\" id=\"rotateG_01\"><\/div>\n\t\t\t\t<div class=\"blockG\" id=\"rotateG_02\"><\/div>\n\t\t\t\t<div class=\"blockG\" id=\"rotateG_03\"><\/div>\n\t\t\t\t<div class=\"blockG\" id=\"rotateG_04\"><\/div>\n\t\t\t\t<div class=\"blockG\" id=\"rotateG_05\"><\/div>\n\t\t\t\t<div class=\"blockG\" id=\"rotateG_06\"><\/div>\n\t\t\t\t<div class=\"blockG\" id=\"rotateG_07\"><\/div>\n\t\t\t\t<div class=\"blockG\" id=\"rotateG_08\"><\/div>\n\t\t\t<\/div>\n\t\t\t<div class=\"WooZone-cross-sell-loader-text\"><\/div>\n\t\t<\/div>\n\t<\/div>\n\n\t\t\n<\/div>\n<div style=\"clear:both;\"><\/div><\/p>\n","protected":false},"excerpt":{"rendered":"<p>Abnehmbarer Verschluss mit automatischem Auslaufschutz f\u00fcr tropffreies Ausgie\u00dfen<br \/>\nAufgeschraubte Kappe dient als Trinkbecher<br \/>\nDoppelwandiger Edelstahlkorpus mit Beschichtung, hochvakuumisolierung f\u00fcr maximale Temperaturspeicherung<\/p>\n","protected":false},"featured_media":15278,"comment_status":"open","ping_status":"closed","template":"","meta":[],"product_cat":[4125],"product_tag":[],"_links":{"self":[{"href":"https:\/\/camping.webspace.rocks\/index.php?rest_route=\/wp\/v2\/product\/15277"}],"collection":[{"href":"https:\/\/camping.webspace.rocks\/index.php?rest_route=\/wp\/v2\/product"}],"about":[{"href":"https:\/\/camping.webspace.rocks\/index.php?rest_route=\/wp\/v2\/types\/product"}],"replies":[{"embeddable":true,"href":"https:\/\/camping.webspace.rocks\/index.php?rest_route=%2Fwp%2Fv2%2Fcomments&post=15277"}],"version-history":[{"count":1,"href":"https:\/\/camping.webspace.rocks\/index.php?rest_route=\/wp\/v2\/product\/15277\/revisions"}],"predecessor-version":[{"id":18278,"href":"https:\/\/camping.webspace.rocks\/index.php?rest_route=\/wp\/v2\/product\/15277\/revisions\/18278"}],"wp:featuredmedia":[{"embeddable":true,"href":"https:\/\/camping.webspace.rocks\/index.php?rest_route=\/wp\/v2\/media\/15278"}],"wp:attachment":[{"href":"https:\/\/camping.webspace.rocks\/index.php?rest_route=%2Fwp%2Fv2%2Fmedia&parent=15277"}],"wp:term":[{"taxonomy":"product_cat","embeddable":true,"href":"https:\/\/camping.webspace.rocks\/index.php?rest_route=%2Fwp%2Fv2%2Fproduct_cat&post=15277"},{"taxonomy":"product_tag","embeddable":true,"href":"https:\/\/camping.webspace.rocks\/index.php?rest_route=%2Fwp%2Fv2%2Fproduct_tag&post=15277"}],"curies":[{"name":"wp","href":"https:\/\/api.w.org\/{rel}","templated":true}]}}