{"id":15349,"date":"2021-07-29T19:01:01","date_gmt":"2021-07-29T19:01:01","guid":{"rendered":"https:\/\/camping.webspace.rocks\/?product=coolfreeze-cf-cf-26-tragbare-kuehlbox-kompression"},"modified":"2023-04-10T11:43:30","modified_gmt":"2023-04-10T11:43:30","slug":"coolfreeze-cf-cf-26-tragbare-kuehlbox-kompression","status":"publish","type":"product","link":"https:\/\/camping.webspace.rocks\/?product=coolfreeze-cf-cf-26-tragbare-kuehlbox-kompression","title":{"rendered":"CoolFreeze CF CF-26 Tragbare K\u00fchlbox, Kompression"},"content":{"rendered":"<p>\n\t\t<style type=\"text\/css\">\n\t\t\t#gallery-1 {\n\t\t\t\tmargin: auto;\n\t\t\t}\n\t\t\t#gallery-1 .gallery-item {\n\t\t\t\tfloat: left;\n\t\t\t\tmargin-top: 10px;\n\t\t\t\ttext-align: center;\n\t\t\t\twidth: 33%;\n\t\t\t}\n\t\t\t#gallery-1 img {\n\t\t\t\tborder: 2px solid #cfcfcf;\n\t\t\t}\n\t\t\t#gallery-1 .gallery-caption {\n\t\t\t\tmargin-left: 0;\n\t\t\t}\n\t\t\t\/* see gallery_shortcode() in wp-includes\/media.php *\/\n\t\t<\/style>\n\t\t<div id='gallery-1' class='gallery galleryid-15349 gallery-columns-3 gallery-size-thumbnail'><dl class='gallery-item'>\n\t\t\t<dt class='gallery-icon landscape'>\n\t\t\t\t<a href='https:\/\/camping.webspace.rocks\/?attachment_id=15350'><img width=\"150\" height=\"150\" src=\"https:\/\/m.media-amazon.com\/images\/I\/41hWY1LM78L._SS150_.jpg\" class=\"attachment-thumbnail size-thumbnail\" alt=\"\" loading=\"lazy\" srcset=\"https:\/\/m.media-amazon.com\/images\/I\/41hWY1LM78L._SS150_.jpg 150w, https:\/\/m.media-amazon.com\/images\/I\/41hWY1LM78L._SS300_.jpg 300w, https:\/\/m.media-amazon.com\/images\/I\/41hWY1LM78L._SS768_.jpg 768w, https:\/\/m.media-amazon.com\/images\/I\/41hWY1LM78L._SS1024_.jpg 1024w, https:\/\/m.media-amazon.com\/images\/I\/41hWY1LM78L._SS1536_.jpg 1536w, https:\/\/m.media-amazon.com\/images\/I\/41hWY1LM78L._SS2048_.jpg 2048w, https:\/\/m.media-amazon.com\/images\/I\/41hWY1LM78L._SS1200_.jpg 1200w, https:\/\/m.media-amazon.com\/images\/I\/41hWY1LM78L._SS600_.jpg 600w, https:\/\/m.media-amazon.com\/images\/I\/41hWY1LM78L.jpg 500w\" sizes=\"(max-width: 150px) 100vw, 150px\" \/><\/a>\n\t\t\t<\/dt><\/dl><dl class='gallery-item'>\n\t\t\t<dt class='gallery-icon landscape'>\n\t\t\t\t<a href='https:\/\/camping.webspace.rocks\/?attachment_id=15351'><img width=\"150\" height=\"150\" src=\"https:\/\/m.media-amazon.com\/images\/I\/4162FzflTfL._SS150_.jpg\" class=\"attachment-thumbnail size-thumbnail\" alt=\"\" loading=\"lazy\" srcset=\"https:\/\/m.media-amazon.com\/images\/I\/4162FzflTfL._SS150_.jpg 150w, https:\/\/m.media-amazon.com\/images\/I\/4162FzflTfL._SS300_.jpg 300w, https:\/\/m.media-amazon.com\/images\/I\/4162FzflTfL._SS768_.jpg 768w, https:\/\/m.media-amazon.com\/images\/I\/4162FzflTfL._SS1024_.jpg 1024w, https:\/\/m.media-amazon.com\/images\/I\/4162FzflTfL._SS1536_.jpg 1536w, https:\/\/m.media-amazon.com\/images\/I\/4162FzflTfL._SS2048_.jpg 2048w, https:\/\/m.media-amazon.com\/images\/I\/4162FzflTfL._SS1200_.jpg 1200w, https:\/\/m.media-amazon.com\/images\/I\/4162FzflTfL._SS600_.jpg 600w, https:\/\/m.media-amazon.com\/images\/I\/4162FzflTfL.jpg 500w\" sizes=\"(max-width: 150px) 100vw, 150px\" \/><\/a>\n\t\t\t<\/dt><\/dl><dl class='gallery-item'>\n\t\t\t<dt class='gallery-icon landscape'>\n\t\t\t\t<a href='https:\/\/camping.webspace.rocks\/?attachment_id=15352'><img width=\"150\" height=\"150\" src=\"https:\/\/m.media-amazon.com\/images\/I\/41NAZanvR6L._SS150_.jpg\" class=\"attachment-thumbnail size-thumbnail\" alt=\"\" loading=\"lazy\" srcset=\"https:\/\/m.media-amazon.com\/images\/I\/41NAZanvR6L._SS150_.jpg 150w, https:\/\/m.media-amazon.com\/images\/I\/41NAZanvR6L._SS300_.jpg 300w, https:\/\/m.media-amazon.com\/images\/I\/41NAZanvR6L._SS768_.jpg 768w, https:\/\/m.media-amazon.com\/images\/I\/41NAZanvR6L._SS1024_.jpg 1024w, https:\/\/m.media-amazon.com\/images\/I\/41NAZanvR6L._SS1536_.jpg 1536w, https:\/\/m.media-amazon.com\/images\/I\/41NAZanvR6L._SS2048_.jpg 2048w, https:\/\/m.media-amazon.com\/images\/I\/41NAZanvR6L._SS1200_.jpg 1200w, https:\/\/m.media-amazon.com\/images\/I\/41NAZanvR6L._SS600_.jpg 600w, https:\/\/m.media-amazon.com\/images\/I\/41NAZanvR6L.jpg 500w\" sizes=\"(max-width: 150px) 100vw, 150px\" \/><\/a>\n\t\t\t<\/dt><\/dl><br style=\"clear: both\" \/>\n\t\t<\/div>\n<br \/>\n<!-- show up to 2 reviews by default --> <\/p>\n<p>Kompakt, leicht und sehr schlank, \u00fcberall einsetzbar. Funktion f\u00fcr K\u00fchlen und Gefrieren. Elektronisches Thermostat mit digitaler Anzeige der Temperatur. Innenbeleuchtung mit LEDs. Akku\u00fcberwachung mit 3 Ebenen. Einstellung der Innentemperatur von +10 \u00b0C bis -18 \u00b0C. Spannung: 12\/24\/220 V. Kapazit\u00e4t: 21,5 l (Gefrierfach 4 l). Verbrauch: Mittel: 35 W. Ma\u00dfe (L x H x T): 550 x 425 x 260 mm. Gewicht: 10,5 kg. <\/p>\n<div class=\"main-cross-sell\" data-asin=\"B07255D8S2\">\n\n\t<div class=\"WooZone-cross-sell-loader\">\n\t\t<div>\n\t\t\t<div id=\"floatingBarsG\">\n\t\t\t\t<div class=\"blockG\" id=\"rotateG_01\"><\/div>\n\t\t\t\t<div class=\"blockG\" id=\"rotateG_02\"><\/div>\n\t\t\t\t<div class=\"blockG\" id=\"rotateG_03\"><\/div>\n\t\t\t\t<div class=\"blockG\" id=\"rotateG_04\"><\/div>\n\t\t\t\t<div class=\"blockG\" id=\"rotateG_05\"><\/div>\n\t\t\t\t<div class=\"blockG\" id=\"rotateG_06\"><\/div>\n\t\t\t\t<div class=\"blockG\" id=\"rotateG_07\"><\/div>\n\t\t\t\t<div class=\"blockG\" id=\"rotateG_08\"><\/div>\n\t\t\t<\/div>\n\t\t\t<div class=\"WooZone-cross-sell-loader-text\"><\/div>\n\t\t<\/div>\n\t<\/div>\n\n\t\t\n<\/div>\n<div style=\"clear:both;\"><\/div>\n","protected":false},"excerpt":{"rendered":"<p>Kompakt, leicht und sehr schlank, \u00fcberall einsetzbar. Funktion f\u00fcr K\u00fchlen und Gefrieren. Elektronisches Thermostat mit digitaler Anzeige der Temperatur. Innenbeleuchtung<\/p>\n","protected":false},"featured_media":15350,"comment_status":"open","ping_status":"closed","template":"","meta":[],"product_cat":[4125],"product_tag":[],"_links":{"self":[{"href":"https:\/\/camping.webspace.rocks\/index.php?rest_route=\/wp\/v2\/product\/15349"}],"collection":[{"href":"https:\/\/camping.webspace.rocks\/index.php?rest_route=\/wp\/v2\/product"}],"about":[{"href":"https:\/\/camping.webspace.rocks\/index.php?rest_route=\/wp\/v2\/types\/product"}],"replies":[{"embeddable":true,"href":"https:\/\/camping.webspace.rocks\/index.php?rest_route=%2Fwp%2Fv2%2Fcomments&post=15349"}],"version-history":[{"count":1,"href":"https:\/\/camping.webspace.rocks\/index.php?rest_route=\/wp\/v2\/product\/15349\/revisions"}],"predecessor-version":[{"id":18298,"href":"https:\/\/camping.webspace.rocks\/index.php?rest_route=\/wp\/v2\/product\/15349\/revisions\/18298"}],"wp:featuredmedia":[{"embeddable":true,"href":"https:\/\/camping.webspace.rocks\/index.php?rest_route=\/wp\/v2\/media\/15350"}],"wp:attachment":[{"href":"https:\/\/camping.webspace.rocks\/index.php?rest_route=%2Fwp%2Fv2%2Fmedia&parent=15349"}],"wp:term":[{"taxonomy":"product_cat","embeddable":true,"href":"https:\/\/camping.webspace.rocks\/index.php?rest_route=%2Fwp%2Fv2%2Fproduct_cat&post=15349"},{"taxonomy":"product_tag","embeddable":true,"href":"https:\/\/camping.webspace.rocks\/index.php?rest_route=%2Fwp%2Fv2%2Fproduct_tag&post=15349"}],"curies":[{"name":"wp","href":"https:\/\/api.w.org\/{rel}","templated":true}]}}