{"id":15371,"date":"2021-07-29T19:01:11","date_gmt":"2021-07-29T19:01:11","guid":{"rendered":"https:\/\/camping.webspace.rocks\/?product=dometic-coolfreeze-cfx28-kompressor-kuehler-2017"},"modified":"2023-04-10T11:43:31","modified_gmt":"2023-04-10T11:43:31","slug":"dometic-coolfreeze-cfx28-kompressor-kuehler-2017","status":"publish","type":"product","link":"https:\/\/camping.webspace.rocks\/?product=dometic-coolfreeze-cfx28-kompressor-kuehler-2017","title":{"rendered":"DOMETIC CFX 28, Kompressor-K\u00fchlbox elektrisch, 26 Liter, mit USB-Anschluss, 12\/24 V und 230 V, UK-Version"},"content":{"rendered":"<p>\n\t\t<style type=\"text\/css\">\n\t\t\t#gallery-1 {\n\t\t\t\tmargin: auto;\n\t\t\t}\n\t\t\t#gallery-1 .gallery-item {\n\t\t\t\tfloat: left;\n\t\t\t\tmargin-top: 10px;\n\t\t\t\ttext-align: center;\n\t\t\t\twidth: 33%;\n\t\t\t}\n\t\t\t#gallery-1 img {\n\t\t\t\tborder: 2px solid #cfcfcf;\n\t\t\t}\n\t\t\t#gallery-1 .gallery-caption {\n\t\t\t\tmargin-left: 0;\n\t\t\t}\n\t\t\t\/* see gallery_shortcode() in wp-includes\/media.php *\/\n\t\t<\/style>\n\t\t<div id='gallery-1' class='gallery galleryid-15371 gallery-columns-3 gallery-size-thumbnail'><dl class='gallery-item'>\n\t\t\t<dt class='gallery-icon landscape'>\n\t\t\t\t<a href='https:\/\/camping.webspace.rocks\/?attachment_id=15372'><img width=\"150\" height=\"150\" src=\"https:\/\/m.media-amazon.com\/images\/I\/415LbiWoLFS._SS150_.jpg\" class=\"attachment-thumbnail size-thumbnail\" alt=\"\" loading=\"lazy\" srcset=\"https:\/\/m.media-amazon.com\/images\/I\/415LbiWoLFS._SS150_.jpg 150w, https:\/\/m.media-amazon.com\/images\/I\/415LbiWoLFS._SS300_.jpg 300w, https:\/\/m.media-amazon.com\/images\/I\/415LbiWoLFS._SS768_.jpg 768w, https:\/\/m.media-amazon.com\/images\/I\/415LbiWoLFS._SS1024_.jpg 1024w, https:\/\/m.media-amazon.com\/images\/I\/415LbiWoLFS._SS1536_.jpg 1536w, https:\/\/m.media-amazon.com\/images\/I\/415LbiWoLFS._SS2048_.jpg 2048w, https:\/\/m.media-amazon.com\/images\/I\/415LbiWoLFS._SS1200_.jpg 1200w, https:\/\/m.media-amazon.com\/images\/I\/415LbiWoLFS._SS600_.jpg 600w, https:\/\/m.media-amazon.com\/images\/I\/415LbiWoLFS.jpg 500w\" sizes=\"(max-width: 150px) 100vw, 150px\" \/><\/a>\n\t\t\t<\/dt><\/dl><dl class='gallery-item'>\n\t\t\t<dt class='gallery-icon landscape'>\n\t\t\t\t<a href='https:\/\/camping.webspace.rocks\/?attachment_id=15373'><img width=\"150\" height=\"150\" src=\"https:\/\/m.media-amazon.com\/images\/I\/41jd++ShWJL._SS150_.jpg\" class=\"attachment-thumbnail size-thumbnail\" alt=\"\" loading=\"lazy\" srcset=\"https:\/\/m.media-amazon.com\/images\/I\/41jd++ShWJL._SS150_.jpg 150w, https:\/\/m.media-amazon.com\/images\/I\/41jd++ShWJL._SS300_.jpg 300w, https:\/\/m.media-amazon.com\/images\/I\/41jd++ShWJL._SS768_.jpg 768w, https:\/\/m.media-amazon.com\/images\/I\/41jd++ShWJL._SS1024_.jpg 1024w, https:\/\/m.media-amazon.com\/images\/I\/41jd++ShWJL._SS1536_.jpg 1536w, https:\/\/m.media-amazon.com\/images\/I\/41jd++ShWJL._SS2048_.jpg 2048w, https:\/\/m.media-amazon.com\/images\/I\/41jd++ShWJL._SS1200_.jpg 1200w, https:\/\/m.media-amazon.com\/images\/I\/41jd++ShWJL._SS600_.jpg 600w, https:\/\/m.media-amazon.com\/images\/I\/41jd++ShWJL.jpg 500w\" sizes=\"(max-width: 150px) 100vw, 150px\" \/><\/a>\n\t\t\t<\/dt><\/dl><dl class='gallery-item'>\n\t\t\t<dt class='gallery-icon landscape'>\n\t\t\t\t<a href='https:\/\/camping.webspace.rocks\/?attachment_id=15374'><img width=\"150\" height=\"150\" src=\"https:\/\/m.media-amazon.com\/images\/I\/41dePPveqqL._SS150_.jpg\" class=\"attachment-thumbnail size-thumbnail\" alt=\"\" loading=\"lazy\" srcset=\"https:\/\/m.media-amazon.com\/images\/I\/41dePPveqqL._SS150_.jpg 150w, https:\/\/m.media-amazon.com\/images\/I\/41dePPveqqL._SS300_.jpg 300w, https:\/\/m.media-amazon.com\/images\/I\/41dePPveqqL._SS768_.jpg 768w, https:\/\/m.media-amazon.com\/images\/I\/41dePPveqqL._SS1024_.jpg 1024w, https:\/\/m.media-amazon.com\/images\/I\/41dePPveqqL._SS1536_.jpg 1536w, https:\/\/m.media-amazon.com\/images\/I\/41dePPveqqL._SS2048_.jpg 2048w, https:\/\/m.media-amazon.com\/images\/I\/41dePPveqqL._SS1200_.jpg 1200w, https:\/\/m.media-amazon.com\/images\/I\/41dePPveqqL._SS600_.jpg 600w, https:\/\/m.media-amazon.com\/images\/I\/41dePPveqqL.jpg 500w\" sizes=\"(max-width: 150px) 100vw, 150px\" \/><\/a>\n\t\t\t<\/dt><\/dl><br style=\"clear: both\" \/>\n\t\t<\/div>\n<br \/>\n<!-- show up to 2 reviews by default --> <\/p>\n<p>Ein beeindruckender 26 l K\u00fchler und Gefrierschrank mit einfacher Bedienung und in der Lage, schwere Betrieb zu sein. Die CFX K\u00fchlbox hat eine hervorragende K\u00fchlleistung auch bei hohen Umgebungstemperaturen. Sie ist robust, effizient und einsatzbereit. Die CFX ist unser am meisten preisgekr\u00f6ntes Produkt und Sie werden schnell verstehen, warum <\/p>\n<p>Gefriergeeignet bis -22\u00b0C<br \/>\nStauvolumen 26 l<br \/>\nK\u00fchlfach mit Drahtkorb und separatem Cracker f\u00fcr Obst und Gem\u00fcse<br \/>\nUSB-Anschluss zum Laden kleiner elektronischer Ger\u00e4te<br \/>\nPlatzsparend zusammenklappbare und abnehmbare Tragegriffe<br \/>\n<div class=\"main-cross-sell\" data-asin=\"B073D5C1NF\">\n\n\t<div class=\"WooZone-cross-sell-loader\">\n\t\t<div>\n\t\t\t<div id=\"floatingBarsG\">\n\t\t\t\t<div class=\"blockG\" id=\"rotateG_01\"><\/div>\n\t\t\t\t<div class=\"blockG\" id=\"rotateG_02\"><\/div>\n\t\t\t\t<div class=\"blockG\" id=\"rotateG_03\"><\/div>\n\t\t\t\t<div class=\"blockG\" id=\"rotateG_04\"><\/div>\n\t\t\t\t<div class=\"blockG\" id=\"rotateG_05\"><\/div>\n\t\t\t\t<div class=\"blockG\" id=\"rotateG_06\"><\/div>\n\t\t\t\t<div class=\"blockG\" id=\"rotateG_07\"><\/div>\n\t\t\t\t<div class=\"blockG\" id=\"rotateG_08\"><\/div>\n\t\t\t<\/div>\n\t\t\t<div class=\"WooZone-cross-sell-loader-text\"><\/div>\n\t\t<\/div>\n\t<\/div>\n\n\t\t\n<\/div>\n<div style=\"clear:both;\"><\/div><\/p>\n","protected":false},"excerpt":{"rendered":"<p>Gefriergeeignet bis -22\u00b0C<br \/>\nStauvolumen 26 l<br \/>\nK\u00fchlfach mit Drahtkorb und separatem Cracker f\u00fcr Obst und Gem\u00fcse<\/p>\n","protected":false},"featured_media":15372,"comment_status":"open","ping_status":"closed","template":"","meta":[],"product_cat":[4125],"product_tag":[],"_links":{"self":[{"href":"https:\/\/camping.webspace.rocks\/index.php?rest_route=\/wp\/v2\/product\/15371"}],"collection":[{"href":"https:\/\/camping.webspace.rocks\/index.php?rest_route=\/wp\/v2\/product"}],"about":[{"href":"https:\/\/camping.webspace.rocks\/index.php?rest_route=\/wp\/v2\/types\/product"}],"replies":[{"embeddable":true,"href":"https:\/\/camping.webspace.rocks\/index.php?rest_route=%2Fwp%2Fv2%2Fcomments&post=15371"}],"version-history":[{"count":2,"href":"https:\/\/camping.webspace.rocks\/index.php?rest_route=\/wp\/v2\/product\/15371\/revisions"}],"predecessor-version":[{"id":19351,"href":"https:\/\/camping.webspace.rocks\/index.php?rest_route=\/wp\/v2\/product\/15371\/revisions\/19351"}],"wp:featuredmedia":[{"embeddable":true,"href":"https:\/\/camping.webspace.rocks\/index.php?rest_route=\/wp\/v2\/media\/15372"}],"wp:attachment":[{"href":"https:\/\/camping.webspace.rocks\/index.php?rest_route=%2Fwp%2Fv2%2Fmedia&parent=15371"}],"wp:term":[{"taxonomy":"product_cat","embeddable":true,"href":"https:\/\/camping.webspace.rocks\/index.php?rest_route=%2Fwp%2Fv2%2Fproduct_cat&post=15371"},{"taxonomy":"product_tag","embeddable":true,"href":"https:\/\/camping.webspace.rocks\/index.php?rest_route=%2Fwp%2Fv2%2Fproduct_tag&post=15371"}],"curies":[{"name":"wp","href":"https:\/\/api.w.org\/{rel}","templated":true}]}}