{"id":15427,"date":"2021-07-29T19:08:56","date_gmt":"2021-07-29T19:08:56","guid":{"rendered":"https:\/\/camping.webspace.rocks\/?product=angel-domaene-butangas-camping-heizung-everheat-1150w-incl-12-kartuschen"},"modified":"2023-04-10T11:43:32","modified_gmt":"2023-04-10T11:43:32","slug":"angel-domaene-butangas-camping-heizung-everheat-1150w-incl-12-kartuschen","status":"publish","type":"product","link":"https:\/\/camping.webspace.rocks\/?product=angel-domaene-butangas-camping-heizung-everheat-1150w-incl-12-kartuschen","title":{"rendered":"Angel Dom\u00e4ne\u00a0Butangas Camping Heizung Everheat 1150W incl. 12 Kartuschen"},"content":{"rendered":"<p>\n\t\t<style type=\"text\/css\">\n\t\t\t#gallery-1 {\n\t\t\t\tmargin: auto;\n\t\t\t}\n\t\t\t#gallery-1 .gallery-item {\n\t\t\t\tfloat: left;\n\t\t\t\tmargin-top: 10px;\n\t\t\t\ttext-align: center;\n\t\t\t\twidth: 33%;\n\t\t\t}\n\t\t\t#gallery-1 img {\n\t\t\t\tborder: 2px solid #cfcfcf;\n\t\t\t}\n\t\t\t#gallery-1 .gallery-caption {\n\t\t\t\tmargin-left: 0;\n\t\t\t}\n\t\t\t\/* see gallery_shortcode() in wp-includes\/media.php *\/\n\t\t<\/style>\n\t\t<div id='gallery-1' class='gallery galleryid-15427 gallery-columns-3 gallery-size-thumbnail'><dl class='gallery-item'>\n\t\t\t<dt class='gallery-icon landscape'>\n\t\t\t\t<a href='https:\/\/camping.webspace.rocks\/?attachment_id=15428'><img width=\"150\" height=\"150\" src=\"https:\/\/m.media-amazon.com\/images\/I\/51K2P1nVwaL._SS150_.jpg\" class=\"attachment-thumbnail size-thumbnail\" alt=\"\" loading=\"lazy\" srcset=\"https:\/\/m.media-amazon.com\/images\/I\/51K2P1nVwaL._SS150_.jpg 150w, https:\/\/m.media-amazon.com\/images\/I\/51K2P1nVwaL._SS300_.jpg 300w, https:\/\/m.media-amazon.com\/images\/I\/51K2P1nVwaL._SS768_.jpg 768w, https:\/\/m.media-amazon.com\/images\/I\/51K2P1nVwaL._SS1024_.jpg 1024w, https:\/\/m.media-amazon.com\/images\/I\/51K2P1nVwaL._SS1536_.jpg 1536w, https:\/\/m.media-amazon.com\/images\/I\/51K2P1nVwaL._SS2048_.jpg 2048w, https:\/\/m.media-amazon.com\/images\/I\/51K2P1nVwaL._SS1200_.jpg 1200w, https:\/\/m.media-amazon.com\/images\/I\/51K2P1nVwaL._SS600_.jpg 600w, https:\/\/m.media-amazon.com\/images\/I\/51K2P1nVwaL.jpg 500w\" sizes=\"(max-width: 150px) 100vw, 150px\" \/><\/a>\n\t\t\t<\/dt><\/dl><dl class='gallery-item'>\n\t\t\t<dt class='gallery-icon landscape'>\n\t\t\t\t<a href='https:\/\/camping.webspace.rocks\/?attachment_id=15429'><img width=\"150\" height=\"150\" src=\"https:\/\/m.media-amazon.com\/images\/I\/51d8ecCx8GL._SS150_.jpg\" class=\"attachment-thumbnail size-thumbnail\" alt=\"\" loading=\"lazy\" srcset=\"https:\/\/m.media-amazon.com\/images\/I\/51d8ecCx8GL._SS150_.jpg 150w, https:\/\/m.media-amazon.com\/images\/I\/51d8ecCx8GL._SS300_.jpg 300w, https:\/\/m.media-amazon.com\/images\/I\/51d8ecCx8GL._SS768_.jpg 768w, https:\/\/m.media-amazon.com\/images\/I\/51d8ecCx8GL._SS1024_.jpg 1024w, https:\/\/m.media-amazon.com\/images\/I\/51d8ecCx8GL._SS1536_.jpg 1536w, https:\/\/m.media-amazon.com\/images\/I\/51d8ecCx8GL._SS2048_.jpg 2048w, https:\/\/m.media-amazon.com\/images\/I\/51d8ecCx8GL._SS1200_.jpg 1200w, https:\/\/m.media-amazon.com\/images\/I\/51d8ecCx8GL._SS600_.jpg 600w, https:\/\/m.media-amazon.com\/images\/I\/51d8ecCx8GL.jpg 500w\" sizes=\"(max-width: 150px) 100vw, 150px\" \/><\/a>\n\t\t\t<\/dt><\/dl><dl class='gallery-item'>\n\t\t\t<dt class='gallery-icon landscape'>\n\t\t\t\t<a href='https:\/\/camping.webspace.rocks\/?attachment_id=15430'><img width=\"150\" height=\"150\" src=\"https:\/\/m.media-amazon.com\/images\/I\/41Gw9H9zrkL._SS150_.jpg\" class=\"attachment-thumbnail size-thumbnail\" alt=\"\" loading=\"lazy\" srcset=\"https:\/\/m.media-amazon.com\/images\/I\/41Gw9H9zrkL._SS150_.jpg 150w, https:\/\/m.media-amazon.com\/images\/I\/41Gw9H9zrkL._SS300_.jpg 300w, https:\/\/m.media-amazon.com\/images\/I\/41Gw9H9zrkL._SS768_.jpg 768w, https:\/\/m.media-amazon.com\/images\/I\/41Gw9H9zrkL._SS1024_.jpg 1024w, https:\/\/m.media-amazon.com\/images\/I\/41Gw9H9zrkL._SS1536_.jpg 1536w, https:\/\/m.media-amazon.com\/images\/I\/41Gw9H9zrkL._SS2048_.jpg 2048w, https:\/\/m.media-amazon.com\/images\/I\/41Gw9H9zrkL._SS1200_.jpg 1200w, https:\/\/m.media-amazon.com\/images\/I\/41Gw9H9zrkL._SS600_.jpg 600w, https:\/\/m.media-amazon.com\/images\/I\/41Gw9H9zrkL.jpg 500w\" sizes=\"(max-width: 150px) 100vw, 150px\" \/><\/a>\n\t\t\t<\/dt><\/dl><br style=\"clear: both\" \/>\n\t\t<\/div>\n<br \/>\n<!-- show up to 2 reviews by default --> <\/p>\n<ul>\n<li>Elektrische Z\u00fcndung ohne Flamme<\/li>\n<li>Zelt heizt sich schnell auf<\/li>\n<li>Edelstahl Schutzgitter \u00fcber dem Heizelement<\/li>\n<li>Tragegriff<\/li>\n<li>Heizleistung Stufenlos einstellbar<\/li>\n<\/ul>\n<p><\/p>\n<ul>\n<li>1,15 KW<\/li>\n<li>Piezoz\u00fcndung<\/li>\n<li>Verstellbarer Neigungswinkel<\/li>\n<li>Sicherheitsventil<\/li>\n<li>Inkl. 12 Gaskartuschen \u00e1 220g<\/li>\n<\/ul>\n<p><strong>Macht mit Sicherheit warm &#8211; Die Angel Dom\u00e4ne Butangas Campingheizung<\/strong><br \/>Die neue Angel Dom\u00e4ne Gas Campingheizung Everheat mit elektrischer Z\u00fcndung verf\u00fcgt \u00fcber eine Heizleitung von 1,15 KW. Der Stahlungswinkel ist verstellbar. So kommt die W\u00e4rme dort hin wo sie hin soll. In der kalten Jahreszeit ist eine solche Zeltheizung unerl\u00e4sslich. Das Zelt heizt sich hiermit wunderbar schnell auf. Besonders an Orten wo keine Elektrizit\u00e4t zur Verf\u00fcgung steht. Die Betriebsdauer pro Gaskartusche betr\u00e4gt bis zu 3 Stunden (mit den 12 mitgelieferten Gaskartuschen stehen schonmal insg. 36 Heizstunden zur Verf\u00fcgung). Zum Schutz ist \u00fcber dem Heizelement ein Edelstahlgitter angebracht. <strong>Achtung!!!! Die Heizung darf nicht in geschlossenen R\u00e4umen genutzt werden!!!<\/strong><\/p>\n<p><strong>Camping Heizung Everheat mit Piezoz\u00fcndung<\/strong><br \/>Die Angel Dom\u00e4ne Camping Heizung Everheat verf\u00fcgt \u00fcber eine elektrische Piezoz\u00fcndung. Nach dem Einlegen der handel\u00fcblichen Gaskartusche (MSF-1A &#8211; Auch einzeln bei uns erh\u00e4ltlich) wird diese verriegelt und das Heizelement wird ohne Flamme via einer Piezoz\u00fcndung entz\u00fcndet. Ein Sicherheitsventil ist hier zus\u00e4tzlich zum Schutz verbaut. Die Heizleistung ist jederzeit \u00fcber einen stufenlosen Drehknauf einzustellen. Zum Transport verf\u00fcgt die Angel Dom\u00e4ne Everlast Campingheizung \u00fcber einen praktischen Tragegriff.<br \/>Bei diesem Set werden Ihnen gleich 12 passende Gaskartuschen mitgeliefert. <\/p>\n<div class=\"main-cross-sell\" data-asin=\"B00CHLRQMA\">\n\n\t<div class=\"WooZone-cross-sell-loader\">\n\t\t<div>\n\t\t\t<div id=\"floatingBarsG\">\n\t\t\t\t<div class=\"blockG\" id=\"rotateG_01\"><\/div>\n\t\t\t\t<div class=\"blockG\" id=\"rotateG_02\"><\/div>\n\t\t\t\t<div class=\"blockG\" id=\"rotateG_03\"><\/div>\n\t\t\t\t<div class=\"blockG\" id=\"rotateG_04\"><\/div>\n\t\t\t\t<div class=\"blockG\" id=\"rotateG_05\"><\/div>\n\t\t\t\t<div class=\"blockG\" id=\"rotateG_06\"><\/div>\n\t\t\t\t<div class=\"blockG\" id=\"rotateG_07\"><\/div>\n\t\t\t\t<div class=\"blockG\" id=\"rotateG_08\"><\/div>\n\t\t\t<\/div>\n\t\t\t<div class=\"WooZone-cross-sell-loader-text\"><\/div>\n\t\t<\/div>\n\t<\/div>\n\n\t\t\n<\/div>\n<div style=\"clear:both;\"><\/div>\n","protected":false},"excerpt":{"rendered":"<p>Elektrische Z\u00fcndung ohne Flamme Zelt heizt sich schnell auf Edelstahl Schutzgitter \u00fcber dem Heizelement Tragegriff Heizleistung Stufenlos einstellbar 1,15 KW<\/p>\n","protected":false},"featured_media":15428,"comment_status":"open","ping_status":"closed","template":"","meta":[],"product_cat":[4126],"product_tag":[],"_links":{"self":[{"href":"https:\/\/camping.webspace.rocks\/index.php?rest_route=\/wp\/v2\/product\/15427"}],"collection":[{"href":"https:\/\/camping.webspace.rocks\/index.php?rest_route=\/wp\/v2\/product"}],"about":[{"href":"https:\/\/camping.webspace.rocks\/index.php?rest_route=\/wp\/v2\/types\/product"}],"replies":[{"embeddable":true,"href":"https:\/\/camping.webspace.rocks\/index.php?rest_route=%2Fwp%2Fv2%2Fcomments&post=15427"}],"version-history":[{"count":1,"href":"https:\/\/camping.webspace.rocks\/index.php?rest_route=\/wp\/v2\/product\/15427\/revisions"}],"predecessor-version":[{"id":18321,"href":"https:\/\/camping.webspace.rocks\/index.php?rest_route=\/wp\/v2\/product\/15427\/revisions\/18321"}],"wp:featuredmedia":[{"embeddable":true,"href":"https:\/\/camping.webspace.rocks\/index.php?rest_route=\/wp\/v2\/media\/15428"}],"wp:attachment":[{"href":"https:\/\/camping.webspace.rocks\/index.php?rest_route=%2Fwp%2Fv2%2Fmedia&parent=15427"}],"wp:term":[{"taxonomy":"product_cat","embeddable":true,"href":"https:\/\/camping.webspace.rocks\/index.php?rest_route=%2Fwp%2Fv2%2Fproduct_cat&post=15427"},{"taxonomy":"product_tag","embeddable":true,"href":"https:\/\/camping.webspace.rocks\/index.php?rest_route=%2Fwp%2Fv2%2Fproduct_tag&post=15427"}],"curies":[{"name":"wp","href":"https:\/\/api.w.org\/{rel}","templated":true}]}}