{"id":15447,"date":"2021-07-29T19:09:08","date_gmt":"2021-07-29T19:09:08","guid":{"rendered":"https:\/\/camping.webspace.rocks\/?product=honeywell-hz445e4-360-rundum-heizgeraet-hz445-1800-w-schwarz"},"modified":"2023-04-10T11:43:33","modified_gmt":"2023-04-10T11:43:33","slug":"honeywell-hz445e4-360-rundum-heizgeraet-hz445-1800-w-schwarz","status":"publish","type":"product","link":"https:\/\/camping.webspace.rocks\/?product=honeywell-hz445e4-360-rundum-heizgeraet-hz445-1800-w-schwarz","title":{"rendered":"Honeywell HZ445E4 Rundum Heizger\u00e4t, 360 Grad, Schwarz"},"content":{"rendered":"<p>\n\t\t<style type=\"text\/css\">\n\t\t\t#gallery-1 {\n\t\t\t\tmargin: auto;\n\t\t\t}\n\t\t\t#gallery-1 .gallery-item {\n\t\t\t\tfloat: left;\n\t\t\t\tmargin-top: 10px;\n\t\t\t\ttext-align: center;\n\t\t\t\twidth: 33%;\n\t\t\t}\n\t\t\t#gallery-1 img {\n\t\t\t\tborder: 2px solid #cfcfcf;\n\t\t\t}\n\t\t\t#gallery-1 .gallery-caption {\n\t\t\t\tmargin-left: 0;\n\t\t\t}\n\t\t\t\/* see gallery_shortcode() in wp-includes\/media.php *\/\n\t\t<\/style>\n\t\t<div id='gallery-1' class='gallery galleryid-15447 gallery-columns-3 gallery-size-thumbnail'><dl class='gallery-item'>\n\t\t\t<dt class='gallery-icon landscape'>\n\t\t\t\t<a href='https:\/\/camping.webspace.rocks\/?attachment_id=15448'><img width=\"150\" height=\"150\" src=\"https:\/\/m.media-amazon.com\/images\/I\/41YvxQZ5VAL._SS150_.jpg\" class=\"attachment-thumbnail size-thumbnail\" alt=\"\" loading=\"lazy\" srcset=\"https:\/\/m.media-amazon.com\/images\/I\/41YvxQZ5VAL._SS150_.jpg 150w, https:\/\/m.media-amazon.com\/images\/I\/41YvxQZ5VAL._SS300_.jpg 300w, https:\/\/m.media-amazon.com\/images\/I\/41YvxQZ5VAL._SS768_.jpg 768w, https:\/\/m.media-amazon.com\/images\/I\/41YvxQZ5VAL._SS1024_.jpg 1024w, https:\/\/m.media-amazon.com\/images\/I\/41YvxQZ5VAL._SS1536_.jpg 1536w, https:\/\/m.media-amazon.com\/images\/I\/41YvxQZ5VAL._SS2048_.jpg 2048w, https:\/\/m.media-amazon.com\/images\/I\/41YvxQZ5VAL._SS1200_.jpg 1200w, https:\/\/m.media-amazon.com\/images\/I\/41YvxQZ5VAL._SS600_.jpg 600w, https:\/\/m.media-amazon.com\/images\/I\/41YvxQZ5VAL.jpg 500w\" sizes=\"(max-width: 150px) 100vw, 150px\" \/><\/a>\n\t\t\t<\/dt><\/dl><dl class='gallery-item'>\n\t\t\t<dt class='gallery-icon landscape'>\n\t\t\t\t<a href='https:\/\/camping.webspace.rocks\/?attachment_id=15449'><img width=\"150\" height=\"150\" src=\"https:\/\/m.media-amazon.com\/images\/I\/51kJZ0gRm9L._SS150_.jpg\" class=\"attachment-thumbnail size-thumbnail\" alt=\"\" loading=\"lazy\" srcset=\"https:\/\/m.media-amazon.com\/images\/I\/51kJZ0gRm9L._SS150_.jpg 150w, https:\/\/m.media-amazon.com\/images\/I\/51kJZ0gRm9L._SS300_.jpg 300w, https:\/\/m.media-amazon.com\/images\/I\/51kJZ0gRm9L._SS768_.jpg 768w, https:\/\/m.media-amazon.com\/images\/I\/51kJZ0gRm9L._SS1024_.jpg 1024w, https:\/\/m.media-amazon.com\/images\/I\/51kJZ0gRm9L._SS1536_.jpg 1536w, https:\/\/m.media-amazon.com\/images\/I\/51kJZ0gRm9L._SS2048_.jpg 2048w, https:\/\/m.media-amazon.com\/images\/I\/51kJZ0gRm9L._SS1200_.jpg 1200w, https:\/\/m.media-amazon.com\/images\/I\/51kJZ0gRm9L._SS600_.jpg 600w, https:\/\/m.media-amazon.com\/images\/I\/51kJZ0gRm9L.jpg 500w\" sizes=\"(max-width: 150px) 100vw, 150px\" \/><\/a>\n\t\t\t<\/dt><\/dl><dl class='gallery-item'>\n\t\t\t<dt class='gallery-icon landscape'>\n\t\t\t\t<a href='https:\/\/camping.webspace.rocks\/?attachment_id=15450'><img width=\"150\" height=\"150\" src=\"https:\/\/m.media-amazon.com\/images\/I\/41kKwgb27+L._SS150_.jpg\" class=\"attachment-thumbnail size-thumbnail\" alt=\"\" loading=\"lazy\" srcset=\"https:\/\/m.media-amazon.com\/images\/I\/41kKwgb27+L._SS150_.jpg 150w, https:\/\/m.media-amazon.com\/images\/I\/41kKwgb27+L._SS300_.jpg 300w, https:\/\/m.media-amazon.com\/images\/I\/41kKwgb27+L._SS768_.jpg 768w, https:\/\/m.media-amazon.com\/images\/I\/41kKwgb27+L._SS1024_.jpg 1024w, https:\/\/m.media-amazon.com\/images\/I\/41kKwgb27+L._SS1536_.jpg 1536w, https:\/\/m.media-amazon.com\/images\/I\/41kKwgb27+L._SS2048_.jpg 2048w, https:\/\/m.media-amazon.com\/images\/I\/41kKwgb27+L._SS1200_.jpg 1200w, https:\/\/m.media-amazon.com\/images\/I\/41kKwgb27+L._SS600_.jpg 600w, https:\/\/m.media-amazon.com\/images\/I\/41kKwgb27+L.jpg 500w\" sizes=\"(max-width: 150px) 100vw, 150px\" \/><\/a>\n\t\t\t<\/dt><\/dl><br style=\"clear: both\" \/>\n\t\t<\/div>\n<br \/>\n<!-- show up to 2 reviews by default --> <\/p>\n<p>&#8222;Innovative Keramiktechnologie f\u00fcr rundum angenehme, gleichm\u00e4\u00dfige W\u00e4rme. Surround Heat Heizfunktion: 360\u00b0Surround Heat f\u00fcr rundum Abstrahlung der W\u00e4rme oder 180\u00b0fokussierte Heizstrahlung zur Erw\u00e4rmung eines bestimmten Bereichs. 2 Schaltstufen (1.200 \/ 1.800 Watt). Energy SmartTM Technologie mit intelligenter, elektronischer Thermostat-Steuerung: erreicht schnell die gew\u00fcnschte Temperatur bei angemessenem Energieverbrauch, h\u00e4lt die Temperatur bei niedrigem Energieverbrauch und anzeige der aktuellen und der gew\u00fcnschten Temperatur.Zeitschaltuhr f\u00fcr 1, 2, 4 oder 8 Stunden programmierbar. Automatische Abschaltung nach Ablauf der eingestellten Zeit.Keramikheizer: speichert die W\u00e4rme f\u00fcr effizientere Heizleistung. Sicherheit, NEU: 360\u00b0SafetyTipTM &#8211; mehr Sicherheit durch spezielle Kippsicherung mit Abschaltautomatik. Griff erhitzt nicht. Fernbedienung f\u00fcr bequeme Steuerung. &#8220; <\/p>\n<p>Surround Heat Heizfunktion: 360\u00b0Surround Heat f\u00fcr rundum Abstrahlung der W\u00e4rme oder 180\u00b0fokussierte Heizstrahlung zur Erw\u00e4rmung eines bestimmten Bereichs<br \/>\nZeitschaltuhr f\u00fcr 1, 2, 4 oder 8 Stunden programmierbar. Automatische Abschaltung nach Ablauf der eingestellten Zeit. Fernbedienung f\u00fcr bequeme Steuerung.&#8220;<br \/>\n2 Schaltstufen (1.200\/ 1.800 Watt)<br \/>\nErreicht schnell die gew\u00fcnschte Temperatur bei angemessenem Energieverbrauch. H\u00e4lt die Temperatur bei niedrigem Energieverbrauch.<br \/>\n360\u00b0SafetyTip &#8211; mehr Sicherheit durch spezielle Kippsicherung mit Abschaltautomatik. Griff erhitzt nicht.<br \/>\n<div class=\"main-cross-sell\" data-asin=\"B0758DT4CJ\">\n\n\t<div class=\"WooZone-cross-sell-loader\">\n\t\t<div>\n\t\t\t<div id=\"floatingBarsG\">\n\t\t\t\t<div class=\"blockG\" id=\"rotateG_01\"><\/div>\n\t\t\t\t<div class=\"blockG\" id=\"rotateG_02\"><\/div>\n\t\t\t\t<div class=\"blockG\" id=\"rotateG_03\"><\/div>\n\t\t\t\t<div class=\"blockG\" id=\"rotateG_04\"><\/div>\n\t\t\t\t<div class=\"blockG\" id=\"rotateG_05\"><\/div>\n\t\t\t\t<div class=\"blockG\" id=\"rotateG_06\"><\/div>\n\t\t\t\t<div class=\"blockG\" id=\"rotateG_07\"><\/div>\n\t\t\t\t<div class=\"blockG\" id=\"rotateG_08\"><\/div>\n\t\t\t<\/div>\n\t\t\t<div class=\"WooZone-cross-sell-loader-text\"><\/div>\n\t\t<\/div>\n\t<\/div>\n\n\t\t\n<\/div>\n<div style=\"clear:both;\"><\/div><\/p>\n","protected":false},"excerpt":{"rendered":"<p>Surround Heat Heizfunktion: 360\u00b0Surround Heat f\u00fcr rundum Abstrahlung der W\u00e4rme oder 180\u00b0fokussierte Heizstrahlung zur Erw\u00e4rmung eines bestimmten Bereichs<br \/>\nZeitschaltuhr f\u00fcr 1, 2, 4 oder 8 Stunden programmierbar. Automatische Abschaltung nach Ablauf der eingestellten Zeit. Fernbedienung f\u00fcr bequeme Steuerung.&#8220;<br \/>\n2 Schaltstufen (1.200\/ 1.800 Watt)<\/p>\n","protected":false},"featured_media":15448,"comment_status":"open","ping_status":"closed","template":"","meta":[],"product_cat":[4126],"product_tag":[],"_links":{"self":[{"href":"https:\/\/camping.webspace.rocks\/index.php?rest_route=\/wp\/v2\/product\/15447"}],"collection":[{"href":"https:\/\/camping.webspace.rocks\/index.php?rest_route=\/wp\/v2\/product"}],"about":[{"href":"https:\/\/camping.webspace.rocks\/index.php?rest_route=\/wp\/v2\/types\/product"}],"replies":[{"embeddable":true,"href":"https:\/\/camping.webspace.rocks\/index.php?rest_route=%2Fwp%2Fv2%2Fcomments&post=15447"}],"version-history":[{"count":2,"href":"https:\/\/camping.webspace.rocks\/index.php?rest_route=\/wp\/v2\/product\/15447\/revisions"}],"predecessor-version":[{"id":19166,"href":"https:\/\/camping.webspace.rocks\/index.php?rest_route=\/wp\/v2\/product\/15447\/revisions\/19166"}],"wp:featuredmedia":[{"embeddable":true,"href":"https:\/\/camping.webspace.rocks\/index.php?rest_route=\/wp\/v2\/media\/15448"}],"wp:attachment":[{"href":"https:\/\/camping.webspace.rocks\/index.php?rest_route=%2Fwp%2Fv2%2Fmedia&parent=15447"}],"wp:term":[{"taxonomy":"product_cat","embeddable":true,"href":"https:\/\/camping.webspace.rocks\/index.php?rest_route=%2Fwp%2Fv2%2Fproduct_cat&post=15447"},{"taxonomy":"product_tag","embeddable":true,"href":"https:\/\/camping.webspace.rocks\/index.php?rest_route=%2Fwp%2Fv2%2Fproduct_tag&post=15447"}],"curies":[{"name":"wp","href":"https:\/\/api.w.org\/{rel}","templated":true}]}}