{"id":15518,"date":"2021-07-29T19:09:44","date_gmt":"2021-07-29T19:09:44","guid":{"rendered":"https:\/\/camping.webspace.rocks\/?product=rothenberger-industrial-035984f-gasheizstrahler-version-frankreich"},"modified":"2023-04-10T11:43:34","modified_gmt":"2023-04-10T11:43:34","slug":"rothenberger-industrial-035984f-gasheizstrahler-version-frankreich","status":"publish","type":"product","link":"https:\/\/camping.webspace.rocks\/?product=rothenberger-industrial-035984f-gasheizstrahler-version-frankreich","title":{"rendered":"ROTHENBERGER Industrial Gasheizstrahler -Version Frankreich, Grau, 035984F"},"content":{"rendered":"<p><!-- show up to 2 reviews by default --> <\/p>\n<p>Der Gasheizstrahler ECO &#8211; VERSION FRANKREICH von Rothenberger Industrial eignet sich perfekt f\u00fcr eine Anwendung im Outdoor Bereich. Der Strahler zeichnet sich unter anderem durch ein robustes Stahlblechgeh\u00e4use aus. Das Ger\u00e4t kommt inklusive Schlauch, Propankonstantregler und St\u00e4nder zur einfachen und sicheren Montage auf 5kg &amp; 11kg Gasflaschen. <\/p>\n<p>Stufenlos regelbar<br \/>\nrobustes Metallgeh\u00e4use<br \/>\nAchtung! Der Artikel soll nicht Auf den Boden gestellt werden.<br \/>\n<div class=\"main-cross-sell\" data-asin=\"B00GNCEOO2\">\n\n\t<div class=\"WooZone-cross-sell-loader\">\n\t\t<div>\n\t\t\t<div id=\"floatingBarsG\">\n\t\t\t\t<div class=\"blockG\" id=\"rotateG_01\"><\/div>\n\t\t\t\t<div class=\"blockG\" id=\"rotateG_02\"><\/div>\n\t\t\t\t<div class=\"blockG\" id=\"rotateG_03\"><\/div>\n\t\t\t\t<div class=\"blockG\" id=\"rotateG_04\"><\/div>\n\t\t\t\t<div class=\"blockG\" id=\"rotateG_05\"><\/div>\n\t\t\t\t<div class=\"blockG\" id=\"rotateG_06\"><\/div>\n\t\t\t\t<div class=\"blockG\" id=\"rotateG_07\"><\/div>\n\t\t\t\t<div class=\"blockG\" id=\"rotateG_08\"><\/div>\n\t\t\t<\/div>\n\t\t\t<div class=\"WooZone-cross-sell-loader-text\"><\/div>\n\t\t<\/div>\n\t<\/div>\n\n\t\t\n<\/div>\n<div style=\"clear:both;\"><\/div><\/p>\n","protected":false},"excerpt":{"rendered":"<p>Stufenlos regelbar<br \/>\nrobustes Metallgeh\u00e4use<br \/>\nAchtung! Der Artikel soll nicht Auf den Boden gestellt werden.<\/p>\n","protected":false},"featured_media":15519,"comment_status":"open","ping_status":"closed","template":"","meta":[],"product_cat":[4126],"product_tag":[],"_links":{"self":[{"href":"https:\/\/camping.webspace.rocks\/index.php?rest_route=\/wp\/v2\/product\/15518"}],"collection":[{"href":"https:\/\/camping.webspace.rocks\/index.php?rest_route=\/wp\/v2\/product"}],"about":[{"href":"https:\/\/camping.webspace.rocks\/index.php?rest_route=\/wp\/v2\/types\/product"}],"replies":[{"embeddable":true,"href":"https:\/\/camping.webspace.rocks\/index.php?rest_route=%2Fwp%2Fv2%2Fcomments&post=15518"}],"version-history":[{"count":2,"href":"https:\/\/camping.webspace.rocks\/index.php?rest_route=\/wp\/v2\/product\/15518\/revisions"}],"predecessor-version":[{"id":19170,"href":"https:\/\/camping.webspace.rocks\/index.php?rest_route=\/wp\/v2\/product\/15518\/revisions\/19170"}],"wp:featuredmedia":[{"embeddable":true,"href":"https:\/\/camping.webspace.rocks\/index.php?rest_route=\/wp\/v2\/media\/15519"}],"wp:attachment":[{"href":"https:\/\/camping.webspace.rocks\/index.php?rest_route=%2Fwp%2Fv2%2Fmedia&parent=15518"}],"wp:term":[{"taxonomy":"product_cat","embeddable":true,"href":"https:\/\/camping.webspace.rocks\/index.php?rest_route=%2Fwp%2Fv2%2Fproduct_cat&post=15518"},{"taxonomy":"product_tag","embeddable":true,"href":"https:\/\/camping.webspace.rocks\/index.php?rest_route=%2Fwp%2Fv2%2Fproduct_tag&post=15518"}],"curies":[{"name":"wp","href":"https:\/\/api.w.org\/{rel}","templated":true}]}}