{"id":15520,"date":"2021-07-29T19:09:46","date_gmt":"2021-07-29T19:09:46","guid":{"rendered":"https:\/\/camping.webspace.rocks\/?product=rothenberger-industrial-35984-inkl-schlauch-regler-eco-gasheizstrahler-silber"},"modified":"2023-04-09T10:25:28","modified_gmt":"2023-04-09T10:25:28","slug":"rothenberger-industrial-35984-inkl-schlauch-regler-eco-gasheizstrahler-silber","status":"publish","type":"product","link":"https:\/\/camping.webspace.rocks\/?product=rothenberger-industrial-35984-inkl-schlauch-regler-eco-gasheizstrahler-silber","title":{"rendered":"ROTHENBERGER Heiz \u2013 Strahler inkl. Schlauch &amp; Regler Gasheizstrahler, Aufsatzheizstrahler, betrieben mit Propan &#8211; Gas\u2026"},"content":{"rendered":"\n\t\t<style type=\"text\/css\">\n\t\t\t#gallery-1 {\n\t\t\t\tmargin: auto;\n\t\t\t}\n\t\t\t#gallery-1 .gallery-item {\n\t\t\t\tfloat: left;\n\t\t\t\tmargin-top: 10px;\n\t\t\t\ttext-align: center;\n\t\t\t\twidth: 33%;\n\t\t\t}\n\t\t\t#gallery-1 img {\n\t\t\t\tborder: 2px solid #cfcfcf;\n\t\t\t}\n\t\t\t#gallery-1 .gallery-caption {\n\t\t\t\tmargin-left: 0;\n\t\t\t}\n\t\t\t\/* see gallery_shortcode() in wp-includes\/media.php *\/\n\t\t<\/style>\n\t\t<div id='gallery-1' class='gallery galleryid-15520 gallery-columns-3 gallery-size-thumbnail'><dl class='gallery-item'>\n\t\t\t<dt class='gallery-icon landscape'>\n\t\t\t\t<a href='https:\/\/camping.webspace.rocks\/?attachment_id=15521'><img width=\"150\" height=\"150\" src=\"https:\/\/m.media-amazon.com\/images\/I\/41BF0Rme-7L._SS150_.jpg\" class=\"attachment-thumbnail size-thumbnail\" alt=\"\" loading=\"lazy\" srcset=\"https:\/\/m.media-amazon.com\/images\/I\/41BF0Rme-7L._SS150_.jpg 150w, https:\/\/m.media-amazon.com\/images\/I\/41BF0Rme-7L._SS300_.jpg 300w, https:\/\/m.media-amazon.com\/images\/I\/41BF0Rme-7L._SS768_.jpg 768w, https:\/\/m.media-amazon.com\/images\/I\/41BF0Rme-7L._SS1024_.jpg 1024w, https:\/\/m.media-amazon.com\/images\/I\/41BF0Rme-7L._SS1536_.jpg 1536w, https:\/\/m.media-amazon.com\/images\/I\/41BF0Rme-7L._SS2048_.jpg 2048w, https:\/\/m.media-amazon.com\/images\/I\/41BF0Rme-7L._SS1200_.jpg 1200w, https:\/\/m.media-amazon.com\/images\/I\/41BF0Rme-7L._SS600_.jpg 600w, https:\/\/m.media-amazon.com\/images\/I\/41BF0Rme-7L.jpg 500w\" sizes=\"(max-width: 150px) 100vw, 150px\" \/><\/a>\n\t\t\t<\/dt><\/dl><dl class='gallery-item'>\n\t\t\t<dt class='gallery-icon landscape'>\n\t\t\t\t<a href='https:\/\/camping.webspace.rocks\/?attachment_id=15522'><img width=\"150\" height=\"150\" src=\"https:\/\/m.media-amazon.com\/images\/I\/61UGfqPEVVL._SS150_.jpg\" class=\"attachment-thumbnail size-thumbnail\" alt=\"\" loading=\"lazy\" srcset=\"https:\/\/m.media-amazon.com\/images\/I\/61UGfqPEVVL._SS150_.jpg 150w, https:\/\/m.media-amazon.com\/images\/I\/61UGfqPEVVL._SS300_.jpg 300w, https:\/\/m.media-amazon.com\/images\/I\/61UGfqPEVVL._SS768_.jpg 768w, https:\/\/m.media-amazon.com\/images\/I\/61UGfqPEVVL._SS1024_.jpg 1024w, https:\/\/m.media-amazon.com\/images\/I\/61UGfqPEVVL._SS1536_.jpg 1536w, https:\/\/m.media-amazon.com\/images\/I\/61UGfqPEVVL._SS2048_.jpg 2048w, https:\/\/m.media-amazon.com\/images\/I\/61UGfqPEVVL._SS1200_.jpg 1200w, https:\/\/m.media-amazon.com\/images\/I\/61UGfqPEVVL._SS600_.jpg 600w, https:\/\/m.media-amazon.com\/images\/I\/61UGfqPEVVL.jpg 500w\" sizes=\"(max-width: 150px) 100vw, 150px\" \/><\/a>\n\t\t\t<\/dt><\/dl><dl class='gallery-item'>\n\t\t\t<dt class='gallery-icon landscape'>\n\t\t\t\t<a href='https:\/\/camping.webspace.rocks\/?attachment_id=15523'><img width=\"150\" height=\"150\" src=\"https:\/\/m.media-amazon.com\/images\/I\/31qoKJCF5iL._SS150_.jpg\" class=\"attachment-thumbnail size-thumbnail\" alt=\"\" loading=\"lazy\" srcset=\"https:\/\/m.media-amazon.com\/images\/I\/31qoKJCF5iL._SS150_.jpg 150w, https:\/\/m.media-amazon.com\/images\/I\/31qoKJCF5iL._SS300_.jpg 300w, https:\/\/m.media-amazon.com\/images\/I\/31qoKJCF5iL._SS768_.jpg 768w, https:\/\/m.media-amazon.com\/images\/I\/31qoKJCF5iL._SS1024_.jpg 1024w, https:\/\/m.media-amazon.com\/images\/I\/31qoKJCF5iL._SS1536_.jpg 1536w, https:\/\/m.media-amazon.com\/images\/I\/31qoKJCF5iL._SS2048_.jpg 2048w, https:\/\/m.media-amazon.com\/images\/I\/31qoKJCF5iL._SS1200_.jpg 1200w, https:\/\/m.media-amazon.com\/images\/I\/31qoKJCF5iL._SS600_.jpg 600w, https:\/\/m.media-amazon.com\/images\/I\/31qoKJCF5iL.jpg 500w\" sizes=\"(max-width: 150px) 100vw, 150px\" \/><\/a>\n\t\t\t<\/dt><\/dl><br style=\"clear: both\" \/>\n\t\t<\/div>\n\n<div class=\"disclaim\"> Stil:<strong>ohne Piezo<\/strong> <\/div>\n<p> <!-- show up to 2 reviews by default --> <\/p>\n<h3>Produktbeschreibung<\/h3>\n<p>Der Gasheizstrahler ECO von Rothenberger Industrial eignet sich perfekt f\u00fcr eine Anwendung im Outdoor Bereich. Der Strahler zeichnet sich unter anderem durch ein robustes Stahlblechgeh\u00e4use aus. Ideale W\u00e4rmestrahlung durch leistungsstarke Keramikelemente. Ein eng angelegtes Schutzgitter sorgt f\u00fcr den notwendigen Schutz und die sichere Montage kann durch den Standfu\u00df, welcher direkt auf der Handels\u00fcblichen Propangasflasche montiert wird, gew\u00e4hrleistet werden. Ob Gartenparty, am Auto-schrauben oder beim Camping, mit dem Gasheizstrahler Eco von Rothenberger Industrial wird\u2019s nicht kalt. <\/p>\n<h3>Set enth\u00e4lt:<\/h3>\n<\/p>\n<p><b>Achtung!<\/b>:Der Artikel soll nicht Auf den Boden gestellt werden.<\/p>\n<\/p>\n<p>Inklusive Propangas \u2013 Schlauch und Druckregler f\u00fcr DE<br \/>\nStufenlos regelbar<br \/>\nFeines Schutzgitter<br \/>\nInklusive Standfu\u00df<br \/>\n2, 7-4, 2 kW; Verbrauch 0, 2-0, 37 kg\/h<br \/>\n<div class=\"main-cross-sell\" data-asin=\"B0036UEGEC\">\n\n\t<div class=\"WooZone-cross-sell-loader\">\n\t\t<div>\n\t\t\t<div id=\"floatingBarsG\">\n\t\t\t\t<div class=\"blockG\" id=\"rotateG_01\"><\/div>\n\t\t\t\t<div class=\"blockG\" id=\"rotateG_02\"><\/div>\n\t\t\t\t<div class=\"blockG\" id=\"rotateG_03\"><\/div>\n\t\t\t\t<div class=\"blockG\" id=\"rotateG_04\"><\/div>\n\t\t\t\t<div class=\"blockG\" id=\"rotateG_05\"><\/div>\n\t\t\t\t<div class=\"blockG\" id=\"rotateG_06\"><\/div>\n\t\t\t\t<div class=\"blockG\" id=\"rotateG_07\"><\/div>\n\t\t\t\t<div class=\"blockG\" id=\"rotateG_08\"><\/div>\n\t\t\t<\/div>\n\t\t\t<div class=\"WooZone-cross-sell-loader-text\"><\/div>\n\t\t<\/div>\n\t<\/div>\n\n\t\t\n<\/div>\n<div style=\"clear:both;\"><\/div><\/p>\n","protected":false},"excerpt":{"rendered":"<p>Inklusive Propangas \u2013 Schlauch und Druckregler f\u00fcr DE<br \/>\nStufenlos regelbar<br \/>\nFeines Schutzgitter<\/p>\n","protected":false},"featured_media":15521,"comment_status":"open","ping_status":"closed","template":"","meta":[],"product_cat":[4126],"product_tag":[],"_links":{"self":[{"href":"https:\/\/camping.webspace.rocks\/index.php?rest_route=\/wp\/v2\/product\/15520"}],"collection":[{"href":"https:\/\/camping.webspace.rocks\/index.php?rest_route=\/wp\/v2\/product"}],"about":[{"href":"https:\/\/camping.webspace.rocks\/index.php?rest_route=\/wp\/v2\/types\/product"}],"replies":[{"embeddable":true,"href":"https:\/\/camping.webspace.rocks\/index.php?rest_route=%2Fwp%2Fv2%2Fcomments&post=15520"}],"version-history":[{"count":2,"href":"https:\/\/camping.webspace.rocks\/index.php?rest_route=\/wp\/v2\/product\/15520\/revisions"}],"predecessor-version":[{"id":19171,"href":"https:\/\/camping.webspace.rocks\/index.php?rest_route=\/wp\/v2\/product\/15520\/revisions\/19171"}],"wp:featuredmedia":[{"embeddable":true,"href":"https:\/\/camping.webspace.rocks\/index.php?rest_route=\/wp\/v2\/media\/15521"}],"wp:attachment":[{"href":"https:\/\/camping.webspace.rocks\/index.php?rest_route=%2Fwp%2Fv2%2Fmedia&parent=15520"}],"wp:term":[{"taxonomy":"product_cat","embeddable":true,"href":"https:\/\/camping.webspace.rocks\/index.php?rest_route=%2Fwp%2Fv2%2Fproduct_cat&post=15520"},{"taxonomy":"product_tag","embeddable":true,"href":"https:\/\/camping.webspace.rocks\/index.php?rest_route=%2Fwp%2Fv2%2Fproduct_tag&post=15520"}],"curies":[{"name":"wp","href":"https:\/\/api.w.org\/{rel}","templated":true}]}}