{"id":15580,"date":"2021-07-29T19:12:49","date_gmt":"2021-07-29T19:12:49","guid":{"rendered":"https:\/\/camping.webspace.rocks\/?product=guede-85005-gasheizgeblaese-ggh10-inox-10-kw"},"modified":"2023-04-09T10:25:29","modified_gmt":"2023-04-09T10:25:29","slug":"guede-85005-gasheizgeblaese-ggh10-inox-10-kw","status":"publish","type":"product","link":"https:\/\/camping.webspace.rocks\/?product=guede-85005-gasheizgeblaese-ggh10-inox-10-kw","title":{"rendered":"G\u00fcde 85005 Gasheizgebl\u00e4se GGH10 Inox 10 kW"},"content":{"rendered":"<p>\n\t\t<style type=\"text\/css\">\n\t\t\t#gallery-1 {\n\t\t\t\tmargin: auto;\n\t\t\t}\n\t\t\t#gallery-1 .gallery-item {\n\t\t\t\tfloat: left;\n\t\t\t\tmargin-top: 10px;\n\t\t\t\ttext-align: center;\n\t\t\t\twidth: 33%;\n\t\t\t}\n\t\t\t#gallery-1 img {\n\t\t\t\tborder: 2px solid #cfcfcf;\n\t\t\t}\n\t\t\t#gallery-1 .gallery-caption {\n\t\t\t\tmargin-left: 0;\n\t\t\t}\n\t\t\t\/* see gallery_shortcode() in wp-includes\/media.php *\/\n\t\t<\/style>\n\t\t<div id='gallery-1' class='gallery galleryid-15580 gallery-columns-3 gallery-size-thumbnail'><dl class='gallery-item'>\n\t\t\t<dt class='gallery-icon landscape'>\n\t\t\t\t<a href='https:\/\/camping.webspace.rocks\/?attachment_id=15581'><img width=\"150\" height=\"150\" src=\"https:\/\/m.media-amazon.com\/images\/I\/41VowJeg7OL._SS150_.jpg\" class=\"attachment-thumbnail size-thumbnail\" alt=\"\" loading=\"lazy\" srcset=\"https:\/\/m.media-amazon.com\/images\/I\/41VowJeg7OL._SS150_.jpg 150w, https:\/\/m.media-amazon.com\/images\/I\/41VowJeg7OL._SS300_.jpg 300w, https:\/\/m.media-amazon.com\/images\/I\/41VowJeg7OL._SS768_.jpg 768w, https:\/\/m.media-amazon.com\/images\/I\/41VowJeg7OL._SS1024_.jpg 1024w, https:\/\/m.media-amazon.com\/images\/I\/41VowJeg7OL._SS1536_.jpg 1536w, https:\/\/m.media-amazon.com\/images\/I\/41VowJeg7OL._SS2048_.jpg 2048w, https:\/\/m.media-amazon.com\/images\/I\/41VowJeg7OL._SS1200_.jpg 1200w, https:\/\/m.media-amazon.com\/images\/I\/41VowJeg7OL._SS600_.jpg 600w, https:\/\/m.media-amazon.com\/images\/I\/41VowJeg7OL.jpg 500w\" sizes=\"(max-width: 150px) 100vw, 150px\" \/><\/a>\n\t\t\t<\/dt><\/dl><dl class='gallery-item'>\n\t\t\t<dt class='gallery-icon landscape'>\n\t\t\t\t<a href='https:\/\/camping.webspace.rocks\/?attachment_id=15582'><img width=\"150\" height=\"150\" src=\"https:\/\/m.media-amazon.com\/images\/I\/416qosni-ML._SS150_.jpg\" class=\"attachment-thumbnail size-thumbnail\" alt=\"\" loading=\"lazy\" srcset=\"https:\/\/m.media-amazon.com\/images\/I\/416qosni-ML._SS150_.jpg 150w, https:\/\/m.media-amazon.com\/images\/I\/416qosni-ML._SS300_.jpg 300w, https:\/\/m.media-amazon.com\/images\/I\/416qosni-ML._SS768_.jpg 768w, https:\/\/m.media-amazon.com\/images\/I\/416qosni-ML._SS1024_.jpg 1024w, https:\/\/m.media-amazon.com\/images\/I\/416qosni-ML._SS1536_.jpg 1536w, https:\/\/m.media-amazon.com\/images\/I\/416qosni-ML._SS2048_.jpg 2048w, https:\/\/m.media-amazon.com\/images\/I\/416qosni-ML._SS1200_.jpg 1200w, https:\/\/m.media-amazon.com\/images\/I\/416qosni-ML._SS600_.jpg 600w, https:\/\/m.media-amazon.com\/images\/I\/416qosni-ML.jpg 500w\" sizes=\"(max-width: 150px) 100vw, 150px\" \/><\/a>\n\t\t\t<\/dt><\/dl><dl class='gallery-item'>\n\t\t\t<dt class='gallery-icon landscape'>\n\t\t\t\t<a href='https:\/\/camping.webspace.rocks\/?attachment_id=15583'><img width=\"150\" height=\"150\" src=\"https:\/\/m.media-amazon.com\/images\/I\/41rNpErIHwL._SS150_.jpg\" class=\"attachment-thumbnail size-thumbnail\" alt=\"\" loading=\"lazy\" srcset=\"https:\/\/m.media-amazon.com\/images\/I\/41rNpErIHwL._SS150_.jpg 150w, https:\/\/m.media-amazon.com\/images\/I\/41rNpErIHwL._SS300_.jpg 300w, https:\/\/m.media-amazon.com\/images\/I\/41rNpErIHwL._SS768_.jpg 768w, https:\/\/m.media-amazon.com\/images\/I\/41rNpErIHwL._SS1024_.jpg 1024w, https:\/\/m.media-amazon.com\/images\/I\/41rNpErIHwL._SS1536_.jpg 1536w, https:\/\/m.media-amazon.com\/images\/I\/41rNpErIHwL._SS2048_.jpg 2048w, https:\/\/m.media-amazon.com\/images\/I\/41rNpErIHwL._SS1200_.jpg 1200w, https:\/\/m.media-amazon.com\/images\/I\/41rNpErIHwL._SS600_.jpg 600w, https:\/\/m.media-amazon.com\/images\/I\/41rNpErIHwL.jpg 500w\" sizes=\"(max-width: 150px) 100vw, 150px\" \/><\/a>\n\t\t\t<\/dt><\/dl><br style=\"clear: both\" \/>\n\t\t<\/div>\n<br \/>\n<!-- show up to 2 reviews by default --> <\/p>\n<p>\u2022 Edelstahlgeh\u00e4use \u2022 Edelstahlbrenner \u2022 Schlauch 1,5 m \u2022 Anschlusskabel 2 m \u2022 Druckminderer \u2022 Piezoz\u00fcndung \u2022 Tragegriff \u2022 Einsatzgebiet: Zum Heizen und Trocknen im Bauwesen, Landwirtschaft, Lagerr\u00e4ume \u2022 Nicht f\u00fcr geschlossene R\u00e4ume geeignet, nur in gut bel\u00fcfteten R\u00e4umen verwenden \u2022 L x B x H: 42 x 21,5 x 33 cm<br \/>Anschluss 230 V \/ 50 Hz<br \/>Heizleistung 10 kW<br \/>Verbrauch 0,7 kg\/h<br \/>Arbeitsdruck 300 mbar<br \/>Gebl\u00e4seleistung 500 m\u00b3\/h<br \/>Gasart Propan \/ Butan<br \/>Gewicht 5,45 kg <\/p>\n<p>EAN:4015671850058<br \/>\n<div class=\"main-cross-sell\" data-asin=\"B00483H54Y\">\n\n\t<div class=\"WooZone-cross-sell-loader\">\n\t\t<div>\n\t\t\t<div id=\"floatingBarsG\">\n\t\t\t\t<div class=\"blockG\" id=\"rotateG_01\"><\/div>\n\t\t\t\t<div class=\"blockG\" id=\"rotateG_02\"><\/div>\n\t\t\t\t<div class=\"blockG\" id=\"rotateG_03\"><\/div>\n\t\t\t\t<div class=\"blockG\" id=\"rotateG_04\"><\/div>\n\t\t\t\t<div class=\"blockG\" id=\"rotateG_05\"><\/div>\n\t\t\t\t<div class=\"blockG\" id=\"rotateG_06\"><\/div>\n\t\t\t\t<div class=\"blockG\" id=\"rotateG_07\"><\/div>\n\t\t\t\t<div class=\"blockG\" id=\"rotateG_08\"><\/div>\n\t\t\t<\/div>\n\t\t\t<div class=\"WooZone-cross-sell-loader-text\"><\/div>\n\t\t<\/div>\n\t<\/div>\n\n\t\t\n<\/div>\n<div style=\"clear:both;\"><\/div><\/p>\n","protected":false},"excerpt":{"rendered":"<p>EAN:4015671850058<\/p>\n","protected":false},"featured_media":15581,"comment_status":"open","ping_status":"closed","template":"","meta":[],"product_cat":[4126],"product_tag":[],"_links":{"self":[{"href":"https:\/\/camping.webspace.rocks\/index.php?rest_route=\/wp\/v2\/product\/15580"}],"collection":[{"href":"https:\/\/camping.webspace.rocks\/index.php?rest_route=\/wp\/v2\/product"}],"about":[{"href":"https:\/\/camping.webspace.rocks\/index.php?rest_route=\/wp\/v2\/types\/product"}],"replies":[{"embeddable":true,"href":"https:\/\/camping.webspace.rocks\/index.php?rest_route=%2Fwp%2Fv2%2Fcomments&post=15580"}],"version-history":[{"count":1,"href":"https:\/\/camping.webspace.rocks\/index.php?rest_route=\/wp\/v2\/product\/15580\/revisions"}],"predecessor-version":[{"id":18362,"href":"https:\/\/camping.webspace.rocks\/index.php?rest_route=\/wp\/v2\/product\/15580\/revisions\/18362"}],"wp:featuredmedia":[{"embeddable":true,"href":"https:\/\/camping.webspace.rocks\/index.php?rest_route=\/wp\/v2\/media\/15581"}],"wp:attachment":[{"href":"https:\/\/camping.webspace.rocks\/index.php?rest_route=%2Fwp%2Fv2%2Fmedia&parent=15580"}],"wp:term":[{"taxonomy":"product_cat","embeddable":true,"href":"https:\/\/camping.webspace.rocks\/index.php?rest_route=%2Fwp%2Fv2%2Fproduct_cat&post=15580"},{"taxonomy":"product_tag","embeddable":true,"href":"https:\/\/camping.webspace.rocks\/index.php?rest_route=%2Fwp%2Fv2%2Fproduct_tag&post=15580"}],"curies":[{"name":"wp","href":"https:\/\/api.w.org\/{rel}","templated":true}]}}