{"id":15631,"date":"2021-07-29T19:13:12","date_gmt":"2021-07-29T19:13:12","guid":{"rendered":"https:\/\/camping.webspace.rocks\/?product=dema-gewaechshausheizer-42-kw-edelstahl"},"modified":"2023-04-09T10:25:31","modified_gmt":"2023-04-09T10:25:31","slug":"dema-gewaechshausheizer-42-kw-edelstahl","status":"publish","type":"product","link":"https:\/\/camping.webspace.rocks\/?product=dema-gewaechshausheizer-42-kw-edelstahl","title":{"rendered":"Gew\u00e4chshausheizer Gasheizer Gew\u00e4chshaus Heizer Heizung 4,2 kW Edelstahl + Zubeh\u00f6r"},"content":{"rendered":"<p>\n\t\t<style type=\"text\/css\">\n\t\t\t#gallery-1 {\n\t\t\t\tmargin: auto;\n\t\t\t}\n\t\t\t#gallery-1 .gallery-item {\n\t\t\t\tfloat: left;\n\t\t\t\tmargin-top: 10px;\n\t\t\t\ttext-align: center;\n\t\t\t\twidth: 33%;\n\t\t\t}\n\t\t\t#gallery-1 img {\n\t\t\t\tborder: 2px solid #cfcfcf;\n\t\t\t}\n\t\t\t#gallery-1 .gallery-caption {\n\t\t\t\tmargin-left: 0;\n\t\t\t}\n\t\t\t\/* see gallery_shortcode() in wp-includes\/media.php *\/\n\t\t<\/style>\n\t\t<div id='gallery-1' class='gallery galleryid-15631 gallery-columns-3 gallery-size-thumbnail'><dl class='gallery-item'>\n\t\t\t<dt class='gallery-icon landscape'>\n\t\t\t\t<a href='https:\/\/camping.webspace.rocks\/?attachment_id=15632'><img width=\"150\" height=\"150\" src=\"https:\/\/m.media-amazon.com\/images\/I\/41q5Z6i6QIL._SS150_.jpg\" class=\"attachment-thumbnail size-thumbnail\" alt=\"\" loading=\"lazy\" srcset=\"https:\/\/m.media-amazon.com\/images\/I\/41q5Z6i6QIL._SS150_.jpg 150w, https:\/\/m.media-amazon.com\/images\/I\/41q5Z6i6QIL._SS300_.jpg 300w, https:\/\/m.media-amazon.com\/images\/I\/41q5Z6i6QIL._SS768_.jpg 768w, https:\/\/m.media-amazon.com\/images\/I\/41q5Z6i6QIL._SS1024_.jpg 1024w, https:\/\/m.media-amazon.com\/images\/I\/41q5Z6i6QIL._SS1536_.jpg 1536w, https:\/\/m.media-amazon.com\/images\/I\/41q5Z6i6QIL._SS2048_.jpg 2048w, https:\/\/m.media-amazon.com\/images\/I\/41q5Z6i6QIL._SS1200_.jpg 1200w, https:\/\/m.media-amazon.com\/images\/I\/41q5Z6i6QIL._SS600_.jpg 600w, https:\/\/m.media-amazon.com\/images\/I\/41q5Z6i6QIL.jpg 500w\" sizes=\"(max-width: 150px) 100vw, 150px\" \/><\/a>\n\t\t\t<\/dt><\/dl><dl class='gallery-item'>\n\t\t\t<dt class='gallery-icon landscape'>\n\t\t\t\t<a href='https:\/\/camping.webspace.rocks\/?attachment_id=15633'><img width=\"150\" height=\"150\" src=\"https:\/\/m.media-amazon.com\/images\/I\/41rgsWo2JzL._SS150_.jpg\" class=\"attachment-thumbnail size-thumbnail\" alt=\"\" loading=\"lazy\" srcset=\"https:\/\/m.media-amazon.com\/images\/I\/41rgsWo2JzL._SS150_.jpg 150w, https:\/\/m.media-amazon.com\/images\/I\/41rgsWo2JzL._SS300_.jpg 300w, https:\/\/m.media-amazon.com\/images\/I\/41rgsWo2JzL._SS768_.jpg 768w, https:\/\/m.media-amazon.com\/images\/I\/41rgsWo2JzL._SS1024_.jpg 1024w, https:\/\/m.media-amazon.com\/images\/I\/41rgsWo2JzL._SS1536_.jpg 1536w, https:\/\/m.media-amazon.com\/images\/I\/41rgsWo2JzL._SS2048_.jpg 2048w, https:\/\/m.media-amazon.com\/images\/I\/41rgsWo2JzL._SS1200_.jpg 1200w, https:\/\/m.media-amazon.com\/images\/I\/41rgsWo2JzL._SS600_.jpg 600w, https:\/\/m.media-amazon.com\/images\/I\/41rgsWo2JzL.jpg 500w\" sizes=\"(max-width: 150px) 100vw, 150px\" \/><\/a>\n\t\t\t<\/dt><\/dl><dl class='gallery-item'>\n\t\t\t<dt class='gallery-icon landscape'>\n\t\t\t\t<a href='https:\/\/camping.webspace.rocks\/?attachment_id=15634'><img width=\"150\" height=\"150\" src=\"https:\/\/m.media-amazon.com\/images\/I\/41Rri3wL7pL._SS150_.jpg\" class=\"attachment-thumbnail size-thumbnail\" alt=\"\" loading=\"lazy\" srcset=\"https:\/\/m.media-amazon.com\/images\/I\/41Rri3wL7pL._SS150_.jpg 150w, https:\/\/m.media-amazon.com\/images\/I\/41Rri3wL7pL._SS300_.jpg 300w, https:\/\/m.media-amazon.com\/images\/I\/41Rri3wL7pL._SS768_.jpg 768w, https:\/\/m.media-amazon.com\/images\/I\/41Rri3wL7pL._SS1024_.jpg 1024w, https:\/\/m.media-amazon.com\/images\/I\/41Rri3wL7pL._SS1536_.jpg 1536w, https:\/\/m.media-amazon.com\/images\/I\/41Rri3wL7pL._SS2048_.jpg 2048w, https:\/\/m.media-amazon.com\/images\/I\/41Rri3wL7pL._SS1200_.jpg 1200w, https:\/\/m.media-amazon.com\/images\/I\/41Rri3wL7pL._SS600_.jpg 600w, https:\/\/m.media-amazon.com\/images\/I\/41Rri3wL7pL.jpg 500w\" sizes=\"(max-width: 150px) 100vw, 150px\" \/><\/a>\n\t\t\t<\/dt><\/dl><br style=\"clear: both\" \/>\n\t\t<\/div>\n<br \/>\n<!-- show up to 2 reviews by default --> <\/p>\n<p>G\u00f6nnen Sie Ihren Pflanzen was Gutes &#8211; ernten Sie noch wenn andere schon kaufen m\u00fcssen.<br \/> Der original DEMA Gew\u00e4chshausheizer 4,2 kW Edelstahl l\u00e4sst Ihre Nutzpflanzen nicht im Kalten stehen sondern leistet, besonders w\u00e4hrend der \u00dcbergangszeiten, wertvolle W\u00e4rme im Gew\u00e4chshaus.<br \/> Die feinf\u00fchlige Temperatureinstellung sichert eine gleichbleibende W\u00e4rme bei minimalem Gasverbrauch zu.<br \/> Auch schon mit an Bord ist der Gasdruckminderer, den Sie bei anderen Mitbewerbern erst mal separat kaufen m\u00fcssten. Gehen Sie auf Nummer sicher! Original DEMA Gew\u00e4chshausheizer 4,2 kW Edelstahl &#8211; und Sie kaufen Qualit\u00e4t!<\/p>\n<ul>\n<li>Farbe: Edelstahl<\/li>\n<li>Standardanschluss f\u00fcr 5\/11 kg Gasflaschen <\/li>\n<li>Max. Leistung: 4,2 kW<\/li>\n<li>Verbrauch: Bis zu 305 Gramm\/Stunde<\/li>\n<li>Verwendbare Gassorten: Butan- \/ Propangas G30\/G31<\/li>\n<li>Kategorie: I3 B\/P<\/li>\n<li>Nennanschlussdruck: 50 mbar (Druckminderer und Schlauch im Lieferumfang enthalten)<\/li>\n<li>Schlauchl\u00e4nge mit Druckminderer: 90 cm <\/li>\n<li>Abmessungen Heizer BxTXH: 41x15x44 cm<\/li>\n<li>Gesamtabmessungen (inkl. F\u00fc\u00dfe) BxTxH: 41x27x49 cm<\/li>\n<li>Gewicht: 4,16 kg<\/li>\n<\/ul>\n<ul>\n<li>Edelstahlausf\u00fchrung<\/li>\n<li>Standger\u00e4t<\/li>\n<li>W\u00e4rmeleitblech oben<\/li>\n<li>Temperatur stufenlos einstellbar<\/li>\n<li>Mit Piezo-Z\u00fcndung<\/li>\n<li>Mit Sicherheitsabschaltung<\/li>\n<li>Mit Gas-Druckminderer<\/li>\n<li>Mit Gasschlauch<\/li>\n<li>Komplett gebrauchsfertig aufgebaut (lediglich die F\u00fc\u00dfe m\u00fcssen noch montiert werden)<\/li>\n<\/ul>\n<p>Anmerkung: Entgegen der beiliegenden Bedienungsanleitung ist es normal und notwendig, dass immer eine kleine Grundflamme brennt, welche dann die gro\u00dfe Hauptflamme w\u00e4hrend des Heizvorganges entz\u00fcndet. Die Hauptflamme wird auch nicht stufenlos geregelt, sondern das Hochheizen erfolgt immer getaktet. Zur genauen Funktionsweise und Anwendung lesen Sie die Online Bedienungsanleitung unter info.fixversand.de<br \/>\nDer Gasheizer eignet sich zum Heizen von gut gel\u00fcfteten \u00d6rtlichkeiten (Gew\u00e4chsh\u00e4usern)<br \/>\nDer Gasheizer eignet sich nicht zum Heizen von Wohnr\u00e4umen<br \/>\n<div class=\"main-cross-sell\" data-asin=\"B00IASKYUU\">\n\n\t<div class=\"WooZone-cross-sell-loader\">\n\t\t<div>\n\t\t\t<div id=\"floatingBarsG\">\n\t\t\t\t<div class=\"blockG\" id=\"rotateG_01\"><\/div>\n\t\t\t\t<div class=\"blockG\" id=\"rotateG_02\"><\/div>\n\t\t\t\t<div class=\"blockG\" id=\"rotateG_03\"><\/div>\n\t\t\t\t<div class=\"blockG\" id=\"rotateG_04\"><\/div>\n\t\t\t\t<div class=\"blockG\" id=\"rotateG_05\"><\/div>\n\t\t\t\t<div class=\"blockG\" id=\"rotateG_06\"><\/div>\n\t\t\t\t<div class=\"blockG\" id=\"rotateG_07\"><\/div>\n\t\t\t\t<div class=\"blockG\" id=\"rotateG_08\"><\/div>\n\t\t\t<\/div>\n\t\t\t<div class=\"WooZone-cross-sell-loader-text\"><\/div>\n\t\t<\/div>\n\t<\/div>\n\n\t\t\n<\/div>\n<div style=\"clear:both;\"><\/div><\/p>\n","protected":false},"excerpt":{"rendered":"<p>Anmerkung: Entgegen der beiliegenden Bedienungsanleitung ist es normal und notwendig, dass immer eine kleine Grundflamme brennt, welche dann die gro\u00dfe Hauptflamme w\u00e4hrend des Heizvorganges entz\u00fcndet. Die Hauptflamme wird auch nicht stufenlos geregelt, sondern das Hochheizen erfolgt immer getaktet. Zur genauen Funktionsweise und Anwendung lesen Sie die Online Bedienungsanleitung unter info.fixversand.de<br \/>\nDer Gasheizer eignet sich zum Heizen von gut gel\u00fcfteten \u00d6rtlichkeiten (Gew\u00e4chsh\u00e4usern)<br \/>\nDer Gasheizer eignet sich nicht zum Heizen von Wohnr\u00e4umen<\/p>\n","protected":false},"featured_media":15632,"comment_status":"open","ping_status":"closed","template":"","meta":[],"product_cat":[4126],"product_tag":[],"_links":{"self":[{"href":"https:\/\/camping.webspace.rocks\/index.php?rest_route=\/wp\/v2\/product\/15631"}],"collection":[{"href":"https:\/\/camping.webspace.rocks\/index.php?rest_route=\/wp\/v2\/product"}],"about":[{"href":"https:\/\/camping.webspace.rocks\/index.php?rest_route=\/wp\/v2\/types\/product"}],"replies":[{"embeddable":true,"href":"https:\/\/camping.webspace.rocks\/index.php?rest_route=%2Fwp%2Fv2%2Fcomments&post=15631"}],"version-history":[{"count":2,"href":"https:\/\/camping.webspace.rocks\/index.php?rest_route=\/wp\/v2\/product\/15631\/revisions"}],"predecessor-version":[{"id":19572,"href":"https:\/\/camping.webspace.rocks\/index.php?rest_route=\/wp\/v2\/product\/15631\/revisions\/19572"}],"wp:featuredmedia":[{"embeddable":true,"href":"https:\/\/camping.webspace.rocks\/index.php?rest_route=\/wp\/v2\/media\/15632"}],"wp:attachment":[{"href":"https:\/\/camping.webspace.rocks\/index.php?rest_route=%2Fwp%2Fv2%2Fmedia&parent=15631"}],"wp:term":[{"taxonomy":"product_cat","embeddable":true,"href":"https:\/\/camping.webspace.rocks\/index.php?rest_route=%2Fwp%2Fv2%2Fproduct_cat&post=15631"},{"taxonomy":"product_tag","embeddable":true,"href":"https:\/\/camping.webspace.rocks\/index.php?rest_route=%2Fwp%2Fv2%2Fproduct_tag&post=15631"}],"curies":[{"name":"wp","href":"https:\/\/api.w.org\/{rel}","templated":true}]}}