{"id":15646,"date":"2021-07-29T19:13:22","date_gmt":"2021-07-29T19:13:22","guid":{"rendered":"https:\/\/camping.webspace.rocks\/?product=zeltheizung-campingheizung-17-kw-mit-zuendsicherung"},"modified":"2023-04-09T10:25:31","modified_gmt":"2023-04-09T10:25:31","slug":"zeltheizung-campingheizung-17-kw-mit-zuendsicherung","status":"publish","type":"product","link":"https:\/\/camping.webspace.rocks\/?product=zeltheizung-campingheizung-17-kw-mit-zuendsicherung","title":{"rendered":"Zeltheizung Campingheizung 1,7 KW mit Z\u00fcndsicherung"},"content":{"rendered":"<p><!-- show up to 2 reviews by default --> <\/p>\n<p>Damit Camping auch bei schlechtem Wetter Spa\u00df macht, sorgen Campingheizungen von HPV f\u00fcr ein gem\u00fctliches Ambiente. Das Ger\u00e4t verf\u00fcgt \u00fcber eine Z\u00fcndsicherung. Made in Germany ! Leistung : 1,7 kW Gasverbrauch : 130 g\/h Gewicht : 1,3 kg Ma\u00dfe : 34 x 8,5 x 18,5 cm Ausf\u00fchrung : 50 mbar inklusive 150 cm Gasschlauch <\/p>\n<p>Gasverbrauch : 130 g\/h<br \/>\nGewicht : 1,3 kg<br \/>\nMa\u00dfe : 34 x 8,5 x 18,5 cm<br \/>\nAusf\u00fchrung : 50 mbar<br \/>\ninklusive 150 cm Gasschlauch<br \/>\n<div class=\"main-cross-sell\" data-asin=\"B0013E10X8\">\n\n\t<div class=\"WooZone-cross-sell-loader\">\n\t\t<div>\n\t\t\t<div id=\"floatingBarsG\">\n\t\t\t\t<div class=\"blockG\" id=\"rotateG_01\"><\/div>\n\t\t\t\t<div class=\"blockG\" id=\"rotateG_02\"><\/div>\n\t\t\t\t<div class=\"blockG\" id=\"rotateG_03\"><\/div>\n\t\t\t\t<div class=\"blockG\" id=\"rotateG_04\"><\/div>\n\t\t\t\t<div class=\"blockG\" id=\"rotateG_05\"><\/div>\n\t\t\t\t<div class=\"blockG\" id=\"rotateG_06\"><\/div>\n\t\t\t\t<div class=\"blockG\" id=\"rotateG_07\"><\/div>\n\t\t\t\t<div class=\"blockG\" id=\"rotateG_08\"><\/div>\n\t\t\t<\/div>\n\t\t\t<div class=\"WooZone-cross-sell-loader-text\"><\/div>\n\t\t<\/div>\n\t<\/div>\n\n\t\t\n<\/div>\n<div style=\"clear:both;\"><\/div><\/p>\n","protected":false},"excerpt":{"rendered":"<p>Gasverbrauch : 130 g\/h<br \/>\nGewicht : 1,3 kg<br \/>\nMa\u00dfe : 34 x 8,5 x 18,5 cm<\/p>\n","protected":false},"featured_media":15647,"comment_status":"open","ping_status":"closed","template":"","meta":[],"product_cat":[4126],"product_tag":[],"_links":{"self":[{"href":"https:\/\/camping.webspace.rocks\/index.php?rest_route=\/wp\/v2\/product\/15646"}],"collection":[{"href":"https:\/\/camping.webspace.rocks\/index.php?rest_route=\/wp\/v2\/product"}],"about":[{"href":"https:\/\/camping.webspace.rocks\/index.php?rest_route=\/wp\/v2\/types\/product"}],"replies":[{"embeddable":true,"href":"https:\/\/camping.webspace.rocks\/index.php?rest_route=%2Fwp%2Fv2%2Fcomments&post=15646"}],"version-history":[{"count":1,"href":"https:\/\/camping.webspace.rocks\/index.php?rest_route=\/wp\/v2\/product\/15646\/revisions"}],"predecessor-version":[{"id":18380,"href":"https:\/\/camping.webspace.rocks\/index.php?rest_route=\/wp\/v2\/product\/15646\/revisions\/18380"}],"wp:featuredmedia":[{"embeddable":true,"href":"https:\/\/camping.webspace.rocks\/index.php?rest_route=\/wp\/v2\/media\/15647"}],"wp:attachment":[{"href":"https:\/\/camping.webspace.rocks\/index.php?rest_route=%2Fwp%2Fv2%2Fmedia&parent=15646"}],"wp:term":[{"taxonomy":"product_cat","embeddable":true,"href":"https:\/\/camping.webspace.rocks\/index.php?rest_route=%2Fwp%2Fv2%2Fproduct_cat&post=15646"},{"taxonomy":"product_tag","embeddable":true,"href":"https:\/\/camping.webspace.rocks\/index.php?rest_route=%2Fwp%2Fv2%2Fproduct_tag&post=15646"}],"curies":[{"name":"wp","href":"https:\/\/api.w.org\/{rel}","templated":true}]}}